{"id":6079133,"date":"2026-02-23T10:05:55","date_gmt":"2026-02-23T09:05:55","guid":{"rendered":"https:\/\/bt25.wpm24.de\/?post_type=product&#038;p=6079133"},"modified":"2026-02-23T10:06:11","modified_gmt":"2026-02-23T09:06:11","slug":"ruota-a-lamelle-lamiera","status":"publish","type":"product","link":"https:\/\/staging.boeck-technology.de\/it\/shop\/blechwerkzeuge\/vorschleifen-entgraten-blechwerkzeuge\/lamellenschleifrad-blech\/","title":{"rendered":"Ruota a lamelle"},"content":{"rendered":"<p>La mola lamellare \u00e8 un utensile di rettifica versatile, caratterizzato da elevata flessibilit\u00e0 e adattabilit\u00e0. \u00c8 composta da molteplici lamelle abrasive che garantiscono una rimozione uniforme del materiale. Grazie alle diverse granulometrie e opzioni di montaggio, \u00e8 ideale per svariate applicazioni di rettifica nella lavorazione di metalli e legno. Il senso di rotazione neutro garantisce un funzionamento sicuro ed efficiente. Un&#039;ampia gamma di diametri e fori permette una perfetta compatibilit\u00e0 con diverse macchine.<\/p>","protected":false},"excerpt":{"rendered":"<ul>\n<li>Vielseitig einsetzbar dank verschiedener K\u00f6rnungen und Aufnahmen<\/li>\n<li>Gleichm\u00e4\u00dfige Materialabtragung durch lamellenf\u00f6rmigen Besatz<\/li>\n<li>Neutrale Drehrichtung f\u00fcr sichere Handhabung<\/li>\n<li>Kompatibel mit unterschiedlichen Maschinen dank variabler Bohrungen<\/li>\n<li>Erh\u00e4ltlich in mehreren Breiten und Durchmessern<\/li>\n<\/ul>","protected":false},"featured_media":6074035,"template":"","meta":{"_acf_changed":false},"product_brand":[],"product_cat":[2565],"product_tag":[],"class_list":{"0":"post-6079133","1":"product","2":"type-product","3":"status-publish","4":"has-post-thumbnail","6":"product_cat-vorschleifen-entgraten-blechwerkzeuge","8":"first","9":"instock","10":"purchasable","11":"product-type-simple"},"acf":[],"yoast_head":"<!-- This site is optimized with the Yoast SEO Premium plugin v18.3 (Yoast SEO v27.3) - https:\/\/yoast.com\/product\/yoast-seo-premium-wordpress\/ -->\n<title>Lamellenschleifrad - Vorschleifen &amp; Entgraten - boeck GmbH<\/title>\n<meta name=\"robots\" content=\"noindex, follow, max-snippet:-1, max-image-preview:large, max-video-preview:-1\" \/>\n<meta property=\"og:locale\" content=\"it_IT\" \/>\n<meta property=\"og:type\" content=\"article\" \/>\n<meta property=\"og:title\" content=\"Lamellenschleifrad\" \/>\n<meta property=\"og:description\" content=\"Vielseitig einsetzbar dank verschiedener K\u00f6rnungen und Aufnahmen  Gleichm\u00e4\u00dfige Materialabtragung durch lamellenf\u00f6rmigen Besatz  Neutrale Drehrichtung f\u00fcr sichere Handhabung  Kompatibel mit unterschiedlichen Maschinen dank variabler Bohrungen  Erh\u00e4ltlich in mehreren Breiten und Durchmessern\" \/>\n<meta property=\"og:url\" content=\"https:\/\/staging.boeck-technology.de\/it\/negozio\/utensili-per-lamiera\/sgrossatura-e-sbavatura-della-lamiera\/ruota-a-lamelle-lamiera\/\" \/>\n<meta property=\"og:site_name\" content=\"boeck GmbH\" \/>\n<meta property=\"article:publisher\" content=\"https:\/\/www.facebook.com\/boeck-GmbH-116687710252350\" \/>\n<meta property=\"article:modified_time\" content=\"2026-02-23T09:06:11+00:00\" \/>\n<meta property=\"og:image\" content=\"https:\/\/staging.boeck-technology.de\/wp-content\/uploads\/2025\/07\/art_73503.png\" \/>\n\t<meta property=\"og:image:width\" content=\"500\" \/>\n\t<meta property=\"og:image:height\" content=\"272\" \/>\n\t<meta property=\"og:image:type\" content=\"image\/png\" \/>\n<meta name=\"twitter:card\" content=\"summary_large_image\" \/>\n<meta name=\"twitter:label1\" content=\"Tempo di lettura stimato\" \/>\n\t<meta name=\"twitter:data1\" content=\"1 minuto\" \/>\n<script type=\"application\/ld+json\" class=\"yoast-schema-graph\">{\"@context\":\"https:\\\/\\\/schema.org\",\"@graph\":[{\"@type\":\"WebPage\",\"@id\":\"https:\\\/\\\/staging.boeck-technology.de\\\/shop\\\/blechwerkzeuge\\\/vorschleifen-entgraten-blechwerkzeuge\\\/lamellenschleifrad-blech\\\/\",\"url\":\"https:\\\/\\\/staging.boeck-technology.de\\\/shop\\\/blechwerkzeuge\\\/vorschleifen-entgraten-blechwerkzeuge\\\/lamellenschleifrad-blech\\\/\",\"name\":\"Lamellenschleifrad - Vorschleifen &amp; Entgraten - boeck GmbH\",\"isPartOf\":{\"@id\":\"https:\\\/\\\/staging.boeck-technology.de\\\/#website\"},\"primaryImageOfPage\":{\"@id\":\"https:\\\/\\\/staging.boeck-technology.de\\\/shop\\\/blechwerkzeuge\\\/vorschleifen-entgraten-blechwerkzeuge\\\/lamellenschleifrad-blech\\\/#primaryimage\"},\"image\":{\"@id\":\"https:\\\/\\\/staging.boeck-technology.de\\\/shop\\\/blechwerkzeuge\\\/vorschleifen-entgraten-blechwerkzeuge\\\/lamellenschleifrad-blech\\\/#primaryimage\"},\"thumbnailUrl\":\"https:\\\/\\\/staging.boeck-technology.de\\\/wp-content\\\/uploads\\\/2025\\\/07\\\/art_73503.png\",\"datePublished\":\"2026-02-23T09:05:55+00:00\",\"dateModified\":\"2026-02-23T09:06:11+00:00\",\"breadcrumb\":{\"@id\":\"https:\\\/\\\/staging.boeck-technology.de\\\/shop\\\/blechwerkzeuge\\\/vorschleifen-entgraten-blechwerkzeuge\\\/lamellenschleifrad-blech\\\/#breadcrumb\"},\"inLanguage\":\"it-IT\",\"potentialAction\":[{\"@type\":\"ReadAction\",\"target\":[\"https:\\\/\\\/staging.boeck-technology.de\\\/shop\\\/blechwerkzeuge\\\/vorschleifen-entgraten-blechwerkzeuge\\\/lamellenschleifrad-blech\\\/\"]}]},{\"@type\":\"ImageObject\",\"inLanguage\":\"it-IT\",\"@id\":\"https:\\\/\\\/staging.boeck-technology.de\\\/shop\\\/blechwerkzeuge\\\/vorschleifen-entgraten-blechwerkzeuge\\\/lamellenschleifrad-blech\\\/#primaryimage\",\"url\":\"https:\\\/\\\/staging.boeck-technology.de\\\/wp-content\\\/uploads\\\/2025\\\/07\\\/art_73503.png\",\"contentUrl\":\"https:\\\/\\\/staging.boeck-technology.de\\\/wp-content\\\/uploads\\\/2025\\\/07\\\/art_73503.png\",\"width\":500,\"height\":272},{\"@type\":\"BreadcrumbList\",\"@id\":\"https:\\\/\\\/staging.boeck-technology.de\\\/shop\\\/blechwerkzeuge\\\/vorschleifen-entgraten-blechwerkzeuge\\\/lamellenschleifrad-blech\\\/#breadcrumb\",\"itemListElement\":[{\"@type\":\"ListItem\",\"position\":1,\"name\":\"Startseite\",\"item\":\"https:\\\/\\\/staging.boeck-technology.de\\\/\"},{\"@type\":\"ListItem\",\"position\":2,\"name\":\"Produkte\",\"item\":\"https:\\\/\\\/staging.boeck-technology.de\\\/shop\\\/\"},{\"@type\":\"ListItem\",\"position\":3,\"name\":\"Lamellenschleifrad\"}]},{\"@type\":\"WebSite\",\"@id\":\"https:\\\/\\\/staging.boeck-technology.de\\\/#website\",\"url\":\"https:\\\/\\\/staging.boeck-technology.de\\\/\",\"name\":\"boeck GmbH\",\"description\":\"Ma\u00dfgeschneiderte Werkzeugl\u00f6sungen f\u00fcr Blechentgratung\",\"publisher\":{\"@id\":\"https:\\\/\\\/staging.boeck-technology.de\\\/#organization\"},\"potentialAction\":[{\"@type\":\"SearchAction\",\"target\":{\"@type\":\"EntryPoint\",\"urlTemplate\":\"https:\\\/\\\/staging.boeck-technology.de\\\/?s={search_term_string}\"},\"query-input\":{\"@type\":\"PropertyValueSpecification\",\"valueRequired\":true,\"valueName\":\"search_term_string\"}}],\"inLanguage\":\"it-IT\"},{\"@type\":\"Organization\",\"@id\":\"https:\\\/\\\/staging.boeck-technology.de\\\/#organization\",\"name\":\"boeck GmbH\",\"url\":\"https:\\\/\\\/staging.boeck-technology.de\\\/\",\"logo\":{\"@type\":\"ImageObject\",\"inLanguage\":\"it-IT\",\"@id\":\"https:\\\/\\\/staging.boeck-technology.de\\\/#\\\/schema\\\/logo\\\/image\\\/\",\"url\":\"https:\\\/\\\/staging.boeck-technology.de\\\/wp-content\\\/uploads\\\/2021\\\/06\\\/boeck_logo_farbe-e1646758378588.png\",\"contentUrl\":\"https:\\\/\\\/staging.boeck-technology.de\\\/wp-content\\\/uploads\\\/2021\\\/06\\\/boeck_logo_farbe-e1646758378588.png\",\"width\":250,\"height\":90,\"caption\":\"boeck GmbH\"},\"image\":{\"@id\":\"https:\\\/\\\/staging.boeck-technology.de\\\/#\\\/schema\\\/logo\\\/image\\\/\"},\"sameAs\":[\"https:\\\/\\\/www.facebook.com\\\/boeck-GmbH-116687710252350\"]}]}<\/script>\n<!-- \/ Yoast SEO Premium plugin. -->","yoast_head_json":{"title":"Mola lamellare - Pre-rettifica e sbavatura - boeck GmbH","robots":{"index":"noindex","follow":"follow","max-snippet":"max-snippet:-1","max-image-preview":"max-image-preview:large","max-video-preview":"max-video-preview:-1"},"og_locale":"it_IT","og_type":"article","og_title":"Lamellenschleifrad","og_description":"Vielseitig einsetzbar dank verschiedener K\u00f6rnungen und Aufnahmen  Gleichm\u00e4\u00dfige Materialabtragung durch lamellenf\u00f6rmigen Besatz  Neutrale Drehrichtung f\u00fcr sichere Handhabung  Kompatibel mit unterschiedlichen Maschinen dank variabler Bohrungen  Erh\u00e4ltlich in mehreren Breiten und Durchmessern","og_url":"https:\/\/staging.boeck-technology.de\/it\/negozio\/utensili-per-lamiera\/sgrossatura-e-sbavatura-della-lamiera\/ruota-a-lamelle-lamiera\/","og_site_name":"boeck GmbH","article_publisher":"https:\/\/www.facebook.com\/boeck-GmbH-116687710252350","article_modified_time":"2026-02-23T09:06:11+00:00","og_image":[{"width":500,"height":272,"url":"https:\/\/staging.boeck-technology.de\/wp-content\/uploads\/2025\/07\/art_73503.png","type":"image\/png"}],"twitter_card":"summary_large_image","twitter_misc":{"Tempo di lettura stimato":"1 minuto"},"schema":{"@context":"https:\/\/schema.org","@graph":[{"@type":"WebPage","@id":"https:\/\/staging.boeck-technology.de\/shop\/blechwerkzeuge\/vorschleifen-entgraten-blechwerkzeuge\/lamellenschleifrad-blech\/","url":"https:\/\/staging.boeck-technology.de\/shop\/blechwerkzeuge\/vorschleifen-entgraten-blechwerkzeuge\/lamellenschleifrad-blech\/","name":"Mola lamellare - Pre-rettifica e sbavatura - boeck GmbH","isPartOf":{"@id":"https:\/\/staging.boeck-technology.de\/#website"},"primaryImageOfPage":{"@id":"https:\/\/staging.boeck-technology.de\/shop\/blechwerkzeuge\/vorschleifen-entgraten-blechwerkzeuge\/lamellenschleifrad-blech\/#primaryimage"},"image":{"@id":"https:\/\/staging.boeck-technology.de\/shop\/blechwerkzeuge\/vorschleifen-entgraten-blechwerkzeuge\/lamellenschleifrad-blech\/#primaryimage"},"thumbnailUrl":"https:\/\/staging.boeck-technology.de\/wp-content\/uploads\/2025\/07\/art_73503.png","datePublished":"2026-02-23T09:05:55+00:00","dateModified":"2026-02-23T09:06:11+00:00","breadcrumb":{"@id":"https:\/\/staging.boeck-technology.de\/shop\/blechwerkzeuge\/vorschleifen-entgraten-blechwerkzeuge\/lamellenschleifrad-blech\/#breadcrumb"},"inLanguage":"it-IT","potentialAction":[{"@type":"ReadAction","target":["https:\/\/staging.boeck-technology.de\/shop\/blechwerkzeuge\/vorschleifen-entgraten-blechwerkzeuge\/lamellenschleifrad-blech\/"]}]},{"@type":"ImageObject","inLanguage":"it-IT","@id":"https:\/\/staging.boeck-technology.de\/shop\/blechwerkzeuge\/vorschleifen-entgraten-blechwerkzeuge\/lamellenschleifrad-blech\/#primaryimage","url":"https:\/\/staging.boeck-technology.de\/wp-content\/uploads\/2025\/07\/art_73503.png","contentUrl":"https:\/\/staging.boeck-technology.de\/wp-content\/uploads\/2025\/07\/art_73503.png","width":500,"height":272},{"@type":"BreadcrumbList","@id":"https:\/\/staging.boeck-technology.de\/shop\/blechwerkzeuge\/vorschleifen-entgraten-blechwerkzeuge\/lamellenschleifrad-blech\/#breadcrumb","itemListElement":[{"@type":"ListItem","position":1,"name":"Startseite","item":"https:\/\/staging.boeck-technology.de\/"},{"@type":"ListItem","position":2,"name":"Produkte","item":"https:\/\/staging.boeck-technology.de\/shop\/"},{"@type":"ListItem","position":3,"name":"Lamellenschleifrad"}]},{"@type":"WebSite","@id":"https:\/\/staging.boeck-technology.de\/#website","url":"https:\/\/staging.boeck-technology.de\/","name":"boeck GmbH","description":"Soluzioni di utensili personalizzati per la sbavatura delle lamiere","publisher":{"@id":"https:\/\/staging.boeck-technology.de\/#organization"},"potentialAction":[{"@type":"SearchAction","target":{"@type":"EntryPoint","urlTemplate":"https:\/\/staging.boeck-technology.de\/?s={search_term_string}"},"query-input":{"@type":"PropertyValueSpecification","valueRequired":true,"valueName":"search_term_string"}}],"inLanguage":"it-IT"},{"@type":"Organization","@id":"https:\/\/staging.boeck-technology.de\/#organization","name":"boeck GmbH","url":"https:\/\/staging.boeck-technology.de\/","logo":{"@type":"ImageObject","inLanguage":"it-IT","@id":"https:\/\/staging.boeck-technology.de\/#\/schema\/logo\/image\/","url":"https:\/\/staging.boeck-technology.de\/wp-content\/uploads\/2021\/06\/boeck_logo_farbe-e1646758378588.png","contentUrl":"https:\/\/staging.boeck-technology.de\/wp-content\/uploads\/2021\/06\/boeck_logo_farbe-e1646758378588.png","width":250,"height":90,"caption":"boeck GmbH"},"image":{"@id":"https:\/\/staging.boeck-technology.de\/#\/schema\/logo\/image\/"},"sameAs":["https:\/\/www.facebook.com\/boeck-GmbH-116687710252350"]}]}},"_links":{"self":[{"href":"https:\/\/staging.boeck-technology.de\/it\/wp-json\/wp\/v2\/product\/6079133","targetHints":{"allow":["GET"]}}],"collection":[{"href":"https:\/\/staging.boeck-technology.de\/it\/wp-json\/wp\/v2\/product"}],"about":[{"href":"https:\/\/staging.boeck-technology.de\/it\/wp-json\/wp\/v2\/types\/product"}],"wp:featuredmedia":[{"embeddable":true,"href":"https:\/\/staging.boeck-technology.de\/it\/wp-json\/wp\/v2\/media\/6074035"}],"wp:attachment":[{"href":"https:\/\/staging.boeck-technology.de\/it\/wp-json\/wp\/v2\/media?parent=6079133"}],"wp:term":[{"taxonomy":"product_brand","embeddable":true,"href":"https:\/\/staging.boeck-technology.de\/it\/wp-json\/wp\/v2\/product_brand?post=6079133"},{"taxonomy":"product_cat","embeddable":true,"href":"https:\/\/staging.boeck-technology.de\/it\/wp-json\/wp\/v2\/product_cat?post=6079133"},{"taxonomy":"product_tag","embeddable":true,"href":"https:\/\/staging.boeck-technology.de\/it\/wp-json\/wp\/v2\/product_tag?post=6079133"}],"curies":[{"name":"wp","href":"https:\/\/api.w.org\/{rel}","templated":true}]}}