{"id":6079131,"date":"2026-02-23T10:04:39","date_gmt":"2026-02-23T09:04:39","guid":{"rendered":"https:\/\/bt25.wpm24.de\/?post_type=product&#038;p=6079131"},"modified":"2026-02-23T10:04:59","modified_gmt":"2026-02-23T09:04:59","slug":"foglio-di-vello-abrasivo-lamiera","status":"publish","type":"product","link":"https:\/\/staging.boeck-technology.de\/it\/shop\/blechwerkzeuge\/finish-schleifen-blechwerkzeuge\/schleifvliesbogen-blech\/","title":{"rendered":"Foglio di vello abrasivo"},"content":{"rendered":"<p>Il foglio abrasivo in tessuto non tessuto \u00e8 un abrasivo di alta qualit\u00e0, sviluppato specificamente per la lavorazione di precisione e la preparazione delle superfici in applicazioni industriali. La sua esclusiva struttura in tessuto non tessuto garantisce una rimozione uniforme ed efficiente del materiale senza alterare la geometria del pezzo.<\/p>\n<p>Disponibile in diverse grane, da 80 a 400, il foglio abrasivo in tessuto non tessuto si adatta in modo flessibile a diverse esigenze, dalla rimozione di ruggine grossolana alla finitura fine. Il senso di rotazione neutro consente un&#039;applicazione versatile senza limitazioni per quanto riguarda il movimento di lucidatura.<\/p>\n<p>Con una lunghezza di 1540 mm e larghezze di 800 mm o 1140 mm, il foglio di tessuto non tessuto abrasivo offre una superficie di lavoro ottimale per applicazioni su grandi superfici. Il materiale \u00e8 robusto, durevole e la sua speciale struttura in fibra garantisce prestazioni abrasive costanti per tutta la sua durata.<\/p>\n<p>Questo foglio di tessuto non tessuto abrasivo \u00e8 ideale per l&#039;uso professionale in diversi settori, tra cui la lavorazione dei metalli, la lavorazione del legno e la preparazione per la verniciatura.<\/p>","protected":false},"excerpt":{"rendered":"<ul>\n<li>Erh\u00e4ltlich in K\u00f6rnungen 80, 100, 180, 280, 320, 400 f\u00fcr flexible Einsatzbereiche<\/li>\n<li>Neutrale Drehrichtung f\u00fcr vielseitige Anwendung<\/li>\n<li>Gro\u00dfformatige Abmessungen: 1540 mm L\u00e4nge, Breiten 800 mm oder 1140 mm<\/li>\n<li>Robuste Vliesstruktur f\u00fcr gleichm\u00e4\u00dfige und schonende Oberfl\u00e4chenbearbeitung<\/li>\n<li>Langlebig und besonders effizient in der Materialabtragung<\/li>\n<\/ul>","protected":false},"featured_media":6074028,"template":"","meta":{"_acf_changed":false},"product_brand":[],"product_cat":[2564],"product_tag":[],"class_list":{"0":"post-6079131","1":"product","2":"type-product","3":"status-publish","4":"has-post-thumbnail","6":"product_cat-finish-schleifen-blechwerkzeuge","8":"first","9":"instock","10":"purchasable","11":"product-type-simple"},"acf":[],"yoast_head":"<!-- This site is optimized with the Yoast SEO Premium plugin v18.3 (Yoast SEO v27.3) - https:\/\/yoast.com\/product\/yoast-seo-premium-wordpress\/ -->\n<title>Schleifvliesbogen - Finish-Schleifen - boeck GmbH<\/title>\n<meta name=\"robots\" content=\"noindex, follow, max-snippet:-1, max-image-preview:large, max-video-preview:-1\" \/>\n<meta property=\"og:locale\" content=\"it_IT\" \/>\n<meta property=\"og:type\" content=\"article\" \/>\n<meta property=\"og:title\" content=\"Schleifvliesbogen\" \/>\n<meta property=\"og:description\" content=\"Erh\u00e4ltlich in K\u00f6rnungen 80, 100, 180, 280, 320, 400 f\u00fcr flexible Einsatzbereiche  Neutrale Drehrichtung f\u00fcr vielseitige Anwendung  Gro\u00dfformatige Abmessungen: 1540 mm L\u00e4nge, Breiten 800 mm oder 1140 mm  Robuste Vliesstruktur f\u00fcr gleichm\u00e4\u00dfige und schonende Oberfl\u00e4chenbearbeitung  Langlebig und besonders effizient in der Materialabtragung\" \/>\n<meta property=\"og:url\" content=\"https:\/\/staging.boeck-technology.de\/it\/negozio\/utensili-per-lamiera\/levigatura-finale-lamiera\/foglio-di-vello-abrasivo-lamiera\/\" \/>\n<meta property=\"og:site_name\" content=\"boeck GmbH\" \/>\n<meta property=\"article:publisher\" content=\"https:\/\/www.facebook.com\/boeck-GmbH-116687710252350\" \/>\n<meta property=\"article:modified_time\" content=\"2026-02-23T09:04:59+00:00\" \/>\n<meta property=\"og:image\" content=\"https:\/\/staging.boeck-technology.de\/wp-content\/uploads\/2025\/07\/art_24058.png\" \/>\n\t<meta property=\"og:image:width\" content=\"500\" \/>\n\t<meta property=\"og:image:height\" content=\"190\" \/>\n\t<meta property=\"og:image:type\" content=\"image\/png\" \/>\n<meta name=\"twitter:card\" content=\"summary_large_image\" \/>\n<meta name=\"twitter:label1\" content=\"Tempo di lettura stimato\" \/>\n\t<meta name=\"twitter:data1\" content=\"1 minuto\" \/>\n<script type=\"application\/ld+json\" class=\"yoast-schema-graph\">{\"@context\":\"https:\\\/\\\/schema.org\",\"@graph\":[{\"@type\":\"WebPage\",\"@id\":\"https:\\\/\\\/staging.boeck-technology.de\\\/shop\\\/blechwerkzeuge\\\/finish-schleifen-blechwerkzeuge\\\/schleifvliesbogen-blech\\\/\",\"url\":\"https:\\\/\\\/staging.boeck-technology.de\\\/shop\\\/blechwerkzeuge\\\/finish-schleifen-blechwerkzeuge\\\/schleifvliesbogen-blech\\\/\",\"name\":\"Schleifvliesbogen - Finish-Schleifen - boeck GmbH\",\"isPartOf\":{\"@id\":\"https:\\\/\\\/staging.boeck-technology.de\\\/#website\"},\"primaryImageOfPage\":{\"@id\":\"https:\\\/\\\/staging.boeck-technology.de\\\/shop\\\/blechwerkzeuge\\\/finish-schleifen-blechwerkzeuge\\\/schleifvliesbogen-blech\\\/#primaryimage\"},\"image\":{\"@id\":\"https:\\\/\\\/staging.boeck-technology.de\\\/shop\\\/blechwerkzeuge\\\/finish-schleifen-blechwerkzeuge\\\/schleifvliesbogen-blech\\\/#primaryimage\"},\"thumbnailUrl\":\"https:\\\/\\\/staging.boeck-technology.de\\\/wp-content\\\/uploads\\\/2025\\\/07\\\/art_24058.png\",\"datePublished\":\"2026-02-23T09:04:39+00:00\",\"dateModified\":\"2026-02-23T09:04:59+00:00\",\"breadcrumb\":{\"@id\":\"https:\\\/\\\/staging.boeck-technology.de\\\/shop\\\/blechwerkzeuge\\\/finish-schleifen-blechwerkzeuge\\\/schleifvliesbogen-blech\\\/#breadcrumb\"},\"inLanguage\":\"it-IT\",\"potentialAction\":[{\"@type\":\"ReadAction\",\"target\":[\"https:\\\/\\\/staging.boeck-technology.de\\\/shop\\\/blechwerkzeuge\\\/finish-schleifen-blechwerkzeuge\\\/schleifvliesbogen-blech\\\/\"]}]},{\"@type\":\"ImageObject\",\"inLanguage\":\"it-IT\",\"@id\":\"https:\\\/\\\/staging.boeck-technology.de\\\/shop\\\/blechwerkzeuge\\\/finish-schleifen-blechwerkzeuge\\\/schleifvliesbogen-blech\\\/#primaryimage\",\"url\":\"https:\\\/\\\/staging.boeck-technology.de\\\/wp-content\\\/uploads\\\/2025\\\/07\\\/art_24058.png\",\"contentUrl\":\"https:\\\/\\\/staging.boeck-technology.de\\\/wp-content\\\/uploads\\\/2025\\\/07\\\/art_24058.png\",\"width\":500,\"height\":190},{\"@type\":\"BreadcrumbList\",\"@id\":\"https:\\\/\\\/staging.boeck-technology.de\\\/shop\\\/blechwerkzeuge\\\/finish-schleifen-blechwerkzeuge\\\/schleifvliesbogen-blech\\\/#breadcrumb\",\"itemListElement\":[{\"@type\":\"ListItem\",\"position\":1,\"name\":\"Startseite\",\"item\":\"https:\\\/\\\/staging.boeck-technology.de\\\/\"},{\"@type\":\"ListItem\",\"position\":2,\"name\":\"Produkte\",\"item\":\"https:\\\/\\\/staging.boeck-technology.de\\\/shop\\\/\"},{\"@type\":\"ListItem\",\"position\":3,\"name\":\"Schleifvliesbogen\"}]},{\"@type\":\"WebSite\",\"@id\":\"https:\\\/\\\/staging.boeck-technology.de\\\/#website\",\"url\":\"https:\\\/\\\/staging.boeck-technology.de\\\/\",\"name\":\"boeck GmbH\",\"description\":\"Ma\u00dfgeschneiderte Werkzeugl\u00f6sungen f\u00fcr Blechentgratung\",\"publisher\":{\"@id\":\"https:\\\/\\\/staging.boeck-technology.de\\\/#organization\"},\"potentialAction\":[{\"@type\":\"SearchAction\",\"target\":{\"@type\":\"EntryPoint\",\"urlTemplate\":\"https:\\\/\\\/staging.boeck-technology.de\\\/?s={search_term_string}\"},\"query-input\":{\"@type\":\"PropertyValueSpecification\",\"valueRequired\":true,\"valueName\":\"search_term_string\"}}],\"inLanguage\":\"it-IT\"},{\"@type\":\"Organization\",\"@id\":\"https:\\\/\\\/staging.boeck-technology.de\\\/#organization\",\"name\":\"boeck GmbH\",\"url\":\"https:\\\/\\\/staging.boeck-technology.de\\\/\",\"logo\":{\"@type\":\"ImageObject\",\"inLanguage\":\"it-IT\",\"@id\":\"https:\\\/\\\/staging.boeck-technology.de\\\/#\\\/schema\\\/logo\\\/image\\\/\",\"url\":\"https:\\\/\\\/staging.boeck-technology.de\\\/wp-content\\\/uploads\\\/2021\\\/06\\\/boeck_logo_farbe-e1646758378588.png\",\"contentUrl\":\"https:\\\/\\\/staging.boeck-technology.de\\\/wp-content\\\/uploads\\\/2021\\\/06\\\/boeck_logo_farbe-e1646758378588.png\",\"width\":250,\"height\":90,\"caption\":\"boeck GmbH\"},\"image\":{\"@id\":\"https:\\\/\\\/staging.boeck-technology.de\\\/#\\\/schema\\\/logo\\\/image\\\/\"},\"sameAs\":[\"https:\\\/\\\/www.facebook.com\\\/boeck-GmbH-116687710252350\"]}]}<\/script>\n<!-- \/ Yoast SEO Premium plugin. -->","yoast_head_json":{"title":"Foglio di vello abrasivo - Levigatura finale - boeck GmbH","robots":{"index":"noindex","follow":"follow","max-snippet":"max-snippet:-1","max-image-preview":"max-image-preview:large","max-video-preview":"max-video-preview:-1"},"og_locale":"it_IT","og_type":"article","og_title":"Schleifvliesbogen","og_description":"Erh\u00e4ltlich in K\u00f6rnungen 80, 100, 180, 280, 320, 400 f\u00fcr flexible Einsatzbereiche  Neutrale Drehrichtung f\u00fcr vielseitige Anwendung  Gro\u00dfformatige Abmessungen: 1540 mm L\u00e4nge, Breiten 800 mm oder 1140 mm  Robuste Vliesstruktur f\u00fcr gleichm\u00e4\u00dfige und schonende Oberfl\u00e4chenbearbeitung  Langlebig und besonders effizient in der Materialabtragung","og_url":"https:\/\/staging.boeck-technology.de\/it\/negozio\/utensili-per-lamiera\/levigatura-finale-lamiera\/foglio-di-vello-abrasivo-lamiera\/","og_site_name":"boeck GmbH","article_publisher":"https:\/\/www.facebook.com\/boeck-GmbH-116687710252350","article_modified_time":"2026-02-23T09:04:59+00:00","og_image":[{"width":500,"height":190,"url":"https:\/\/staging.boeck-technology.de\/wp-content\/uploads\/2025\/07\/art_24058.png","type":"image\/png"}],"twitter_card":"summary_large_image","twitter_misc":{"Tempo di lettura stimato":"1 minuto"},"schema":{"@context":"https:\/\/schema.org","@graph":[{"@type":"WebPage","@id":"https:\/\/staging.boeck-technology.de\/shop\/blechwerkzeuge\/finish-schleifen-blechwerkzeuge\/schleifvliesbogen-blech\/","url":"https:\/\/staging.boeck-technology.de\/shop\/blechwerkzeuge\/finish-schleifen-blechwerkzeuge\/schleifvliesbogen-blech\/","name":"Foglio di vello abrasivo - Levigatura finale - boeck GmbH","isPartOf":{"@id":"https:\/\/staging.boeck-technology.de\/#website"},"primaryImageOfPage":{"@id":"https:\/\/staging.boeck-technology.de\/shop\/blechwerkzeuge\/finish-schleifen-blechwerkzeuge\/schleifvliesbogen-blech\/#primaryimage"},"image":{"@id":"https:\/\/staging.boeck-technology.de\/shop\/blechwerkzeuge\/finish-schleifen-blechwerkzeuge\/schleifvliesbogen-blech\/#primaryimage"},"thumbnailUrl":"https:\/\/staging.boeck-technology.de\/wp-content\/uploads\/2025\/07\/art_24058.png","datePublished":"2026-02-23T09:04:39+00:00","dateModified":"2026-02-23T09:04:59+00:00","breadcrumb":{"@id":"https:\/\/staging.boeck-technology.de\/shop\/blechwerkzeuge\/finish-schleifen-blechwerkzeuge\/schleifvliesbogen-blech\/#breadcrumb"},"inLanguage":"it-IT","potentialAction":[{"@type":"ReadAction","target":["https:\/\/staging.boeck-technology.de\/shop\/blechwerkzeuge\/finish-schleifen-blechwerkzeuge\/schleifvliesbogen-blech\/"]}]},{"@type":"ImageObject","inLanguage":"it-IT","@id":"https:\/\/staging.boeck-technology.de\/shop\/blechwerkzeuge\/finish-schleifen-blechwerkzeuge\/schleifvliesbogen-blech\/#primaryimage","url":"https:\/\/staging.boeck-technology.de\/wp-content\/uploads\/2025\/07\/art_24058.png","contentUrl":"https:\/\/staging.boeck-technology.de\/wp-content\/uploads\/2025\/07\/art_24058.png","width":500,"height":190},{"@type":"BreadcrumbList","@id":"https:\/\/staging.boeck-technology.de\/shop\/blechwerkzeuge\/finish-schleifen-blechwerkzeuge\/schleifvliesbogen-blech\/#breadcrumb","itemListElement":[{"@type":"ListItem","position":1,"name":"Startseite","item":"https:\/\/staging.boeck-technology.de\/"},{"@type":"ListItem","position":2,"name":"Produkte","item":"https:\/\/staging.boeck-technology.de\/shop\/"},{"@type":"ListItem","position":3,"name":"Schleifvliesbogen"}]},{"@type":"WebSite","@id":"https:\/\/staging.boeck-technology.de\/#website","url":"https:\/\/staging.boeck-technology.de\/","name":"boeck GmbH","description":"Soluzioni di utensili personalizzati per la sbavatura delle lamiere","publisher":{"@id":"https:\/\/staging.boeck-technology.de\/#organization"},"potentialAction":[{"@type":"SearchAction","target":{"@type":"EntryPoint","urlTemplate":"https:\/\/staging.boeck-technology.de\/?s={search_term_string}"},"query-input":{"@type":"PropertyValueSpecification","valueRequired":true,"valueName":"search_term_string"}}],"inLanguage":"it-IT"},{"@type":"Organization","@id":"https:\/\/staging.boeck-technology.de\/#organization","name":"boeck GmbH","url":"https:\/\/staging.boeck-technology.de\/","logo":{"@type":"ImageObject","inLanguage":"it-IT","@id":"https:\/\/staging.boeck-technology.de\/#\/schema\/logo\/image\/","url":"https:\/\/staging.boeck-technology.de\/wp-content\/uploads\/2021\/06\/boeck_logo_farbe-e1646758378588.png","contentUrl":"https:\/\/staging.boeck-technology.de\/wp-content\/uploads\/2021\/06\/boeck_logo_farbe-e1646758378588.png","width":250,"height":90,"caption":"boeck GmbH"},"image":{"@id":"https:\/\/staging.boeck-technology.de\/#\/schema\/logo\/image\/"},"sameAs":["https:\/\/www.facebook.com\/boeck-GmbH-116687710252350"]}]}},"_links":{"self":[{"href":"https:\/\/staging.boeck-technology.de\/it\/wp-json\/wp\/v2\/product\/6079131","targetHints":{"allow":["GET"]}}],"collection":[{"href":"https:\/\/staging.boeck-technology.de\/it\/wp-json\/wp\/v2\/product"}],"about":[{"href":"https:\/\/staging.boeck-technology.de\/it\/wp-json\/wp\/v2\/types\/product"}],"wp:featuredmedia":[{"embeddable":true,"href":"https:\/\/staging.boeck-technology.de\/it\/wp-json\/wp\/v2\/media\/6074028"}],"wp:attachment":[{"href":"https:\/\/staging.boeck-technology.de\/it\/wp-json\/wp\/v2\/media?parent=6079131"}],"wp:term":[{"taxonomy":"product_brand","embeddable":true,"href":"https:\/\/staging.boeck-technology.de\/it\/wp-json\/wp\/v2\/product_brand?post=6079131"},{"taxonomy":"product_cat","embeddable":true,"href":"https:\/\/staging.boeck-technology.de\/it\/wp-json\/wp\/v2\/product_cat?post=6079131"},{"taxonomy":"product_tag","embeddable":true,"href":"https:\/\/staging.boeck-technology.de\/it\/wp-json\/wp\/v2\/product_tag?post=6079131"}],"curies":[{"name":"wp","href":"https:\/\/api.w.org\/{rel}","templated":true}]}}