{"id":6079129,"date":"2026-02-23T10:03:41","date_gmt":"2026-02-23T09:03:41","guid":{"rendered":"https:\/\/bt25.wpm24.de\/?post_type=product&#038;p=6079129"},"modified":"2026-03-31T09:25:31","modified_gmt":"2026-03-31T07:25:31","slug":"rullo-per-ossidi-lamiera","status":"publish","type":"product","link":"https:\/\/staging.boeck-technology.de\/it\/shop\/blechwerkzeuge\/oxidentfernung-blechwerkzeuge\/oxidwalze-blech\/","title":{"rendered":"Rullo per ossidi"},"content":{"rendered":"<p>Il rullo di ossido \u00e8 un prodotto industriale di alta qualit\u00e0, progettato per diverse applicazioni meccaniche. Con un diametro di 250 mm, offre una struttura robusta e durevole che garantisce un funzionamento affidabile anche in condizioni operative gravose.<\/p>\n<p>Scegli tra diverse larghezze di 260 mm, 312 mm o 380 mm, nonch\u00e9 lunghezze adatte, per adattare al meglio il rullo di ossido alle tue esigenze specifiche. Il foro \u00e8 disponibile nei diametri di 43 mm e 80 mm per garantire un montaggio preciso e la compatibilit\u00e0 con diverse macchine.<\/p>\n<p>Il rullo \u00e8 neutro nel suo senso di rotazione, consentendo la massima flessibilit\u00e0 di integrazione nei processi produttivi. Grazie alla sua precisa lavorazione e ai materiali di alta qualit\u00e0, il rullo per ossido garantisce prestazioni eccellenti e una lunga durata.<\/p>\n<p>Ideale per applicazioni industriali in cui \u00e8 richiesto un rullo di trasporto o un nastro trasportatore affidabile, il rullo in ossido si distingue per precisione tecnica e versatilit\u00e0.<\/p>","protected":false},"excerpt":{"rendered":"<ul>\n<li>Durchmesser: 250 mm f\u00fcr hohe Stabilit\u00e4t<\/li>\n<li>Breitenvarianten: 260 mm, 312 mm, 380 mm<\/li>\n<li>Bohrungsgr\u00f6\u00dfen: 43 mm und 80 mm f\u00fcr flexible Montage<\/li>\n<li>Neutrale Drehrichtung f\u00fcr vielseitige Einsatzm\u00f6glichkeiten<\/li>\n<li>Hochwertige Verarbeitung f\u00fcr lange Lebensdauer<\/li>\n<\/ul>","protected":false},"featured_media":6074031,"template":"","meta":{"_acf_changed":false},"product_brand":[],"product_cat":[2566],"product_tag":[],"class_list":{"0":"post-6079129","1":"product","2":"type-product","3":"status-publish","4":"has-post-thumbnail","6":"product_cat-oxidentfernung-blechwerkzeuge","8":"first","9":"instock","10":"purchasable","11":"product-type-simple"},"acf":[],"yoast_head":"<!-- This site is optimized with the Yoast SEO Premium plugin v18.3 (Yoast SEO v27.3) - https:\/\/yoast.com\/product\/yoast-seo-premium-wordpress\/ -->\n<title>Oxidwalze - Oxidentfernung - boeck GmbH<\/title>\n<meta name=\"description\" content=\"Effektive Oxidentfernung bei Blech mit unserer Oxidwalze. Ideal f\u00fcr Industrie und Werkstatt. Saubere Oberfl\u00e4chen schnell und zuverl\u00e4ssig.\" \/>\n<meta name=\"robots\" content=\"noindex, follow, max-snippet:-1, max-image-preview:large, max-video-preview:-1\" \/>\n<meta property=\"og:locale\" content=\"it_IT\" \/>\n<meta property=\"og:type\" content=\"article\" \/>\n<meta property=\"og:title\" content=\"Oxidwalze\" \/>\n<meta property=\"og:description\" content=\"Effektive Oxidentfernung bei Blech mit unserer Oxidwalze. Ideal f\u00fcr Industrie und Werkstatt. Saubere Oberfl\u00e4chen schnell und zuverl\u00e4ssig.\" \/>\n<meta property=\"og:url\" content=\"https:\/\/staging.boeck-technology.de\/it\/negozio\/utensili-per-lamiera\/rimozione-degli-ossidi-dalla-lamiera\/rullo-per-ossidi-lamiera\/\" \/>\n<meta property=\"og:site_name\" content=\"boeck GmbH\" \/>\n<meta property=\"article:publisher\" content=\"https:\/\/www.facebook.com\/boeck-GmbH-116687710252350\" \/>\n<meta property=\"article:modified_time\" content=\"2026-03-31T07:25:31+00:00\" \/>\n<meta property=\"og:image\" content=\"https:\/\/staging.boeck-technology.de\/wp-content\/uploads\/2025\/07\/art_7480.png\" \/>\n\t<meta property=\"og:image:width\" content=\"400\" \/>\n\t<meta property=\"og:image:height\" content=\"279\" \/>\n\t<meta property=\"og:image:type\" content=\"image\/png\" \/>\n<meta name=\"twitter:card\" content=\"summary_large_image\" \/>\n<meta name=\"twitter:label1\" content=\"Tempo di lettura stimato\" \/>\n\t<meta name=\"twitter:data1\" content=\"1 minuto\" \/>\n<script type=\"application\/ld+json\" class=\"yoast-schema-graph\">{\"@context\":\"https:\\\/\\\/schema.org\",\"@graph\":[{\"@type\":\"WebPage\",\"@id\":\"https:\\\/\\\/staging.boeck-technology.de\\\/shop\\\/blechwerkzeuge\\\/oxidentfernung-blechwerkzeuge\\\/oxidwalze-blech\\\/\",\"url\":\"https:\\\/\\\/staging.boeck-technology.de\\\/shop\\\/blechwerkzeuge\\\/oxidentfernung-blechwerkzeuge\\\/oxidwalze-blech\\\/\",\"name\":\"Oxidwalze - Oxidentfernung - boeck GmbH\",\"isPartOf\":{\"@id\":\"https:\\\/\\\/staging.boeck-technology.de\\\/#website\"},\"primaryImageOfPage\":{\"@id\":\"https:\\\/\\\/staging.boeck-technology.de\\\/shop\\\/blechwerkzeuge\\\/oxidentfernung-blechwerkzeuge\\\/oxidwalze-blech\\\/#primaryimage\"},\"image\":{\"@id\":\"https:\\\/\\\/staging.boeck-technology.de\\\/shop\\\/blechwerkzeuge\\\/oxidentfernung-blechwerkzeuge\\\/oxidwalze-blech\\\/#primaryimage\"},\"thumbnailUrl\":\"https:\\\/\\\/staging.boeck-technology.de\\\/wp-content\\\/uploads\\\/2025\\\/07\\\/art_7480.png\",\"datePublished\":\"2026-02-23T09:03:41+00:00\",\"dateModified\":\"2026-03-31T07:25:31+00:00\",\"description\":\"Effektive Oxidentfernung bei Blech mit unserer Oxidwalze. Ideal f\u00fcr Industrie und Werkstatt. Saubere Oberfl\u00e4chen schnell und zuverl\u00e4ssig.\",\"breadcrumb\":{\"@id\":\"https:\\\/\\\/staging.boeck-technology.de\\\/shop\\\/blechwerkzeuge\\\/oxidentfernung-blechwerkzeuge\\\/oxidwalze-blech\\\/#breadcrumb\"},\"inLanguage\":\"it-IT\",\"potentialAction\":[{\"@type\":\"ReadAction\",\"target\":[\"https:\\\/\\\/staging.boeck-technology.de\\\/shop\\\/blechwerkzeuge\\\/oxidentfernung-blechwerkzeuge\\\/oxidwalze-blech\\\/\"]}]},{\"@type\":\"ImageObject\",\"inLanguage\":\"it-IT\",\"@id\":\"https:\\\/\\\/staging.boeck-technology.de\\\/shop\\\/blechwerkzeuge\\\/oxidentfernung-blechwerkzeuge\\\/oxidwalze-blech\\\/#primaryimage\",\"url\":\"https:\\\/\\\/staging.boeck-technology.de\\\/wp-content\\\/uploads\\\/2025\\\/07\\\/art_7480.png\",\"contentUrl\":\"https:\\\/\\\/staging.boeck-technology.de\\\/wp-content\\\/uploads\\\/2025\\\/07\\\/art_7480.png\",\"width\":400,\"height\":279},{\"@type\":\"BreadcrumbList\",\"@id\":\"https:\\\/\\\/staging.boeck-technology.de\\\/shop\\\/blechwerkzeuge\\\/oxidentfernung-blechwerkzeuge\\\/oxidwalze-blech\\\/#breadcrumb\",\"itemListElement\":[{\"@type\":\"ListItem\",\"position\":1,\"name\":\"Startseite\",\"item\":\"https:\\\/\\\/staging.boeck-technology.de\\\/\"},{\"@type\":\"ListItem\",\"position\":2,\"name\":\"Produkte\",\"item\":\"https:\\\/\\\/staging.boeck-technology.de\\\/shop\\\/\"},{\"@type\":\"ListItem\",\"position\":3,\"name\":\"Oxidwalze\"}]},{\"@type\":\"WebSite\",\"@id\":\"https:\\\/\\\/staging.boeck-technology.de\\\/#website\",\"url\":\"https:\\\/\\\/staging.boeck-technology.de\\\/\",\"name\":\"boeck GmbH\",\"description\":\"Ma\u00dfgeschneiderte Werkzeugl\u00f6sungen f\u00fcr Blechentgratung\",\"publisher\":{\"@id\":\"https:\\\/\\\/staging.boeck-technology.de\\\/#organization\"},\"potentialAction\":[{\"@type\":\"SearchAction\",\"target\":{\"@type\":\"EntryPoint\",\"urlTemplate\":\"https:\\\/\\\/staging.boeck-technology.de\\\/?s={search_term_string}\"},\"query-input\":{\"@type\":\"PropertyValueSpecification\",\"valueRequired\":true,\"valueName\":\"search_term_string\"}}],\"inLanguage\":\"it-IT\"},{\"@type\":\"Organization\",\"@id\":\"https:\\\/\\\/staging.boeck-technology.de\\\/#organization\",\"name\":\"boeck GmbH\",\"url\":\"https:\\\/\\\/staging.boeck-technology.de\\\/\",\"logo\":{\"@type\":\"ImageObject\",\"inLanguage\":\"it-IT\",\"@id\":\"https:\\\/\\\/staging.boeck-technology.de\\\/#\\\/schema\\\/logo\\\/image\\\/\",\"url\":\"https:\\\/\\\/staging.boeck-technology.de\\\/wp-content\\\/uploads\\\/2021\\\/06\\\/boeck_logo_farbe-e1646758378588.png\",\"contentUrl\":\"https:\\\/\\\/staging.boeck-technology.de\\\/wp-content\\\/uploads\\\/2021\\\/06\\\/boeck_logo_farbe-e1646758378588.png\",\"width\":250,\"height\":90,\"caption\":\"boeck GmbH\"},\"image\":{\"@id\":\"https:\\\/\\\/staging.boeck-technology.de\\\/#\\\/schema\\\/logo\\\/image\\\/\"},\"sameAs\":[\"https:\\\/\\\/www.facebook.com\\\/boeck-GmbH-116687710252350\"]}]}<\/script>\n<!-- \/ Yoast SEO Premium plugin. -->","yoast_head_json":{"title":"Rullo per ossidi - Rimozione degli ossidi - boeck GmbH","description":"Effektive Oxidentfernung bei Blech mit unserer Oxidwalze. Ideal f\u00fcr Industrie und Werkstatt. Saubere Oberfl\u00e4chen schnell und zuverl\u00e4ssig.","robots":{"index":"noindex","follow":"follow","max-snippet":"max-snippet:-1","max-image-preview":"max-image-preview:large","max-video-preview":"max-video-preview:-1"},"og_locale":"it_IT","og_type":"article","og_title":"Oxidwalze","og_description":"Effektive Oxidentfernung bei Blech mit unserer Oxidwalze. Ideal f\u00fcr Industrie und Werkstatt. Saubere Oberfl\u00e4chen schnell und zuverl\u00e4ssig.","og_url":"https:\/\/staging.boeck-technology.de\/it\/negozio\/utensili-per-lamiera\/rimozione-degli-ossidi-dalla-lamiera\/rullo-per-ossidi-lamiera\/","og_site_name":"boeck GmbH","article_publisher":"https:\/\/www.facebook.com\/boeck-GmbH-116687710252350","article_modified_time":"2026-03-31T07:25:31+00:00","og_image":[{"width":400,"height":279,"url":"https:\/\/staging.boeck-technology.de\/wp-content\/uploads\/2025\/07\/art_7480.png","type":"image\/png"}],"twitter_card":"summary_large_image","twitter_misc":{"Tempo di lettura stimato":"1 minuto"},"schema":{"@context":"https:\/\/schema.org","@graph":[{"@type":"WebPage","@id":"https:\/\/staging.boeck-technology.de\/shop\/blechwerkzeuge\/oxidentfernung-blechwerkzeuge\/oxidwalze-blech\/","url":"https:\/\/staging.boeck-technology.de\/shop\/blechwerkzeuge\/oxidentfernung-blechwerkzeuge\/oxidwalze-blech\/","name":"Rullo per ossidi - Rimozione degli ossidi - boeck GmbH","isPartOf":{"@id":"https:\/\/staging.boeck-technology.de\/#website"},"primaryImageOfPage":{"@id":"https:\/\/staging.boeck-technology.de\/shop\/blechwerkzeuge\/oxidentfernung-blechwerkzeuge\/oxidwalze-blech\/#primaryimage"},"image":{"@id":"https:\/\/staging.boeck-technology.de\/shop\/blechwerkzeuge\/oxidentfernung-blechwerkzeuge\/oxidwalze-blech\/#primaryimage"},"thumbnailUrl":"https:\/\/staging.boeck-technology.de\/wp-content\/uploads\/2025\/07\/art_7480.png","datePublished":"2026-02-23T09:03:41+00:00","dateModified":"2026-03-31T07:25:31+00:00","description":"Effektive Oxidentfernung bei Blech mit unserer Oxidwalze. Ideal f\u00fcr Industrie und Werkstatt. Saubere Oberfl\u00e4chen schnell und zuverl\u00e4ssig.","breadcrumb":{"@id":"https:\/\/staging.boeck-technology.de\/shop\/blechwerkzeuge\/oxidentfernung-blechwerkzeuge\/oxidwalze-blech\/#breadcrumb"},"inLanguage":"it-IT","potentialAction":[{"@type":"ReadAction","target":["https:\/\/staging.boeck-technology.de\/shop\/blechwerkzeuge\/oxidentfernung-blechwerkzeuge\/oxidwalze-blech\/"]}]},{"@type":"ImageObject","inLanguage":"it-IT","@id":"https:\/\/staging.boeck-technology.de\/shop\/blechwerkzeuge\/oxidentfernung-blechwerkzeuge\/oxidwalze-blech\/#primaryimage","url":"https:\/\/staging.boeck-technology.de\/wp-content\/uploads\/2025\/07\/art_7480.png","contentUrl":"https:\/\/staging.boeck-technology.de\/wp-content\/uploads\/2025\/07\/art_7480.png","width":400,"height":279},{"@type":"BreadcrumbList","@id":"https:\/\/staging.boeck-technology.de\/shop\/blechwerkzeuge\/oxidentfernung-blechwerkzeuge\/oxidwalze-blech\/#breadcrumb","itemListElement":[{"@type":"ListItem","position":1,"name":"Startseite","item":"https:\/\/staging.boeck-technology.de\/"},{"@type":"ListItem","position":2,"name":"Produkte","item":"https:\/\/staging.boeck-technology.de\/shop\/"},{"@type":"ListItem","position":3,"name":"Oxidwalze"}]},{"@type":"WebSite","@id":"https:\/\/staging.boeck-technology.de\/#website","url":"https:\/\/staging.boeck-technology.de\/","name":"boeck GmbH","description":"Soluzioni di utensili personalizzati per la sbavatura delle lamiere","publisher":{"@id":"https:\/\/staging.boeck-technology.de\/#organization"},"potentialAction":[{"@type":"SearchAction","target":{"@type":"EntryPoint","urlTemplate":"https:\/\/staging.boeck-technology.de\/?s={search_term_string}"},"query-input":{"@type":"PropertyValueSpecification","valueRequired":true,"valueName":"search_term_string"}}],"inLanguage":"it-IT"},{"@type":"Organization","@id":"https:\/\/staging.boeck-technology.de\/#organization","name":"boeck GmbH","url":"https:\/\/staging.boeck-technology.de\/","logo":{"@type":"ImageObject","inLanguage":"it-IT","@id":"https:\/\/staging.boeck-technology.de\/#\/schema\/logo\/image\/","url":"https:\/\/staging.boeck-technology.de\/wp-content\/uploads\/2021\/06\/boeck_logo_farbe-e1646758378588.png","contentUrl":"https:\/\/staging.boeck-technology.de\/wp-content\/uploads\/2021\/06\/boeck_logo_farbe-e1646758378588.png","width":250,"height":90,"caption":"boeck GmbH"},"image":{"@id":"https:\/\/staging.boeck-technology.de\/#\/schema\/logo\/image\/"},"sameAs":["https:\/\/www.facebook.com\/boeck-GmbH-116687710252350"]}]}},"_links":{"self":[{"href":"https:\/\/staging.boeck-technology.de\/it\/wp-json\/wp\/v2\/product\/6079129","targetHints":{"allow":["GET"]}}],"collection":[{"href":"https:\/\/staging.boeck-technology.de\/it\/wp-json\/wp\/v2\/product"}],"about":[{"href":"https:\/\/staging.boeck-technology.de\/it\/wp-json\/wp\/v2\/types\/product"}],"wp:featuredmedia":[{"embeddable":true,"href":"https:\/\/staging.boeck-technology.de\/it\/wp-json\/wp\/v2\/media\/6074031"}],"wp:attachment":[{"href":"https:\/\/staging.boeck-technology.de\/it\/wp-json\/wp\/v2\/media?parent=6079129"}],"wp:term":[{"taxonomy":"product_brand","embeddable":true,"href":"https:\/\/staging.boeck-technology.de\/it\/wp-json\/wp\/v2\/product_brand?post=6079129"},{"taxonomy":"product_cat","embeddable":true,"href":"https:\/\/staging.boeck-technology.de\/it\/wp-json\/wp\/v2\/product_cat?post=6079129"},{"taxonomy":"product_tag","embeddable":true,"href":"https:\/\/staging.boeck-technology.de\/it\/wp-json\/wp\/v2\/product_tag?post=6079129"}],"curies":[{"name":"wp","href":"https:\/\/api.w.org\/{rel}","templated":true}]}}