{"id":6079127,"date":"2026-02-23T10:02:41","date_gmt":"2026-02-23T09:02:41","guid":{"rendered":"https:\/\/bt25.wpm24.de\/?post_type=product&#038;p=6079127"},"modified":"2026-03-25T13:52:52","modified_gmt":"2026-03-25T12:52:52","slug":"schnellspannverschluss-blech","status":"publish","type":"product","link":"https:\/\/staging.boeck-technology.de\/it\/shop\/blechwerkzeuge\/anbauteile-zubehoer-blechwerkzeuge\/schnellspannverschluss-blech\/","title":{"rendered":"Chiusura rapida"},"content":{"rendered":"<p>Il blocco con codice SKU 5b6b5d9fc2c1 \u00e8 un componente industriale preciso e versatile, progettato specificamente per applicazioni esigenti. Dotato di interfaccia di sistema QUICK, offre una connessione rapida e sicura, ottimizzando i flussi di lavoro.<\/p>\n<p>Il foro da 6 mm garantisce un montaggio stabile e un&#039;elevata compatibilit\u00e0 con diversi accessori per utensili. Le dimensioni di 66 mm di larghezza e 72 mm di lunghezza si traducono in un design compatto che si integra facilmente nei sistemi esistenti.<\/p>\n<p>Il blocco \u00e8 disponibile, a scelta, con o senza alette, garantendo un adattamento flessibile a diverse applicazioni. La specifica direzione di rotazione neutra rende il blocco universalmente applicabile e semplifica l&#039;installazione.<\/p>\n<p>Questo prodotto si distingue per la sua lavorazione di alta qualit\u00e0 e l&#039;implementazione tecnica ben ponderata, che garantiscono una lunga durata e prestazioni affidabili.<\/p>","protected":false},"excerpt":{"rendered":"<ul>\n<li>QUICK-Aufnahme f\u00fcr schnelle und sichere Verbindung<\/li>\n<li>6mm Bohrung f\u00fcr pr\u00e4zise Befestigung<\/li>\n<li>Kompakte Ma\u00dfe: 66mm Breite, 72mm L\u00e4nge<\/li>\n<li>Erh\u00e4ltlich mit oder ohne Fl\u00fcgel<\/li>\n<li>Neutrale Drehrichtung f\u00fcr universelle Einsetzbarkeit<\/li>\n<\/ul>","protected":false},"featured_media":6074011,"template":"","meta":{"_acf_changed":false},"product_brand":[],"product_cat":[2563],"product_tag":[],"class_list":{"0":"post-6079127","1":"product","2":"type-product","3":"status-publish","4":"has-post-thumbnail","6":"product_cat-anbauteile-zubehoer-blechwerkzeuge","8":"first","9":"instock","10":"purchasable","11":"product-type-simple"},"acf":[],"yoast_head":"<!-- This site is optimized with the Yoast SEO Premium plugin v18.3 (Yoast SEO v27.3) - https:\/\/yoast.com\/product\/yoast-seo-premium-wordpress\/ -->\n<title>Schnellspannverschluss - Anbauteile &amp; Zubeh\u00f6r - boeck GmbH<\/title>\n<meta name=\"robots\" content=\"noindex, follow, max-snippet:-1, max-image-preview:large, max-video-preview:-1\" \/>\n<meta property=\"og:locale\" content=\"it_IT\" \/>\n<meta property=\"og:type\" content=\"article\" \/>\n<meta property=\"og:title\" content=\"Schnellspannverschluss\" \/>\n<meta property=\"og:description\" content=\"QUICK-Aufnahme f\u00fcr schnelle und sichere Verbindung  6mm Bohrung f\u00fcr pr\u00e4zise Befestigung  Kompakte Ma\u00dfe: 66mm Breite, 72mm L\u00e4nge  Erh\u00e4ltlich mit oder ohne Fl\u00fcgel  Neutrale Drehrichtung f\u00fcr universelle Einsetzbarkeit\" \/>\n<meta property=\"og:url\" content=\"https:\/\/staging.boeck-technology.de\/it\/negozio\/utensili-per-lamiera\/parti-annesse-accessori-per-lamiera\/schnellspannverschluss-blech\/\" \/>\n<meta property=\"og:site_name\" content=\"boeck GmbH\" \/>\n<meta property=\"article:publisher\" content=\"https:\/\/www.facebook.com\/boeck-GmbH-116687710252350\" \/>\n<meta property=\"article:modified_time\" content=\"2026-03-25T12:52:52+00:00\" \/>\n<meta property=\"og:image\" content=\"https:\/\/staging.boeck-technology.de\/wp-content\/uploads\/2025\/07\/art_5281.png\" \/>\n\t<meta property=\"og:image:width\" content=\"500\" \/>\n\t<meta property=\"og:image:height\" content=\"267\" \/>\n\t<meta property=\"og:image:type\" content=\"image\/png\" \/>\n<meta name=\"twitter:card\" content=\"summary_large_image\" \/>\n<meta name=\"twitter:label1\" content=\"Tempo di lettura stimato\" \/>\n\t<meta name=\"twitter:data1\" content=\"1 minuto\" \/>\n<script type=\"application\/ld+json\" class=\"yoast-schema-graph\">{\"@context\":\"https:\\\/\\\/schema.org\",\"@graph\":[{\"@type\":\"WebPage\",\"@id\":\"https:\\\/\\\/staging.boeck-technology.de\\\/shop\\\/blechwerkzeuge\\\/anbauteile-zubehoer-blechwerkzeuge\\\/schnellspannverschluss-blech\\\/\",\"url\":\"https:\\\/\\\/staging.boeck-technology.de\\\/shop\\\/blechwerkzeuge\\\/anbauteile-zubehoer-blechwerkzeuge\\\/schnellspannverschluss-blech\\\/\",\"name\":\"Schnellspannverschluss - Anbauteile &amp; Zubeh\u00f6r - boeck GmbH\",\"isPartOf\":{\"@id\":\"https:\\\/\\\/staging.boeck-technology.de\\\/#website\"},\"primaryImageOfPage\":{\"@id\":\"https:\\\/\\\/staging.boeck-technology.de\\\/shop\\\/blechwerkzeuge\\\/anbauteile-zubehoer-blechwerkzeuge\\\/schnellspannverschluss-blech\\\/#primaryimage\"},\"image\":{\"@id\":\"https:\\\/\\\/staging.boeck-technology.de\\\/shop\\\/blechwerkzeuge\\\/anbauteile-zubehoer-blechwerkzeuge\\\/schnellspannverschluss-blech\\\/#primaryimage\"},\"thumbnailUrl\":\"https:\\\/\\\/staging.boeck-technology.de\\\/wp-content\\\/uploads\\\/2025\\\/07\\\/art_5281.png\",\"datePublished\":\"2026-02-23T09:02:41+00:00\",\"dateModified\":\"2026-03-25T12:52:52+00:00\",\"breadcrumb\":{\"@id\":\"https:\\\/\\\/staging.boeck-technology.de\\\/shop\\\/blechwerkzeuge\\\/anbauteile-zubehoer-blechwerkzeuge\\\/schnellspannverschluss-blech\\\/#breadcrumb\"},\"inLanguage\":\"it-IT\",\"potentialAction\":[{\"@type\":\"ReadAction\",\"target\":[\"https:\\\/\\\/staging.boeck-technology.de\\\/shop\\\/blechwerkzeuge\\\/anbauteile-zubehoer-blechwerkzeuge\\\/schnellspannverschluss-blech\\\/\"]}]},{\"@type\":\"ImageObject\",\"inLanguage\":\"it-IT\",\"@id\":\"https:\\\/\\\/staging.boeck-technology.de\\\/shop\\\/blechwerkzeuge\\\/anbauteile-zubehoer-blechwerkzeuge\\\/schnellspannverschluss-blech\\\/#primaryimage\",\"url\":\"https:\\\/\\\/staging.boeck-technology.de\\\/wp-content\\\/uploads\\\/2025\\\/07\\\/art_5281.png\",\"contentUrl\":\"https:\\\/\\\/staging.boeck-technology.de\\\/wp-content\\\/uploads\\\/2025\\\/07\\\/art_5281.png\",\"width\":500,\"height\":267},{\"@type\":\"BreadcrumbList\",\"@id\":\"https:\\\/\\\/staging.boeck-technology.de\\\/shop\\\/blechwerkzeuge\\\/anbauteile-zubehoer-blechwerkzeuge\\\/schnellspannverschluss-blech\\\/#breadcrumb\",\"itemListElement\":[{\"@type\":\"ListItem\",\"position\":1,\"name\":\"Startseite\",\"item\":\"https:\\\/\\\/staging.boeck-technology.de\\\/\"},{\"@type\":\"ListItem\",\"position\":2,\"name\":\"Produkte\",\"item\":\"https:\\\/\\\/staging.boeck-technology.de\\\/shop\\\/\"},{\"@type\":\"ListItem\",\"position\":3,\"name\":\"Schnellspannverschluss\"}]},{\"@type\":\"WebSite\",\"@id\":\"https:\\\/\\\/staging.boeck-technology.de\\\/#website\",\"url\":\"https:\\\/\\\/staging.boeck-technology.de\\\/\",\"name\":\"boeck GmbH\",\"description\":\"Ma\u00dfgeschneiderte Werkzeugl\u00f6sungen f\u00fcr Blechentgratung\",\"publisher\":{\"@id\":\"https:\\\/\\\/staging.boeck-technology.de\\\/#organization\"},\"potentialAction\":[{\"@type\":\"SearchAction\",\"target\":{\"@type\":\"EntryPoint\",\"urlTemplate\":\"https:\\\/\\\/staging.boeck-technology.de\\\/?s={search_term_string}\"},\"query-input\":{\"@type\":\"PropertyValueSpecification\",\"valueRequired\":true,\"valueName\":\"search_term_string\"}}],\"inLanguage\":\"it-IT\"},{\"@type\":\"Organization\",\"@id\":\"https:\\\/\\\/staging.boeck-technology.de\\\/#organization\",\"name\":\"boeck GmbH\",\"url\":\"https:\\\/\\\/staging.boeck-technology.de\\\/\",\"logo\":{\"@type\":\"ImageObject\",\"inLanguage\":\"it-IT\",\"@id\":\"https:\\\/\\\/staging.boeck-technology.de\\\/#\\\/schema\\\/logo\\\/image\\\/\",\"url\":\"https:\\\/\\\/staging.boeck-technology.de\\\/wp-content\\\/uploads\\\/2021\\\/06\\\/boeck_logo_farbe-e1646758378588.png\",\"contentUrl\":\"https:\\\/\\\/staging.boeck-technology.de\\\/wp-content\\\/uploads\\\/2021\\\/06\\\/boeck_logo_farbe-e1646758378588.png\",\"width\":250,\"height\":90,\"caption\":\"boeck GmbH\"},\"image\":{\"@id\":\"https:\\\/\\\/staging.boeck-technology.de\\\/#\\\/schema\\\/logo\\\/image\\\/\"},\"sameAs\":[\"https:\\\/\\\/www.facebook.com\\\/boeck-GmbH-116687710252350\"]}]}<\/script>\n<!-- \/ Yoast SEO Premium plugin. -->","yoast_head_json":{"title":"Schnellspannverschluss - Anbauteile &amp; Zubeh\u00f6r - boeck GmbH","robots":{"index":"noindex","follow":"follow","max-snippet":"max-snippet:-1","max-image-preview":"max-image-preview:large","max-video-preview":"max-video-preview:-1"},"og_locale":"it_IT","og_type":"article","og_title":"Schnellspannverschluss","og_description":"QUICK-Aufnahme f\u00fcr schnelle und sichere Verbindung  6mm Bohrung f\u00fcr pr\u00e4zise Befestigung  Kompakte Ma\u00dfe: 66mm Breite, 72mm L\u00e4nge  Erh\u00e4ltlich mit oder ohne Fl\u00fcgel  Neutrale Drehrichtung f\u00fcr universelle Einsetzbarkeit","og_url":"https:\/\/staging.boeck-technology.de\/it\/negozio\/utensili-per-lamiera\/parti-annesse-accessori-per-lamiera\/schnellspannverschluss-blech\/","og_site_name":"boeck GmbH","article_publisher":"https:\/\/www.facebook.com\/boeck-GmbH-116687710252350","article_modified_time":"2026-03-25T12:52:52+00:00","og_image":[{"width":500,"height":267,"url":"https:\/\/staging.boeck-technology.de\/wp-content\/uploads\/2025\/07\/art_5281.png","type":"image\/png"}],"twitter_card":"summary_large_image","twitter_misc":{"Tempo di lettura stimato":"1 minuto"},"schema":{"@context":"https:\/\/schema.org","@graph":[{"@type":"WebPage","@id":"https:\/\/staging.boeck-technology.de\/shop\/blechwerkzeuge\/anbauteile-zubehoer-blechwerkzeuge\/schnellspannverschluss-blech\/","url":"https:\/\/staging.boeck-technology.de\/shop\/blechwerkzeuge\/anbauteile-zubehoer-blechwerkzeuge\/schnellspannverschluss-blech\/","name":"Schnellspannverschluss - Anbauteile &amp; Zubeh\u00f6r - boeck GmbH","isPartOf":{"@id":"https:\/\/staging.boeck-technology.de\/#website"},"primaryImageOfPage":{"@id":"https:\/\/staging.boeck-technology.de\/shop\/blechwerkzeuge\/anbauteile-zubehoer-blechwerkzeuge\/schnellspannverschluss-blech\/#primaryimage"},"image":{"@id":"https:\/\/staging.boeck-technology.de\/shop\/blechwerkzeuge\/anbauteile-zubehoer-blechwerkzeuge\/schnellspannverschluss-blech\/#primaryimage"},"thumbnailUrl":"https:\/\/staging.boeck-technology.de\/wp-content\/uploads\/2025\/07\/art_5281.png","datePublished":"2026-02-23T09:02:41+00:00","dateModified":"2026-03-25T12:52:52+00:00","breadcrumb":{"@id":"https:\/\/staging.boeck-technology.de\/shop\/blechwerkzeuge\/anbauteile-zubehoer-blechwerkzeuge\/schnellspannverschluss-blech\/#breadcrumb"},"inLanguage":"it-IT","potentialAction":[{"@type":"ReadAction","target":["https:\/\/staging.boeck-technology.de\/shop\/blechwerkzeuge\/anbauteile-zubehoer-blechwerkzeuge\/schnellspannverschluss-blech\/"]}]},{"@type":"ImageObject","inLanguage":"it-IT","@id":"https:\/\/staging.boeck-technology.de\/shop\/blechwerkzeuge\/anbauteile-zubehoer-blechwerkzeuge\/schnellspannverschluss-blech\/#primaryimage","url":"https:\/\/staging.boeck-technology.de\/wp-content\/uploads\/2025\/07\/art_5281.png","contentUrl":"https:\/\/staging.boeck-technology.de\/wp-content\/uploads\/2025\/07\/art_5281.png","width":500,"height":267},{"@type":"BreadcrumbList","@id":"https:\/\/staging.boeck-technology.de\/shop\/blechwerkzeuge\/anbauteile-zubehoer-blechwerkzeuge\/schnellspannverschluss-blech\/#breadcrumb","itemListElement":[{"@type":"ListItem","position":1,"name":"Startseite","item":"https:\/\/staging.boeck-technology.de\/"},{"@type":"ListItem","position":2,"name":"Produkte","item":"https:\/\/staging.boeck-technology.de\/shop\/"},{"@type":"ListItem","position":3,"name":"Schnellspannverschluss"}]},{"@type":"WebSite","@id":"https:\/\/staging.boeck-technology.de\/#website","url":"https:\/\/staging.boeck-technology.de\/","name":"boeck GmbH","description":"Soluzioni di utensili personalizzati per la sbavatura delle lamiere","publisher":{"@id":"https:\/\/staging.boeck-technology.de\/#organization"},"potentialAction":[{"@type":"SearchAction","target":{"@type":"EntryPoint","urlTemplate":"https:\/\/staging.boeck-technology.de\/?s={search_term_string}"},"query-input":{"@type":"PropertyValueSpecification","valueRequired":true,"valueName":"search_term_string"}}],"inLanguage":"it-IT"},{"@type":"Organization","@id":"https:\/\/staging.boeck-technology.de\/#organization","name":"boeck GmbH","url":"https:\/\/staging.boeck-technology.de\/","logo":{"@type":"ImageObject","inLanguage":"it-IT","@id":"https:\/\/staging.boeck-technology.de\/#\/schema\/logo\/image\/","url":"https:\/\/staging.boeck-technology.de\/wp-content\/uploads\/2021\/06\/boeck_logo_farbe-e1646758378588.png","contentUrl":"https:\/\/staging.boeck-technology.de\/wp-content\/uploads\/2021\/06\/boeck_logo_farbe-e1646758378588.png","width":250,"height":90,"caption":"boeck GmbH"},"image":{"@id":"https:\/\/staging.boeck-technology.de\/#\/schema\/logo\/image\/"},"sameAs":["https:\/\/www.facebook.com\/boeck-GmbH-116687710252350"]}]}},"_links":{"self":[{"href":"https:\/\/staging.boeck-technology.de\/it\/wp-json\/wp\/v2\/product\/6079127","targetHints":{"allow":["GET"]}}],"collection":[{"href":"https:\/\/staging.boeck-technology.de\/it\/wp-json\/wp\/v2\/product"}],"about":[{"href":"https:\/\/staging.boeck-technology.de\/it\/wp-json\/wp\/v2\/types\/product"}],"wp:featuredmedia":[{"embeddable":true,"href":"https:\/\/staging.boeck-technology.de\/it\/wp-json\/wp\/v2\/media\/6074011"}],"wp:attachment":[{"href":"https:\/\/staging.boeck-technology.de\/it\/wp-json\/wp\/v2\/media?parent=6079127"}],"wp:term":[{"taxonomy":"product_brand","embeddable":true,"href":"https:\/\/staging.boeck-technology.de\/it\/wp-json\/wp\/v2\/product_brand?post=6079127"},{"taxonomy":"product_cat","embeddable":true,"href":"https:\/\/staging.boeck-technology.de\/it\/wp-json\/wp\/v2\/product_cat?post=6079127"},{"taxonomy":"product_tag","embeddable":true,"href":"https:\/\/staging.boeck-technology.de\/it\/wp-json\/wp\/v2\/product_tag?post=6079127"}],"curies":[{"name":"wp","href":"https:\/\/api.w.org\/{rel}","templated":true}]}}