{"id":6079119,"date":"2026-02-23T09:58:09","date_gmt":"2026-02-23T08:58:09","guid":{"rendered":"https:\/\/bt25.wpm24.de\/?post_type=product&#038;p=6079119"},"modified":"2026-03-16T15:42:09","modified_gmt":"2026-03-16T14:42:09","slug":"velcro-lamiera","status":"publish","type":"product","link":"https:\/\/staging.boeck-technology.de\/it\/shop\/blechwerkzeuge\/anbauteile-zubehoer-blechwerkzeuge\/klett-blech\/","title":{"rendered":"Velcro"},"content":{"rendered":"<p>La chiusura a gancio e ad anello \u00e8 uno strumento industriale altamente flessibile, disponibile in vari diametri da 75 mm a 320 mm e in un'ampia gamma di lunghezze da 1000 mm a 50.000 mm. Questa versatilit\u00e0 ne consente l'utilizzo in un'ampia gamma di applicazioni e aree. Con l'opzione di un foro da 40 mm o senza foro, la chiusura a gancio e ad anello pu\u00f2 essere personalizzata in modo ottimale in base alle esigenze individuali.<\/p>\n<p>Il senso di rotazione neutro assicura un'applicazione universale, indipendentemente dal senso di rotazione delle macchine o degli utensili. Grazie a materiali di alta qualit\u00e0 e a una produzione precisa, la chiusura a gancio e ad anello garantisce una lunga durata e affidabilit\u00e0 nell'uso industriale.<\/p>\n<p>Che si tratti di levigatura, lucidatura o fissaggio, la chiusura a gancio e ad anello convince per la sua maneggevolezza e il suo design robusto, che garantisce risultati ottimali anche per i lavori pi\u00f9 impegnativi.<\/p>","protected":false},"excerpt":{"rendered":"<ul>\n<li>Erh\u00e4ltlich in mehreren Durchmessern (75mm bis 320mm) f\u00fcr vielseitigen Einsatz<\/li>\n<li>Flexible L\u00e4ngen von 1000mm bis 50000mm verf\u00fcgbar<\/li>\n<li>Optionale 40mm Bohrung oder ohne Bohrung<\/li>\n<li>Neutrale Drehrichtung f\u00fcr universelle Kompatibilit\u00e4t<\/li>\n<li>Hohe Qualit\u00e4t und Langlebigkeit f\u00fcr den professionellen Einsatz<\/li>\n<\/ul>","protected":false},"featured_media":6074008,"template":"","meta":{"_acf_changed":false},"product_brand":[],"product_cat":[2563],"product_tag":[],"class_list":{"0":"post-6079119","1":"product","2":"type-product","3":"status-publish","4":"has-post-thumbnail","6":"product_cat-anbauteile-zubehoer-blechwerkzeuge","8":"first","9":"instock","10":"purchasable","11":"product-type-simple"},"acf":[],"yoast_head":"<!-- This site is optimized with the Yoast SEO Premium plugin v18.3 (Yoast SEO v27.3) - https:\/\/yoast.com\/product\/yoast-seo-premium-wordpress\/ -->\n<title>Klett - Anbauteile &amp; Zubeh\u00f6r - boeck GmbH<\/title>\n<meta name=\"robots\" content=\"noindex, follow, max-snippet:-1, max-image-preview:large, max-video-preview:-1\" \/>\n<meta property=\"og:locale\" content=\"it_IT\" \/>\n<meta property=\"og:type\" content=\"article\" \/>\n<meta property=\"og:title\" content=\"Klett\" \/>\n<meta property=\"og:description\" content=\"Erh\u00e4ltlich in mehreren Durchmessern (75mm bis 320mm) f\u00fcr vielseitigen Einsatz  Flexible L\u00e4ngen von 1000mm bis 50000mm verf\u00fcgbar  Optionale 40mm Bohrung oder ohne Bohrung  Neutrale Drehrichtung f\u00fcr universelle Kompatibilit\u00e4t  Hohe Qualit\u00e4t und Langlebigkeit f\u00fcr den professionellen Einsatz\" \/>\n<meta property=\"og:url\" content=\"https:\/\/staging.boeck-technology.de\/it\/negozio\/utensili-per-lamiera\/parti-annesse-accessori-per-lamiera\/velcro-lamiera\/\" \/>\n<meta property=\"og:site_name\" content=\"boeck GmbH\" \/>\n<meta property=\"article:publisher\" content=\"https:\/\/www.facebook.com\/boeck-GmbH-116687710252350\" \/>\n<meta property=\"article:modified_time\" content=\"2026-03-16T14:42:09+00:00\" \/>\n<meta property=\"og:image\" content=\"https:\/\/staging.boeck-technology.de\/wp-content\/uploads\/2025\/07\/art_2296.png\" \/>\n\t<meta property=\"og:image:width\" content=\"500\" \/>\n\t<meta property=\"og:image:height\" content=\"294\" \/>\n\t<meta property=\"og:image:type\" content=\"image\/png\" \/>\n<meta name=\"twitter:card\" content=\"summary_large_image\" \/>\n<meta name=\"twitter:label1\" content=\"Tempo di lettura stimato\" \/>\n\t<meta name=\"twitter:data1\" content=\"1 minuto\" \/>\n<script type=\"application\/ld+json\" class=\"yoast-schema-graph\">{\"@context\":\"https:\\\/\\\/schema.org\",\"@graph\":[{\"@type\":\"WebPage\",\"@id\":\"https:\\\/\\\/staging.boeck-technology.de\\\/shop\\\/blechwerkzeuge\\\/anbauteile-zubehoer-blechwerkzeuge\\\/klett-blech\\\/\",\"url\":\"https:\\\/\\\/staging.boeck-technology.de\\\/shop\\\/blechwerkzeuge\\\/anbauteile-zubehoer-blechwerkzeuge\\\/klett-blech\\\/\",\"name\":\"Klett - Anbauteile &amp; Zubeh\u00f6r - boeck GmbH\",\"isPartOf\":{\"@id\":\"https:\\\/\\\/staging.boeck-technology.de\\\/#website\"},\"primaryImageOfPage\":{\"@id\":\"https:\\\/\\\/staging.boeck-technology.de\\\/shop\\\/blechwerkzeuge\\\/anbauteile-zubehoer-blechwerkzeuge\\\/klett-blech\\\/#primaryimage\"},\"image\":{\"@id\":\"https:\\\/\\\/staging.boeck-technology.de\\\/shop\\\/blechwerkzeuge\\\/anbauteile-zubehoer-blechwerkzeuge\\\/klett-blech\\\/#primaryimage\"},\"thumbnailUrl\":\"https:\\\/\\\/staging.boeck-technology.de\\\/wp-content\\\/uploads\\\/2025\\\/07\\\/art_2296.png\",\"datePublished\":\"2026-02-23T08:58:09+00:00\",\"dateModified\":\"2026-03-16T14:42:09+00:00\",\"breadcrumb\":{\"@id\":\"https:\\\/\\\/staging.boeck-technology.de\\\/shop\\\/blechwerkzeuge\\\/anbauteile-zubehoer-blechwerkzeuge\\\/klett-blech\\\/#breadcrumb\"},\"inLanguage\":\"it-IT\",\"potentialAction\":[{\"@type\":\"ReadAction\",\"target\":[\"https:\\\/\\\/staging.boeck-technology.de\\\/shop\\\/blechwerkzeuge\\\/anbauteile-zubehoer-blechwerkzeuge\\\/klett-blech\\\/\"]}]},{\"@type\":\"ImageObject\",\"inLanguage\":\"it-IT\",\"@id\":\"https:\\\/\\\/staging.boeck-technology.de\\\/shop\\\/blechwerkzeuge\\\/anbauteile-zubehoer-blechwerkzeuge\\\/klett-blech\\\/#primaryimage\",\"url\":\"https:\\\/\\\/staging.boeck-technology.de\\\/wp-content\\\/uploads\\\/2025\\\/07\\\/art_2296.png\",\"contentUrl\":\"https:\\\/\\\/staging.boeck-technology.de\\\/wp-content\\\/uploads\\\/2025\\\/07\\\/art_2296.png\",\"width\":500,\"height\":294},{\"@type\":\"BreadcrumbList\",\"@id\":\"https:\\\/\\\/staging.boeck-technology.de\\\/shop\\\/blechwerkzeuge\\\/anbauteile-zubehoer-blechwerkzeuge\\\/klett-blech\\\/#breadcrumb\",\"itemListElement\":[{\"@type\":\"ListItem\",\"position\":1,\"name\":\"Startseite\",\"item\":\"https:\\\/\\\/staging.boeck-technology.de\\\/\"},{\"@type\":\"ListItem\",\"position\":2,\"name\":\"Produkte\",\"item\":\"https:\\\/\\\/staging.boeck-technology.de\\\/shop\\\/\"},{\"@type\":\"ListItem\",\"position\":3,\"name\":\"Klett\"}]},{\"@type\":\"WebSite\",\"@id\":\"https:\\\/\\\/staging.boeck-technology.de\\\/#website\",\"url\":\"https:\\\/\\\/staging.boeck-technology.de\\\/\",\"name\":\"boeck GmbH\",\"description\":\"Ma\u00dfgeschneiderte Werkzeugl\u00f6sungen f\u00fcr Blechentgratung\",\"publisher\":{\"@id\":\"https:\\\/\\\/staging.boeck-technology.de\\\/#organization\"},\"potentialAction\":[{\"@type\":\"SearchAction\",\"target\":{\"@type\":\"EntryPoint\",\"urlTemplate\":\"https:\\\/\\\/staging.boeck-technology.de\\\/?s={search_term_string}\"},\"query-input\":{\"@type\":\"PropertyValueSpecification\",\"valueRequired\":true,\"valueName\":\"search_term_string\"}}],\"inLanguage\":\"it-IT\"},{\"@type\":\"Organization\",\"@id\":\"https:\\\/\\\/staging.boeck-technology.de\\\/#organization\",\"name\":\"boeck GmbH\",\"url\":\"https:\\\/\\\/staging.boeck-technology.de\\\/\",\"logo\":{\"@type\":\"ImageObject\",\"inLanguage\":\"it-IT\",\"@id\":\"https:\\\/\\\/staging.boeck-technology.de\\\/#\\\/schema\\\/logo\\\/image\\\/\",\"url\":\"https:\\\/\\\/staging.boeck-technology.de\\\/wp-content\\\/uploads\\\/2021\\\/06\\\/boeck_logo_farbe-e1646758378588.png\",\"contentUrl\":\"https:\\\/\\\/staging.boeck-technology.de\\\/wp-content\\\/uploads\\\/2021\\\/06\\\/boeck_logo_farbe-e1646758378588.png\",\"width\":250,\"height\":90,\"caption\":\"boeck GmbH\"},\"image\":{\"@id\":\"https:\\\/\\\/staging.boeck-technology.de\\\/#\\\/schema\\\/logo\\\/image\\\/\"},\"sameAs\":[\"https:\\\/\\\/www.facebook.com\\\/boeck-GmbH-116687710252350\"]}]}<\/script>\n<!-- \/ Yoast SEO Premium plugin. -->","yoast_head_json":{"title":"Velcro - Accessori - boeck GmbH","robots":{"index":"noindex","follow":"follow","max-snippet":"max-snippet:-1","max-image-preview":"max-image-preview:large","max-video-preview":"max-video-preview:-1"},"og_locale":"it_IT","og_type":"article","og_title":"Klett","og_description":"Erh\u00e4ltlich in mehreren Durchmessern (75mm bis 320mm) f\u00fcr vielseitigen Einsatz  Flexible L\u00e4ngen von 1000mm bis 50000mm verf\u00fcgbar  Optionale 40mm Bohrung oder ohne Bohrung  Neutrale Drehrichtung f\u00fcr universelle Kompatibilit\u00e4t  Hohe Qualit\u00e4t und Langlebigkeit f\u00fcr den professionellen Einsatz","og_url":"https:\/\/staging.boeck-technology.de\/it\/negozio\/utensili-per-lamiera\/parti-annesse-accessori-per-lamiera\/velcro-lamiera\/","og_site_name":"boeck GmbH","article_publisher":"https:\/\/www.facebook.com\/boeck-GmbH-116687710252350","article_modified_time":"2026-03-16T14:42:09+00:00","og_image":[{"width":500,"height":294,"url":"https:\/\/staging.boeck-technology.de\/wp-content\/uploads\/2025\/07\/art_2296.png","type":"image\/png"}],"twitter_card":"summary_large_image","twitter_misc":{"Tempo di lettura stimato":"1 minuto"},"schema":{"@context":"https:\/\/schema.org","@graph":[{"@type":"WebPage","@id":"https:\/\/staging.boeck-technology.de\/shop\/blechwerkzeuge\/anbauteile-zubehoer-blechwerkzeuge\/klett-blech\/","url":"https:\/\/staging.boeck-technology.de\/shop\/blechwerkzeuge\/anbauteile-zubehoer-blechwerkzeuge\/klett-blech\/","name":"Velcro - Accessori - boeck GmbH","isPartOf":{"@id":"https:\/\/staging.boeck-technology.de\/#website"},"primaryImageOfPage":{"@id":"https:\/\/staging.boeck-technology.de\/shop\/blechwerkzeuge\/anbauteile-zubehoer-blechwerkzeuge\/klett-blech\/#primaryimage"},"image":{"@id":"https:\/\/staging.boeck-technology.de\/shop\/blechwerkzeuge\/anbauteile-zubehoer-blechwerkzeuge\/klett-blech\/#primaryimage"},"thumbnailUrl":"https:\/\/staging.boeck-technology.de\/wp-content\/uploads\/2025\/07\/art_2296.png","datePublished":"2026-02-23T08:58:09+00:00","dateModified":"2026-03-16T14:42:09+00:00","breadcrumb":{"@id":"https:\/\/staging.boeck-technology.de\/shop\/blechwerkzeuge\/anbauteile-zubehoer-blechwerkzeuge\/klett-blech\/#breadcrumb"},"inLanguage":"it-IT","potentialAction":[{"@type":"ReadAction","target":["https:\/\/staging.boeck-technology.de\/shop\/blechwerkzeuge\/anbauteile-zubehoer-blechwerkzeuge\/klett-blech\/"]}]},{"@type":"ImageObject","inLanguage":"it-IT","@id":"https:\/\/staging.boeck-technology.de\/shop\/blechwerkzeuge\/anbauteile-zubehoer-blechwerkzeuge\/klett-blech\/#primaryimage","url":"https:\/\/staging.boeck-technology.de\/wp-content\/uploads\/2025\/07\/art_2296.png","contentUrl":"https:\/\/staging.boeck-technology.de\/wp-content\/uploads\/2025\/07\/art_2296.png","width":500,"height":294},{"@type":"BreadcrumbList","@id":"https:\/\/staging.boeck-technology.de\/shop\/blechwerkzeuge\/anbauteile-zubehoer-blechwerkzeuge\/klett-blech\/#breadcrumb","itemListElement":[{"@type":"ListItem","position":1,"name":"Startseite","item":"https:\/\/staging.boeck-technology.de\/"},{"@type":"ListItem","position":2,"name":"Produkte","item":"https:\/\/staging.boeck-technology.de\/shop\/"},{"@type":"ListItem","position":3,"name":"Klett"}]},{"@type":"WebSite","@id":"https:\/\/staging.boeck-technology.de\/#website","url":"https:\/\/staging.boeck-technology.de\/","name":"boeck GmbH","description":"Soluzioni di utensili personalizzati per la sbavatura delle lamiere","publisher":{"@id":"https:\/\/staging.boeck-technology.de\/#organization"},"potentialAction":[{"@type":"SearchAction","target":{"@type":"EntryPoint","urlTemplate":"https:\/\/staging.boeck-technology.de\/?s={search_term_string}"},"query-input":{"@type":"PropertyValueSpecification","valueRequired":true,"valueName":"search_term_string"}}],"inLanguage":"it-IT"},{"@type":"Organization","@id":"https:\/\/staging.boeck-technology.de\/#organization","name":"boeck GmbH","url":"https:\/\/staging.boeck-technology.de\/","logo":{"@type":"ImageObject","inLanguage":"it-IT","@id":"https:\/\/staging.boeck-technology.de\/#\/schema\/logo\/image\/","url":"https:\/\/staging.boeck-technology.de\/wp-content\/uploads\/2021\/06\/boeck_logo_farbe-e1646758378588.png","contentUrl":"https:\/\/staging.boeck-technology.de\/wp-content\/uploads\/2021\/06\/boeck_logo_farbe-e1646758378588.png","width":250,"height":90,"caption":"boeck GmbH"},"image":{"@id":"https:\/\/staging.boeck-technology.de\/#\/schema\/logo\/image\/"},"sameAs":["https:\/\/www.facebook.com\/boeck-GmbH-116687710252350"]}]}},"_links":{"self":[{"href":"https:\/\/staging.boeck-technology.de\/it\/wp-json\/wp\/v2\/product\/6079119","targetHints":{"allow":["GET"]}}],"collection":[{"href":"https:\/\/staging.boeck-technology.de\/it\/wp-json\/wp\/v2\/product"}],"about":[{"href":"https:\/\/staging.boeck-technology.de\/it\/wp-json\/wp\/v2\/types\/product"}],"wp:featuredmedia":[{"embeddable":true,"href":"https:\/\/staging.boeck-technology.de\/it\/wp-json\/wp\/v2\/media\/6074008"}],"wp:attachment":[{"href":"https:\/\/staging.boeck-technology.de\/it\/wp-json\/wp\/v2\/media?parent=6079119"}],"wp:term":[{"taxonomy":"product_brand","embeddable":true,"href":"https:\/\/staging.boeck-technology.de\/it\/wp-json\/wp\/v2\/product_brand?post=6079119"},{"taxonomy":"product_cat","embeddable":true,"href":"https:\/\/staging.boeck-technology.de\/it\/wp-json\/wp\/v2\/product_cat?post=6079119"},{"taxonomy":"product_tag","embeddable":true,"href":"https:\/\/staging.boeck-technology.de\/it\/wp-json\/wp\/v2\/product_tag?post=6079119"}],"curies":[{"name":"wp","href":"https:\/\/api.w.org\/{rel}","templated":true}]}}