{"id":6079110,"date":"2026-02-23T09:51:49","date_gmt":"2026-02-23T08:51:49","guid":{"rendered":"https:\/\/bt25.wpm24.de\/?post_type=product&#038;p=6079110"},"modified":"2026-02-25T12:00:37","modified_gmt":"2026-02-25T11:00:37","slug":"spazzola-per-ossidi-lamiera","status":"publish","type":"product","link":"https:\/\/staging.boeck-technology.de\/it\/shop\/blechwerkzeuge\/oxidentfernung-blechwerkzeuge\/oxidbuerste-blech\/","title":{"rendered":"Spazzola per ossidi"},"content":{"rendered":"<p>La spazzola per ossido \u00e8 uno strumento indispensabile per una pulizia e un trattamento superficiale efficienti in ambito industriale. \u00c8 ideale per rimuovere ruggine, ossidi e altri contaminanti dalle superfici metalliche.<\/p>\n<p>Disponibile in vari diametri da 82 mm a 410 mm e in configurazioni a due file (due file e tre file), la spazzola per ossido offre versatili possibilit\u00e0 di applicazione per una variet\u00e0 di usi. Le setole sono realizzate in robusto filo metallico, che consente una pulizia accurata ma delicata.<\/p>\n<p>La spazzola \u00e8 compatibile con diverse opzioni di montaggio, tra cui fori da 14 mm, 25 mm e 30 mm, filettature Costa, M14 (in senso orario), M14 e sistemi QUICK, risultando adattabile alle macchine pi\u00f9 comuni. Inoltre, sono disponibili versioni per rotazione oraria e antioraria per garantire prestazioni ottimali in base al senso di rotazione della macchina.<\/p>\n<p>Grazie alla sua lavorazione di alta qualit\u00e0 e alla variet\u00e0 di opzioni, la spazzola per ossido \u00e8 la scelta ideale per un trattamento superficiale efficace e duraturo in ambito professionale.<\/p>","protected":false},"excerpt":{"rendered":"<ul>\n<li>Vielseitige Durchmesser von 82 bis 410 mm f\u00fcr unterschiedliche Anwendungen<\/li>\n<li>Robuster Corddraht-Besatz f\u00fcr effektive Rost- und Oxidentfernung<\/li>\n<li>Verf\u00fcgbar in zweireihiger und dreireihiger Ausf\u00fchrung<\/li>\n<li>Kompatibel mit verschiedenen Aufnahmen: Bohrungen (14, 25, 30 mm), Costa, M14 Gewinde, QUICK-System<\/li>\n<li>Optionen f\u00fcr Rechtslauf und Linkslauf f\u00fcr optimale Maschinenanpassung<\/li>\n<\/ul>","protected":false},"featured_media":6074030,"template":"","meta":{"_acf_changed":false},"product_brand":[],"product_cat":[2566],"product_tag":[],"class_list":{"0":"post-6079110","1":"product","2":"type-product","3":"status-publish","4":"has-post-thumbnail","6":"product_cat-oxidentfernung-blechwerkzeuge","8":"first","9":"instock","10":"purchasable","11":"product-type-simple"},"acf":[],"yoast_head":"<!-- This site is optimized with the Yoast SEO Premium plugin v18.3 (Yoast SEO v27.3) - https:\/\/yoast.com\/product\/yoast-seo-premium-wordpress\/ -->\n<title>Oxidb\u00fcrste - Oxidentfernung - boeck GmbH<\/title>\n<meta name=\"robots\" content=\"noindex, follow, max-snippet:-1, max-image-preview:large, max-video-preview:-1\" \/>\n<meta property=\"og:locale\" content=\"it_IT\" \/>\n<meta property=\"og:type\" content=\"article\" \/>\n<meta property=\"og:title\" content=\"Oxidb\u00fcrste\" \/>\n<meta property=\"og:description\" content=\"Vielseitige Durchmesser von 82 bis 410 mm f\u00fcr unterschiedliche Anwendungen  Robuster Corddraht-Besatz f\u00fcr effektive Rost- und Oxidentfernung  Verf\u00fcgbar in zweireihiger und dreireihiger Ausf\u00fchrung  Kompatibel mit verschiedenen Aufnahmen: Bohrungen (14, 25, 30 mm), Costa, M14 Gewinde, QUICK-System  Optionen f\u00fcr Rechtslauf und Linkslauf f\u00fcr optimale Maschinenanpassung\" \/>\n<meta property=\"og:url\" content=\"https:\/\/staging.boeck-technology.de\/it\/negozio\/utensili-per-lamiera\/rimozione-degli-ossidi-dalla-lamiera\/spazzola-per-ossidi-lamiera\/\" \/>\n<meta property=\"og:site_name\" content=\"boeck GmbH\" \/>\n<meta property=\"article:publisher\" content=\"https:\/\/www.facebook.com\/boeck-GmbH-116687710252350\" \/>\n<meta property=\"article:modified_time\" content=\"2026-02-25T11:00:37+00:00\" \/>\n<meta property=\"og:image\" content=\"https:\/\/staging.boeck-technology.de\/wp-content\/uploads\/2025\/07\/art_256.png\" \/>\n\t<meta property=\"og:image:width\" content=\"318\" \/>\n\t<meta property=\"og:image:height\" content=\"170\" \/>\n\t<meta property=\"og:image:type\" content=\"image\/png\" \/>\n<meta name=\"twitter:card\" content=\"summary_large_image\" \/>\n<meta name=\"twitter:label1\" content=\"Tempo di lettura stimato\" \/>\n\t<meta name=\"twitter:data1\" content=\"1 minuto\" \/>\n<script type=\"application\/ld+json\" class=\"yoast-schema-graph\">{\"@context\":\"https:\\\/\\\/schema.org\",\"@graph\":[{\"@type\":\"WebPage\",\"@id\":\"https:\\\/\\\/staging.boeck-technology.de\\\/shop\\\/blechwerkzeuge\\\/oxidentfernung-blechwerkzeuge\\\/oxidbuerste-blech\\\/\",\"url\":\"https:\\\/\\\/staging.boeck-technology.de\\\/shop\\\/blechwerkzeuge\\\/oxidentfernung-blechwerkzeuge\\\/oxidbuerste-blech\\\/\",\"name\":\"Oxidb\u00fcrste - Oxidentfernung - boeck GmbH\",\"isPartOf\":{\"@id\":\"https:\\\/\\\/staging.boeck-technology.de\\\/#website\"},\"primaryImageOfPage\":{\"@id\":\"https:\\\/\\\/staging.boeck-technology.de\\\/shop\\\/blechwerkzeuge\\\/oxidentfernung-blechwerkzeuge\\\/oxidbuerste-blech\\\/#primaryimage\"},\"image\":{\"@id\":\"https:\\\/\\\/staging.boeck-technology.de\\\/shop\\\/blechwerkzeuge\\\/oxidentfernung-blechwerkzeuge\\\/oxidbuerste-blech\\\/#primaryimage\"},\"thumbnailUrl\":\"https:\\\/\\\/staging.boeck-technology.de\\\/wp-content\\\/uploads\\\/2025\\\/07\\\/art_256.png\",\"datePublished\":\"2026-02-23T08:51:49+00:00\",\"dateModified\":\"2026-02-25T11:00:37+00:00\",\"breadcrumb\":{\"@id\":\"https:\\\/\\\/staging.boeck-technology.de\\\/shop\\\/blechwerkzeuge\\\/oxidentfernung-blechwerkzeuge\\\/oxidbuerste-blech\\\/#breadcrumb\"},\"inLanguage\":\"it-IT\",\"potentialAction\":[{\"@type\":\"ReadAction\",\"target\":[\"https:\\\/\\\/staging.boeck-technology.de\\\/shop\\\/blechwerkzeuge\\\/oxidentfernung-blechwerkzeuge\\\/oxidbuerste-blech\\\/\"]}]},{\"@type\":\"ImageObject\",\"inLanguage\":\"it-IT\",\"@id\":\"https:\\\/\\\/staging.boeck-technology.de\\\/shop\\\/blechwerkzeuge\\\/oxidentfernung-blechwerkzeuge\\\/oxidbuerste-blech\\\/#primaryimage\",\"url\":\"https:\\\/\\\/staging.boeck-technology.de\\\/wp-content\\\/uploads\\\/2025\\\/07\\\/art_256.png\",\"contentUrl\":\"https:\\\/\\\/staging.boeck-technology.de\\\/wp-content\\\/uploads\\\/2025\\\/07\\\/art_256.png\",\"width\":318,\"height\":170},{\"@type\":\"BreadcrumbList\",\"@id\":\"https:\\\/\\\/staging.boeck-technology.de\\\/shop\\\/blechwerkzeuge\\\/oxidentfernung-blechwerkzeuge\\\/oxidbuerste-blech\\\/#breadcrumb\",\"itemListElement\":[{\"@type\":\"ListItem\",\"position\":1,\"name\":\"Startseite\",\"item\":\"https:\\\/\\\/staging.boeck-technology.de\\\/\"},{\"@type\":\"ListItem\",\"position\":2,\"name\":\"Produkte\",\"item\":\"https:\\\/\\\/staging.boeck-technology.de\\\/shop\\\/\"},{\"@type\":\"ListItem\",\"position\":3,\"name\":\"Oxidb\u00fcrste\"}]},{\"@type\":\"WebSite\",\"@id\":\"https:\\\/\\\/staging.boeck-technology.de\\\/#website\",\"url\":\"https:\\\/\\\/staging.boeck-technology.de\\\/\",\"name\":\"boeck GmbH\",\"description\":\"Ma\u00dfgeschneiderte Werkzeugl\u00f6sungen f\u00fcr Blechentgratung\",\"publisher\":{\"@id\":\"https:\\\/\\\/staging.boeck-technology.de\\\/#organization\"},\"potentialAction\":[{\"@type\":\"SearchAction\",\"target\":{\"@type\":\"EntryPoint\",\"urlTemplate\":\"https:\\\/\\\/staging.boeck-technology.de\\\/?s={search_term_string}\"},\"query-input\":{\"@type\":\"PropertyValueSpecification\",\"valueRequired\":true,\"valueName\":\"search_term_string\"}}],\"inLanguage\":\"it-IT\"},{\"@type\":\"Organization\",\"@id\":\"https:\\\/\\\/staging.boeck-technology.de\\\/#organization\",\"name\":\"boeck GmbH\",\"url\":\"https:\\\/\\\/staging.boeck-technology.de\\\/\",\"logo\":{\"@type\":\"ImageObject\",\"inLanguage\":\"it-IT\",\"@id\":\"https:\\\/\\\/staging.boeck-technology.de\\\/#\\\/schema\\\/logo\\\/image\\\/\",\"url\":\"https:\\\/\\\/staging.boeck-technology.de\\\/wp-content\\\/uploads\\\/2021\\\/06\\\/boeck_logo_farbe-e1646758378588.png\",\"contentUrl\":\"https:\\\/\\\/staging.boeck-technology.de\\\/wp-content\\\/uploads\\\/2021\\\/06\\\/boeck_logo_farbe-e1646758378588.png\",\"width\":250,\"height\":90,\"caption\":\"boeck GmbH\"},\"image\":{\"@id\":\"https:\\\/\\\/staging.boeck-technology.de\\\/#\\\/schema\\\/logo\\\/image\\\/\"},\"sameAs\":[\"https:\\\/\\\/www.facebook.com\\\/boeck-GmbH-116687710252350\"]}]}<\/script>\n<!-- \/ Yoast SEO Premium plugin. -->","yoast_head_json":{"title":"Spazzola per ossido - Rimozione degli ossidi - boeck GmbH","robots":{"index":"noindex","follow":"follow","max-snippet":"max-snippet:-1","max-image-preview":"max-image-preview:large","max-video-preview":"max-video-preview:-1"},"og_locale":"it_IT","og_type":"article","og_title":"Oxidb\u00fcrste","og_description":"Vielseitige Durchmesser von 82 bis 410 mm f\u00fcr unterschiedliche Anwendungen  Robuster Corddraht-Besatz f\u00fcr effektive Rost- und Oxidentfernung  Verf\u00fcgbar in zweireihiger und dreireihiger Ausf\u00fchrung  Kompatibel mit verschiedenen Aufnahmen: Bohrungen (14, 25, 30 mm), Costa, M14 Gewinde, QUICK-System  Optionen f\u00fcr Rechtslauf und Linkslauf f\u00fcr optimale Maschinenanpassung","og_url":"https:\/\/staging.boeck-technology.de\/it\/negozio\/utensili-per-lamiera\/rimozione-degli-ossidi-dalla-lamiera\/spazzola-per-ossidi-lamiera\/","og_site_name":"boeck GmbH","article_publisher":"https:\/\/www.facebook.com\/boeck-GmbH-116687710252350","article_modified_time":"2026-02-25T11:00:37+00:00","og_image":[{"width":318,"height":170,"url":"https:\/\/staging.boeck-technology.de\/wp-content\/uploads\/2025\/07\/art_256.png","type":"image\/png"}],"twitter_card":"summary_large_image","twitter_misc":{"Tempo di lettura stimato":"1 minuto"},"schema":{"@context":"https:\/\/schema.org","@graph":[{"@type":"WebPage","@id":"https:\/\/staging.boeck-technology.de\/shop\/blechwerkzeuge\/oxidentfernung-blechwerkzeuge\/oxidbuerste-blech\/","url":"https:\/\/staging.boeck-technology.de\/shop\/blechwerkzeuge\/oxidentfernung-blechwerkzeuge\/oxidbuerste-blech\/","name":"Spazzola per ossido - Rimozione degli ossidi - boeck GmbH","isPartOf":{"@id":"https:\/\/staging.boeck-technology.de\/#website"},"primaryImageOfPage":{"@id":"https:\/\/staging.boeck-technology.de\/shop\/blechwerkzeuge\/oxidentfernung-blechwerkzeuge\/oxidbuerste-blech\/#primaryimage"},"image":{"@id":"https:\/\/staging.boeck-technology.de\/shop\/blechwerkzeuge\/oxidentfernung-blechwerkzeuge\/oxidbuerste-blech\/#primaryimage"},"thumbnailUrl":"https:\/\/staging.boeck-technology.de\/wp-content\/uploads\/2025\/07\/art_256.png","datePublished":"2026-02-23T08:51:49+00:00","dateModified":"2026-02-25T11:00:37+00:00","breadcrumb":{"@id":"https:\/\/staging.boeck-technology.de\/shop\/blechwerkzeuge\/oxidentfernung-blechwerkzeuge\/oxidbuerste-blech\/#breadcrumb"},"inLanguage":"it-IT","potentialAction":[{"@type":"ReadAction","target":["https:\/\/staging.boeck-technology.de\/shop\/blechwerkzeuge\/oxidentfernung-blechwerkzeuge\/oxidbuerste-blech\/"]}]},{"@type":"ImageObject","inLanguage":"it-IT","@id":"https:\/\/staging.boeck-technology.de\/shop\/blechwerkzeuge\/oxidentfernung-blechwerkzeuge\/oxidbuerste-blech\/#primaryimage","url":"https:\/\/staging.boeck-technology.de\/wp-content\/uploads\/2025\/07\/art_256.png","contentUrl":"https:\/\/staging.boeck-technology.de\/wp-content\/uploads\/2025\/07\/art_256.png","width":318,"height":170},{"@type":"BreadcrumbList","@id":"https:\/\/staging.boeck-technology.de\/shop\/blechwerkzeuge\/oxidentfernung-blechwerkzeuge\/oxidbuerste-blech\/#breadcrumb","itemListElement":[{"@type":"ListItem","position":1,"name":"Startseite","item":"https:\/\/staging.boeck-technology.de\/"},{"@type":"ListItem","position":2,"name":"Produkte","item":"https:\/\/staging.boeck-technology.de\/shop\/"},{"@type":"ListItem","position":3,"name":"Oxidb\u00fcrste"}]},{"@type":"WebSite","@id":"https:\/\/staging.boeck-technology.de\/#website","url":"https:\/\/staging.boeck-technology.de\/","name":"boeck GmbH","description":"Soluzioni di utensili personalizzati per la sbavatura delle lamiere","publisher":{"@id":"https:\/\/staging.boeck-technology.de\/#organization"},"potentialAction":[{"@type":"SearchAction","target":{"@type":"EntryPoint","urlTemplate":"https:\/\/staging.boeck-technology.de\/?s={search_term_string}"},"query-input":{"@type":"PropertyValueSpecification","valueRequired":true,"valueName":"search_term_string"}}],"inLanguage":"it-IT"},{"@type":"Organization","@id":"https:\/\/staging.boeck-technology.de\/#organization","name":"boeck GmbH","url":"https:\/\/staging.boeck-technology.de\/","logo":{"@type":"ImageObject","inLanguage":"it-IT","@id":"https:\/\/staging.boeck-technology.de\/#\/schema\/logo\/image\/","url":"https:\/\/staging.boeck-technology.de\/wp-content\/uploads\/2021\/06\/boeck_logo_farbe-e1646758378588.png","contentUrl":"https:\/\/staging.boeck-technology.de\/wp-content\/uploads\/2021\/06\/boeck_logo_farbe-e1646758378588.png","width":250,"height":90,"caption":"boeck GmbH"},"image":{"@id":"https:\/\/staging.boeck-technology.de\/#\/schema\/logo\/image\/"},"sameAs":["https:\/\/www.facebook.com\/boeck-GmbH-116687710252350"]}]}},"_links":{"self":[{"href":"https:\/\/staging.boeck-technology.de\/it\/wp-json\/wp\/v2\/product\/6079110","targetHints":{"allow":["GET"]}}],"collection":[{"href":"https:\/\/staging.boeck-technology.de\/it\/wp-json\/wp\/v2\/product"}],"about":[{"href":"https:\/\/staging.boeck-technology.de\/it\/wp-json\/wp\/v2\/types\/product"}],"wp:featuredmedia":[{"embeddable":true,"href":"https:\/\/staging.boeck-technology.de\/it\/wp-json\/wp\/v2\/media\/6074030"}],"wp:attachment":[{"href":"https:\/\/staging.boeck-technology.de\/it\/wp-json\/wp\/v2\/media?parent=6079110"}],"wp:term":[{"taxonomy":"product_brand","embeddable":true,"href":"https:\/\/staging.boeck-technology.de\/it\/wp-json\/wp\/v2\/product_brand?post=6079110"},{"taxonomy":"product_cat","embeddable":true,"href":"https:\/\/staging.boeck-technology.de\/it\/wp-json\/wp\/v2\/product_cat?post=6079110"},{"taxonomy":"product_tag","embeddable":true,"href":"https:\/\/staging.boeck-technology.de\/it\/wp-json\/wp\/v2\/product_tag?post=6079110"}],"curies":[{"name":"wp","href":"https:\/\/api.w.org\/{rel}","templated":true}]}}