{"id":6079108,"date":"2026-02-23T09:50:39","date_gmt":"2026-02-23T08:50:39","guid":{"rendered":"https:\/\/bt25.wpm24.de\/?post_type=product&#038;p=6079108"},"modified":"2026-02-26T13:01:11","modified_gmt":"2026-02-26T12:01:11","slug":"nastro-di-carta-vetrata-lamiera-2","status":"publish","type":"product","link":"https:\/\/staging.boeck-technology.de\/it\/shop\/blechwerkzeuge\/finish-schleifen-blechwerkzeuge\/schleifpapierband-blech-2\/","title":{"rendered":"Nastro di carta vetrata"},"content":{"rendered":"<p>Il nastro abrasivo con codice SKU 6076403c4f59 \u00e8 un abrasivo versatile e robusto, ideale per l&#039;utilizzo in diverse macchine rettificatrici industriali. \u00c8 disponibile in diverse grane, da 36 a 240, consentendo di selezionare il nastro abrasivo pi\u00f9 adatto per levigature di qualsiasi entit\u00e0, dalla pi\u00f9 grossolana alla pi\u00f9 fine.<\/p>\n<p>Il nastro abrasivo \u00e8 disponibile nella versione MARRONE e presenta un senso di rotazione neutro, che consente un&#039;applicazione flessibile. La larghezza varia da 150 mm a 1620 mm e la lunghezza da 1900 mm a 6000 mm per adattarsi a diverse macchine ed esigenze.<\/p>\n<p>Il rivestimento abrasivo di alta qualit\u00e0 garantisce un&#039;efficiente rimozione del materiale e una lunga durata. Questa cinghia abrasiva \u00e8 ideale per lavorare con metallo, legno e altri materiali che richiedono una levigatura precisa e uniforme.<\/p>","protected":false},"excerpt":{"rendered":"<ul>\n<li>Verf\u00fcgbar in K\u00f6rnungen von 36 bis 240 f\u00fcr verschiedene Schleifanwendungen<\/li>\n<li>Edition BROWN mit neutraler Drehrichtung f\u00fcr flexible Nutzung<\/li>\n<li>Breiten von 150 mm bis 1620 mm passend f\u00fcr unterschiedliche Maschinen<\/li>\n<li>L\u00e4ngen von 1900 mm bis 6000 mm zur individuellen Anpassung<\/li>\n<li>Hochwertiger Abrasivbelag f\u00fcr effizientes und langlebiges Schleifen<\/li>\n<\/ul>","protected":false},"featured_media":6074026,"template":"","meta":{"_acf_changed":false},"product_brand":[],"product_cat":[2564],"product_tag":[],"class_list":{"0":"post-6079108","1":"product","2":"type-product","3":"status-publish","4":"has-post-thumbnail","6":"product_cat-finish-schleifen-blechwerkzeuge","8":"first","9":"instock","10":"purchasable","11":"product-type-simple"},"acf":[],"yoast_head":"<!-- This site is optimized with the Yoast SEO Premium plugin v18.3 (Yoast SEO v27.3) - https:\/\/yoast.com\/product\/yoast-seo-premium-wordpress\/ -->\n<title>Schleifpapierband - Finish-Schleifen - boeck GmbH<\/title>\n<meta name=\"robots\" content=\"noindex, follow, max-snippet:-1, max-image-preview:large, max-video-preview:-1\" \/>\n<meta property=\"og:locale\" content=\"it_IT\" \/>\n<meta property=\"og:type\" content=\"article\" \/>\n<meta property=\"og:title\" content=\"Schleifpapierband\" \/>\n<meta property=\"og:description\" content=\"Verf\u00fcgbar in K\u00f6rnungen von 36 bis 240 f\u00fcr verschiedene Schleifanwendungen  Edition BROWN mit neutraler Drehrichtung f\u00fcr flexible Nutzung  Breiten von 150 mm bis 1620 mm passend f\u00fcr unterschiedliche Maschinen  L\u00e4ngen von 1900 mm bis 6000 mm zur individuellen Anpassung  Hochwertiger Abrasivbelag f\u00fcr effizientes und langlebiges Schleifen\" \/>\n<meta property=\"og:url\" content=\"https:\/\/staging.boeck-technology.de\/it\/negozio\/utensili-per-lamiera\/levigatura-finale-lamiera\/nastro-di-carta-vetrata-lamiera-2\/\" \/>\n<meta property=\"og:site_name\" content=\"boeck GmbH\" \/>\n<meta property=\"article:publisher\" content=\"https:\/\/www.facebook.com\/boeck-GmbH-116687710252350\" \/>\n<meta property=\"article:modified_time\" content=\"2026-02-26T12:01:11+00:00\" \/>\n<meta property=\"og:image\" content=\"https:\/\/staging.boeck-technology.de\/wp-content\/uploads\/2025\/07\/art_223.png\" \/>\n\t<meta property=\"og:image:width\" content=\"301\" \/>\n\t<meta property=\"og:image:height\" content=\"238\" \/>\n\t<meta property=\"og:image:type\" content=\"image\/png\" \/>\n<meta name=\"twitter:card\" content=\"summary_large_image\" \/>\n<meta name=\"twitter:label1\" content=\"Tempo di lettura stimato\" \/>\n\t<meta name=\"twitter:data1\" content=\"1 minuto\" \/>\n<script type=\"application\/ld+json\" class=\"yoast-schema-graph\">{\"@context\":\"https:\\\/\\\/schema.org\",\"@graph\":[{\"@type\":\"WebPage\",\"@id\":\"https:\\\/\\\/staging.boeck-technology.de\\\/shop\\\/blechwerkzeuge\\\/finish-schleifen-blechwerkzeuge\\\/schleifpapierband-blech-2\\\/\",\"url\":\"https:\\\/\\\/staging.boeck-technology.de\\\/shop\\\/blechwerkzeuge\\\/finish-schleifen-blechwerkzeuge\\\/schleifpapierband-blech-2\\\/\",\"name\":\"Schleifpapierband - Finish-Schleifen - boeck GmbH\",\"isPartOf\":{\"@id\":\"https:\\\/\\\/staging.boeck-technology.de\\\/#website\"},\"primaryImageOfPage\":{\"@id\":\"https:\\\/\\\/staging.boeck-technology.de\\\/shop\\\/blechwerkzeuge\\\/finish-schleifen-blechwerkzeuge\\\/schleifpapierband-blech-2\\\/#primaryimage\"},\"image\":{\"@id\":\"https:\\\/\\\/staging.boeck-technology.de\\\/shop\\\/blechwerkzeuge\\\/finish-schleifen-blechwerkzeuge\\\/schleifpapierband-blech-2\\\/#primaryimage\"},\"thumbnailUrl\":\"https:\\\/\\\/staging.boeck-technology.de\\\/wp-content\\\/uploads\\\/2025\\\/07\\\/art_223.png\",\"datePublished\":\"2026-02-23T08:50:39+00:00\",\"dateModified\":\"2026-02-26T12:01:11+00:00\",\"breadcrumb\":{\"@id\":\"https:\\\/\\\/staging.boeck-technology.de\\\/shop\\\/blechwerkzeuge\\\/finish-schleifen-blechwerkzeuge\\\/schleifpapierband-blech-2\\\/#breadcrumb\"},\"inLanguage\":\"it-IT\",\"potentialAction\":[{\"@type\":\"ReadAction\",\"target\":[\"https:\\\/\\\/staging.boeck-technology.de\\\/shop\\\/blechwerkzeuge\\\/finish-schleifen-blechwerkzeuge\\\/schleifpapierband-blech-2\\\/\"]}]},{\"@type\":\"ImageObject\",\"inLanguage\":\"it-IT\",\"@id\":\"https:\\\/\\\/staging.boeck-technology.de\\\/shop\\\/blechwerkzeuge\\\/finish-schleifen-blechwerkzeuge\\\/schleifpapierband-blech-2\\\/#primaryimage\",\"url\":\"https:\\\/\\\/staging.boeck-technology.de\\\/wp-content\\\/uploads\\\/2025\\\/07\\\/art_223.png\",\"contentUrl\":\"https:\\\/\\\/staging.boeck-technology.de\\\/wp-content\\\/uploads\\\/2025\\\/07\\\/art_223.png\",\"width\":301,\"height\":238},{\"@type\":\"BreadcrumbList\",\"@id\":\"https:\\\/\\\/staging.boeck-technology.de\\\/shop\\\/blechwerkzeuge\\\/finish-schleifen-blechwerkzeuge\\\/schleifpapierband-blech-2\\\/#breadcrumb\",\"itemListElement\":[{\"@type\":\"ListItem\",\"position\":1,\"name\":\"Startseite\",\"item\":\"https:\\\/\\\/staging.boeck-technology.de\\\/\"},{\"@type\":\"ListItem\",\"position\":2,\"name\":\"Produkte\",\"item\":\"https:\\\/\\\/staging.boeck-technology.de\\\/shop\\\/\"},{\"@type\":\"ListItem\",\"position\":3,\"name\":\"Schleifpapierband\"}]},{\"@type\":\"WebSite\",\"@id\":\"https:\\\/\\\/staging.boeck-technology.de\\\/#website\",\"url\":\"https:\\\/\\\/staging.boeck-technology.de\\\/\",\"name\":\"boeck GmbH\",\"description\":\"Ma\u00dfgeschneiderte Werkzeugl\u00f6sungen f\u00fcr Blechentgratung\",\"publisher\":{\"@id\":\"https:\\\/\\\/staging.boeck-technology.de\\\/#organization\"},\"potentialAction\":[{\"@type\":\"SearchAction\",\"target\":{\"@type\":\"EntryPoint\",\"urlTemplate\":\"https:\\\/\\\/staging.boeck-technology.de\\\/?s={search_term_string}\"},\"query-input\":{\"@type\":\"PropertyValueSpecification\",\"valueRequired\":true,\"valueName\":\"search_term_string\"}}],\"inLanguage\":\"it-IT\"},{\"@type\":\"Organization\",\"@id\":\"https:\\\/\\\/staging.boeck-technology.de\\\/#organization\",\"name\":\"boeck GmbH\",\"url\":\"https:\\\/\\\/staging.boeck-technology.de\\\/\",\"logo\":{\"@type\":\"ImageObject\",\"inLanguage\":\"it-IT\",\"@id\":\"https:\\\/\\\/staging.boeck-technology.de\\\/#\\\/schema\\\/logo\\\/image\\\/\",\"url\":\"https:\\\/\\\/staging.boeck-technology.de\\\/wp-content\\\/uploads\\\/2021\\\/06\\\/boeck_logo_farbe-e1646758378588.png\",\"contentUrl\":\"https:\\\/\\\/staging.boeck-technology.de\\\/wp-content\\\/uploads\\\/2021\\\/06\\\/boeck_logo_farbe-e1646758378588.png\",\"width\":250,\"height\":90,\"caption\":\"boeck GmbH\"},\"image\":{\"@id\":\"https:\\\/\\\/staging.boeck-technology.de\\\/#\\\/schema\\\/logo\\\/image\\\/\"},\"sameAs\":[\"https:\\\/\\\/www.facebook.com\\\/boeck-GmbH-116687710252350\"]}]}<\/script>\n<!-- \/ Yoast SEO Premium plugin. -->","yoast_head_json":{"title":"Nastro di carta vetrata - Levigatura finale - boeck GmbH","robots":{"index":"noindex","follow":"follow","max-snippet":"max-snippet:-1","max-image-preview":"max-image-preview:large","max-video-preview":"max-video-preview:-1"},"og_locale":"it_IT","og_type":"article","og_title":"Schleifpapierband","og_description":"Verf\u00fcgbar in K\u00f6rnungen von 36 bis 240 f\u00fcr verschiedene Schleifanwendungen  Edition BROWN mit neutraler Drehrichtung f\u00fcr flexible Nutzung  Breiten von 150 mm bis 1620 mm passend f\u00fcr unterschiedliche Maschinen  L\u00e4ngen von 1900 mm bis 6000 mm zur individuellen Anpassung  Hochwertiger Abrasivbelag f\u00fcr effizientes und langlebiges Schleifen","og_url":"https:\/\/staging.boeck-technology.de\/it\/negozio\/utensili-per-lamiera\/levigatura-finale-lamiera\/nastro-di-carta-vetrata-lamiera-2\/","og_site_name":"boeck GmbH","article_publisher":"https:\/\/www.facebook.com\/boeck-GmbH-116687710252350","article_modified_time":"2026-02-26T12:01:11+00:00","og_image":[{"width":301,"height":238,"url":"https:\/\/staging.boeck-technology.de\/wp-content\/uploads\/2025\/07\/art_223.png","type":"image\/png"}],"twitter_card":"summary_large_image","twitter_misc":{"Tempo di lettura stimato":"1 minuto"},"schema":{"@context":"https:\/\/schema.org","@graph":[{"@type":"WebPage","@id":"https:\/\/staging.boeck-technology.de\/shop\/blechwerkzeuge\/finish-schleifen-blechwerkzeuge\/schleifpapierband-blech-2\/","url":"https:\/\/staging.boeck-technology.de\/shop\/blechwerkzeuge\/finish-schleifen-blechwerkzeuge\/schleifpapierband-blech-2\/","name":"Nastro di carta vetrata - Levigatura finale - boeck GmbH","isPartOf":{"@id":"https:\/\/staging.boeck-technology.de\/#website"},"primaryImageOfPage":{"@id":"https:\/\/staging.boeck-technology.de\/shop\/blechwerkzeuge\/finish-schleifen-blechwerkzeuge\/schleifpapierband-blech-2\/#primaryimage"},"image":{"@id":"https:\/\/staging.boeck-technology.de\/shop\/blechwerkzeuge\/finish-schleifen-blechwerkzeuge\/schleifpapierband-blech-2\/#primaryimage"},"thumbnailUrl":"https:\/\/staging.boeck-technology.de\/wp-content\/uploads\/2025\/07\/art_223.png","datePublished":"2026-02-23T08:50:39+00:00","dateModified":"2026-02-26T12:01:11+00:00","breadcrumb":{"@id":"https:\/\/staging.boeck-technology.de\/shop\/blechwerkzeuge\/finish-schleifen-blechwerkzeuge\/schleifpapierband-blech-2\/#breadcrumb"},"inLanguage":"it-IT","potentialAction":[{"@type":"ReadAction","target":["https:\/\/staging.boeck-technology.de\/shop\/blechwerkzeuge\/finish-schleifen-blechwerkzeuge\/schleifpapierband-blech-2\/"]}]},{"@type":"ImageObject","inLanguage":"it-IT","@id":"https:\/\/staging.boeck-technology.de\/shop\/blechwerkzeuge\/finish-schleifen-blechwerkzeuge\/schleifpapierband-blech-2\/#primaryimage","url":"https:\/\/staging.boeck-technology.de\/wp-content\/uploads\/2025\/07\/art_223.png","contentUrl":"https:\/\/staging.boeck-technology.de\/wp-content\/uploads\/2025\/07\/art_223.png","width":301,"height":238},{"@type":"BreadcrumbList","@id":"https:\/\/staging.boeck-technology.de\/shop\/blechwerkzeuge\/finish-schleifen-blechwerkzeuge\/schleifpapierband-blech-2\/#breadcrumb","itemListElement":[{"@type":"ListItem","position":1,"name":"Startseite","item":"https:\/\/staging.boeck-technology.de\/"},{"@type":"ListItem","position":2,"name":"Produkte","item":"https:\/\/staging.boeck-technology.de\/shop\/"},{"@type":"ListItem","position":3,"name":"Schleifpapierband"}]},{"@type":"WebSite","@id":"https:\/\/staging.boeck-technology.de\/#website","url":"https:\/\/staging.boeck-technology.de\/","name":"boeck GmbH","description":"Soluzioni di utensili personalizzati per la sbavatura delle lamiere","publisher":{"@id":"https:\/\/staging.boeck-technology.de\/#organization"},"potentialAction":[{"@type":"SearchAction","target":{"@type":"EntryPoint","urlTemplate":"https:\/\/staging.boeck-technology.de\/?s={search_term_string}"},"query-input":{"@type":"PropertyValueSpecification","valueRequired":true,"valueName":"search_term_string"}}],"inLanguage":"it-IT"},{"@type":"Organization","@id":"https:\/\/staging.boeck-technology.de\/#organization","name":"boeck GmbH","url":"https:\/\/staging.boeck-technology.de\/","logo":{"@type":"ImageObject","inLanguage":"it-IT","@id":"https:\/\/staging.boeck-technology.de\/#\/schema\/logo\/image\/","url":"https:\/\/staging.boeck-technology.de\/wp-content\/uploads\/2021\/06\/boeck_logo_farbe-e1646758378588.png","contentUrl":"https:\/\/staging.boeck-technology.de\/wp-content\/uploads\/2021\/06\/boeck_logo_farbe-e1646758378588.png","width":250,"height":90,"caption":"boeck GmbH"},"image":{"@id":"https:\/\/staging.boeck-technology.de\/#\/schema\/logo\/image\/"},"sameAs":["https:\/\/www.facebook.com\/boeck-GmbH-116687710252350"]}]}},"_links":{"self":[{"href":"https:\/\/staging.boeck-technology.de\/it\/wp-json\/wp\/v2\/product\/6079108","targetHints":{"allow":["GET"]}}],"collection":[{"href":"https:\/\/staging.boeck-technology.de\/it\/wp-json\/wp\/v2\/product"}],"about":[{"href":"https:\/\/staging.boeck-technology.de\/it\/wp-json\/wp\/v2\/types\/product"}],"wp:featuredmedia":[{"embeddable":true,"href":"https:\/\/staging.boeck-technology.de\/it\/wp-json\/wp\/v2\/media\/6074026"}],"wp:attachment":[{"href":"https:\/\/staging.boeck-technology.de\/it\/wp-json\/wp\/v2\/media?parent=6079108"}],"wp:term":[{"taxonomy":"product_brand","embeddable":true,"href":"https:\/\/staging.boeck-technology.de\/it\/wp-json\/wp\/v2\/product_brand?post=6079108"},{"taxonomy":"product_cat","embeddable":true,"href":"https:\/\/staging.boeck-technology.de\/it\/wp-json\/wp\/v2\/product_cat?post=6079108"},{"taxonomy":"product_tag","embeddable":true,"href":"https:\/\/staging.boeck-technology.de\/it\/wp-json\/wp\/v2\/product_tag?post=6079108"}],"curies":[{"name":"wp","href":"https:\/\/api.w.org\/{rel}","templated":true}]}}