{"id":6079107,"date":"2026-02-23T09:49:48","date_gmt":"2026-02-23T08:49:48","guid":{"rendered":"https:\/\/bt25.wpm24.de\/?post_type=product&#038;p=6079107"},"modified":"2026-02-23T09:50:17","modified_gmt":"2026-02-23T08:50:17","slug":"nastro-a-tessuto-abrasivo-lamiera-2","status":"publish","type":"product","link":"https:\/\/staging.boeck-technology.de\/it\/shop\/blechwerkzeuge\/vorschleifen-entgraten-blechwerkzeuge\/schleifgewebeband-blech-2\/","title":{"rendered":"Nastro di carta vetrata"},"content":{"rendered":"<p>Le cinghie abrasive in tela sono abrasivi versatili disponibili in diverse grane e larghezze, che le rendono adatte a numerose applicazioni di rettifica. La loro rotazione neutra garantisce un utilizzo flessibile. Realizzate con una robusta tela abrasiva, offrono una lunga durata e un&#039;efficiente rimozione del materiale. L&#039;ampia selezione di lunghezze e versioni consente una personalizzazione ottimale in base alle esigenze individuali della produzione industriale.<\/p>","protected":false},"excerpt":{"rendered":"<ul>\n<li>Vielf\u00e4ltige K\u00f6rnungen von 24 bis 600 f\u00fcr verschiedene Schleifbed\u00fcrfnisse<\/li>\n<li>Breite Auswahl an Breiten und L\u00e4ngen f\u00fcr flexible Einsatzm\u00f6glichkeiten<\/li>\n<li>Langlebiges Schleifgewebe f\u00fcr hohe Effizienz und Dauerhaftigkeit<\/li>\n<li>Neutral einsetzbare Drehrichtung f\u00fcr vielseitige Anwendungen<\/li>\n<li>Individuell anpassbar durch verschiedene Editionen<\/li>\n<\/ul>","protected":false},"featured_media":6074036,"template":"","meta":{"_acf_changed":false},"product_brand":[],"product_cat":[2565],"product_tag":[],"class_list":{"0":"post-6079107","1":"product","2":"type-product","3":"status-publish","4":"has-post-thumbnail","6":"product_cat-vorschleifen-entgraten-blechwerkzeuge","8":"first","9":"instock","10":"purchasable","11":"product-type-simple"},"acf":[],"yoast_head":"<!-- This site is optimized with the Yoast SEO Premium plugin v18.3 (Yoast SEO v27.3) - https:\/\/yoast.com\/product\/yoast-seo-premium-wordpress\/ -->\n<title>Schleifgewebeband - Vorschleifen &amp; Entgraten - boeck GmbH<\/title>\n<meta name=\"robots\" content=\"noindex, follow, max-snippet:-1, max-image-preview:large, max-video-preview:-1\" \/>\n<meta property=\"og:locale\" content=\"it_IT\" \/>\n<meta property=\"og:type\" content=\"article\" \/>\n<meta property=\"og:title\" content=\"Schleifgewebeband\" \/>\n<meta property=\"og:description\" content=\"Vielf\u00e4ltige K\u00f6rnungen von 24 bis 600 f\u00fcr verschiedene Schleifbed\u00fcrfnisse  Breite Auswahl an Breiten und L\u00e4ngen f\u00fcr flexible Einsatzm\u00f6glichkeiten  Langlebiges Schleifgewebe f\u00fcr hohe Effizienz und Dauerhaftigkeit  Neutral einsetzbare Drehrichtung f\u00fcr vielseitige Anwendungen  Individuell anpassbar durch verschiedene Editionen\" \/>\n<meta property=\"og:url\" content=\"https:\/\/staging.boeck-technology.de\/it\/negozio\/utensili-per-lamiera\/sgrossatura-e-sbavatura-della-lamiera\/nastro-a-tessuto-abrasivo-lamiera-2\/\" \/>\n<meta property=\"og:site_name\" content=\"boeck GmbH\" \/>\n<meta property=\"article:publisher\" content=\"https:\/\/www.facebook.com\/boeck-GmbH-116687710252350\" \/>\n<meta property=\"article:modified_time\" content=\"2026-02-23T08:50:17+00:00\" \/>\n<meta property=\"og:image\" content=\"https:\/\/staging.boeck-technology.de\/wp-content\/uploads\/2025\/07\/art_215.png\" \/>\n\t<meta property=\"og:image:width\" content=\"500\" \/>\n\t<meta property=\"og:image:height\" content=\"313\" \/>\n\t<meta property=\"og:image:type\" content=\"image\/png\" \/>\n<meta name=\"twitter:card\" content=\"summary_large_image\" \/>\n<meta name=\"twitter:label1\" content=\"Tempo di lettura stimato\" \/>\n\t<meta name=\"twitter:data1\" content=\"1 minuto\" \/>\n<script type=\"application\/ld+json\" class=\"yoast-schema-graph\">{\"@context\":\"https:\\\/\\\/schema.org\",\"@graph\":[{\"@type\":\"WebPage\",\"@id\":\"https:\\\/\\\/staging.boeck-technology.de\\\/shop\\\/blechwerkzeuge\\\/vorschleifen-entgraten-blechwerkzeuge\\\/schleifgewebeband-blech-2\\\/\",\"url\":\"https:\\\/\\\/staging.boeck-technology.de\\\/shop\\\/blechwerkzeuge\\\/vorschleifen-entgraten-blechwerkzeuge\\\/schleifgewebeband-blech-2\\\/\",\"name\":\"Schleifgewebeband - Vorschleifen &amp; Entgraten - boeck GmbH\",\"isPartOf\":{\"@id\":\"https:\\\/\\\/staging.boeck-technology.de\\\/#website\"},\"primaryImageOfPage\":{\"@id\":\"https:\\\/\\\/staging.boeck-technology.de\\\/shop\\\/blechwerkzeuge\\\/vorschleifen-entgraten-blechwerkzeuge\\\/schleifgewebeband-blech-2\\\/#primaryimage\"},\"image\":{\"@id\":\"https:\\\/\\\/staging.boeck-technology.de\\\/shop\\\/blechwerkzeuge\\\/vorschleifen-entgraten-blechwerkzeuge\\\/schleifgewebeband-blech-2\\\/#primaryimage\"},\"thumbnailUrl\":\"https:\\\/\\\/staging.boeck-technology.de\\\/wp-content\\\/uploads\\\/2025\\\/07\\\/art_215.png\",\"datePublished\":\"2026-02-23T08:49:48+00:00\",\"dateModified\":\"2026-02-23T08:50:17+00:00\",\"breadcrumb\":{\"@id\":\"https:\\\/\\\/staging.boeck-technology.de\\\/shop\\\/blechwerkzeuge\\\/vorschleifen-entgraten-blechwerkzeuge\\\/schleifgewebeband-blech-2\\\/#breadcrumb\"},\"inLanguage\":\"it-IT\",\"potentialAction\":[{\"@type\":\"ReadAction\",\"target\":[\"https:\\\/\\\/staging.boeck-technology.de\\\/shop\\\/blechwerkzeuge\\\/vorschleifen-entgraten-blechwerkzeuge\\\/schleifgewebeband-blech-2\\\/\"]}]},{\"@type\":\"ImageObject\",\"inLanguage\":\"it-IT\",\"@id\":\"https:\\\/\\\/staging.boeck-technology.de\\\/shop\\\/blechwerkzeuge\\\/vorschleifen-entgraten-blechwerkzeuge\\\/schleifgewebeband-blech-2\\\/#primaryimage\",\"url\":\"https:\\\/\\\/staging.boeck-technology.de\\\/wp-content\\\/uploads\\\/2025\\\/07\\\/art_215.png\",\"contentUrl\":\"https:\\\/\\\/staging.boeck-technology.de\\\/wp-content\\\/uploads\\\/2025\\\/07\\\/art_215.png\",\"width\":500,\"height\":313},{\"@type\":\"BreadcrumbList\",\"@id\":\"https:\\\/\\\/staging.boeck-technology.de\\\/shop\\\/blechwerkzeuge\\\/vorschleifen-entgraten-blechwerkzeuge\\\/schleifgewebeband-blech-2\\\/#breadcrumb\",\"itemListElement\":[{\"@type\":\"ListItem\",\"position\":1,\"name\":\"Startseite\",\"item\":\"https:\\\/\\\/staging.boeck-technology.de\\\/\"},{\"@type\":\"ListItem\",\"position\":2,\"name\":\"Produkte\",\"item\":\"https:\\\/\\\/staging.boeck-technology.de\\\/shop\\\/\"},{\"@type\":\"ListItem\",\"position\":3,\"name\":\"Schleifgewebeband\"}]},{\"@type\":\"WebSite\",\"@id\":\"https:\\\/\\\/staging.boeck-technology.de\\\/#website\",\"url\":\"https:\\\/\\\/staging.boeck-technology.de\\\/\",\"name\":\"boeck GmbH\",\"description\":\"Ma\u00dfgeschneiderte Werkzeugl\u00f6sungen f\u00fcr Blechentgratung\",\"publisher\":{\"@id\":\"https:\\\/\\\/staging.boeck-technology.de\\\/#organization\"},\"potentialAction\":[{\"@type\":\"SearchAction\",\"target\":{\"@type\":\"EntryPoint\",\"urlTemplate\":\"https:\\\/\\\/staging.boeck-technology.de\\\/?s={search_term_string}\"},\"query-input\":{\"@type\":\"PropertyValueSpecification\",\"valueRequired\":true,\"valueName\":\"search_term_string\"}}],\"inLanguage\":\"it-IT\"},{\"@type\":\"Organization\",\"@id\":\"https:\\\/\\\/staging.boeck-technology.de\\\/#organization\",\"name\":\"boeck GmbH\",\"url\":\"https:\\\/\\\/staging.boeck-technology.de\\\/\",\"logo\":{\"@type\":\"ImageObject\",\"inLanguage\":\"it-IT\",\"@id\":\"https:\\\/\\\/staging.boeck-technology.de\\\/#\\\/schema\\\/logo\\\/image\\\/\",\"url\":\"https:\\\/\\\/staging.boeck-technology.de\\\/wp-content\\\/uploads\\\/2021\\\/06\\\/boeck_logo_farbe-e1646758378588.png\",\"contentUrl\":\"https:\\\/\\\/staging.boeck-technology.de\\\/wp-content\\\/uploads\\\/2021\\\/06\\\/boeck_logo_farbe-e1646758378588.png\",\"width\":250,\"height\":90,\"caption\":\"boeck GmbH\"},\"image\":{\"@id\":\"https:\\\/\\\/staging.boeck-technology.de\\\/#\\\/schema\\\/logo\\\/image\\\/\"},\"sameAs\":[\"https:\\\/\\\/www.facebook.com\\\/boeck-GmbH-116687710252350\"]}]}<\/script>\n<!-- \/ Yoast SEO Premium plugin. -->","yoast_head_json":{"title":"Nastro abrasivo - Pre-rettifica e sbavatura - boeck GmbH","robots":{"index":"noindex","follow":"follow","max-snippet":"max-snippet:-1","max-image-preview":"max-image-preview:large","max-video-preview":"max-video-preview:-1"},"og_locale":"it_IT","og_type":"article","og_title":"Schleifgewebeband","og_description":"Vielf\u00e4ltige K\u00f6rnungen von 24 bis 600 f\u00fcr verschiedene Schleifbed\u00fcrfnisse  Breite Auswahl an Breiten und L\u00e4ngen f\u00fcr flexible Einsatzm\u00f6glichkeiten  Langlebiges Schleifgewebe f\u00fcr hohe Effizienz und Dauerhaftigkeit  Neutral einsetzbare Drehrichtung f\u00fcr vielseitige Anwendungen  Individuell anpassbar durch verschiedene Editionen","og_url":"https:\/\/staging.boeck-technology.de\/it\/negozio\/utensili-per-lamiera\/sgrossatura-e-sbavatura-della-lamiera\/nastro-a-tessuto-abrasivo-lamiera-2\/","og_site_name":"boeck GmbH","article_publisher":"https:\/\/www.facebook.com\/boeck-GmbH-116687710252350","article_modified_time":"2026-02-23T08:50:17+00:00","og_image":[{"width":500,"height":313,"url":"https:\/\/staging.boeck-technology.de\/wp-content\/uploads\/2025\/07\/art_215.png","type":"image\/png"}],"twitter_card":"summary_large_image","twitter_misc":{"Tempo di lettura stimato":"1 minuto"},"schema":{"@context":"https:\/\/schema.org","@graph":[{"@type":"WebPage","@id":"https:\/\/staging.boeck-technology.de\/shop\/blechwerkzeuge\/vorschleifen-entgraten-blechwerkzeuge\/schleifgewebeband-blech-2\/","url":"https:\/\/staging.boeck-technology.de\/shop\/blechwerkzeuge\/vorschleifen-entgraten-blechwerkzeuge\/schleifgewebeband-blech-2\/","name":"Nastro abrasivo - Pre-rettifica e sbavatura - boeck GmbH","isPartOf":{"@id":"https:\/\/staging.boeck-technology.de\/#website"},"primaryImageOfPage":{"@id":"https:\/\/staging.boeck-technology.de\/shop\/blechwerkzeuge\/vorschleifen-entgraten-blechwerkzeuge\/schleifgewebeband-blech-2\/#primaryimage"},"image":{"@id":"https:\/\/staging.boeck-technology.de\/shop\/blechwerkzeuge\/vorschleifen-entgraten-blechwerkzeuge\/schleifgewebeband-blech-2\/#primaryimage"},"thumbnailUrl":"https:\/\/staging.boeck-technology.de\/wp-content\/uploads\/2025\/07\/art_215.png","datePublished":"2026-02-23T08:49:48+00:00","dateModified":"2026-02-23T08:50:17+00:00","breadcrumb":{"@id":"https:\/\/staging.boeck-technology.de\/shop\/blechwerkzeuge\/vorschleifen-entgraten-blechwerkzeuge\/schleifgewebeband-blech-2\/#breadcrumb"},"inLanguage":"it-IT","potentialAction":[{"@type":"ReadAction","target":["https:\/\/staging.boeck-technology.de\/shop\/blechwerkzeuge\/vorschleifen-entgraten-blechwerkzeuge\/schleifgewebeband-blech-2\/"]}]},{"@type":"ImageObject","inLanguage":"it-IT","@id":"https:\/\/staging.boeck-technology.de\/shop\/blechwerkzeuge\/vorschleifen-entgraten-blechwerkzeuge\/schleifgewebeband-blech-2\/#primaryimage","url":"https:\/\/staging.boeck-technology.de\/wp-content\/uploads\/2025\/07\/art_215.png","contentUrl":"https:\/\/staging.boeck-technology.de\/wp-content\/uploads\/2025\/07\/art_215.png","width":500,"height":313},{"@type":"BreadcrumbList","@id":"https:\/\/staging.boeck-technology.de\/shop\/blechwerkzeuge\/vorschleifen-entgraten-blechwerkzeuge\/schleifgewebeband-blech-2\/#breadcrumb","itemListElement":[{"@type":"ListItem","position":1,"name":"Startseite","item":"https:\/\/staging.boeck-technology.de\/"},{"@type":"ListItem","position":2,"name":"Produkte","item":"https:\/\/staging.boeck-technology.de\/shop\/"},{"@type":"ListItem","position":3,"name":"Schleifgewebeband"}]},{"@type":"WebSite","@id":"https:\/\/staging.boeck-technology.de\/#website","url":"https:\/\/staging.boeck-technology.de\/","name":"boeck GmbH","description":"Soluzioni di utensili personalizzati per la sbavatura delle lamiere","publisher":{"@id":"https:\/\/staging.boeck-technology.de\/#organization"},"potentialAction":[{"@type":"SearchAction","target":{"@type":"EntryPoint","urlTemplate":"https:\/\/staging.boeck-technology.de\/?s={search_term_string}"},"query-input":{"@type":"PropertyValueSpecification","valueRequired":true,"valueName":"search_term_string"}}],"inLanguage":"it-IT"},{"@type":"Organization","@id":"https:\/\/staging.boeck-technology.de\/#organization","name":"boeck GmbH","url":"https:\/\/staging.boeck-technology.de\/","logo":{"@type":"ImageObject","inLanguage":"it-IT","@id":"https:\/\/staging.boeck-technology.de\/#\/schema\/logo\/image\/","url":"https:\/\/staging.boeck-technology.de\/wp-content\/uploads\/2021\/06\/boeck_logo_farbe-e1646758378588.png","contentUrl":"https:\/\/staging.boeck-technology.de\/wp-content\/uploads\/2021\/06\/boeck_logo_farbe-e1646758378588.png","width":250,"height":90,"caption":"boeck GmbH"},"image":{"@id":"https:\/\/staging.boeck-technology.de\/#\/schema\/logo\/image\/"},"sameAs":["https:\/\/www.facebook.com\/boeck-GmbH-116687710252350"]}]}},"_links":{"self":[{"href":"https:\/\/staging.boeck-technology.de\/it\/wp-json\/wp\/v2\/product\/6079107","targetHints":{"allow":["GET"]}}],"collection":[{"href":"https:\/\/staging.boeck-technology.de\/it\/wp-json\/wp\/v2\/product"}],"about":[{"href":"https:\/\/staging.boeck-technology.de\/it\/wp-json\/wp\/v2\/types\/product"}],"wp:featuredmedia":[{"embeddable":true,"href":"https:\/\/staging.boeck-technology.de\/it\/wp-json\/wp\/v2\/media\/6074036"}],"wp:attachment":[{"href":"https:\/\/staging.boeck-technology.de\/it\/wp-json\/wp\/v2\/media?parent=6079107"}],"wp:term":[{"taxonomy":"product_brand","embeddable":true,"href":"https:\/\/staging.boeck-technology.de\/it\/wp-json\/wp\/v2\/product_brand?post=6079107"},{"taxonomy":"product_cat","embeddable":true,"href":"https:\/\/staging.boeck-technology.de\/it\/wp-json\/wp\/v2\/product_cat?post=6079107"},{"taxonomy":"product_tag","embeddable":true,"href":"https:\/\/staging.boeck-technology.de\/it\/wp-json\/wp\/v2\/product_tag?post=6079107"}],"curies":[{"name":"wp","href":"https:\/\/api.w.org\/{rel}","templated":true}]}}