{"id":6079106,"date":"2026-02-23T09:49:11","date_gmt":"2026-02-23T08:49:11","guid":{"rendered":"https:\/\/bt25.wpm24.de\/?post_type=product&#038;p=6079106"},"modified":"2026-02-23T09:49:30","modified_gmt":"2026-02-23T08:49:30","slug":"nastro-a-tessuto-abrasivo-lamiera","status":"publish","type":"product","link":"https:\/\/staging.boeck-technology.de\/it\/shop\/blechwerkzeuge\/finish-schleifen-blechwerkzeuge\/schleifgewebeband-blech\/","title":{"rendered":"Nastro di carta vetrata"},"content":{"rendered":"<p>Il nastro abrasivo \u00e8 un utensile industriale di alta qualit\u00e0, specificamente progettato per lavori di levigatura di precisione. Si caratterizza per l&#039;eccellente flessibilit\u00e0 e durata, che lo rendono ideale per diverse applicazioni nella lavorazione dei metalli e del legno.<\/p>\n<p>Grazie alle granulometrie disponibili, da 24 a 600, il nastro abrasivo si adatta in modo ottimale alle esigenze specifiche, sia per la rimozione di materiale grossolano che per la finitura superficiale di precisione. Le diverse larghezze, da 70 mm a 2150 mm, e le varie lunghezze consentono l&#039;utilizzo su un&#039;ampia gamma di rettificatrici e garantiscono un elevato rapporto qualit\u00e0-prezzo grazie alla lunga durata.<\/p>\n<p>La direzione di rotazione neutra garantisce una rimozione del materiale uniforme e controllata, mentre la scelta di diverse edizioni (BLU, MARRONE, GRIGIO, ROSSO) si adatta ad applicazioni specifiche e materiali abrasivi. Questo nastro abrasivo offre quindi la massima precisione ed efficienza nei processi di rettifica pi\u00f9 impegnativi.<\/p>","protected":false},"excerpt":{"rendered":"<ul>\n<li>Vielf\u00e4ltige K\u00f6rnungen von 24 bis 600 f\u00fcr unterschiedliche Schleifanforderungen<\/li>\n<li>Breiten von 70 mm bis 2150 mm und verschiedene L\u00e4ngen verf\u00fcgbar<\/li>\n<li>Neutrale Drehrichtung f\u00fcr gleichm\u00e4\u00dfige Schleifergebnisse<\/li>\n<li>Auswahl zwischen Editionen: BLUE, BROWN, GREY, RED<\/li>\n<li>Hohe Flexibilit\u00e4t und Langlebigkeit f\u00fcr Industrieanwendungen<\/li>\n<\/ul>","protected":false},"featured_media":6074025,"template":"","meta":{"_acf_changed":false},"product_brand":[],"product_cat":[2564],"product_tag":[],"class_list":{"0":"post-6079106","1":"product","2":"type-product","3":"status-publish","4":"has-post-thumbnail","6":"product_cat-finish-schleifen-blechwerkzeuge","8":"first","9":"instock","10":"purchasable","11":"product-type-simple"},"acf":[],"yoast_head":"<!-- This site is optimized with the Yoast SEO Premium plugin v18.3 (Yoast SEO v27.3) - https:\/\/yoast.com\/product\/yoast-seo-premium-wordpress\/ -->\n<title>Schleifgewebeband - Finish-Schleifen - boeck GmbH<\/title>\n<meta name=\"robots\" content=\"noindex, follow, max-snippet:-1, max-image-preview:large, max-video-preview:-1\" \/>\n<meta property=\"og:locale\" content=\"it_IT\" \/>\n<meta property=\"og:type\" content=\"article\" \/>\n<meta property=\"og:title\" content=\"Schleifgewebeband\" \/>\n<meta property=\"og:description\" content=\"Vielf\u00e4ltige K\u00f6rnungen von 24 bis 600 f\u00fcr unterschiedliche Schleifanforderungen  Breiten von 70 mm bis 2150 mm und verschiedene L\u00e4ngen verf\u00fcgbar  Neutrale Drehrichtung f\u00fcr gleichm\u00e4\u00dfige Schleifergebnisse  Auswahl zwischen Editionen: BLUE, BROWN, GREY, RED  Hohe Flexibilit\u00e4t und Langlebigkeit f\u00fcr Industrieanwendungen\" \/>\n<meta property=\"og:url\" content=\"https:\/\/staging.boeck-technology.de\/it\/negozio\/utensili-per-lamiera\/levigatura-finale-lamiera\/nastro-a-tessuto-abrasivo-lamiera\/\" \/>\n<meta property=\"og:site_name\" content=\"boeck GmbH\" \/>\n<meta property=\"article:publisher\" content=\"https:\/\/www.facebook.com\/boeck-GmbH-116687710252350\" \/>\n<meta property=\"article:modified_time\" content=\"2026-02-23T08:49:30+00:00\" \/>\n<meta property=\"og:image\" content=\"https:\/\/staging.boeck-technology.de\/wp-content\/uploads\/2025\/07\/art_214.png\" \/>\n\t<meta property=\"og:image:width\" content=\"500\" \/>\n\t<meta property=\"og:image:height\" content=\"313\" \/>\n\t<meta property=\"og:image:type\" content=\"image\/png\" \/>\n<meta name=\"twitter:card\" content=\"summary_large_image\" \/>\n<meta name=\"twitter:label1\" content=\"Tempo di lettura stimato\" \/>\n\t<meta name=\"twitter:data1\" content=\"1 minuto\" \/>\n<script type=\"application\/ld+json\" class=\"yoast-schema-graph\">{\"@context\":\"https:\\\/\\\/schema.org\",\"@graph\":[{\"@type\":\"WebPage\",\"@id\":\"https:\\\/\\\/staging.boeck-technology.de\\\/shop\\\/blechwerkzeuge\\\/finish-schleifen-blechwerkzeuge\\\/schleifgewebeband-blech\\\/\",\"url\":\"https:\\\/\\\/staging.boeck-technology.de\\\/shop\\\/blechwerkzeuge\\\/finish-schleifen-blechwerkzeuge\\\/schleifgewebeband-blech\\\/\",\"name\":\"Schleifgewebeband - Finish-Schleifen - boeck GmbH\",\"isPartOf\":{\"@id\":\"https:\\\/\\\/staging.boeck-technology.de\\\/#website\"},\"primaryImageOfPage\":{\"@id\":\"https:\\\/\\\/staging.boeck-technology.de\\\/shop\\\/blechwerkzeuge\\\/finish-schleifen-blechwerkzeuge\\\/schleifgewebeband-blech\\\/#primaryimage\"},\"image\":{\"@id\":\"https:\\\/\\\/staging.boeck-technology.de\\\/shop\\\/blechwerkzeuge\\\/finish-schleifen-blechwerkzeuge\\\/schleifgewebeband-blech\\\/#primaryimage\"},\"thumbnailUrl\":\"https:\\\/\\\/staging.boeck-technology.de\\\/wp-content\\\/uploads\\\/2025\\\/07\\\/art_214.png\",\"datePublished\":\"2026-02-23T08:49:11+00:00\",\"dateModified\":\"2026-02-23T08:49:30+00:00\",\"breadcrumb\":{\"@id\":\"https:\\\/\\\/staging.boeck-technology.de\\\/shop\\\/blechwerkzeuge\\\/finish-schleifen-blechwerkzeuge\\\/schleifgewebeband-blech\\\/#breadcrumb\"},\"inLanguage\":\"it-IT\",\"potentialAction\":[{\"@type\":\"ReadAction\",\"target\":[\"https:\\\/\\\/staging.boeck-technology.de\\\/shop\\\/blechwerkzeuge\\\/finish-schleifen-blechwerkzeuge\\\/schleifgewebeband-blech\\\/\"]}]},{\"@type\":\"ImageObject\",\"inLanguage\":\"it-IT\",\"@id\":\"https:\\\/\\\/staging.boeck-technology.de\\\/shop\\\/blechwerkzeuge\\\/finish-schleifen-blechwerkzeuge\\\/schleifgewebeband-blech\\\/#primaryimage\",\"url\":\"https:\\\/\\\/staging.boeck-technology.de\\\/wp-content\\\/uploads\\\/2025\\\/07\\\/art_214.png\",\"contentUrl\":\"https:\\\/\\\/staging.boeck-technology.de\\\/wp-content\\\/uploads\\\/2025\\\/07\\\/art_214.png\",\"width\":500,\"height\":313},{\"@type\":\"BreadcrumbList\",\"@id\":\"https:\\\/\\\/staging.boeck-technology.de\\\/shop\\\/blechwerkzeuge\\\/finish-schleifen-blechwerkzeuge\\\/schleifgewebeband-blech\\\/#breadcrumb\",\"itemListElement\":[{\"@type\":\"ListItem\",\"position\":1,\"name\":\"Startseite\",\"item\":\"https:\\\/\\\/staging.boeck-technology.de\\\/\"},{\"@type\":\"ListItem\",\"position\":2,\"name\":\"Produkte\",\"item\":\"https:\\\/\\\/staging.boeck-technology.de\\\/shop\\\/\"},{\"@type\":\"ListItem\",\"position\":3,\"name\":\"Schleifgewebeband\"}]},{\"@type\":\"WebSite\",\"@id\":\"https:\\\/\\\/staging.boeck-technology.de\\\/#website\",\"url\":\"https:\\\/\\\/staging.boeck-technology.de\\\/\",\"name\":\"boeck GmbH\",\"description\":\"Ma\u00dfgeschneiderte Werkzeugl\u00f6sungen f\u00fcr Blechentgratung\",\"publisher\":{\"@id\":\"https:\\\/\\\/staging.boeck-technology.de\\\/#organization\"},\"potentialAction\":[{\"@type\":\"SearchAction\",\"target\":{\"@type\":\"EntryPoint\",\"urlTemplate\":\"https:\\\/\\\/staging.boeck-technology.de\\\/?s={search_term_string}\"},\"query-input\":{\"@type\":\"PropertyValueSpecification\",\"valueRequired\":true,\"valueName\":\"search_term_string\"}}],\"inLanguage\":\"it-IT\"},{\"@type\":\"Organization\",\"@id\":\"https:\\\/\\\/staging.boeck-technology.de\\\/#organization\",\"name\":\"boeck GmbH\",\"url\":\"https:\\\/\\\/staging.boeck-technology.de\\\/\",\"logo\":{\"@type\":\"ImageObject\",\"inLanguage\":\"it-IT\",\"@id\":\"https:\\\/\\\/staging.boeck-technology.de\\\/#\\\/schema\\\/logo\\\/image\\\/\",\"url\":\"https:\\\/\\\/staging.boeck-technology.de\\\/wp-content\\\/uploads\\\/2021\\\/06\\\/boeck_logo_farbe-e1646758378588.png\",\"contentUrl\":\"https:\\\/\\\/staging.boeck-technology.de\\\/wp-content\\\/uploads\\\/2021\\\/06\\\/boeck_logo_farbe-e1646758378588.png\",\"width\":250,\"height\":90,\"caption\":\"boeck GmbH\"},\"image\":{\"@id\":\"https:\\\/\\\/staging.boeck-technology.de\\\/#\\\/schema\\\/logo\\\/image\\\/\"},\"sameAs\":[\"https:\\\/\\\/www.facebook.com\\\/boeck-GmbH-116687710252350\"]}]}<\/script>\n<!-- \/ Yoast SEO Premium plugin. -->","yoast_head_json":{"title":"Nastro a tessuto abrasivo - Levigatura finale - boeck GmbH","robots":{"index":"noindex","follow":"follow","max-snippet":"max-snippet:-1","max-image-preview":"max-image-preview:large","max-video-preview":"max-video-preview:-1"},"og_locale":"it_IT","og_type":"article","og_title":"Schleifgewebeband","og_description":"Vielf\u00e4ltige K\u00f6rnungen von 24 bis 600 f\u00fcr unterschiedliche Schleifanforderungen  Breiten von 70 mm bis 2150 mm und verschiedene L\u00e4ngen verf\u00fcgbar  Neutrale Drehrichtung f\u00fcr gleichm\u00e4\u00dfige Schleifergebnisse  Auswahl zwischen Editionen: BLUE, BROWN, GREY, RED  Hohe Flexibilit\u00e4t und Langlebigkeit f\u00fcr Industrieanwendungen","og_url":"https:\/\/staging.boeck-technology.de\/it\/negozio\/utensili-per-lamiera\/levigatura-finale-lamiera\/nastro-a-tessuto-abrasivo-lamiera\/","og_site_name":"boeck GmbH","article_publisher":"https:\/\/www.facebook.com\/boeck-GmbH-116687710252350","article_modified_time":"2026-02-23T08:49:30+00:00","og_image":[{"width":500,"height":313,"url":"https:\/\/staging.boeck-technology.de\/wp-content\/uploads\/2025\/07\/art_214.png","type":"image\/png"}],"twitter_card":"summary_large_image","twitter_misc":{"Tempo di lettura stimato":"1 minuto"},"schema":{"@context":"https:\/\/schema.org","@graph":[{"@type":"WebPage","@id":"https:\/\/staging.boeck-technology.de\/shop\/blechwerkzeuge\/finish-schleifen-blechwerkzeuge\/schleifgewebeband-blech\/","url":"https:\/\/staging.boeck-technology.de\/shop\/blechwerkzeuge\/finish-schleifen-blechwerkzeuge\/schleifgewebeband-blech\/","name":"Nastro a tessuto abrasivo - Levigatura finale - boeck GmbH","isPartOf":{"@id":"https:\/\/staging.boeck-technology.de\/#website"},"primaryImageOfPage":{"@id":"https:\/\/staging.boeck-technology.de\/shop\/blechwerkzeuge\/finish-schleifen-blechwerkzeuge\/schleifgewebeband-blech\/#primaryimage"},"image":{"@id":"https:\/\/staging.boeck-technology.de\/shop\/blechwerkzeuge\/finish-schleifen-blechwerkzeuge\/schleifgewebeband-blech\/#primaryimage"},"thumbnailUrl":"https:\/\/staging.boeck-technology.de\/wp-content\/uploads\/2025\/07\/art_214.png","datePublished":"2026-02-23T08:49:11+00:00","dateModified":"2026-02-23T08:49:30+00:00","breadcrumb":{"@id":"https:\/\/staging.boeck-technology.de\/shop\/blechwerkzeuge\/finish-schleifen-blechwerkzeuge\/schleifgewebeband-blech\/#breadcrumb"},"inLanguage":"it-IT","potentialAction":[{"@type":"ReadAction","target":["https:\/\/staging.boeck-technology.de\/shop\/blechwerkzeuge\/finish-schleifen-blechwerkzeuge\/schleifgewebeband-blech\/"]}]},{"@type":"ImageObject","inLanguage":"it-IT","@id":"https:\/\/staging.boeck-technology.de\/shop\/blechwerkzeuge\/finish-schleifen-blechwerkzeuge\/schleifgewebeband-blech\/#primaryimage","url":"https:\/\/staging.boeck-technology.de\/wp-content\/uploads\/2025\/07\/art_214.png","contentUrl":"https:\/\/staging.boeck-technology.de\/wp-content\/uploads\/2025\/07\/art_214.png","width":500,"height":313},{"@type":"BreadcrumbList","@id":"https:\/\/staging.boeck-technology.de\/shop\/blechwerkzeuge\/finish-schleifen-blechwerkzeuge\/schleifgewebeband-blech\/#breadcrumb","itemListElement":[{"@type":"ListItem","position":1,"name":"Startseite","item":"https:\/\/staging.boeck-technology.de\/"},{"@type":"ListItem","position":2,"name":"Produkte","item":"https:\/\/staging.boeck-technology.de\/shop\/"},{"@type":"ListItem","position":3,"name":"Schleifgewebeband"}]},{"@type":"WebSite","@id":"https:\/\/staging.boeck-technology.de\/#website","url":"https:\/\/staging.boeck-technology.de\/","name":"boeck GmbH","description":"Soluzioni di utensili personalizzati per la sbavatura delle lamiere","publisher":{"@id":"https:\/\/staging.boeck-technology.de\/#organization"},"potentialAction":[{"@type":"SearchAction","target":{"@type":"EntryPoint","urlTemplate":"https:\/\/staging.boeck-technology.de\/?s={search_term_string}"},"query-input":{"@type":"PropertyValueSpecification","valueRequired":true,"valueName":"search_term_string"}}],"inLanguage":"it-IT"},{"@type":"Organization","@id":"https:\/\/staging.boeck-technology.de\/#organization","name":"boeck GmbH","url":"https:\/\/staging.boeck-technology.de\/","logo":{"@type":"ImageObject","inLanguage":"it-IT","@id":"https:\/\/staging.boeck-technology.de\/#\/schema\/logo\/image\/","url":"https:\/\/staging.boeck-technology.de\/wp-content\/uploads\/2021\/06\/boeck_logo_farbe-e1646758378588.png","contentUrl":"https:\/\/staging.boeck-technology.de\/wp-content\/uploads\/2021\/06\/boeck_logo_farbe-e1646758378588.png","width":250,"height":90,"caption":"boeck GmbH"},"image":{"@id":"https:\/\/staging.boeck-technology.de\/#\/schema\/logo\/image\/"},"sameAs":["https:\/\/www.facebook.com\/boeck-GmbH-116687710252350"]}]}},"_links":{"self":[{"href":"https:\/\/staging.boeck-technology.de\/it\/wp-json\/wp\/v2\/product\/6079106","targetHints":{"allow":["GET"]}}],"collection":[{"href":"https:\/\/staging.boeck-technology.de\/it\/wp-json\/wp\/v2\/product"}],"about":[{"href":"https:\/\/staging.boeck-technology.de\/it\/wp-json\/wp\/v2\/types\/product"}],"wp:featuredmedia":[{"embeddable":true,"href":"https:\/\/staging.boeck-technology.de\/it\/wp-json\/wp\/v2\/media\/6074025"}],"wp:attachment":[{"href":"https:\/\/staging.boeck-technology.de\/it\/wp-json\/wp\/v2\/media?parent=6079106"}],"wp:term":[{"taxonomy":"product_brand","embeddable":true,"href":"https:\/\/staging.boeck-technology.de\/it\/wp-json\/wp\/v2\/product_brand?post=6079106"},{"taxonomy":"product_cat","embeddable":true,"href":"https:\/\/staging.boeck-technology.de\/it\/wp-json\/wp\/v2\/product_cat?post=6079106"},{"taxonomy":"product_tag","embeddable":true,"href":"https:\/\/staging.boeck-technology.de\/it\/wp-json\/wp\/v2\/product_tag?post=6079106"}],"curies":[{"name":"wp","href":"https:\/\/api.w.org\/{rel}","templated":true}]}}