{"id":6079102,"date":"2026-02-23T09:46:14","date_gmt":"2026-02-23T08:46:14","guid":{"rendered":"https:\/\/bt25.wpm24.de\/?post_type=product&#038;p=6079102"},"modified":"2026-02-23T09:46:38","modified_gmt":"2026-02-23T08:46:38","slug":"piatto-di-vello-abrasivo-lamiera","status":"publish","type":"product","link":"https:\/\/staging.boeck-technology.de\/it\/shop\/blechwerkzeuge\/finish-schleifen-blechwerkzeuge\/schleifvliesteller-blech\/","title":{"rendered":"Piatto di vello abrasivo"},"content":{"rendered":"<p>Il disco abrasivo in tessuto non tessuto \u00e8 un utensile industriale versatile e di alta qualit\u00e0, specificamente progettato per operazioni di levigatura impegnative. \u00c8 disponibile in diverse varianti di colore, come BLU, MARRONE, MARRONE SCURO, ORO, VERDE, GRIGIO, VIOLA, ROSSO e SINTETICO, garantendo un disco abrasivo in tessuto non tessuto adatto a ogni applicazione.<\/p>\n<p>Con diametri che vanno da 82 mm a 410 mm, il disco abrasivo in tessuto non tessuto si adatta perfettamente alla tua macchina e al tipo di pezzo in lavorazione. Le opzioni di montaggio includono fori da 25 mm e 30 mm, attacchi Costa, filettature M14 (in senso orario e antiorario) e attacchi QUICK, garantendo un&#039;installazione facile e sicura.<\/p>\n<p>La testina della spazzola \u00e8 progettata con una singola fila di setole per una rimozione del materiale uniforme ed efficiente. Inoltre, sono disponibili diverse direzioni di rotazione \u2013 oraria, antioraria e neutra \u2013 per consentire un adattamento ottimale ai vostri processi di lavoro.<\/p>\n<p>Il tampone abrasivo in tessuto non tessuto si distingue per la sua durata, gli eccellenti risultati di levigatura e la flessibilit\u00e0 d&#039;uso con diversi materiali e tipologie di superficie. Ideale per la lavorazione di metalli e legno, nonch\u00e9 per la pulizia e la finitura delle superfici.<\/p>","protected":false},"excerpt":{"rendered":"<ul>\n<li>Vielseitige Editionen f\u00fcr optimale Anpassung an verschiedenste Anwendungen<\/li>\n<li>Erh\u00e4ltlich in mehreren Durchmessern von 82 bis 410 mm<\/li>\n<li>Flexible Aufnahmen: Bohrung, Gewinde M14, Costa und QUICK<\/li>\n<li>Einreihige Besatzausf\u00fchrung f\u00fcr gleichm\u00e4\u00dfigen Abtrag<\/li>\n<li>Verf\u00fcgbar mit Drehrichtungen Rechtslauf, Linkslauf und Neutral<\/li>\n<li>Hohe Langlebigkeit und exzellente Schleifergebnisse<\/li>\n<li>Ideal f\u00fcr Metall- und Holzbearbeitung sowie Oberfl\u00e4chenveredelung<\/li>\n<\/ul>","protected":false},"featured_media":6074029,"template":"","meta":{"_acf_changed":false},"product_brand":[],"product_cat":[2564],"product_tag":[],"class_list":{"0":"post-6079102","1":"product","2":"type-product","3":"status-publish","4":"has-post-thumbnail","6":"product_cat-finish-schleifen-blechwerkzeuge","8":"first","9":"instock","10":"purchasable","11":"product-type-simple"},"acf":[],"yoast_head":"<!-- This site is optimized with the Yoast SEO Premium plugin v18.3 (Yoast SEO v27.3) - https:\/\/yoast.com\/product\/yoast-seo-premium-wordpress\/ -->\n<title>Schleifvliesteller - Finish-Schleifen - boeck GmbH<\/title>\n<meta name=\"robots\" content=\"noindex, follow, max-snippet:-1, max-image-preview:large, max-video-preview:-1\" \/>\n<meta property=\"og:locale\" content=\"it_IT\" \/>\n<meta property=\"og:type\" content=\"article\" \/>\n<meta property=\"og:title\" content=\"Schleifvliesteller\" \/>\n<meta property=\"og:description\" content=\"Vielseitige Editionen f\u00fcr optimale Anpassung an verschiedenste Anwendungen  Erh\u00e4ltlich in mehreren Durchmessern von 82 bis 410 mm  Flexible Aufnahmen: Bohrung, Gewinde M14, Costa und QUICK  Einreihige Besatzausf\u00fchrung f\u00fcr gleichm\u00e4\u00dfigen Abtrag  Verf\u00fcgbar mit Drehrichtungen Rechtslauf, Linkslauf und Neutral  Hohe Langlebigkeit und exzellente Schleifergebnisse  Ideal f\u00fcr Metall- und Holzbearbeitung sowie Oberfl\u00e4chenveredelung\" \/>\n<meta property=\"og:url\" content=\"https:\/\/staging.boeck-technology.de\/it\/negozio\/utensili-per-lamiera\/levigatura-finale-lamiera\/piatto-di-vello-abrasivo-lamiera\/\" \/>\n<meta property=\"og:site_name\" content=\"boeck GmbH\" \/>\n<meta property=\"article:publisher\" content=\"https:\/\/www.facebook.com\/boeck-GmbH-116687710252350\" \/>\n<meta property=\"article:modified_time\" content=\"2026-02-23T08:46:38+00:00\" \/>\n<meta property=\"og:image\" content=\"https:\/\/staging.boeck-technology.de\/wp-content\/uploads\/2025\/07\/art_118.png\" \/>\n\t<meta property=\"og:image:width\" content=\"640\" \/>\n\t<meta property=\"og:image:height\" content=\"357\" \/>\n\t<meta property=\"og:image:type\" content=\"image\/png\" \/>\n<meta name=\"twitter:card\" content=\"summary_large_image\" \/>\n<meta name=\"twitter:label1\" content=\"Tempo di lettura stimato\" \/>\n\t<meta name=\"twitter:data1\" content=\"2 minuti\" \/>\n<script type=\"application\/ld+json\" class=\"yoast-schema-graph\">{\"@context\":\"https:\\\/\\\/schema.org\",\"@graph\":[{\"@type\":\"WebPage\",\"@id\":\"https:\\\/\\\/staging.boeck-technology.de\\\/shop\\\/blechwerkzeuge\\\/finish-schleifen-blechwerkzeuge\\\/schleifvliesteller-blech\\\/\",\"url\":\"https:\\\/\\\/staging.boeck-technology.de\\\/shop\\\/blechwerkzeuge\\\/finish-schleifen-blechwerkzeuge\\\/schleifvliesteller-blech\\\/\",\"name\":\"Schleifvliesteller - Finish-Schleifen - boeck GmbH\",\"isPartOf\":{\"@id\":\"https:\\\/\\\/staging.boeck-technology.de\\\/#website\"},\"primaryImageOfPage\":{\"@id\":\"https:\\\/\\\/staging.boeck-technology.de\\\/shop\\\/blechwerkzeuge\\\/finish-schleifen-blechwerkzeuge\\\/schleifvliesteller-blech\\\/#primaryimage\"},\"image\":{\"@id\":\"https:\\\/\\\/staging.boeck-technology.de\\\/shop\\\/blechwerkzeuge\\\/finish-schleifen-blechwerkzeuge\\\/schleifvliesteller-blech\\\/#primaryimage\"},\"thumbnailUrl\":\"https:\\\/\\\/staging.boeck-technology.de\\\/wp-content\\\/uploads\\\/2025\\\/07\\\/art_118.png\",\"datePublished\":\"2026-02-23T08:46:14+00:00\",\"dateModified\":\"2026-02-23T08:46:38+00:00\",\"breadcrumb\":{\"@id\":\"https:\\\/\\\/staging.boeck-technology.de\\\/shop\\\/blechwerkzeuge\\\/finish-schleifen-blechwerkzeuge\\\/schleifvliesteller-blech\\\/#breadcrumb\"},\"inLanguage\":\"it-IT\",\"potentialAction\":[{\"@type\":\"ReadAction\",\"target\":[\"https:\\\/\\\/staging.boeck-technology.de\\\/shop\\\/blechwerkzeuge\\\/finish-schleifen-blechwerkzeuge\\\/schleifvliesteller-blech\\\/\"]}]},{\"@type\":\"ImageObject\",\"inLanguage\":\"it-IT\",\"@id\":\"https:\\\/\\\/staging.boeck-technology.de\\\/shop\\\/blechwerkzeuge\\\/finish-schleifen-blechwerkzeuge\\\/schleifvliesteller-blech\\\/#primaryimage\",\"url\":\"https:\\\/\\\/staging.boeck-technology.de\\\/wp-content\\\/uploads\\\/2025\\\/07\\\/art_118.png\",\"contentUrl\":\"https:\\\/\\\/staging.boeck-technology.de\\\/wp-content\\\/uploads\\\/2025\\\/07\\\/art_118.png\",\"width\":640,\"height\":357},{\"@type\":\"BreadcrumbList\",\"@id\":\"https:\\\/\\\/staging.boeck-technology.de\\\/shop\\\/blechwerkzeuge\\\/finish-schleifen-blechwerkzeuge\\\/schleifvliesteller-blech\\\/#breadcrumb\",\"itemListElement\":[{\"@type\":\"ListItem\",\"position\":1,\"name\":\"Startseite\",\"item\":\"https:\\\/\\\/staging.boeck-technology.de\\\/\"},{\"@type\":\"ListItem\",\"position\":2,\"name\":\"Produkte\",\"item\":\"https:\\\/\\\/staging.boeck-technology.de\\\/shop\\\/\"},{\"@type\":\"ListItem\",\"position\":3,\"name\":\"Schleifvliesteller\"}]},{\"@type\":\"WebSite\",\"@id\":\"https:\\\/\\\/staging.boeck-technology.de\\\/#website\",\"url\":\"https:\\\/\\\/staging.boeck-technology.de\\\/\",\"name\":\"boeck GmbH\",\"description\":\"Ma\u00dfgeschneiderte Werkzeugl\u00f6sungen f\u00fcr Blechentgratung\",\"publisher\":{\"@id\":\"https:\\\/\\\/staging.boeck-technology.de\\\/#organization\"},\"potentialAction\":[{\"@type\":\"SearchAction\",\"target\":{\"@type\":\"EntryPoint\",\"urlTemplate\":\"https:\\\/\\\/staging.boeck-technology.de\\\/?s={search_term_string}\"},\"query-input\":{\"@type\":\"PropertyValueSpecification\",\"valueRequired\":true,\"valueName\":\"search_term_string\"}}],\"inLanguage\":\"it-IT\"},{\"@type\":\"Organization\",\"@id\":\"https:\\\/\\\/staging.boeck-technology.de\\\/#organization\",\"name\":\"boeck GmbH\",\"url\":\"https:\\\/\\\/staging.boeck-technology.de\\\/\",\"logo\":{\"@type\":\"ImageObject\",\"inLanguage\":\"it-IT\",\"@id\":\"https:\\\/\\\/staging.boeck-technology.de\\\/#\\\/schema\\\/logo\\\/image\\\/\",\"url\":\"https:\\\/\\\/staging.boeck-technology.de\\\/wp-content\\\/uploads\\\/2021\\\/06\\\/boeck_logo_farbe-e1646758378588.png\",\"contentUrl\":\"https:\\\/\\\/staging.boeck-technology.de\\\/wp-content\\\/uploads\\\/2021\\\/06\\\/boeck_logo_farbe-e1646758378588.png\",\"width\":250,\"height\":90,\"caption\":\"boeck GmbH\"},\"image\":{\"@id\":\"https:\\\/\\\/staging.boeck-technology.de\\\/#\\\/schema\\\/logo\\\/image\\\/\"},\"sameAs\":[\"https:\\\/\\\/www.facebook.com\\\/boeck-GmbH-116687710252350\"]}]}<\/script>\n<!-- \/ Yoast SEO Premium plugin. -->","yoast_head_json":{"title":"Piatto di vello abrasivo - Levigatura finale - boeck GmbH","robots":{"index":"noindex","follow":"follow","max-snippet":"max-snippet:-1","max-image-preview":"max-image-preview:large","max-video-preview":"max-video-preview:-1"},"og_locale":"it_IT","og_type":"article","og_title":"Schleifvliesteller","og_description":"Vielseitige Editionen f\u00fcr optimale Anpassung an verschiedenste Anwendungen  Erh\u00e4ltlich in mehreren Durchmessern von 82 bis 410 mm  Flexible Aufnahmen: Bohrung, Gewinde M14, Costa und QUICK  Einreihige Besatzausf\u00fchrung f\u00fcr gleichm\u00e4\u00dfigen Abtrag  Verf\u00fcgbar mit Drehrichtungen Rechtslauf, Linkslauf und Neutral  Hohe Langlebigkeit und exzellente Schleifergebnisse  Ideal f\u00fcr Metall- und Holzbearbeitung sowie Oberfl\u00e4chenveredelung","og_url":"https:\/\/staging.boeck-technology.de\/it\/negozio\/utensili-per-lamiera\/levigatura-finale-lamiera\/piatto-di-vello-abrasivo-lamiera\/","og_site_name":"boeck GmbH","article_publisher":"https:\/\/www.facebook.com\/boeck-GmbH-116687710252350","article_modified_time":"2026-02-23T08:46:38+00:00","og_image":[{"width":640,"height":357,"url":"https:\/\/staging.boeck-technology.de\/wp-content\/uploads\/2025\/07\/art_118.png","type":"image\/png"}],"twitter_card":"summary_large_image","twitter_misc":{"Tempo di lettura stimato":"2 minuti"},"schema":{"@context":"https:\/\/schema.org","@graph":[{"@type":"WebPage","@id":"https:\/\/staging.boeck-technology.de\/shop\/blechwerkzeuge\/finish-schleifen-blechwerkzeuge\/schleifvliesteller-blech\/","url":"https:\/\/staging.boeck-technology.de\/shop\/blechwerkzeuge\/finish-schleifen-blechwerkzeuge\/schleifvliesteller-blech\/","name":"Piatto di vello abrasivo - Levigatura finale - boeck GmbH","isPartOf":{"@id":"https:\/\/staging.boeck-technology.de\/#website"},"primaryImageOfPage":{"@id":"https:\/\/staging.boeck-technology.de\/shop\/blechwerkzeuge\/finish-schleifen-blechwerkzeuge\/schleifvliesteller-blech\/#primaryimage"},"image":{"@id":"https:\/\/staging.boeck-technology.de\/shop\/blechwerkzeuge\/finish-schleifen-blechwerkzeuge\/schleifvliesteller-blech\/#primaryimage"},"thumbnailUrl":"https:\/\/staging.boeck-technology.de\/wp-content\/uploads\/2025\/07\/art_118.png","datePublished":"2026-02-23T08:46:14+00:00","dateModified":"2026-02-23T08:46:38+00:00","breadcrumb":{"@id":"https:\/\/staging.boeck-technology.de\/shop\/blechwerkzeuge\/finish-schleifen-blechwerkzeuge\/schleifvliesteller-blech\/#breadcrumb"},"inLanguage":"it-IT","potentialAction":[{"@type":"ReadAction","target":["https:\/\/staging.boeck-technology.de\/shop\/blechwerkzeuge\/finish-schleifen-blechwerkzeuge\/schleifvliesteller-blech\/"]}]},{"@type":"ImageObject","inLanguage":"it-IT","@id":"https:\/\/staging.boeck-technology.de\/shop\/blechwerkzeuge\/finish-schleifen-blechwerkzeuge\/schleifvliesteller-blech\/#primaryimage","url":"https:\/\/staging.boeck-technology.de\/wp-content\/uploads\/2025\/07\/art_118.png","contentUrl":"https:\/\/staging.boeck-technology.de\/wp-content\/uploads\/2025\/07\/art_118.png","width":640,"height":357},{"@type":"BreadcrumbList","@id":"https:\/\/staging.boeck-technology.de\/shop\/blechwerkzeuge\/finish-schleifen-blechwerkzeuge\/schleifvliesteller-blech\/#breadcrumb","itemListElement":[{"@type":"ListItem","position":1,"name":"Startseite","item":"https:\/\/staging.boeck-technology.de\/"},{"@type":"ListItem","position":2,"name":"Produkte","item":"https:\/\/staging.boeck-technology.de\/shop\/"},{"@type":"ListItem","position":3,"name":"Schleifvliesteller"}]},{"@type":"WebSite","@id":"https:\/\/staging.boeck-technology.de\/#website","url":"https:\/\/staging.boeck-technology.de\/","name":"boeck GmbH","description":"Soluzioni di utensili personalizzati per la sbavatura delle lamiere","publisher":{"@id":"https:\/\/staging.boeck-technology.de\/#organization"},"potentialAction":[{"@type":"SearchAction","target":{"@type":"EntryPoint","urlTemplate":"https:\/\/staging.boeck-technology.de\/?s={search_term_string}"},"query-input":{"@type":"PropertyValueSpecification","valueRequired":true,"valueName":"search_term_string"}}],"inLanguage":"it-IT"},{"@type":"Organization","@id":"https:\/\/staging.boeck-technology.de\/#organization","name":"boeck GmbH","url":"https:\/\/staging.boeck-technology.de\/","logo":{"@type":"ImageObject","inLanguage":"it-IT","@id":"https:\/\/staging.boeck-technology.de\/#\/schema\/logo\/image\/","url":"https:\/\/staging.boeck-technology.de\/wp-content\/uploads\/2021\/06\/boeck_logo_farbe-e1646758378588.png","contentUrl":"https:\/\/staging.boeck-technology.de\/wp-content\/uploads\/2021\/06\/boeck_logo_farbe-e1646758378588.png","width":250,"height":90,"caption":"boeck GmbH"},"image":{"@id":"https:\/\/staging.boeck-technology.de\/#\/schema\/logo\/image\/"},"sameAs":["https:\/\/www.facebook.com\/boeck-GmbH-116687710252350"]}]}},"_links":{"self":[{"href":"https:\/\/staging.boeck-technology.de\/it\/wp-json\/wp\/v2\/product\/6079102","targetHints":{"allow":["GET"]}}],"collection":[{"href":"https:\/\/staging.boeck-technology.de\/it\/wp-json\/wp\/v2\/product"}],"about":[{"href":"https:\/\/staging.boeck-technology.de\/it\/wp-json\/wp\/v2\/types\/product"}],"wp:featuredmedia":[{"embeddable":true,"href":"https:\/\/staging.boeck-technology.de\/it\/wp-json\/wp\/v2\/media\/6074029"}],"wp:attachment":[{"href":"https:\/\/staging.boeck-technology.de\/it\/wp-json\/wp\/v2\/media?parent=6079102"}],"wp:term":[{"taxonomy":"product_brand","embeddable":true,"href":"https:\/\/staging.boeck-technology.de\/it\/wp-json\/wp\/v2\/product_brand?post=6079102"},{"taxonomy":"product_cat","embeddable":true,"href":"https:\/\/staging.boeck-technology.de\/it\/wp-json\/wp\/v2\/product_cat?post=6079102"},{"taxonomy":"product_tag","embeddable":true,"href":"https:\/\/staging.boeck-technology.de\/it\/wp-json\/wp\/v2\/product_tag?post=6079102"}],"curies":[{"name":"wp","href":"https:\/\/api.w.org\/{rel}","templated":true}]}}