{"id":6079101,"date":"2026-02-23T09:45:38","date_gmt":"2026-02-23T08:45:38","guid":{"rendered":"https:\/\/bt25.wpm24.de\/?post_type=product&#038;p=6079101"},"modified":"2026-02-25T08:05:24","modified_gmt":"2026-02-25T07:05:24","slug":"vello-di-pulitura-lamiera","status":"publish","type":"product","link":"https:\/\/staging.boeck-technology.de\/it\/shop\/blechwerkzeuge\/anbauteile-zubehoer-blechwerkzeuge\/reinigungsvlies-blech\/","title":{"rendered":"Vello di pulitura"},"content":{"rendered":"<p>Il panno per la pulizia con codice SKU 68f071d33b2c \u00e8 un materiale industriale di alta qualit\u00e0, specificamente progettato per processi di pulizia e preparazione delle superfici efficienti. \u00c8 caratterizzato da un senso di rotazione neutro, che garantisce un utilizzo flessibile in un&#039;ampia variet\u00e0 di macchinari e applicazioni.<\/p>\n<p>Il tessuto non tessuto \u00e8 disponibile in numerose larghezze, da 600 mm a 1620 mm, e lunghezze, da 1525 mm a 3250 mm, consentendo un adattamento ottimale alle esigenze specifiche dei vostri sistemi di produzione o pulizia. Questa ampia gamma di dimensioni garantisce una perfetta integrazione e una durata massima.<\/p>\n<p>Grazie alla sua composizione di materiali di alta qualit\u00e0, il panno per la pulizia garantisce una pulizia delicata ma accurata, rimuovendo in modo affidabile sporco, residui di levigatura e particelle fini dalle superfici senza danneggiarle. \u00c8 ideale per preparare i pezzi a successive fasi di lavorazione come la verniciatura o la rivestitura.<\/p>\n<p>La struttura robusta ma flessibile garantisce una copertura superficiale uniforme e un&#039;elevata resistenza all&#039;abrasione, aumentando cos\u00ec la durata del tessuto non tessuto e l&#039;affidabilit\u00e0 del processo. Questo tessuto non tessuto per la pulizia \u00e8 un accessorio indispensabile per le applicazioni industriali in cui precisione e qualit\u00e0 sono essenziali.<\/p>","protected":false},"excerpt":{"rendered":"<ul>\n<li>Neutrale Drehrichtung f\u00fcr flexible Einsatzm\u00f6glichkeiten<\/li>\n<li>Breite Auswahl an Breiten von 600 mm bis 1620 mm<\/li>\n<li>Vielf\u00e4ltige L\u00e4ngen von 1525 mm bis 3250 mm<\/li>\n<li>Hochwertiges Material f\u00fcr schonende und effektive Reinigung<\/li>\n<li>Ideal f\u00fcr Oberfl\u00e4chenvorbereitung vor Lackieren oder Beschichten<\/li>\n<li>Robust und abriebfest f\u00fcr lange Lebensdauer<\/li>\n<\/ul>","protected":false},"featured_media":6074010,"template":"","meta":{"_acf_changed":false},"product_brand":[],"product_cat":[2563],"product_tag":[],"class_list":{"0":"post-6079101","1":"product","2":"type-product","3":"status-publish","4":"has-post-thumbnail","6":"product_cat-anbauteile-zubehoer-blechwerkzeuge","8":"first","9":"instock","10":"purchasable","11":"product-type-simple"},"acf":[],"yoast_head":"<!-- This site is optimized with the Yoast SEO Premium plugin v18.3 (Yoast SEO v27.3) - https:\/\/yoast.com\/product\/yoast-seo-premium-wordpress\/ -->\n<title>Reinigungsvlies - Anbauteile &amp; Zubeh\u00f6r - boeck GmbH<\/title>\n<meta name=\"robots\" content=\"noindex, follow, max-snippet:-1, max-image-preview:large, max-video-preview:-1\" \/>\n<meta property=\"og:locale\" content=\"it_IT\" \/>\n<meta property=\"og:type\" content=\"article\" \/>\n<meta property=\"og:title\" content=\"Reinigungsvlies\" \/>\n<meta property=\"og:description\" content=\"Neutrale Drehrichtung f\u00fcr flexible Einsatzm\u00f6glichkeiten  Breite Auswahl an Breiten von 600 mm bis 1620 mm  Vielf\u00e4ltige L\u00e4ngen von 1525 mm bis 3250 mm  Hochwertiges Material f\u00fcr schonende und effektive Reinigung  Ideal f\u00fcr Oberfl\u00e4chenvorbereitung vor Lackieren oder Beschichten  Robust und abriebfest f\u00fcr lange Lebensdauer\" \/>\n<meta property=\"og:url\" content=\"https:\/\/staging.boeck-technology.de\/it\/negozio\/utensili-per-lamiera\/parti-annesse-accessori-per-lamiera\/vello-di-pulitura-lamiera\/\" \/>\n<meta property=\"og:site_name\" content=\"boeck GmbH\" \/>\n<meta property=\"article:publisher\" content=\"https:\/\/www.facebook.com\/boeck-GmbH-116687710252350\" \/>\n<meta property=\"article:modified_time\" content=\"2026-02-25T07:05:24+00:00\" \/>\n<meta property=\"og:image\" content=\"https:\/\/staging.boeck-technology.de\/wp-content\/uploads\/2025\/07\/art_69.png\" \/>\n\t<meta property=\"og:image:width\" content=\"288\" \/>\n\t<meta property=\"og:image:height\" content=\"190\" \/>\n\t<meta property=\"og:image:type\" content=\"image\/png\" \/>\n<meta name=\"twitter:card\" content=\"summary_large_image\" \/>\n<meta name=\"twitter:label1\" content=\"Tempo di lettura stimato\" \/>\n\t<meta name=\"twitter:data1\" content=\"2 minuti\" \/>\n<script type=\"application\/ld+json\" class=\"yoast-schema-graph\">{\"@context\":\"https:\\\/\\\/schema.org\",\"@graph\":[{\"@type\":\"WebPage\",\"@id\":\"https:\\\/\\\/staging.boeck-technology.de\\\/shop\\\/blechwerkzeuge\\\/anbauteile-zubehoer-blechwerkzeuge\\\/reinigungsvlies-blech\\\/\",\"url\":\"https:\\\/\\\/staging.boeck-technology.de\\\/shop\\\/blechwerkzeuge\\\/anbauteile-zubehoer-blechwerkzeuge\\\/reinigungsvlies-blech\\\/\",\"name\":\"Reinigungsvlies - Anbauteile &amp; Zubeh\u00f6r - boeck GmbH\",\"isPartOf\":{\"@id\":\"https:\\\/\\\/staging.boeck-technology.de\\\/#website\"},\"primaryImageOfPage\":{\"@id\":\"https:\\\/\\\/staging.boeck-technology.de\\\/shop\\\/blechwerkzeuge\\\/anbauteile-zubehoer-blechwerkzeuge\\\/reinigungsvlies-blech\\\/#primaryimage\"},\"image\":{\"@id\":\"https:\\\/\\\/staging.boeck-technology.de\\\/shop\\\/blechwerkzeuge\\\/anbauteile-zubehoer-blechwerkzeuge\\\/reinigungsvlies-blech\\\/#primaryimage\"},\"thumbnailUrl\":\"https:\\\/\\\/staging.boeck-technology.de\\\/wp-content\\\/uploads\\\/2025\\\/07\\\/art_69.png\",\"datePublished\":\"2026-02-23T08:45:38+00:00\",\"dateModified\":\"2026-02-25T07:05:24+00:00\",\"breadcrumb\":{\"@id\":\"https:\\\/\\\/staging.boeck-technology.de\\\/shop\\\/blechwerkzeuge\\\/anbauteile-zubehoer-blechwerkzeuge\\\/reinigungsvlies-blech\\\/#breadcrumb\"},\"inLanguage\":\"it-IT\",\"potentialAction\":[{\"@type\":\"ReadAction\",\"target\":[\"https:\\\/\\\/staging.boeck-technology.de\\\/shop\\\/blechwerkzeuge\\\/anbauteile-zubehoer-blechwerkzeuge\\\/reinigungsvlies-blech\\\/\"]}]},{\"@type\":\"ImageObject\",\"inLanguage\":\"it-IT\",\"@id\":\"https:\\\/\\\/staging.boeck-technology.de\\\/shop\\\/blechwerkzeuge\\\/anbauteile-zubehoer-blechwerkzeuge\\\/reinigungsvlies-blech\\\/#primaryimage\",\"url\":\"https:\\\/\\\/staging.boeck-technology.de\\\/wp-content\\\/uploads\\\/2025\\\/07\\\/art_69.png\",\"contentUrl\":\"https:\\\/\\\/staging.boeck-technology.de\\\/wp-content\\\/uploads\\\/2025\\\/07\\\/art_69.png\",\"width\":288,\"height\":190},{\"@type\":\"BreadcrumbList\",\"@id\":\"https:\\\/\\\/staging.boeck-technology.de\\\/shop\\\/blechwerkzeuge\\\/anbauteile-zubehoer-blechwerkzeuge\\\/reinigungsvlies-blech\\\/#breadcrumb\",\"itemListElement\":[{\"@type\":\"ListItem\",\"position\":1,\"name\":\"Startseite\",\"item\":\"https:\\\/\\\/staging.boeck-technology.de\\\/\"},{\"@type\":\"ListItem\",\"position\":2,\"name\":\"Produkte\",\"item\":\"https:\\\/\\\/staging.boeck-technology.de\\\/shop\\\/\"},{\"@type\":\"ListItem\",\"position\":3,\"name\":\"Reinigungsvlies\"}]},{\"@type\":\"WebSite\",\"@id\":\"https:\\\/\\\/staging.boeck-technology.de\\\/#website\",\"url\":\"https:\\\/\\\/staging.boeck-technology.de\\\/\",\"name\":\"boeck GmbH\",\"description\":\"Ma\u00dfgeschneiderte Werkzeugl\u00f6sungen f\u00fcr Blechentgratung\",\"publisher\":{\"@id\":\"https:\\\/\\\/staging.boeck-technology.de\\\/#organization\"},\"potentialAction\":[{\"@type\":\"SearchAction\",\"target\":{\"@type\":\"EntryPoint\",\"urlTemplate\":\"https:\\\/\\\/staging.boeck-technology.de\\\/?s={search_term_string}\"},\"query-input\":{\"@type\":\"PropertyValueSpecification\",\"valueRequired\":true,\"valueName\":\"search_term_string\"}}],\"inLanguage\":\"it-IT\"},{\"@type\":\"Organization\",\"@id\":\"https:\\\/\\\/staging.boeck-technology.de\\\/#organization\",\"name\":\"boeck GmbH\",\"url\":\"https:\\\/\\\/staging.boeck-technology.de\\\/\",\"logo\":{\"@type\":\"ImageObject\",\"inLanguage\":\"it-IT\",\"@id\":\"https:\\\/\\\/staging.boeck-technology.de\\\/#\\\/schema\\\/logo\\\/image\\\/\",\"url\":\"https:\\\/\\\/staging.boeck-technology.de\\\/wp-content\\\/uploads\\\/2021\\\/06\\\/boeck_logo_farbe-e1646758378588.png\",\"contentUrl\":\"https:\\\/\\\/staging.boeck-technology.de\\\/wp-content\\\/uploads\\\/2021\\\/06\\\/boeck_logo_farbe-e1646758378588.png\",\"width\":250,\"height\":90,\"caption\":\"boeck GmbH\"},\"image\":{\"@id\":\"https:\\\/\\\/staging.boeck-technology.de\\\/#\\\/schema\\\/logo\\\/image\\\/\"},\"sameAs\":[\"https:\\\/\\\/www.facebook.com\\\/boeck-GmbH-116687710252350\"]}]}<\/script>\n<!-- \/ Yoast SEO Premium plugin. -->","yoast_head_json":{"title":"Panno per la pulizia - Accessori e componenti - boeck GmbH","robots":{"index":"noindex","follow":"follow","max-snippet":"max-snippet:-1","max-image-preview":"max-image-preview:large","max-video-preview":"max-video-preview:-1"},"og_locale":"it_IT","og_type":"article","og_title":"Reinigungsvlies","og_description":"Neutrale Drehrichtung f\u00fcr flexible Einsatzm\u00f6glichkeiten  Breite Auswahl an Breiten von 600 mm bis 1620 mm  Vielf\u00e4ltige L\u00e4ngen von 1525 mm bis 3250 mm  Hochwertiges Material f\u00fcr schonende und effektive Reinigung  Ideal f\u00fcr Oberfl\u00e4chenvorbereitung vor Lackieren oder Beschichten  Robust und abriebfest f\u00fcr lange Lebensdauer","og_url":"https:\/\/staging.boeck-technology.de\/it\/negozio\/utensili-per-lamiera\/parti-annesse-accessori-per-lamiera\/vello-di-pulitura-lamiera\/","og_site_name":"boeck GmbH","article_publisher":"https:\/\/www.facebook.com\/boeck-GmbH-116687710252350","article_modified_time":"2026-02-25T07:05:24+00:00","og_image":[{"width":288,"height":190,"url":"https:\/\/staging.boeck-technology.de\/wp-content\/uploads\/2025\/07\/art_69.png","type":"image\/png"}],"twitter_card":"summary_large_image","twitter_misc":{"Tempo di lettura stimato":"2 minuti"},"schema":{"@context":"https:\/\/schema.org","@graph":[{"@type":"WebPage","@id":"https:\/\/staging.boeck-technology.de\/shop\/blechwerkzeuge\/anbauteile-zubehoer-blechwerkzeuge\/reinigungsvlies-blech\/","url":"https:\/\/staging.boeck-technology.de\/shop\/blechwerkzeuge\/anbauteile-zubehoer-blechwerkzeuge\/reinigungsvlies-blech\/","name":"Panno per la pulizia - Accessori e componenti - boeck GmbH","isPartOf":{"@id":"https:\/\/staging.boeck-technology.de\/#website"},"primaryImageOfPage":{"@id":"https:\/\/staging.boeck-technology.de\/shop\/blechwerkzeuge\/anbauteile-zubehoer-blechwerkzeuge\/reinigungsvlies-blech\/#primaryimage"},"image":{"@id":"https:\/\/staging.boeck-technology.de\/shop\/blechwerkzeuge\/anbauteile-zubehoer-blechwerkzeuge\/reinigungsvlies-blech\/#primaryimage"},"thumbnailUrl":"https:\/\/staging.boeck-technology.de\/wp-content\/uploads\/2025\/07\/art_69.png","datePublished":"2026-02-23T08:45:38+00:00","dateModified":"2026-02-25T07:05:24+00:00","breadcrumb":{"@id":"https:\/\/staging.boeck-technology.de\/shop\/blechwerkzeuge\/anbauteile-zubehoer-blechwerkzeuge\/reinigungsvlies-blech\/#breadcrumb"},"inLanguage":"it-IT","potentialAction":[{"@type":"ReadAction","target":["https:\/\/staging.boeck-technology.de\/shop\/blechwerkzeuge\/anbauteile-zubehoer-blechwerkzeuge\/reinigungsvlies-blech\/"]}]},{"@type":"ImageObject","inLanguage":"it-IT","@id":"https:\/\/staging.boeck-technology.de\/shop\/blechwerkzeuge\/anbauteile-zubehoer-blechwerkzeuge\/reinigungsvlies-blech\/#primaryimage","url":"https:\/\/staging.boeck-technology.de\/wp-content\/uploads\/2025\/07\/art_69.png","contentUrl":"https:\/\/staging.boeck-technology.de\/wp-content\/uploads\/2025\/07\/art_69.png","width":288,"height":190},{"@type":"BreadcrumbList","@id":"https:\/\/staging.boeck-technology.de\/shop\/blechwerkzeuge\/anbauteile-zubehoer-blechwerkzeuge\/reinigungsvlies-blech\/#breadcrumb","itemListElement":[{"@type":"ListItem","position":1,"name":"Startseite","item":"https:\/\/staging.boeck-technology.de\/"},{"@type":"ListItem","position":2,"name":"Produkte","item":"https:\/\/staging.boeck-technology.de\/shop\/"},{"@type":"ListItem","position":3,"name":"Reinigungsvlies"}]},{"@type":"WebSite","@id":"https:\/\/staging.boeck-technology.de\/#website","url":"https:\/\/staging.boeck-technology.de\/","name":"boeck GmbH","description":"Soluzioni di utensili personalizzati per la sbavatura delle lamiere","publisher":{"@id":"https:\/\/staging.boeck-technology.de\/#organization"},"potentialAction":[{"@type":"SearchAction","target":{"@type":"EntryPoint","urlTemplate":"https:\/\/staging.boeck-technology.de\/?s={search_term_string}"},"query-input":{"@type":"PropertyValueSpecification","valueRequired":true,"valueName":"search_term_string"}}],"inLanguage":"it-IT"},{"@type":"Organization","@id":"https:\/\/staging.boeck-technology.de\/#organization","name":"boeck GmbH","url":"https:\/\/staging.boeck-technology.de\/","logo":{"@type":"ImageObject","inLanguage":"it-IT","@id":"https:\/\/staging.boeck-technology.de\/#\/schema\/logo\/image\/","url":"https:\/\/staging.boeck-technology.de\/wp-content\/uploads\/2021\/06\/boeck_logo_farbe-e1646758378588.png","contentUrl":"https:\/\/staging.boeck-technology.de\/wp-content\/uploads\/2021\/06\/boeck_logo_farbe-e1646758378588.png","width":250,"height":90,"caption":"boeck GmbH"},"image":{"@id":"https:\/\/staging.boeck-technology.de\/#\/schema\/logo\/image\/"},"sameAs":["https:\/\/www.facebook.com\/boeck-GmbH-116687710252350"]}]}},"_links":{"self":[{"href":"https:\/\/staging.boeck-technology.de\/it\/wp-json\/wp\/v2\/product\/6079101","targetHints":{"allow":["GET"]}}],"collection":[{"href":"https:\/\/staging.boeck-technology.de\/it\/wp-json\/wp\/v2\/product"}],"about":[{"href":"https:\/\/staging.boeck-technology.de\/it\/wp-json\/wp\/v2\/types\/product"}],"wp:featuredmedia":[{"embeddable":true,"href":"https:\/\/staging.boeck-technology.de\/it\/wp-json\/wp\/v2\/media\/6074010"}],"wp:attachment":[{"href":"https:\/\/staging.boeck-technology.de\/it\/wp-json\/wp\/v2\/media?parent=6079101"}],"wp:term":[{"taxonomy":"product_brand","embeddable":true,"href":"https:\/\/staging.boeck-technology.de\/it\/wp-json\/wp\/v2\/product_brand?post=6079101"},{"taxonomy":"product_cat","embeddable":true,"href":"https:\/\/staging.boeck-technology.de\/it\/wp-json\/wp\/v2\/product_cat?post=6079101"},{"taxonomy":"product_tag","embeddable":true,"href":"https:\/\/staging.boeck-technology.de\/it\/wp-json\/wp\/v2\/product_tag?post=6079101"}],"curies":[{"name":"wp","href":"https:\/\/api.w.org\/{rel}","templated":true}]}}