{"id":6079098,"date":"2026-02-23T09:28:03","date_gmt":"2026-02-23T08:28:03","guid":{"rendered":"https:\/\/bt25.wpm24.de\/?post_type=product&#038;p=6079098"},"modified":"2026-03-21T20:38:44","modified_gmt":"2026-03-21T19:38:44","slug":"piastra-a-serraggio-rapido-legno","status":"publish","type":"product","link":"https:\/\/staging.boeck-technology.de\/it\/shop\/holzwerkzeuge\/anbauteile-zubehoer-holzwerkzeuge\/schnellspannaufnahme-holz\/","title":{"rendered":"Mandrino a sgancio rapido"},"content":{"rendered":"<p>La piastra di alta qualit\u00e0 con SKU 396bda1a431d \u00e8 uno strumento industriale versatile e robusto, caratterizzato da numerose possibilit\u00e0 di personalizzazione e da una lavorazione di prima classe. \u00c8 dotata di un supporto QUICK, che consente un cambio rapido e sicuro e assicura quindi metodi di lavoro efficienti.<\/p>\n<p>Il disco \u00e8 disponibile in vari diametri di montaggio - da 82 mm a 260 mm - e copre quindi un'ampia gamma di applicazioni. L'alesaggio \u00e8 altrettanto variabile, con opzioni quali fori per viti M8 o M12, accoppiamento o foro del driver, il che facilita l'adattamento a macchine e utensili diversi.<\/p>\n<p>Il diametro del disco varia da 75 mm a 200 mm, consentendo di scegliere l'utensile pi\u00f9 adatto alle proprie esigenze specifiche. Per una regolazione precisa, sono disponibili opzioni come il dispositivo di regolazione (corto, con o senza) e la scelta tra rotazione oraria e antioraria. Inoltre, l'opzione dell'albero motore (25 mm o 30 mm) consente un'integrazione ottimale nella macchina prevista.<\/p>\n<p>Il disco \u00e8 disponibile a scelta con o senza perni di bloccaggio, per garantire una maggiore flessibilit\u00e0 d'uso. Grazie alla combinazione di un design sofisticato e di materiali di alta qualit\u00e0, il disco convince per la sua durata, stabilit\u00e0 e maneggevolezza in ambienti industriali.<\/p>","protected":false},"excerpt":{"rendered":"<ul>\n<li>Vielseitige QUICK-Aufnahme f\u00fcr schnellen Werkzeugwechsel<\/li>\n<li>Erh\u00e4ltlich in mehreren Aufnehmbaren Durchmessern (82 mm bis 260 mm)<\/li>\n<li>Flexible Bohrungsoptionen passend f\u00fcr verschiedene Maschinentypen<\/li>\n<li>Durchmesservariationen von 75 mm bis 200 mm<\/li>\n<li>Justierhilfe und Drehrichtungsoption f\u00fcr pr\u00e4zises Arbeiten<\/li>\n<li>Integration mit 25 mm oder 30 mm Motorwelle m\u00f6glich<\/li>\n<li>Optional mit oder ohne Rastbolzen f\u00fcr vielf\u00e4ltige Einsatzm\u00f6glichkeiten<\/li>\n<\/ul>","protected":false},"featured_media":6074012,"template":"","meta":{"_acf_changed":false},"product_brand":[],"product_cat":[2561],"product_tag":[],"class_list":{"0":"post-6079098","1":"product","2":"type-product","3":"status-publish","4":"has-post-thumbnail","6":"product_cat-anbauteile-zubehoer-holzwerkzeuge","8":"first","9":"instock","10":"purchasable","11":"product-type-simple"},"acf":[],"yoast_head":"<!-- This site is optimized with the Yoast SEO Premium plugin v18.3 (Yoast SEO v27.3) - https:\/\/yoast.com\/product\/yoast-seo-premium-wordpress\/ -->\n<title>Schnellspannaufnahme - Anbauteile &amp; Zubeh\u00f6r - boeck GmbH<\/title>\n<meta name=\"robots\" content=\"noindex, follow, max-snippet:-1, max-image-preview:large, max-video-preview:-1\" \/>\n<meta property=\"og:locale\" content=\"it_IT\" \/>\n<meta property=\"og:type\" content=\"article\" \/>\n<meta property=\"og:title\" content=\"Schnellspannaufnahme\" \/>\n<meta property=\"og:description\" content=\"Vielseitige QUICK-Aufnahme f\u00fcr schnellen Werkzeugwechsel  Erh\u00e4ltlich in mehreren Aufnehmbaren Durchmessern (82 mm bis 260 mm)  Flexible Bohrungsoptionen passend f\u00fcr verschiedene Maschinentypen  Durchmesservariationen von 75 mm bis 200 mm  Justierhilfe und Drehrichtungsoption f\u00fcr pr\u00e4zises Arbeiten  Integration mit 25 mm oder 30 mm Motorwelle m\u00f6glich  Optional mit oder ohne Rastbolzen f\u00fcr vielf\u00e4ltige Einsatzm\u00f6glichkeiten\" \/>\n<meta property=\"og:url\" content=\"https:\/\/staging.boeck-technology.de\/it\/negozio\/utensili-di-legno\/parti-annesse-accessori-del-legno\/piastra-a-serraggio-rapido-legno\/\" \/>\n<meta property=\"og:site_name\" content=\"boeck GmbH\" \/>\n<meta property=\"article:publisher\" content=\"https:\/\/www.facebook.com\/boeck-GmbH-116687710252350\" \/>\n<meta property=\"article:modified_time\" content=\"2026-03-21T19:38:44+00:00\" \/>\n<meta property=\"og:image\" content=\"https:\/\/staging.boeck-technology.de\/wp-content\/uploads\/2025\/07\/art_208.png\" \/>\n\t<meta property=\"og:image:width\" content=\"500\" \/>\n\t<meta property=\"og:image:height\" content=\"283\" \/>\n\t<meta property=\"og:image:type\" content=\"image\/png\" \/>\n<meta name=\"twitter:card\" content=\"summary_large_image\" \/>\n<meta name=\"twitter:label1\" content=\"Tempo di lettura stimato\" \/>\n\t<meta name=\"twitter:data1\" content=\"2 minuti\" \/>\n<script type=\"application\/ld+json\" class=\"yoast-schema-graph\">{\"@context\":\"https:\\\/\\\/schema.org\",\"@graph\":[{\"@type\":\"WebPage\",\"@id\":\"https:\\\/\\\/staging.boeck-technology.de\\\/shop\\\/holzwerkzeuge\\\/anbauteile-zubehoer-holzwerkzeuge\\\/schnellspannaufnahme-holz\\\/\",\"url\":\"https:\\\/\\\/staging.boeck-technology.de\\\/shop\\\/holzwerkzeuge\\\/anbauteile-zubehoer-holzwerkzeuge\\\/schnellspannaufnahme-holz\\\/\",\"name\":\"Schnellspannaufnahme - Anbauteile &amp; Zubeh\u00f6r - boeck GmbH\",\"isPartOf\":{\"@id\":\"https:\\\/\\\/staging.boeck-technology.de\\\/#website\"},\"primaryImageOfPage\":{\"@id\":\"https:\\\/\\\/staging.boeck-technology.de\\\/shop\\\/holzwerkzeuge\\\/anbauteile-zubehoer-holzwerkzeuge\\\/schnellspannaufnahme-holz\\\/#primaryimage\"},\"image\":{\"@id\":\"https:\\\/\\\/staging.boeck-technology.de\\\/shop\\\/holzwerkzeuge\\\/anbauteile-zubehoer-holzwerkzeuge\\\/schnellspannaufnahme-holz\\\/#primaryimage\"},\"thumbnailUrl\":\"https:\\\/\\\/staging.boeck-technology.de\\\/wp-content\\\/uploads\\\/2025\\\/07\\\/art_208.png\",\"datePublished\":\"2026-02-23T08:28:03+00:00\",\"dateModified\":\"2026-03-21T19:38:44+00:00\",\"breadcrumb\":{\"@id\":\"https:\\\/\\\/staging.boeck-technology.de\\\/shop\\\/holzwerkzeuge\\\/anbauteile-zubehoer-holzwerkzeuge\\\/schnellspannaufnahme-holz\\\/#breadcrumb\"},\"inLanguage\":\"it-IT\",\"potentialAction\":[{\"@type\":\"ReadAction\",\"target\":[\"https:\\\/\\\/staging.boeck-technology.de\\\/shop\\\/holzwerkzeuge\\\/anbauteile-zubehoer-holzwerkzeuge\\\/schnellspannaufnahme-holz\\\/\"]}]},{\"@type\":\"ImageObject\",\"inLanguage\":\"it-IT\",\"@id\":\"https:\\\/\\\/staging.boeck-technology.de\\\/shop\\\/holzwerkzeuge\\\/anbauteile-zubehoer-holzwerkzeuge\\\/schnellspannaufnahme-holz\\\/#primaryimage\",\"url\":\"https:\\\/\\\/staging.boeck-technology.de\\\/wp-content\\\/uploads\\\/2025\\\/07\\\/art_208.png\",\"contentUrl\":\"https:\\\/\\\/staging.boeck-technology.de\\\/wp-content\\\/uploads\\\/2025\\\/07\\\/art_208.png\",\"width\":500,\"height\":283},{\"@type\":\"BreadcrumbList\",\"@id\":\"https:\\\/\\\/staging.boeck-technology.de\\\/shop\\\/holzwerkzeuge\\\/anbauteile-zubehoer-holzwerkzeuge\\\/schnellspannaufnahme-holz\\\/#breadcrumb\",\"itemListElement\":[{\"@type\":\"ListItem\",\"position\":1,\"name\":\"Startseite\",\"item\":\"https:\\\/\\\/staging.boeck-technology.de\\\/\"},{\"@type\":\"ListItem\",\"position\":2,\"name\":\"Produkte\",\"item\":\"https:\\\/\\\/staging.boeck-technology.de\\\/shop\\\/\"},{\"@type\":\"ListItem\",\"position\":3,\"name\":\"Schnellspannaufnahme\"}]},{\"@type\":\"WebSite\",\"@id\":\"https:\\\/\\\/staging.boeck-technology.de\\\/#website\",\"url\":\"https:\\\/\\\/staging.boeck-technology.de\\\/\",\"name\":\"boeck GmbH\",\"description\":\"Ma\u00dfgeschneiderte Werkzeugl\u00f6sungen f\u00fcr Blechentgratung\",\"publisher\":{\"@id\":\"https:\\\/\\\/staging.boeck-technology.de\\\/#organization\"},\"potentialAction\":[{\"@type\":\"SearchAction\",\"target\":{\"@type\":\"EntryPoint\",\"urlTemplate\":\"https:\\\/\\\/staging.boeck-technology.de\\\/?s={search_term_string}\"},\"query-input\":{\"@type\":\"PropertyValueSpecification\",\"valueRequired\":true,\"valueName\":\"search_term_string\"}}],\"inLanguage\":\"it-IT\"},{\"@type\":\"Organization\",\"@id\":\"https:\\\/\\\/staging.boeck-technology.de\\\/#organization\",\"name\":\"boeck GmbH\",\"url\":\"https:\\\/\\\/staging.boeck-technology.de\\\/\",\"logo\":{\"@type\":\"ImageObject\",\"inLanguage\":\"it-IT\",\"@id\":\"https:\\\/\\\/staging.boeck-technology.de\\\/#\\\/schema\\\/logo\\\/image\\\/\",\"url\":\"https:\\\/\\\/staging.boeck-technology.de\\\/wp-content\\\/uploads\\\/2021\\\/06\\\/boeck_logo_farbe-e1646758378588.png\",\"contentUrl\":\"https:\\\/\\\/staging.boeck-technology.de\\\/wp-content\\\/uploads\\\/2021\\\/06\\\/boeck_logo_farbe-e1646758378588.png\",\"width\":250,\"height\":90,\"caption\":\"boeck GmbH\"},\"image\":{\"@id\":\"https:\\\/\\\/staging.boeck-technology.de\\\/#\\\/schema\\\/logo\\\/image\\\/\"},\"sameAs\":[\"https:\\\/\\\/www.facebook.com\\\/boeck-GmbH-116687710252350\"]}]}<\/script>\n<!-- \/ Yoast SEO Premium plugin. -->","yoast_head_json":{"title":"Mandrino a sgancio rapido - Accessori e componenti - boeck GmbH","robots":{"index":"noindex","follow":"follow","max-snippet":"max-snippet:-1","max-image-preview":"max-image-preview:large","max-video-preview":"max-video-preview:-1"},"og_locale":"it_IT","og_type":"article","og_title":"Schnellspannaufnahme","og_description":"Vielseitige QUICK-Aufnahme f\u00fcr schnellen Werkzeugwechsel  Erh\u00e4ltlich in mehreren Aufnehmbaren Durchmessern (82 mm bis 260 mm)  Flexible Bohrungsoptionen passend f\u00fcr verschiedene Maschinentypen  Durchmesservariationen von 75 mm bis 200 mm  Justierhilfe und Drehrichtungsoption f\u00fcr pr\u00e4zises Arbeiten  Integration mit 25 mm oder 30 mm Motorwelle m\u00f6glich  Optional mit oder ohne Rastbolzen f\u00fcr vielf\u00e4ltige Einsatzm\u00f6glichkeiten","og_url":"https:\/\/staging.boeck-technology.de\/it\/negozio\/utensili-di-legno\/parti-annesse-accessori-del-legno\/piastra-a-serraggio-rapido-legno\/","og_site_name":"boeck GmbH","article_publisher":"https:\/\/www.facebook.com\/boeck-GmbH-116687710252350","article_modified_time":"2026-03-21T19:38:44+00:00","og_image":[{"width":500,"height":283,"url":"https:\/\/staging.boeck-technology.de\/wp-content\/uploads\/2025\/07\/art_208.png","type":"image\/png"}],"twitter_card":"summary_large_image","twitter_misc":{"Tempo di lettura stimato":"2 minuti"},"schema":{"@context":"https:\/\/schema.org","@graph":[{"@type":"WebPage","@id":"https:\/\/staging.boeck-technology.de\/shop\/holzwerkzeuge\/anbauteile-zubehoer-holzwerkzeuge\/schnellspannaufnahme-holz\/","url":"https:\/\/staging.boeck-technology.de\/shop\/holzwerkzeuge\/anbauteile-zubehoer-holzwerkzeuge\/schnellspannaufnahme-holz\/","name":"Mandrino a sgancio rapido - Accessori e componenti - boeck GmbH","isPartOf":{"@id":"https:\/\/staging.boeck-technology.de\/#website"},"primaryImageOfPage":{"@id":"https:\/\/staging.boeck-technology.de\/shop\/holzwerkzeuge\/anbauteile-zubehoer-holzwerkzeuge\/schnellspannaufnahme-holz\/#primaryimage"},"image":{"@id":"https:\/\/staging.boeck-technology.de\/shop\/holzwerkzeuge\/anbauteile-zubehoer-holzwerkzeuge\/schnellspannaufnahme-holz\/#primaryimage"},"thumbnailUrl":"https:\/\/staging.boeck-technology.de\/wp-content\/uploads\/2025\/07\/art_208.png","datePublished":"2026-02-23T08:28:03+00:00","dateModified":"2026-03-21T19:38:44+00:00","breadcrumb":{"@id":"https:\/\/staging.boeck-technology.de\/shop\/holzwerkzeuge\/anbauteile-zubehoer-holzwerkzeuge\/schnellspannaufnahme-holz\/#breadcrumb"},"inLanguage":"it-IT","potentialAction":[{"@type":"ReadAction","target":["https:\/\/staging.boeck-technology.de\/shop\/holzwerkzeuge\/anbauteile-zubehoer-holzwerkzeuge\/schnellspannaufnahme-holz\/"]}]},{"@type":"ImageObject","inLanguage":"it-IT","@id":"https:\/\/staging.boeck-technology.de\/shop\/holzwerkzeuge\/anbauteile-zubehoer-holzwerkzeuge\/schnellspannaufnahme-holz\/#primaryimage","url":"https:\/\/staging.boeck-technology.de\/wp-content\/uploads\/2025\/07\/art_208.png","contentUrl":"https:\/\/staging.boeck-technology.de\/wp-content\/uploads\/2025\/07\/art_208.png","width":500,"height":283},{"@type":"BreadcrumbList","@id":"https:\/\/staging.boeck-technology.de\/shop\/holzwerkzeuge\/anbauteile-zubehoer-holzwerkzeuge\/schnellspannaufnahme-holz\/#breadcrumb","itemListElement":[{"@type":"ListItem","position":1,"name":"Startseite","item":"https:\/\/staging.boeck-technology.de\/"},{"@type":"ListItem","position":2,"name":"Produkte","item":"https:\/\/staging.boeck-technology.de\/shop\/"},{"@type":"ListItem","position":3,"name":"Schnellspannaufnahme"}]},{"@type":"WebSite","@id":"https:\/\/staging.boeck-technology.de\/#website","url":"https:\/\/staging.boeck-technology.de\/","name":"boeck GmbH","description":"Soluzioni di utensili personalizzati per la sbavatura delle lamiere","publisher":{"@id":"https:\/\/staging.boeck-technology.de\/#organization"},"potentialAction":[{"@type":"SearchAction","target":{"@type":"EntryPoint","urlTemplate":"https:\/\/staging.boeck-technology.de\/?s={search_term_string}"},"query-input":{"@type":"PropertyValueSpecification","valueRequired":true,"valueName":"search_term_string"}}],"inLanguage":"it-IT"},{"@type":"Organization","@id":"https:\/\/staging.boeck-technology.de\/#organization","name":"boeck GmbH","url":"https:\/\/staging.boeck-technology.de\/","logo":{"@type":"ImageObject","inLanguage":"it-IT","@id":"https:\/\/staging.boeck-technology.de\/#\/schema\/logo\/image\/","url":"https:\/\/staging.boeck-technology.de\/wp-content\/uploads\/2021\/06\/boeck_logo_farbe-e1646758378588.png","contentUrl":"https:\/\/staging.boeck-technology.de\/wp-content\/uploads\/2021\/06\/boeck_logo_farbe-e1646758378588.png","width":250,"height":90,"caption":"boeck GmbH"},"image":{"@id":"https:\/\/staging.boeck-technology.de\/#\/schema\/logo\/image\/"},"sameAs":["https:\/\/www.facebook.com\/boeck-GmbH-116687710252350"]}]}},"_links":{"self":[{"href":"https:\/\/staging.boeck-technology.de\/it\/wp-json\/wp\/v2\/product\/6079098","targetHints":{"allow":["GET"]}}],"collection":[{"href":"https:\/\/staging.boeck-technology.de\/it\/wp-json\/wp\/v2\/product"}],"about":[{"href":"https:\/\/staging.boeck-technology.de\/it\/wp-json\/wp\/v2\/types\/product"}],"wp:featuredmedia":[{"embeddable":true,"href":"https:\/\/staging.boeck-technology.de\/it\/wp-json\/wp\/v2\/media\/6074012"}],"wp:attachment":[{"href":"https:\/\/staging.boeck-technology.de\/it\/wp-json\/wp\/v2\/media?parent=6079098"}],"wp:term":[{"taxonomy":"product_brand","embeddable":true,"href":"https:\/\/staging.boeck-technology.de\/it\/wp-json\/wp\/v2\/product_brand?post=6079098"},{"taxonomy":"product_cat","embeddable":true,"href":"https:\/\/staging.boeck-technology.de\/it\/wp-json\/wp\/v2\/product_cat?post=6079098"},{"taxonomy":"product_tag","embeddable":true,"href":"https:\/\/staging.boeck-technology.de\/it\/wp-json\/wp\/v2\/product_tag?post=6079098"}],"curies":[{"name":"wp","href":"https:\/\/api.w.org\/{rel}","templated":true}]}}