{"id":6079095,"date":"2026-02-20T14:41:21","date_gmt":"2026-02-20T13:41:21","guid":{"rendered":"https:\/\/bt25.wpm24.de\/?post_type=product&#038;p=6079095"},"modified":"2026-02-23T08:03:05","modified_gmt":"2026-02-23T07:03:05","slug":"disco-a-stella-abrasivo-legno","status":"publish","type":"product","link":"https:\/\/staging.boeck-technology.de\/it\/shop\/holzwerkzeuge\/schleifen\/schleifstern-holz\/","title":{"rendered":"Disco a stella abrasivo"},"content":{"rendered":"<p>La stella abrasiva \u00e8 un utensile di rettifica versatile disponibile in diverse grane, da 80 a 600, ideale per una vasta gamma di finiture superficiali. \u00c8 dotata di nervature scanalate per un&#039;aspirazione ottimale della polvere e per una rettifica a bassa temperatura. Con diametri da 150 mm a 250 mm e un foro da 25 mm, \u00e8 compatibile con molte rettificatrici. La sua rotazione neutra la rende universalmente utilizzabile. Scegli tra diverse versioni, come BLU, MARRONE, GRIGIO o VIOLA, per trovare l&#039;abrasivo pi\u00f9 adatto alla tua applicazione.<\/p>","protected":false},"excerpt":{"rendered":"<ul>\n<li>Vielseitige K\u00f6rnungen von 80 bis 600 f\u00fcr unterschiedliche Schleifanforderungen<\/li>\n<li>Stegschlitzung f\u00fcr effektive Staubabsaugung und K\u00fchlung<\/li>\n<li>Erh\u00e4ltlich in den Durchmessern 150 mm, 200 mm und 250 mm<\/li>\n<li>Bohrung 25 mm, passend f\u00fcr viele Schleifmaschinen<\/li>\n<li>Neutrale Drehrichtung f\u00fcr universellen Einsatz<\/li>\n<\/ul>","protected":false},"featured_media":6074040,"template":"","meta":{"_acf_changed":false},"product_brand":[],"product_cat":[2560],"product_tag":[],"class_list":{"0":"post-6079095","1":"product","2":"type-product","3":"status-publish","4":"has-post-thumbnail","6":"product_cat-schleifen","8":"first","9":"instock","10":"purchasable","11":"product-type-simple"},"acf":[],"yoast_head":"<!-- This site is optimized with the Yoast SEO Premium plugin v18.3 (Yoast SEO v27.3) - https:\/\/yoast.com\/product\/yoast-seo-premium-wordpress\/ -->\n<title>Schleifstern - Schleifen - boeck GmbH<\/title>\n<meta name=\"robots\" content=\"noindex, follow, max-snippet:-1, max-image-preview:large, max-video-preview:-1\" \/>\n<meta property=\"og:locale\" content=\"it_IT\" \/>\n<meta property=\"og:type\" content=\"article\" \/>\n<meta property=\"og:title\" content=\"Schleifstern\" \/>\n<meta property=\"og:description\" content=\"Vielseitige K\u00f6rnungen von 80 bis 600 f\u00fcr unterschiedliche Schleifanforderungen  Stegschlitzung f\u00fcr effektive Staubabsaugung und K\u00fchlung  Erh\u00e4ltlich in den Durchmessern 150 mm, 200 mm und 250 mm  Bohrung 25 mm, passend f\u00fcr viele Schleifmaschinen  Neutrale Drehrichtung f\u00fcr universellen Einsatz\" \/>\n<meta property=\"og:url\" content=\"https:\/\/staging.boeck-technology.de\/it\/negozio\/utensili-di-legno\/rettifica\/disco-a-stella-abrasivo-legno\/\" \/>\n<meta property=\"og:site_name\" content=\"boeck GmbH\" \/>\n<meta property=\"article:publisher\" content=\"https:\/\/www.facebook.com\/boeck-GmbH-116687710252350\" \/>\n<meta property=\"article:modified_time\" content=\"2026-02-23T07:03:05+00:00\" \/>\n<meta property=\"og:image\" content=\"https:\/\/staging.boeck-technology.de\/wp-content\/uploads\/2025\/07\/art_2142.png\" \/>\n\t<meta property=\"og:image:width\" content=\"500\" \/>\n\t<meta property=\"og:image:height\" content=\"501\" \/>\n\t<meta property=\"og:image:type\" content=\"image\/png\" \/>\n<meta name=\"twitter:card\" content=\"summary_large_image\" \/>\n<script type=\"application\/ld+json\" class=\"yoast-schema-graph\">{\"@context\":\"https:\\\/\\\/schema.org\",\"@graph\":[{\"@type\":\"WebPage\",\"@id\":\"https:\\\/\\\/staging.boeck-technology.de\\\/shop\\\/holzwerkzeuge\\\/schleifen\\\/schleifstern-holz\\\/\",\"url\":\"https:\\\/\\\/staging.boeck-technology.de\\\/shop\\\/holzwerkzeuge\\\/schleifen\\\/schleifstern-holz\\\/\",\"name\":\"Schleifstern - Schleifen - boeck GmbH\",\"isPartOf\":{\"@id\":\"https:\\\/\\\/staging.boeck-technology.de\\\/#website\"},\"primaryImageOfPage\":{\"@id\":\"https:\\\/\\\/staging.boeck-technology.de\\\/shop\\\/holzwerkzeuge\\\/schleifen\\\/schleifstern-holz\\\/#primaryimage\"},\"image\":{\"@id\":\"https:\\\/\\\/staging.boeck-technology.de\\\/shop\\\/holzwerkzeuge\\\/schleifen\\\/schleifstern-holz\\\/#primaryimage\"},\"thumbnailUrl\":\"https:\\\/\\\/staging.boeck-technology.de\\\/wp-content\\\/uploads\\\/2025\\\/07\\\/art_2142.png\",\"datePublished\":\"2026-02-20T13:41:21+00:00\",\"dateModified\":\"2026-02-23T07:03:05+00:00\",\"breadcrumb\":{\"@id\":\"https:\\\/\\\/staging.boeck-technology.de\\\/shop\\\/holzwerkzeuge\\\/schleifen\\\/schleifstern-holz\\\/#breadcrumb\"},\"inLanguage\":\"it-IT\",\"potentialAction\":[{\"@type\":\"ReadAction\",\"target\":[\"https:\\\/\\\/staging.boeck-technology.de\\\/shop\\\/holzwerkzeuge\\\/schleifen\\\/schleifstern-holz\\\/\"]}]},{\"@type\":\"ImageObject\",\"inLanguage\":\"it-IT\",\"@id\":\"https:\\\/\\\/staging.boeck-technology.de\\\/shop\\\/holzwerkzeuge\\\/schleifen\\\/schleifstern-holz\\\/#primaryimage\",\"url\":\"https:\\\/\\\/staging.boeck-technology.de\\\/wp-content\\\/uploads\\\/2025\\\/07\\\/art_2142.png\",\"contentUrl\":\"https:\\\/\\\/staging.boeck-technology.de\\\/wp-content\\\/uploads\\\/2025\\\/07\\\/art_2142.png\",\"width\":500,\"height\":501},{\"@type\":\"BreadcrumbList\",\"@id\":\"https:\\\/\\\/staging.boeck-technology.de\\\/shop\\\/holzwerkzeuge\\\/schleifen\\\/schleifstern-holz\\\/#breadcrumb\",\"itemListElement\":[{\"@type\":\"ListItem\",\"position\":1,\"name\":\"Startseite\",\"item\":\"https:\\\/\\\/staging.boeck-technology.de\\\/\"},{\"@type\":\"ListItem\",\"position\":2,\"name\":\"Produkte\",\"item\":\"https:\\\/\\\/staging.boeck-technology.de\\\/shop\\\/\"},{\"@type\":\"ListItem\",\"position\":3,\"name\":\"Schleifstern\"}]},{\"@type\":\"WebSite\",\"@id\":\"https:\\\/\\\/staging.boeck-technology.de\\\/#website\",\"url\":\"https:\\\/\\\/staging.boeck-technology.de\\\/\",\"name\":\"boeck GmbH\",\"description\":\"Ma\u00dfgeschneiderte Werkzeugl\u00f6sungen f\u00fcr Blechentgratung\",\"publisher\":{\"@id\":\"https:\\\/\\\/staging.boeck-technology.de\\\/#organization\"},\"potentialAction\":[{\"@type\":\"SearchAction\",\"target\":{\"@type\":\"EntryPoint\",\"urlTemplate\":\"https:\\\/\\\/staging.boeck-technology.de\\\/?s={search_term_string}\"},\"query-input\":{\"@type\":\"PropertyValueSpecification\",\"valueRequired\":true,\"valueName\":\"search_term_string\"}}],\"inLanguage\":\"it-IT\"},{\"@type\":\"Organization\",\"@id\":\"https:\\\/\\\/staging.boeck-technology.de\\\/#organization\",\"name\":\"boeck GmbH\",\"url\":\"https:\\\/\\\/staging.boeck-technology.de\\\/\",\"logo\":{\"@type\":\"ImageObject\",\"inLanguage\":\"it-IT\",\"@id\":\"https:\\\/\\\/staging.boeck-technology.de\\\/#\\\/schema\\\/logo\\\/image\\\/\",\"url\":\"https:\\\/\\\/staging.boeck-technology.de\\\/wp-content\\\/uploads\\\/2021\\\/06\\\/boeck_logo_farbe-e1646758378588.png\",\"contentUrl\":\"https:\\\/\\\/staging.boeck-technology.de\\\/wp-content\\\/uploads\\\/2021\\\/06\\\/boeck_logo_farbe-e1646758378588.png\",\"width\":250,\"height\":90,\"caption\":\"boeck GmbH\"},\"image\":{\"@id\":\"https:\\\/\\\/staging.boeck-technology.de\\\/#\\\/schema\\\/logo\\\/image\\\/\"},\"sameAs\":[\"https:\\\/\\\/www.facebook.com\\\/boeck-GmbH-116687710252350\"]}]}<\/script>\n<!-- \/ Yoast SEO Premium plugin. -->","yoast_head_json":{"title":"Disco a stella abrasivo - Rettifica - boeck GmbH","robots":{"index":"noindex","follow":"follow","max-snippet":"max-snippet:-1","max-image-preview":"max-image-preview:large","max-video-preview":"max-video-preview:-1"},"og_locale":"it_IT","og_type":"article","og_title":"Schleifstern","og_description":"Vielseitige K\u00f6rnungen von 80 bis 600 f\u00fcr unterschiedliche Schleifanforderungen  Stegschlitzung f\u00fcr effektive Staubabsaugung und K\u00fchlung  Erh\u00e4ltlich in den Durchmessern 150 mm, 200 mm und 250 mm  Bohrung 25 mm, passend f\u00fcr viele Schleifmaschinen  Neutrale Drehrichtung f\u00fcr universellen Einsatz","og_url":"https:\/\/staging.boeck-technology.de\/it\/negozio\/utensili-di-legno\/rettifica\/disco-a-stella-abrasivo-legno\/","og_site_name":"boeck GmbH","article_publisher":"https:\/\/www.facebook.com\/boeck-GmbH-116687710252350","article_modified_time":"2026-02-23T07:03:05+00:00","og_image":[{"width":500,"height":501,"url":"https:\/\/staging.boeck-technology.de\/wp-content\/uploads\/2025\/07\/art_2142.png","type":"image\/png"}],"twitter_card":"summary_large_image","schema":{"@context":"https:\/\/schema.org","@graph":[{"@type":"WebPage","@id":"https:\/\/staging.boeck-technology.de\/shop\/holzwerkzeuge\/schleifen\/schleifstern-holz\/","url":"https:\/\/staging.boeck-technology.de\/shop\/holzwerkzeuge\/schleifen\/schleifstern-holz\/","name":"Disco a stella abrasivo - Rettifica - boeck GmbH","isPartOf":{"@id":"https:\/\/staging.boeck-technology.de\/#website"},"primaryImageOfPage":{"@id":"https:\/\/staging.boeck-technology.de\/shop\/holzwerkzeuge\/schleifen\/schleifstern-holz\/#primaryimage"},"image":{"@id":"https:\/\/staging.boeck-technology.de\/shop\/holzwerkzeuge\/schleifen\/schleifstern-holz\/#primaryimage"},"thumbnailUrl":"https:\/\/staging.boeck-technology.de\/wp-content\/uploads\/2025\/07\/art_2142.png","datePublished":"2026-02-20T13:41:21+00:00","dateModified":"2026-02-23T07:03:05+00:00","breadcrumb":{"@id":"https:\/\/staging.boeck-technology.de\/shop\/holzwerkzeuge\/schleifen\/schleifstern-holz\/#breadcrumb"},"inLanguage":"it-IT","potentialAction":[{"@type":"ReadAction","target":["https:\/\/staging.boeck-technology.de\/shop\/holzwerkzeuge\/schleifen\/schleifstern-holz\/"]}]},{"@type":"ImageObject","inLanguage":"it-IT","@id":"https:\/\/staging.boeck-technology.de\/shop\/holzwerkzeuge\/schleifen\/schleifstern-holz\/#primaryimage","url":"https:\/\/staging.boeck-technology.de\/wp-content\/uploads\/2025\/07\/art_2142.png","contentUrl":"https:\/\/staging.boeck-technology.de\/wp-content\/uploads\/2025\/07\/art_2142.png","width":500,"height":501},{"@type":"BreadcrumbList","@id":"https:\/\/staging.boeck-technology.de\/shop\/holzwerkzeuge\/schleifen\/schleifstern-holz\/#breadcrumb","itemListElement":[{"@type":"ListItem","position":1,"name":"Startseite","item":"https:\/\/staging.boeck-technology.de\/"},{"@type":"ListItem","position":2,"name":"Produkte","item":"https:\/\/staging.boeck-technology.de\/shop\/"},{"@type":"ListItem","position":3,"name":"Schleifstern"}]},{"@type":"WebSite","@id":"https:\/\/staging.boeck-technology.de\/#website","url":"https:\/\/staging.boeck-technology.de\/","name":"boeck GmbH","description":"Soluzioni di utensili personalizzati per la sbavatura delle lamiere","publisher":{"@id":"https:\/\/staging.boeck-technology.de\/#organization"},"potentialAction":[{"@type":"SearchAction","target":{"@type":"EntryPoint","urlTemplate":"https:\/\/staging.boeck-technology.de\/?s={search_term_string}"},"query-input":{"@type":"PropertyValueSpecification","valueRequired":true,"valueName":"search_term_string"}}],"inLanguage":"it-IT"},{"@type":"Organization","@id":"https:\/\/staging.boeck-technology.de\/#organization","name":"boeck GmbH","url":"https:\/\/staging.boeck-technology.de\/","logo":{"@type":"ImageObject","inLanguage":"it-IT","@id":"https:\/\/staging.boeck-technology.de\/#\/schema\/logo\/image\/","url":"https:\/\/staging.boeck-technology.de\/wp-content\/uploads\/2021\/06\/boeck_logo_farbe-e1646758378588.png","contentUrl":"https:\/\/staging.boeck-technology.de\/wp-content\/uploads\/2021\/06\/boeck_logo_farbe-e1646758378588.png","width":250,"height":90,"caption":"boeck GmbH"},"image":{"@id":"https:\/\/staging.boeck-technology.de\/#\/schema\/logo\/image\/"},"sameAs":["https:\/\/www.facebook.com\/boeck-GmbH-116687710252350"]}]}},"_links":{"self":[{"href":"https:\/\/staging.boeck-technology.de\/it\/wp-json\/wp\/v2\/product\/6079095","targetHints":{"allow":["GET"]}}],"collection":[{"href":"https:\/\/staging.boeck-technology.de\/it\/wp-json\/wp\/v2\/product"}],"about":[{"href":"https:\/\/staging.boeck-technology.de\/it\/wp-json\/wp\/v2\/types\/product"}],"wp:featuredmedia":[{"embeddable":true,"href":"https:\/\/staging.boeck-technology.de\/it\/wp-json\/wp\/v2\/media\/6074040"}],"wp:attachment":[{"href":"https:\/\/staging.boeck-technology.de\/it\/wp-json\/wp\/v2\/media?parent=6079095"}],"wp:term":[{"taxonomy":"product_brand","embeddable":true,"href":"https:\/\/staging.boeck-technology.de\/it\/wp-json\/wp\/v2\/product_brand?post=6079095"},{"taxonomy":"product_cat","embeddable":true,"href":"https:\/\/staging.boeck-technology.de\/it\/wp-json\/wp\/v2\/product_cat?post=6079095"},{"taxonomy":"product_tag","embeddable":true,"href":"https:\/\/staging.boeck-technology.de\/it\/wp-json\/wp\/v2\/product_tag?post=6079095"}],"curies":[{"name":"wp","href":"https:\/\/api.w.org\/{rel}","templated":true}]}}