{"id":6079091,"date":"2026-02-20T14:36:56","date_gmt":"2026-02-20T13:36:56","guid":{"rendered":"https:\/\/bt25.wpm24.de\/?post_type=product&#038;p=6079091"},"modified":"2026-02-26T13:01:40","modified_gmt":"2026-02-26T12:01:40","slug":"nastro-di-carta-vetrata-legno","status":"publish","type":"product","link":"https:\/\/staging.boeck-technology.de\/it\/shop\/holzwerkzeuge\/schleifen\/schleifpapierband-holz\/","title":{"rendered":"Nastro di carta vetrata"},"content":{"rendered":"<p>Il nastro abrasivo \u00e8 disponibile in diverse larghezze e grane ed \u00e8 adatto a una vasta gamma di applicazioni di levigatura industriale. Presenta un senso di rotazione neutro ed \u00e8 disponibile in lunghezze fino a 6000 mm. La sua robusta struttura garantisce una lunga durata e risultati di levigatura precisi. Ideale per l&#039;utilizzo su vari tipi di levigatrici a nastro.<\/p>","protected":false},"excerpt":{"rendered":"<ul>\n<li>Vielf\u00e4ltige Breiten von 150 mm bis 1620 mm<\/li>\n<li>K\u00f6rnungen von 36 bis 240 f\u00fcr unterschiedliche Schleifbed\u00fcrfnisse<\/li>\n<li>Neutrale Drehrichtung f\u00fcr flexible Anwendung<\/li>\n<li>L\u00e4ngen bis 6000 mm verf\u00fcgbar<\/li>\n<li>Hohe Strapazierf\u00e4higkeit und lange Standzeit<\/li>\n<\/ul>","protected":false},"featured_media":6074039,"template":"","meta":{"_acf_changed":false},"product_brand":[],"product_cat":[2560],"product_tag":[],"class_list":{"0":"post-6079091","1":"product","2":"type-product","3":"status-publish","4":"has-post-thumbnail","6":"product_cat-schleifen","8":"first","9":"instock","10":"purchasable","11":"product-type-simple"},"acf":[],"yoast_head":"<!-- This site is optimized with the Yoast SEO Premium plugin v18.3 (Yoast SEO v27.3) - https:\/\/yoast.com\/product\/yoast-seo-premium-wordpress\/ -->\n<title>Schleifpapierband - Schleifen - boeck GmbH<\/title>\n<meta name=\"robots\" content=\"noindex, follow, max-snippet:-1, max-image-preview:large, max-video-preview:-1\" \/>\n<meta property=\"og:locale\" content=\"it_IT\" \/>\n<meta property=\"og:type\" content=\"article\" \/>\n<meta property=\"og:title\" content=\"Schleifpapierband\" \/>\n<meta property=\"og:description\" content=\"Vielf\u00e4ltige Breiten von 150 mm bis 1620 mm  K\u00f6rnungen von 36 bis 240 f\u00fcr unterschiedliche Schleifbed\u00fcrfnisse  Neutrale Drehrichtung f\u00fcr flexible Anwendung  L\u00e4ngen bis 6000 mm verf\u00fcgbar  Hohe Strapazierf\u00e4higkeit und lange Standzeit\" \/>\n<meta property=\"og:url\" content=\"https:\/\/staging.boeck-technology.de\/it\/negozio\/utensili-di-legno\/rettifica\/nastro-di-carta-vetrata-legno\/\" \/>\n<meta property=\"og:site_name\" content=\"boeck GmbH\" \/>\n<meta property=\"article:publisher\" content=\"https:\/\/www.facebook.com\/boeck-GmbH-116687710252350\" \/>\n<meta property=\"article:modified_time\" content=\"2026-02-26T12:01:40+00:00\" \/>\n<meta property=\"og:image\" content=\"https:\/\/staging.boeck-technology.de\/wp-content\/uploads\/2025\/07\/art_190.png\" \/>\n\t<meta property=\"og:image:width\" content=\"301\" \/>\n\t<meta property=\"og:image:height\" content=\"238\" \/>\n\t<meta property=\"og:image:type\" content=\"image\/png\" \/>\n<meta name=\"twitter:card\" content=\"summary_large_image\" \/>\n<script type=\"application\/ld+json\" class=\"yoast-schema-graph\">{\"@context\":\"https:\\\/\\\/schema.org\",\"@graph\":[{\"@type\":\"WebPage\",\"@id\":\"https:\\\/\\\/staging.boeck-technology.de\\\/shop\\\/holzwerkzeuge\\\/schleifen\\\/schleifpapierband-holz\\\/\",\"url\":\"https:\\\/\\\/staging.boeck-technology.de\\\/shop\\\/holzwerkzeuge\\\/schleifen\\\/schleifpapierband-holz\\\/\",\"name\":\"Schleifpapierband - Schleifen - boeck GmbH\",\"isPartOf\":{\"@id\":\"https:\\\/\\\/staging.boeck-technology.de\\\/#website\"},\"primaryImageOfPage\":{\"@id\":\"https:\\\/\\\/staging.boeck-technology.de\\\/shop\\\/holzwerkzeuge\\\/schleifen\\\/schleifpapierband-holz\\\/#primaryimage\"},\"image\":{\"@id\":\"https:\\\/\\\/staging.boeck-technology.de\\\/shop\\\/holzwerkzeuge\\\/schleifen\\\/schleifpapierband-holz\\\/#primaryimage\"},\"thumbnailUrl\":\"https:\\\/\\\/staging.boeck-technology.de\\\/wp-content\\\/uploads\\\/2025\\\/07\\\/art_190.png\",\"datePublished\":\"2026-02-20T13:36:56+00:00\",\"dateModified\":\"2026-02-26T12:01:40+00:00\",\"breadcrumb\":{\"@id\":\"https:\\\/\\\/staging.boeck-technology.de\\\/shop\\\/holzwerkzeuge\\\/schleifen\\\/schleifpapierband-holz\\\/#breadcrumb\"},\"inLanguage\":\"it-IT\",\"potentialAction\":[{\"@type\":\"ReadAction\",\"target\":[\"https:\\\/\\\/staging.boeck-technology.de\\\/shop\\\/holzwerkzeuge\\\/schleifen\\\/schleifpapierband-holz\\\/\"]}]},{\"@type\":\"ImageObject\",\"inLanguage\":\"it-IT\",\"@id\":\"https:\\\/\\\/staging.boeck-technology.de\\\/shop\\\/holzwerkzeuge\\\/schleifen\\\/schleifpapierband-holz\\\/#primaryimage\",\"url\":\"https:\\\/\\\/staging.boeck-technology.de\\\/wp-content\\\/uploads\\\/2025\\\/07\\\/art_190.png\",\"contentUrl\":\"https:\\\/\\\/staging.boeck-technology.de\\\/wp-content\\\/uploads\\\/2025\\\/07\\\/art_190.png\",\"width\":301,\"height\":238},{\"@type\":\"BreadcrumbList\",\"@id\":\"https:\\\/\\\/staging.boeck-technology.de\\\/shop\\\/holzwerkzeuge\\\/schleifen\\\/schleifpapierband-holz\\\/#breadcrumb\",\"itemListElement\":[{\"@type\":\"ListItem\",\"position\":1,\"name\":\"Startseite\",\"item\":\"https:\\\/\\\/staging.boeck-technology.de\\\/\"},{\"@type\":\"ListItem\",\"position\":2,\"name\":\"Produkte\",\"item\":\"https:\\\/\\\/staging.boeck-technology.de\\\/shop\\\/\"},{\"@type\":\"ListItem\",\"position\":3,\"name\":\"Schleifpapierband\"}]},{\"@type\":\"WebSite\",\"@id\":\"https:\\\/\\\/staging.boeck-technology.de\\\/#website\",\"url\":\"https:\\\/\\\/staging.boeck-technology.de\\\/\",\"name\":\"boeck GmbH\",\"description\":\"Ma\u00dfgeschneiderte Werkzeugl\u00f6sungen f\u00fcr Blechentgratung\",\"publisher\":{\"@id\":\"https:\\\/\\\/staging.boeck-technology.de\\\/#organization\"},\"potentialAction\":[{\"@type\":\"SearchAction\",\"target\":{\"@type\":\"EntryPoint\",\"urlTemplate\":\"https:\\\/\\\/staging.boeck-technology.de\\\/?s={search_term_string}\"},\"query-input\":{\"@type\":\"PropertyValueSpecification\",\"valueRequired\":true,\"valueName\":\"search_term_string\"}}],\"inLanguage\":\"it-IT\"},{\"@type\":\"Organization\",\"@id\":\"https:\\\/\\\/staging.boeck-technology.de\\\/#organization\",\"name\":\"boeck GmbH\",\"url\":\"https:\\\/\\\/staging.boeck-technology.de\\\/\",\"logo\":{\"@type\":\"ImageObject\",\"inLanguage\":\"it-IT\",\"@id\":\"https:\\\/\\\/staging.boeck-technology.de\\\/#\\\/schema\\\/logo\\\/image\\\/\",\"url\":\"https:\\\/\\\/staging.boeck-technology.de\\\/wp-content\\\/uploads\\\/2021\\\/06\\\/boeck_logo_farbe-e1646758378588.png\",\"contentUrl\":\"https:\\\/\\\/staging.boeck-technology.de\\\/wp-content\\\/uploads\\\/2021\\\/06\\\/boeck_logo_farbe-e1646758378588.png\",\"width\":250,\"height\":90,\"caption\":\"boeck GmbH\"},\"image\":{\"@id\":\"https:\\\/\\\/staging.boeck-technology.de\\\/#\\\/schema\\\/logo\\\/image\\\/\"},\"sameAs\":[\"https:\\\/\\\/www.facebook.com\\\/boeck-GmbH-116687710252350\"]}]}<\/script>\n<!-- \/ Yoast SEO Premium plugin. -->","yoast_head_json":{"title":"Nastro di carta vetrata - Rettifica - boeck GmbH","robots":{"index":"noindex","follow":"follow","max-snippet":"max-snippet:-1","max-image-preview":"max-image-preview:large","max-video-preview":"max-video-preview:-1"},"og_locale":"it_IT","og_type":"article","og_title":"Schleifpapierband","og_description":"Vielf\u00e4ltige Breiten von 150 mm bis 1620 mm  K\u00f6rnungen von 36 bis 240 f\u00fcr unterschiedliche Schleifbed\u00fcrfnisse  Neutrale Drehrichtung f\u00fcr flexible Anwendung  L\u00e4ngen bis 6000 mm verf\u00fcgbar  Hohe Strapazierf\u00e4higkeit und lange Standzeit","og_url":"https:\/\/staging.boeck-technology.de\/it\/negozio\/utensili-di-legno\/rettifica\/nastro-di-carta-vetrata-legno\/","og_site_name":"boeck GmbH","article_publisher":"https:\/\/www.facebook.com\/boeck-GmbH-116687710252350","article_modified_time":"2026-02-26T12:01:40+00:00","og_image":[{"width":301,"height":238,"url":"https:\/\/staging.boeck-technology.de\/wp-content\/uploads\/2025\/07\/art_190.png","type":"image\/png"}],"twitter_card":"summary_large_image","schema":{"@context":"https:\/\/schema.org","@graph":[{"@type":"WebPage","@id":"https:\/\/staging.boeck-technology.de\/shop\/holzwerkzeuge\/schleifen\/schleifpapierband-holz\/","url":"https:\/\/staging.boeck-technology.de\/shop\/holzwerkzeuge\/schleifen\/schleifpapierband-holz\/","name":"Nastro di carta vetrata - Rettifica - boeck GmbH","isPartOf":{"@id":"https:\/\/staging.boeck-technology.de\/#website"},"primaryImageOfPage":{"@id":"https:\/\/staging.boeck-technology.de\/shop\/holzwerkzeuge\/schleifen\/schleifpapierband-holz\/#primaryimage"},"image":{"@id":"https:\/\/staging.boeck-technology.de\/shop\/holzwerkzeuge\/schleifen\/schleifpapierband-holz\/#primaryimage"},"thumbnailUrl":"https:\/\/staging.boeck-technology.de\/wp-content\/uploads\/2025\/07\/art_190.png","datePublished":"2026-02-20T13:36:56+00:00","dateModified":"2026-02-26T12:01:40+00:00","breadcrumb":{"@id":"https:\/\/staging.boeck-technology.de\/shop\/holzwerkzeuge\/schleifen\/schleifpapierband-holz\/#breadcrumb"},"inLanguage":"it-IT","potentialAction":[{"@type":"ReadAction","target":["https:\/\/staging.boeck-technology.de\/shop\/holzwerkzeuge\/schleifen\/schleifpapierband-holz\/"]}]},{"@type":"ImageObject","inLanguage":"it-IT","@id":"https:\/\/staging.boeck-technology.de\/shop\/holzwerkzeuge\/schleifen\/schleifpapierband-holz\/#primaryimage","url":"https:\/\/staging.boeck-technology.de\/wp-content\/uploads\/2025\/07\/art_190.png","contentUrl":"https:\/\/staging.boeck-technology.de\/wp-content\/uploads\/2025\/07\/art_190.png","width":301,"height":238},{"@type":"BreadcrumbList","@id":"https:\/\/staging.boeck-technology.de\/shop\/holzwerkzeuge\/schleifen\/schleifpapierband-holz\/#breadcrumb","itemListElement":[{"@type":"ListItem","position":1,"name":"Startseite","item":"https:\/\/staging.boeck-technology.de\/"},{"@type":"ListItem","position":2,"name":"Produkte","item":"https:\/\/staging.boeck-technology.de\/shop\/"},{"@type":"ListItem","position":3,"name":"Schleifpapierband"}]},{"@type":"WebSite","@id":"https:\/\/staging.boeck-technology.de\/#website","url":"https:\/\/staging.boeck-technology.de\/","name":"boeck GmbH","description":"Soluzioni di utensili personalizzati per la sbavatura delle lamiere","publisher":{"@id":"https:\/\/staging.boeck-technology.de\/#organization"},"potentialAction":[{"@type":"SearchAction","target":{"@type":"EntryPoint","urlTemplate":"https:\/\/staging.boeck-technology.de\/?s={search_term_string}"},"query-input":{"@type":"PropertyValueSpecification","valueRequired":true,"valueName":"search_term_string"}}],"inLanguage":"it-IT"},{"@type":"Organization","@id":"https:\/\/staging.boeck-technology.de\/#organization","name":"boeck GmbH","url":"https:\/\/staging.boeck-technology.de\/","logo":{"@type":"ImageObject","inLanguage":"it-IT","@id":"https:\/\/staging.boeck-technology.de\/#\/schema\/logo\/image\/","url":"https:\/\/staging.boeck-technology.de\/wp-content\/uploads\/2021\/06\/boeck_logo_farbe-e1646758378588.png","contentUrl":"https:\/\/staging.boeck-technology.de\/wp-content\/uploads\/2021\/06\/boeck_logo_farbe-e1646758378588.png","width":250,"height":90,"caption":"boeck GmbH"},"image":{"@id":"https:\/\/staging.boeck-technology.de\/#\/schema\/logo\/image\/"},"sameAs":["https:\/\/www.facebook.com\/boeck-GmbH-116687710252350"]}]}},"_links":{"self":[{"href":"https:\/\/staging.boeck-technology.de\/it\/wp-json\/wp\/v2\/product\/6079091","targetHints":{"allow":["GET"]}}],"collection":[{"href":"https:\/\/staging.boeck-technology.de\/it\/wp-json\/wp\/v2\/product"}],"about":[{"href":"https:\/\/staging.boeck-technology.de\/it\/wp-json\/wp\/v2\/types\/product"}],"wp:featuredmedia":[{"embeddable":true,"href":"https:\/\/staging.boeck-technology.de\/it\/wp-json\/wp\/v2\/media\/6074039"}],"wp:attachment":[{"href":"https:\/\/staging.boeck-technology.de\/it\/wp-json\/wp\/v2\/media?parent=6079091"}],"wp:term":[{"taxonomy":"product_brand","embeddable":true,"href":"https:\/\/staging.boeck-technology.de\/it\/wp-json\/wp\/v2\/product_brand?post=6079091"},{"taxonomy":"product_cat","embeddable":true,"href":"https:\/\/staging.boeck-technology.de\/it\/wp-json\/wp\/v2\/product_cat?post=6079091"},{"taxonomy":"product_tag","embeddable":true,"href":"https:\/\/staging.boeck-technology.de\/it\/wp-json\/wp\/v2\/product_tag?post=6079091"}],"curies":[{"name":"wp","href":"https:\/\/api.w.org\/{rel}","templated":true}]}}