{"id":6074055,"date":"2025-07-16T13:21:24","date_gmt":"2025-07-16T11:21:24","guid":{"rendered":"https:\/\/bt25.wpm24.de\/shop\/unkategorisiert\/entgratbuerstensegment-2\/"},"modified":"2026-02-20T13:18:08","modified_gmt":"2026-02-20T12:18:08","slug":"segmento-di-spazzola-per-sbavatura","status":"publish","type":"product","link":"https:\/\/staging.boeck-technology.de\/it\/shop\/zerspanungswerkzeuge\/entgraten-verrunden-finish\/entgratbuerstensegment\/","title":{"rendered":"Segmento di spazzola per sbavatura"},"content":{"rendered":"<p>La spazzola per sbavatura \u00e8 uno strumento versatile per la rimozione precisa di bave e spigoli da componenti in metallo e plastica. \u00c8 disponibile in diverse granulometrie, diametri e opzioni di montaggio per adattarsi a svariate applicazioni. La possibilit\u00e0 di variare il senso di rotazione consente un utilizzo flessibile sia su macchine con rotazione oraria che antioraria. L&#039;altezza delle setole di 30 mm garantisce una lavorazione efficiente e una qualit\u00e0 costante.<\/p>","protected":false},"excerpt":{"rendered":"<ul>\n<li>Vielseitig einsetzbar f\u00fcr Entgraten und Kantenbearbeitung<\/li>\n<li>Erh\u00e4ltlich in unterschiedlichen K\u00f6rnungen (60, 80, 120)<\/li>\n<li>Kompatibel mit verschiedenen Aufnahmen (z. B. Bohrung 25 mm, M14)<\/li>\n<li>Flexible Drehrichtung (Rechtslauf, Linkslauf, Neutral) m\u00f6glich<\/li>\n<li>Besatzh\u00f6he 30 mm f\u00fcr effiziente und saubere Bearbeitung<\/li>\n<\/ul>","protected":false},"featured_media":6074017,"template":"","meta":{"_acf_changed":false},"product_brand":[],"product_cat":[2535],"product_tag":[],"class_list":{"0":"post-6074055","1":"product","2":"type-product","3":"status-publish","4":"has-post-thumbnail","6":"product_cat-entgraten-verrunden-finish","8":"first","9":"instock","10":"purchasable","11":"product-type-simple"},"acf":[],"yoast_head":"<!-- This site is optimized with the Yoast SEO Premium plugin v18.3 (Yoast SEO v27.3) - https:\/\/yoast.com\/product\/yoast-seo-premium-wordpress\/ -->\n<title>Entgratb\u00fcrstensegment - Entgraten, Verrunden &amp; Finish - boeck GmbH<\/title>\n<meta name=\"robots\" content=\"noindex, follow, max-snippet:-1, max-image-preview:large, max-video-preview:-1\" \/>\n<meta property=\"og:locale\" content=\"it_IT\" \/>\n<meta property=\"og:type\" content=\"article\" \/>\n<meta property=\"og:title\" content=\"Entgratb\u00fcrstensegment\" \/>\n<meta property=\"og:description\" content=\"Vielseitig einsetzbar f\u00fcr Entgraten und KantenbearbeitungErh\u00e4ltlich in unterschiedlichen K\u00f6rnungen (60, 80, 120)Kompatibel mit verschiedenen Aufnahmen (z. B. Bohrung 25 mm, M14)Flexible Drehrichtung (Rechtslauf, Linkslauf, Neutral) m\u00f6glichBesatzh\u00f6he 30 mm f\u00fcr effiziente und saubere Bearbeitung\" \/>\n<meta property=\"og:url\" content=\"https:\/\/staging.boeck-technology.de\/it\/negozio\/utensile-da-asportazione-di-truciolo\/sbavatura-arrotondamento-finitura\/segmento-di-spazzola-per-sbavatura\/\" \/>\n<meta property=\"og:site_name\" content=\"boeck GmbH\" \/>\n<meta property=\"article:publisher\" content=\"https:\/\/www.facebook.com\/boeck-GmbH-116687710252350\" \/>\n<meta property=\"article:modified_time\" content=\"2026-02-20T12:18:08+00:00\" \/>\n<meta property=\"og:image\" content=\"https:\/\/staging.boeck-technology.de\/wp-content\/uploads\/2025\/07\/art_3406.png\" \/>\n\t<meta property=\"og:image:width\" content=\"500\" \/>\n\t<meta property=\"og:image:height\" content=\"260\" \/>\n\t<meta property=\"og:image:type\" content=\"image\/png\" \/>\n<meta name=\"twitter:card\" content=\"summary_large_image\" \/>\n<script type=\"application\/ld+json\" class=\"yoast-schema-graph\">{\"@context\":\"https:\\\/\\\/schema.org\",\"@graph\":[{\"@type\":\"WebPage\",\"@id\":\"https:\\\/\\\/staging.boeck-technology.de\\\/shop\\\/zerspanungswerkzeuge\\\/entgraten-verrunden-finish\\\/entgratbuerstensegment\\\/\",\"url\":\"https:\\\/\\\/staging.boeck-technology.de\\\/shop\\\/zerspanungswerkzeuge\\\/entgraten-verrunden-finish\\\/entgratbuerstensegment\\\/\",\"name\":\"Entgratb\u00fcrstensegment - Entgraten, Verrunden &amp; Finish - boeck GmbH\",\"isPartOf\":{\"@id\":\"https:\\\/\\\/staging.boeck-technology.de\\\/#website\"},\"primaryImageOfPage\":{\"@id\":\"https:\\\/\\\/staging.boeck-technology.de\\\/shop\\\/zerspanungswerkzeuge\\\/entgraten-verrunden-finish\\\/entgratbuerstensegment\\\/#primaryimage\"},\"image\":{\"@id\":\"https:\\\/\\\/staging.boeck-technology.de\\\/shop\\\/zerspanungswerkzeuge\\\/entgraten-verrunden-finish\\\/entgratbuerstensegment\\\/#primaryimage\"},\"thumbnailUrl\":\"https:\\\/\\\/staging.boeck-technology.de\\\/wp-content\\\/uploads\\\/2025\\\/07\\\/art_3406.png\",\"datePublished\":\"2025-07-16T11:21:24+00:00\",\"dateModified\":\"2026-02-20T12:18:08+00:00\",\"breadcrumb\":{\"@id\":\"https:\\\/\\\/staging.boeck-technology.de\\\/shop\\\/zerspanungswerkzeuge\\\/entgraten-verrunden-finish\\\/entgratbuerstensegment\\\/#breadcrumb\"},\"inLanguage\":\"it-IT\",\"potentialAction\":[{\"@type\":\"ReadAction\",\"target\":[\"https:\\\/\\\/staging.boeck-technology.de\\\/shop\\\/zerspanungswerkzeuge\\\/entgraten-verrunden-finish\\\/entgratbuerstensegment\\\/\"]}]},{\"@type\":\"ImageObject\",\"inLanguage\":\"it-IT\",\"@id\":\"https:\\\/\\\/staging.boeck-technology.de\\\/shop\\\/zerspanungswerkzeuge\\\/entgraten-verrunden-finish\\\/entgratbuerstensegment\\\/#primaryimage\",\"url\":\"https:\\\/\\\/staging.boeck-technology.de\\\/wp-content\\\/uploads\\\/2025\\\/07\\\/art_3406.png\",\"contentUrl\":\"https:\\\/\\\/staging.boeck-technology.de\\\/wp-content\\\/uploads\\\/2025\\\/07\\\/art_3406.png\",\"width\":500,\"height\":260},{\"@type\":\"BreadcrumbList\",\"@id\":\"https:\\\/\\\/staging.boeck-technology.de\\\/shop\\\/zerspanungswerkzeuge\\\/entgraten-verrunden-finish\\\/entgratbuerstensegment\\\/#breadcrumb\",\"itemListElement\":[{\"@type\":\"ListItem\",\"position\":1,\"name\":\"Startseite\",\"item\":\"https:\\\/\\\/staging.boeck-technology.de\\\/\"},{\"@type\":\"ListItem\",\"position\":2,\"name\":\"Produkte\",\"item\":\"https:\\\/\\\/staging.boeck-technology.de\\\/shop\\\/\"},{\"@type\":\"ListItem\",\"position\":3,\"name\":\"Entgratb\u00fcrstensegment\"}]},{\"@type\":\"WebSite\",\"@id\":\"https:\\\/\\\/staging.boeck-technology.de\\\/#website\",\"url\":\"https:\\\/\\\/staging.boeck-technology.de\\\/\",\"name\":\"boeck GmbH\",\"description\":\"Ma\u00dfgeschneiderte Werkzeugl\u00f6sungen f\u00fcr Blechentgratung\",\"publisher\":{\"@id\":\"https:\\\/\\\/staging.boeck-technology.de\\\/#organization\"},\"potentialAction\":[{\"@type\":\"SearchAction\",\"target\":{\"@type\":\"EntryPoint\",\"urlTemplate\":\"https:\\\/\\\/staging.boeck-technology.de\\\/?s={search_term_string}\"},\"query-input\":{\"@type\":\"PropertyValueSpecification\",\"valueRequired\":true,\"valueName\":\"search_term_string\"}}],\"inLanguage\":\"it-IT\"},{\"@type\":\"Organization\",\"@id\":\"https:\\\/\\\/staging.boeck-technology.de\\\/#organization\",\"name\":\"boeck GmbH\",\"url\":\"https:\\\/\\\/staging.boeck-technology.de\\\/\",\"logo\":{\"@type\":\"ImageObject\",\"inLanguage\":\"it-IT\",\"@id\":\"https:\\\/\\\/staging.boeck-technology.de\\\/#\\\/schema\\\/logo\\\/image\\\/\",\"url\":\"https:\\\/\\\/staging.boeck-technology.de\\\/wp-content\\\/uploads\\\/2021\\\/06\\\/boeck_logo_farbe-e1646758378588.png\",\"contentUrl\":\"https:\\\/\\\/staging.boeck-technology.de\\\/wp-content\\\/uploads\\\/2021\\\/06\\\/boeck_logo_farbe-e1646758378588.png\",\"width\":250,\"height\":90,\"caption\":\"boeck GmbH\"},\"image\":{\"@id\":\"https:\\\/\\\/staging.boeck-technology.de\\\/#\\\/schema\\\/logo\\\/image\\\/\"},\"sameAs\":[\"https:\\\/\\\/www.facebook.com\\\/boeck-GmbH-116687710252350\"]}]}<\/script>\n<!-- \/ Yoast SEO Premium plugin. -->","yoast_head_json":{"title":"Entgratb\u00fcrstensegment - Entgraten, Verrunden &amp; Finish - boeck GmbH","robots":{"index":"noindex","follow":"follow","max-snippet":"max-snippet:-1","max-image-preview":"max-image-preview:large","max-video-preview":"max-video-preview:-1"},"og_locale":"it_IT","og_type":"article","og_title":"Entgratb\u00fcrstensegment","og_description":"Vielseitig einsetzbar f\u00fcr Entgraten und KantenbearbeitungErh\u00e4ltlich in unterschiedlichen K\u00f6rnungen (60, 80, 120)Kompatibel mit verschiedenen Aufnahmen (z. B. Bohrung 25 mm, M14)Flexible Drehrichtung (Rechtslauf, Linkslauf, Neutral) m\u00f6glichBesatzh\u00f6he 30 mm f\u00fcr effiziente und saubere Bearbeitung","og_url":"https:\/\/staging.boeck-technology.de\/it\/negozio\/utensile-da-asportazione-di-truciolo\/sbavatura-arrotondamento-finitura\/segmento-di-spazzola-per-sbavatura\/","og_site_name":"boeck GmbH","article_publisher":"https:\/\/www.facebook.com\/boeck-GmbH-116687710252350","article_modified_time":"2026-02-20T12:18:08+00:00","og_image":[{"width":500,"height":260,"url":"https:\/\/staging.boeck-technology.de\/wp-content\/uploads\/2025\/07\/art_3406.png","type":"image\/png"}],"twitter_card":"summary_large_image","schema":{"@context":"https:\/\/schema.org","@graph":[{"@type":"WebPage","@id":"https:\/\/staging.boeck-technology.de\/shop\/zerspanungswerkzeuge\/entgraten-verrunden-finish\/entgratbuerstensegment\/","url":"https:\/\/staging.boeck-technology.de\/shop\/zerspanungswerkzeuge\/entgraten-verrunden-finish\/entgratbuerstensegment\/","name":"Entgratb\u00fcrstensegment - Entgraten, Verrunden &amp; Finish - boeck GmbH","isPartOf":{"@id":"https:\/\/staging.boeck-technology.de\/#website"},"primaryImageOfPage":{"@id":"https:\/\/staging.boeck-technology.de\/shop\/zerspanungswerkzeuge\/entgraten-verrunden-finish\/entgratbuerstensegment\/#primaryimage"},"image":{"@id":"https:\/\/staging.boeck-technology.de\/shop\/zerspanungswerkzeuge\/entgraten-verrunden-finish\/entgratbuerstensegment\/#primaryimage"},"thumbnailUrl":"https:\/\/staging.boeck-technology.de\/wp-content\/uploads\/2025\/07\/art_3406.png","datePublished":"2025-07-16T11:21:24+00:00","dateModified":"2026-02-20T12:18:08+00:00","breadcrumb":{"@id":"https:\/\/staging.boeck-technology.de\/shop\/zerspanungswerkzeuge\/entgraten-verrunden-finish\/entgratbuerstensegment\/#breadcrumb"},"inLanguage":"it-IT","potentialAction":[{"@type":"ReadAction","target":["https:\/\/staging.boeck-technology.de\/shop\/zerspanungswerkzeuge\/entgraten-verrunden-finish\/entgratbuerstensegment\/"]}]},{"@type":"ImageObject","inLanguage":"it-IT","@id":"https:\/\/staging.boeck-technology.de\/shop\/zerspanungswerkzeuge\/entgraten-verrunden-finish\/entgratbuerstensegment\/#primaryimage","url":"https:\/\/staging.boeck-technology.de\/wp-content\/uploads\/2025\/07\/art_3406.png","contentUrl":"https:\/\/staging.boeck-technology.de\/wp-content\/uploads\/2025\/07\/art_3406.png","width":500,"height":260},{"@type":"BreadcrumbList","@id":"https:\/\/staging.boeck-technology.de\/shop\/zerspanungswerkzeuge\/entgraten-verrunden-finish\/entgratbuerstensegment\/#breadcrumb","itemListElement":[{"@type":"ListItem","position":1,"name":"Startseite","item":"https:\/\/staging.boeck-technology.de\/"},{"@type":"ListItem","position":2,"name":"Produkte","item":"https:\/\/staging.boeck-technology.de\/shop\/"},{"@type":"ListItem","position":3,"name":"Entgratb\u00fcrstensegment"}]},{"@type":"WebSite","@id":"https:\/\/staging.boeck-technology.de\/#website","url":"https:\/\/staging.boeck-technology.de\/","name":"boeck GmbH","description":"Soluzioni di utensili personalizzati per la sbavatura delle lamiere","publisher":{"@id":"https:\/\/staging.boeck-technology.de\/#organization"},"potentialAction":[{"@type":"SearchAction","target":{"@type":"EntryPoint","urlTemplate":"https:\/\/staging.boeck-technology.de\/?s={search_term_string}"},"query-input":{"@type":"PropertyValueSpecification","valueRequired":true,"valueName":"search_term_string"}}],"inLanguage":"it-IT"},{"@type":"Organization","@id":"https:\/\/staging.boeck-technology.de\/#organization","name":"boeck GmbH","url":"https:\/\/staging.boeck-technology.de\/","logo":{"@type":"ImageObject","inLanguage":"it-IT","@id":"https:\/\/staging.boeck-technology.de\/#\/schema\/logo\/image\/","url":"https:\/\/staging.boeck-technology.de\/wp-content\/uploads\/2021\/06\/boeck_logo_farbe-e1646758378588.png","contentUrl":"https:\/\/staging.boeck-technology.de\/wp-content\/uploads\/2021\/06\/boeck_logo_farbe-e1646758378588.png","width":250,"height":90,"caption":"boeck GmbH"},"image":{"@id":"https:\/\/staging.boeck-technology.de\/#\/schema\/logo\/image\/"},"sameAs":["https:\/\/www.facebook.com\/boeck-GmbH-116687710252350"]}]}},"_links":{"self":[{"href":"https:\/\/staging.boeck-technology.de\/it\/wp-json\/wp\/v2\/product\/6074055","targetHints":{"allow":["GET"]}}],"collection":[{"href":"https:\/\/staging.boeck-technology.de\/it\/wp-json\/wp\/v2\/product"}],"about":[{"href":"https:\/\/staging.boeck-technology.de\/it\/wp-json\/wp\/v2\/types\/product"}],"wp:featuredmedia":[{"embeddable":true,"href":"https:\/\/staging.boeck-technology.de\/it\/wp-json\/wp\/v2\/media\/6074017"}],"wp:attachment":[{"href":"https:\/\/staging.boeck-technology.de\/it\/wp-json\/wp\/v2\/media?parent=6074055"}],"wp:term":[{"taxonomy":"product_brand","embeddable":true,"href":"https:\/\/staging.boeck-technology.de\/it\/wp-json\/wp\/v2\/product_brand?post=6074055"},{"taxonomy":"product_cat","embeddable":true,"href":"https:\/\/staging.boeck-technology.de\/it\/wp-json\/wp\/v2\/product_cat?post=6074055"},{"taxonomy":"product_tag","embeddable":true,"href":"https:\/\/staging.boeck-technology.de\/it\/wp-json\/wp\/v2\/product_tag?post=6074055"}],"curies":[{"name":"wp","href":"https:\/\/api.w.org\/{rel}","templated":true}]}}