{"id":6073413,"date":"2025-07-16T13:06:51","date_gmt":"2025-07-16T11:06:51","guid":{"rendered":"https:\/\/bt25.wpm24.de\/shop\/unkategorisiert\/tellerbuerste\/"},"modified":"2026-02-25T09:38:53","modified_gmt":"2026-02-25T08:38:53","slug":"spazzola-a-disco","status":"publish","type":"product","link":"https:\/\/staging.boeck-technology.de\/it\/shop\/holzwerkzeuge\/strukturieren\/tellerbuerste\/","title":{"rendered":"Spazzola a disco"},"content":{"rendered":"<p>La spazzola a disco da 125 mm di diametro \u00e8 un utensile industriale altamente efficiente, specificamente progettato per applicazioni di finitura superficiale impegnative. Grazie al sistema di montaggio QUICK, la spazzola pu\u00f2 essere fissata in modo rapido e sicuro alle macchine con rotazione sia oraria che antioraria, garantendo un funzionamento flessibile e un risparmio di tempo.<\/p>\n<p>La spazzola \u00e8 disponibile in diverse tipologie di setole (F, FS, S, SMS, TF), ognuna con un design delle setole perfettamente abbinato, ad esempio K60, K80 o fili d&#039;acciaio con diametri precisi da 0,10 mm a 0,38 mm. Questa variabilit\u00e0 consente un adattamento ottimale a diversi materiali ed esigenze di pulizia.<\/p>\n<p>L&#039;altezza delle setole, da 30 mm a 45 mm, e il diametro delle setole, di 7 mm o 8 mm, garantiscono un&#039;eccellente stabilit\u00e0 e durata della spazzola, anche sotto carichi pesanti. L&#039;angolo piatto delle setole di 0\u00b0 assicura una pressione di lavoro uniforme e controllata, con conseguente lavorazione delicata del pezzo.<\/p>\n<p>A seconda delle esigenze, la spazzola a disco pu\u00f2 essere dotata di 2 o 3 file di denti per ottimizzare le prestazioni di pulizia o sbavatura. Questo strumento robusto e versatile \u00e8 quindi perfettamente adatto all&#039;uso professionale nell&#039;industria, nel commercio e nella produzione.<\/p>","protected":false},"excerpt":{"rendered":"<ul>\n<li>125 mm Durchmesser f\u00fcr effiziente Oberfl\u00e4chenbearbeitung<\/li>\n<li>Flexible QUICK-Aufnahme f\u00fcr einfache Montage<\/li>\n<li>Verf\u00fcgbar f\u00fcr Rechtslauf und Linkslauf<\/li>\n<li>Vielseitige Besatzarten und Ausf\u00fchrungen (K60, K80, Stahldraht 0,10\u20130,38 mm)<\/li>\n<li>Besatzh\u00f6hen zwischen 30 und 45 mm f\u00fcr hohe Stabilit\u00e4t<\/li>\n<li>0\u00b0 Besatzneigung f\u00fcr gleichm\u00e4\u00dfige Bearbeitung<\/li>\n<li>2 oder 3 Reihen zur Leistungssteigerung<\/li>\n<\/ul>","protected":false},"featured_media":6074014,"template":"","meta":{"_acf_changed":false},"product_brand":[],"product_cat":[2544],"product_tag":[],"class_list":{"0":"post-6073413","1":"product","2":"type-product","3":"status-publish","4":"has-post-thumbnail","6":"product_cat-strukturieren","8":"first","9":"instock","10":"purchasable","11":"product-type-simple"},"acf":[],"yoast_head":"<!-- This site is optimized with the Yoast SEO Premium plugin v18.3 (Yoast SEO v27.3) - https:\/\/yoast.com\/product\/yoast-seo-premium-wordpress\/ -->\n<title>Tellerb\u00fcrste - Strukturieren - boeck GmbH<\/title>\n<meta name=\"robots\" content=\"noindex, follow, max-snippet:-1, max-image-preview:large, max-video-preview:-1\" \/>\n<meta property=\"og:locale\" content=\"it_IT\" \/>\n<meta property=\"og:type\" content=\"article\" \/>\n<meta property=\"og:title\" content=\"Tellerb\u00fcrste\" \/>\n<meta property=\"og:description\" content=\"125 mm Durchmesser f\u00fcr effiziente Oberfl\u00e4chenbearbeitungFlexible QUICK-Aufnahme f\u00fcr einfache MontageVerf\u00fcgbar f\u00fcr Rechtslauf und LinkslaufVielseitige Besatzarten und Ausf\u00fchrungen (K60, K80, Stahldraht 0,10\u20130,38 mm)Besatzh\u00f6hen zwischen 30 und 45 mm f\u00fcr hohe Stabilit\u00e4t0\u00b0 Besatzneigung f\u00fcr gleichm\u00e4\u00dfige Bearbeitung2 oder 3 Reihen zur Leistungssteigerung\" \/>\n<meta property=\"og:url\" content=\"https:\/\/staging.boeck-technology.de\/it\/negozio\/utensili-di-legno\/struttura\/spazzola-a-disco\/\" \/>\n<meta property=\"og:site_name\" content=\"boeck GmbH\" \/>\n<meta property=\"article:publisher\" content=\"https:\/\/www.facebook.com\/boeck-GmbH-116687710252350\" \/>\n<meta property=\"article:modified_time\" content=\"2026-02-25T08:38:53+00:00\" \/>\n<meta property=\"og:image\" content=\"https:\/\/staging.boeck-technology.de\/wp-content\/uploads\/2025\/07\/art_6439.png\" \/>\n\t<meta property=\"og:image:width\" content=\"640\" \/>\n\t<meta property=\"og:image:height\" content=\"344\" \/>\n\t<meta property=\"og:image:type\" content=\"image\/png\" \/>\n<meta name=\"twitter:card\" content=\"summary_large_image\" \/>\n<meta name=\"twitter:label1\" content=\"Tempo di lettura stimato\" \/>\n\t<meta name=\"twitter:data1\" content=\"1 minuto\" \/>\n<script type=\"application\/ld+json\" class=\"yoast-schema-graph\">{\"@context\":\"https:\\\/\\\/schema.org\",\"@graph\":[{\"@type\":\"WebPage\",\"@id\":\"https:\\\/\\\/staging.boeck-technology.de\\\/shop\\\/holzwerkzeuge\\\/strukturieren\\\/tellerbuerste\\\/\",\"url\":\"https:\\\/\\\/staging.boeck-technology.de\\\/shop\\\/holzwerkzeuge\\\/strukturieren\\\/tellerbuerste\\\/\",\"name\":\"Tellerb\u00fcrste - Strukturieren - boeck GmbH\",\"isPartOf\":{\"@id\":\"https:\\\/\\\/staging.boeck-technology.de\\\/#website\"},\"primaryImageOfPage\":{\"@id\":\"https:\\\/\\\/staging.boeck-technology.de\\\/shop\\\/holzwerkzeuge\\\/strukturieren\\\/tellerbuerste\\\/#primaryimage\"},\"image\":{\"@id\":\"https:\\\/\\\/staging.boeck-technology.de\\\/shop\\\/holzwerkzeuge\\\/strukturieren\\\/tellerbuerste\\\/#primaryimage\"},\"thumbnailUrl\":\"https:\\\/\\\/staging.boeck-technology.de\\\/wp-content\\\/uploads\\\/2025\\\/07\\\/art_6439.png\",\"datePublished\":\"2025-07-16T11:06:51+00:00\",\"dateModified\":\"2026-02-25T08:38:53+00:00\",\"breadcrumb\":{\"@id\":\"https:\\\/\\\/staging.boeck-technology.de\\\/shop\\\/holzwerkzeuge\\\/strukturieren\\\/tellerbuerste\\\/#breadcrumb\"},\"inLanguage\":\"it-IT\",\"potentialAction\":[{\"@type\":\"ReadAction\",\"target\":[\"https:\\\/\\\/staging.boeck-technology.de\\\/shop\\\/holzwerkzeuge\\\/strukturieren\\\/tellerbuerste\\\/\"]}]},{\"@type\":\"ImageObject\",\"inLanguage\":\"it-IT\",\"@id\":\"https:\\\/\\\/staging.boeck-technology.de\\\/shop\\\/holzwerkzeuge\\\/strukturieren\\\/tellerbuerste\\\/#primaryimage\",\"url\":\"https:\\\/\\\/staging.boeck-technology.de\\\/wp-content\\\/uploads\\\/2025\\\/07\\\/art_6439.png\",\"contentUrl\":\"https:\\\/\\\/staging.boeck-technology.de\\\/wp-content\\\/uploads\\\/2025\\\/07\\\/art_6439.png\",\"width\":640,\"height\":344},{\"@type\":\"BreadcrumbList\",\"@id\":\"https:\\\/\\\/staging.boeck-technology.de\\\/shop\\\/holzwerkzeuge\\\/strukturieren\\\/tellerbuerste\\\/#breadcrumb\",\"itemListElement\":[{\"@type\":\"ListItem\",\"position\":1,\"name\":\"Startseite\",\"item\":\"https:\\\/\\\/staging.boeck-technology.de\\\/\"},{\"@type\":\"ListItem\",\"position\":2,\"name\":\"Produkte\",\"item\":\"https:\\\/\\\/staging.boeck-technology.de\\\/shop\\\/\"},{\"@type\":\"ListItem\",\"position\":3,\"name\":\"Tellerb\u00fcrste\"}]},{\"@type\":\"WebSite\",\"@id\":\"https:\\\/\\\/staging.boeck-technology.de\\\/#website\",\"url\":\"https:\\\/\\\/staging.boeck-technology.de\\\/\",\"name\":\"boeck GmbH\",\"description\":\"Ma\u00dfgeschneiderte Werkzeugl\u00f6sungen f\u00fcr Blechentgratung\",\"publisher\":{\"@id\":\"https:\\\/\\\/staging.boeck-technology.de\\\/#organization\"},\"potentialAction\":[{\"@type\":\"SearchAction\",\"target\":{\"@type\":\"EntryPoint\",\"urlTemplate\":\"https:\\\/\\\/staging.boeck-technology.de\\\/?s={search_term_string}\"},\"query-input\":{\"@type\":\"PropertyValueSpecification\",\"valueRequired\":true,\"valueName\":\"search_term_string\"}}],\"inLanguage\":\"it-IT\"},{\"@type\":\"Organization\",\"@id\":\"https:\\\/\\\/staging.boeck-technology.de\\\/#organization\",\"name\":\"boeck GmbH\",\"url\":\"https:\\\/\\\/staging.boeck-technology.de\\\/\",\"logo\":{\"@type\":\"ImageObject\",\"inLanguage\":\"it-IT\",\"@id\":\"https:\\\/\\\/staging.boeck-technology.de\\\/#\\\/schema\\\/logo\\\/image\\\/\",\"url\":\"https:\\\/\\\/staging.boeck-technology.de\\\/wp-content\\\/uploads\\\/2021\\\/06\\\/boeck_logo_farbe-e1646758378588.png\",\"contentUrl\":\"https:\\\/\\\/staging.boeck-technology.de\\\/wp-content\\\/uploads\\\/2021\\\/06\\\/boeck_logo_farbe-e1646758378588.png\",\"width\":250,\"height\":90,\"caption\":\"boeck GmbH\"},\"image\":{\"@id\":\"https:\\\/\\\/staging.boeck-technology.de\\\/#\\\/schema\\\/logo\\\/image\\\/\"},\"sameAs\":[\"https:\\\/\\\/www.facebook.com\\\/boeck-GmbH-116687710252350\"]}]}<\/script>\n<!-- \/ Yoast SEO Premium plugin. -->","yoast_head_json":{"title":"Spazzola a disco - Struttura - boeck GmbH","robots":{"index":"noindex","follow":"follow","max-snippet":"max-snippet:-1","max-image-preview":"max-image-preview:large","max-video-preview":"max-video-preview:-1"},"og_locale":"it_IT","og_type":"article","og_title":"Tellerb\u00fcrste","og_description":"125 mm Durchmesser f\u00fcr effiziente Oberfl\u00e4chenbearbeitungFlexible QUICK-Aufnahme f\u00fcr einfache MontageVerf\u00fcgbar f\u00fcr Rechtslauf und LinkslaufVielseitige Besatzarten und Ausf\u00fchrungen (K60, K80, Stahldraht 0,10\u20130,38 mm)Besatzh\u00f6hen zwischen 30 und 45 mm f\u00fcr hohe Stabilit\u00e4t0\u00b0 Besatzneigung f\u00fcr gleichm\u00e4\u00dfige Bearbeitung2 oder 3 Reihen zur Leistungssteigerung","og_url":"https:\/\/staging.boeck-technology.de\/it\/negozio\/utensili-di-legno\/struttura\/spazzola-a-disco\/","og_site_name":"boeck GmbH","article_publisher":"https:\/\/www.facebook.com\/boeck-GmbH-116687710252350","article_modified_time":"2026-02-25T08:38:53+00:00","og_image":[{"width":640,"height":344,"url":"https:\/\/staging.boeck-technology.de\/wp-content\/uploads\/2025\/07\/art_6439.png","type":"image\/png"}],"twitter_card":"summary_large_image","twitter_misc":{"Tempo di lettura stimato":"1 minuto"},"schema":{"@context":"https:\/\/schema.org","@graph":[{"@type":"WebPage","@id":"https:\/\/staging.boeck-technology.de\/shop\/holzwerkzeuge\/strukturieren\/tellerbuerste\/","url":"https:\/\/staging.boeck-technology.de\/shop\/holzwerkzeuge\/strukturieren\/tellerbuerste\/","name":"Spazzola a disco - Struttura - boeck GmbH","isPartOf":{"@id":"https:\/\/staging.boeck-technology.de\/#website"},"primaryImageOfPage":{"@id":"https:\/\/staging.boeck-technology.de\/shop\/holzwerkzeuge\/strukturieren\/tellerbuerste\/#primaryimage"},"image":{"@id":"https:\/\/staging.boeck-technology.de\/shop\/holzwerkzeuge\/strukturieren\/tellerbuerste\/#primaryimage"},"thumbnailUrl":"https:\/\/staging.boeck-technology.de\/wp-content\/uploads\/2025\/07\/art_6439.png","datePublished":"2025-07-16T11:06:51+00:00","dateModified":"2026-02-25T08:38:53+00:00","breadcrumb":{"@id":"https:\/\/staging.boeck-technology.de\/shop\/holzwerkzeuge\/strukturieren\/tellerbuerste\/#breadcrumb"},"inLanguage":"it-IT","potentialAction":[{"@type":"ReadAction","target":["https:\/\/staging.boeck-technology.de\/shop\/holzwerkzeuge\/strukturieren\/tellerbuerste\/"]}]},{"@type":"ImageObject","inLanguage":"it-IT","@id":"https:\/\/staging.boeck-technology.de\/shop\/holzwerkzeuge\/strukturieren\/tellerbuerste\/#primaryimage","url":"https:\/\/staging.boeck-technology.de\/wp-content\/uploads\/2025\/07\/art_6439.png","contentUrl":"https:\/\/staging.boeck-technology.de\/wp-content\/uploads\/2025\/07\/art_6439.png","width":640,"height":344},{"@type":"BreadcrumbList","@id":"https:\/\/staging.boeck-technology.de\/shop\/holzwerkzeuge\/strukturieren\/tellerbuerste\/#breadcrumb","itemListElement":[{"@type":"ListItem","position":1,"name":"Startseite","item":"https:\/\/staging.boeck-technology.de\/"},{"@type":"ListItem","position":2,"name":"Produkte","item":"https:\/\/staging.boeck-technology.de\/shop\/"},{"@type":"ListItem","position":3,"name":"Tellerb\u00fcrste"}]},{"@type":"WebSite","@id":"https:\/\/staging.boeck-technology.de\/#website","url":"https:\/\/staging.boeck-technology.de\/","name":"boeck GmbH","description":"Soluzioni di utensili personalizzati per la sbavatura delle lamiere","publisher":{"@id":"https:\/\/staging.boeck-technology.de\/#organization"},"potentialAction":[{"@type":"SearchAction","target":{"@type":"EntryPoint","urlTemplate":"https:\/\/staging.boeck-technology.de\/?s={search_term_string}"},"query-input":{"@type":"PropertyValueSpecification","valueRequired":true,"valueName":"search_term_string"}}],"inLanguage":"it-IT"},{"@type":"Organization","@id":"https:\/\/staging.boeck-technology.de\/#organization","name":"boeck GmbH","url":"https:\/\/staging.boeck-technology.de\/","logo":{"@type":"ImageObject","inLanguage":"it-IT","@id":"https:\/\/staging.boeck-technology.de\/#\/schema\/logo\/image\/","url":"https:\/\/staging.boeck-technology.de\/wp-content\/uploads\/2021\/06\/boeck_logo_farbe-e1646758378588.png","contentUrl":"https:\/\/staging.boeck-technology.de\/wp-content\/uploads\/2021\/06\/boeck_logo_farbe-e1646758378588.png","width":250,"height":90,"caption":"boeck GmbH"},"image":{"@id":"https:\/\/staging.boeck-technology.de\/#\/schema\/logo\/image\/"},"sameAs":["https:\/\/www.facebook.com\/boeck-GmbH-116687710252350"]}]}},"_links":{"self":[{"href":"https:\/\/staging.boeck-technology.de\/it\/wp-json\/wp\/v2\/product\/6073413","targetHints":{"allow":["GET"]}}],"collection":[{"href":"https:\/\/staging.boeck-technology.de\/it\/wp-json\/wp\/v2\/product"}],"about":[{"href":"https:\/\/staging.boeck-technology.de\/it\/wp-json\/wp\/v2\/types\/product"}],"wp:featuredmedia":[{"embeddable":true,"href":"https:\/\/staging.boeck-technology.de\/it\/wp-json\/wp\/v2\/media\/6074014"}],"wp:attachment":[{"href":"https:\/\/staging.boeck-technology.de\/it\/wp-json\/wp\/v2\/media?parent=6073413"}],"wp:term":[{"taxonomy":"product_brand","embeddable":true,"href":"https:\/\/staging.boeck-technology.de\/it\/wp-json\/wp\/v2\/product_brand?post=6073413"},{"taxonomy":"product_cat","embeddable":true,"href":"https:\/\/staging.boeck-technology.de\/it\/wp-json\/wp\/v2\/product_cat?post=6073413"},{"taxonomy":"product_tag","embeddable":true,"href":"https:\/\/staging.boeck-technology.de\/it\/wp-json\/wp\/v2\/product_tag?post=6073413"}],"curies":[{"name":"wp","href":"https:\/\/api.w.org\/{rel}","templated":true}]}}