{"id":6073412,"date":"2025-07-16T13:06:51","date_gmt":"2025-07-16T11:06:51","guid":{"rendered":"https:\/\/bt25.wpm24.de\/shop\/unkategorisiert\/spiralrundbuerste\/"},"modified":"2026-02-25T09:39:35","modified_gmt":"2026-02-25T08:39:35","slug":"spazzola-circolare-a-spirale","status":"publish","type":"product","link":"https:\/\/staging.boeck-technology.de\/it\/shop\/holzwerkzeuge\/strukturieren\/spiralrundbuerste\/","title":{"rendered":"Spazzola circolare a spirale"},"content":{"rendered":"<p>La spazzola tonda a spirale \u00e8 uno strumento preciso e versatile per applicazioni professionali di finitura delle superfici. Ha una grana di 80 ed \u00e8 disponibile con diametri esterni di 100 mm e 150 mm, il che la rende ideale per un&#039;ampia variet\u00e0 di lavori su metallo, legno o plastica.<\/p>\n<p>Grazie alla sua rotazione neutra, la spazzola \u00e8 universalmente applicabile e garantisce un trattamento uniforme dei pezzi. Il diametro delle setole varia tra 0,10 mm e 1,20 mm, consentendo un adattamento ottimale a ciascuna applicazione.<\/p>\n<p>La spazzola tonda a spirale \u00e8 disponibile con diverse tipologie di setole (F, TF, W) e in una versione leggera per soddisfare un&#039;ampia gamma di esigenze di finitura superficiale. Il foro pu\u00f2 essere scelto nelle misure di 12 mm, 19 mm o 30 mm, opzionalmente con scanalatura per chiavetta o foro standard per un montaggio facile e sicuro. Larghezze da 100 mm a 140 mm e diametri del corpo di 30 mm o 50 mm aumentano ulteriormente la versatilit\u00e0 di questo strumento.<\/p>\n<p>Questa spazzola a spirale si distingue per resistenza, precisione e facilit\u00e0 d&#039;uso, caratteristiche che la rendono uno strumento indispensabile per i professionisti.<\/p>","protected":false},"excerpt":{"rendered":"<ul>\n<li>K\u00f6rnung 80 f\u00fcr effiziente Oberfl\u00e4chenbearbeitung<\/li>\n<li>Verf\u00fcgbar in Au\u00dfendurchmesser 100 mm und 150 mm<\/li>\n<li>Neutral drehend \u2013 universell einsetzbar<\/li>\n<li>Verschiedene Besatzarten: F, TF, W in leichter Ausf\u00fchrung<\/li>\n<li>Bohrungen 12 mm, 19 mm, 30 mm, Keilnut oder Standard<\/li>\n<li>Borstendurchmesser von 0,10 mm bis 1,20 mm<\/li>\n<li>Breiten von 100 mm bis 140 mm, K\u00f6rperdurchmesser 30 mm oder 50 mm<\/li>\n<li>Langlebig, pr\u00e4zise und einfach zu montieren<\/li>\n<\/ul>","protected":false},"featured_media":6074013,"template":"","meta":{"_acf_changed":false},"product_brand":[],"product_cat":[2544],"product_tag":[],"class_list":{"0":"post-6073412","1":"product","2":"type-product","3":"status-publish","4":"has-post-thumbnail","6":"product_cat-strukturieren","8":"first","9":"instock","10":"purchasable","11":"product-type-simple"},"acf":[],"yoast_head":"<!-- This site is optimized with the Yoast SEO Premium plugin v18.3 (Yoast SEO v27.3) - https:\/\/yoast.com\/product\/yoast-seo-premium-wordpress\/ -->\n<title>Spiralrundb\u00fcrste - Strukturieren - boeck GmbH<\/title>\n<meta name=\"robots\" content=\"noindex, follow, max-snippet:-1, max-image-preview:large, max-video-preview:-1\" \/>\n<meta property=\"og:locale\" content=\"it_IT\" \/>\n<meta property=\"og:type\" content=\"article\" \/>\n<meta property=\"og:title\" content=\"Spiralrundb\u00fcrste\" \/>\n<meta property=\"og:description\" content=\"K\u00f6rnung 80 f\u00fcr effiziente Oberfl\u00e4chenbearbeitungVerf\u00fcgbar in Au\u00dfendurchmesser 100 mm und 150 mmNeutral drehend \u2013 universell einsetzbarVerschiedene Besatzarten: F, TF, W in leichter Ausf\u00fchrungBohrungen 12 mm, 19 mm, 30 mm, Keilnut oder StandardBorstendurchmesser von 0,10 mm bis 1,20 mmBreiten von 100 mm bis 140 mm, K\u00f6rperdurchmesser 30 mm oder 50 mmLanglebig, pr\u00e4zise und einfach zu montieren\" \/>\n<meta property=\"og:url\" content=\"https:\/\/staging.boeck-technology.de\/it\/negozio\/utensili-di-legno\/struttura\/spazzola-circolare-a-spirale\/\" \/>\n<meta property=\"og:site_name\" content=\"boeck GmbH\" \/>\n<meta property=\"article:publisher\" content=\"https:\/\/www.facebook.com\/boeck-GmbH-116687710252350\" \/>\n<meta property=\"article:modified_time\" content=\"2026-02-25T08:39:35+00:00\" \/>\n<meta property=\"og:image\" content=\"https:\/\/staging.boeck-technology.de\/wp-content\/uploads\/2025\/07\/art_7231.png\" \/>\n\t<meta property=\"og:image:width\" content=\"500\" \/>\n\t<meta property=\"og:image:height\" content=\"432\" \/>\n\t<meta property=\"og:image:type\" content=\"image\/png\" \/>\n<meta name=\"twitter:card\" content=\"summary_large_image\" \/>\n<meta name=\"twitter:label1\" content=\"Tempo di lettura stimato\" \/>\n\t<meta name=\"twitter:data1\" content=\"1 minuto\" \/>\n<script type=\"application\/ld+json\" class=\"yoast-schema-graph\">{\"@context\":\"https:\\\/\\\/schema.org\",\"@graph\":[{\"@type\":\"WebPage\",\"@id\":\"https:\\\/\\\/staging.boeck-technology.de\\\/shop\\\/holzwerkzeuge\\\/strukturieren\\\/spiralrundbuerste\\\/\",\"url\":\"https:\\\/\\\/staging.boeck-technology.de\\\/shop\\\/holzwerkzeuge\\\/strukturieren\\\/spiralrundbuerste\\\/\",\"name\":\"Spiralrundb\u00fcrste - Strukturieren - boeck GmbH\",\"isPartOf\":{\"@id\":\"https:\\\/\\\/staging.boeck-technology.de\\\/#website\"},\"primaryImageOfPage\":{\"@id\":\"https:\\\/\\\/staging.boeck-technology.de\\\/shop\\\/holzwerkzeuge\\\/strukturieren\\\/spiralrundbuerste\\\/#primaryimage\"},\"image\":{\"@id\":\"https:\\\/\\\/staging.boeck-technology.de\\\/shop\\\/holzwerkzeuge\\\/strukturieren\\\/spiralrundbuerste\\\/#primaryimage\"},\"thumbnailUrl\":\"https:\\\/\\\/staging.boeck-technology.de\\\/wp-content\\\/uploads\\\/2025\\\/07\\\/art_7231.png\",\"datePublished\":\"2025-07-16T11:06:51+00:00\",\"dateModified\":\"2026-02-25T08:39:35+00:00\",\"breadcrumb\":{\"@id\":\"https:\\\/\\\/staging.boeck-technology.de\\\/shop\\\/holzwerkzeuge\\\/strukturieren\\\/spiralrundbuerste\\\/#breadcrumb\"},\"inLanguage\":\"it-IT\",\"potentialAction\":[{\"@type\":\"ReadAction\",\"target\":[\"https:\\\/\\\/staging.boeck-technology.de\\\/shop\\\/holzwerkzeuge\\\/strukturieren\\\/spiralrundbuerste\\\/\"]}]},{\"@type\":\"ImageObject\",\"inLanguage\":\"it-IT\",\"@id\":\"https:\\\/\\\/staging.boeck-technology.de\\\/shop\\\/holzwerkzeuge\\\/strukturieren\\\/spiralrundbuerste\\\/#primaryimage\",\"url\":\"https:\\\/\\\/staging.boeck-technology.de\\\/wp-content\\\/uploads\\\/2025\\\/07\\\/art_7231.png\",\"contentUrl\":\"https:\\\/\\\/staging.boeck-technology.de\\\/wp-content\\\/uploads\\\/2025\\\/07\\\/art_7231.png\",\"width\":500,\"height\":432},{\"@type\":\"BreadcrumbList\",\"@id\":\"https:\\\/\\\/staging.boeck-technology.de\\\/shop\\\/holzwerkzeuge\\\/strukturieren\\\/spiralrundbuerste\\\/#breadcrumb\",\"itemListElement\":[{\"@type\":\"ListItem\",\"position\":1,\"name\":\"Startseite\",\"item\":\"https:\\\/\\\/staging.boeck-technology.de\\\/\"},{\"@type\":\"ListItem\",\"position\":2,\"name\":\"Produkte\",\"item\":\"https:\\\/\\\/staging.boeck-technology.de\\\/shop\\\/\"},{\"@type\":\"ListItem\",\"position\":3,\"name\":\"Spiralrundb\u00fcrste\"}]},{\"@type\":\"WebSite\",\"@id\":\"https:\\\/\\\/staging.boeck-technology.de\\\/#website\",\"url\":\"https:\\\/\\\/staging.boeck-technology.de\\\/\",\"name\":\"boeck GmbH\",\"description\":\"Ma\u00dfgeschneiderte Werkzeugl\u00f6sungen f\u00fcr Blechentgratung\",\"publisher\":{\"@id\":\"https:\\\/\\\/staging.boeck-technology.de\\\/#organization\"},\"potentialAction\":[{\"@type\":\"SearchAction\",\"target\":{\"@type\":\"EntryPoint\",\"urlTemplate\":\"https:\\\/\\\/staging.boeck-technology.de\\\/?s={search_term_string}\"},\"query-input\":{\"@type\":\"PropertyValueSpecification\",\"valueRequired\":true,\"valueName\":\"search_term_string\"}}],\"inLanguage\":\"it-IT\"},{\"@type\":\"Organization\",\"@id\":\"https:\\\/\\\/staging.boeck-technology.de\\\/#organization\",\"name\":\"boeck GmbH\",\"url\":\"https:\\\/\\\/staging.boeck-technology.de\\\/\",\"logo\":{\"@type\":\"ImageObject\",\"inLanguage\":\"it-IT\",\"@id\":\"https:\\\/\\\/staging.boeck-technology.de\\\/#\\\/schema\\\/logo\\\/image\\\/\",\"url\":\"https:\\\/\\\/staging.boeck-technology.de\\\/wp-content\\\/uploads\\\/2021\\\/06\\\/boeck_logo_farbe-e1646758378588.png\",\"contentUrl\":\"https:\\\/\\\/staging.boeck-technology.de\\\/wp-content\\\/uploads\\\/2021\\\/06\\\/boeck_logo_farbe-e1646758378588.png\",\"width\":250,\"height\":90,\"caption\":\"boeck GmbH\"},\"image\":{\"@id\":\"https:\\\/\\\/staging.boeck-technology.de\\\/#\\\/schema\\\/logo\\\/image\\\/\"},\"sameAs\":[\"https:\\\/\\\/www.facebook.com\\\/boeck-GmbH-116687710252350\"]}]}<\/script>\n<!-- \/ Yoast SEO Premium plugin. -->","yoast_head_json":{"title":"Spazzola circolare a spirale - Struttura - boeck GmbH","robots":{"index":"noindex","follow":"follow","max-snippet":"max-snippet:-1","max-image-preview":"max-image-preview:large","max-video-preview":"max-video-preview:-1"},"og_locale":"it_IT","og_type":"article","og_title":"Spiralrundb\u00fcrste","og_description":"K\u00f6rnung 80 f\u00fcr effiziente Oberfl\u00e4chenbearbeitungVerf\u00fcgbar in Au\u00dfendurchmesser 100 mm und 150 mmNeutral drehend \u2013 universell einsetzbarVerschiedene Besatzarten: F, TF, W in leichter Ausf\u00fchrungBohrungen 12 mm, 19 mm, 30 mm, Keilnut oder StandardBorstendurchmesser von 0,10 mm bis 1,20 mmBreiten von 100 mm bis 140 mm, K\u00f6rperdurchmesser 30 mm oder 50 mmLanglebig, pr\u00e4zise und einfach zu montieren","og_url":"https:\/\/staging.boeck-technology.de\/it\/negozio\/utensili-di-legno\/struttura\/spazzola-circolare-a-spirale\/","og_site_name":"boeck GmbH","article_publisher":"https:\/\/www.facebook.com\/boeck-GmbH-116687710252350","article_modified_time":"2026-02-25T08:39:35+00:00","og_image":[{"width":500,"height":432,"url":"https:\/\/staging.boeck-technology.de\/wp-content\/uploads\/2025\/07\/art_7231.png","type":"image\/png"}],"twitter_card":"summary_large_image","twitter_misc":{"Tempo di lettura stimato":"1 minuto"},"schema":{"@context":"https:\/\/schema.org","@graph":[{"@type":"WebPage","@id":"https:\/\/staging.boeck-technology.de\/shop\/holzwerkzeuge\/strukturieren\/spiralrundbuerste\/","url":"https:\/\/staging.boeck-technology.de\/shop\/holzwerkzeuge\/strukturieren\/spiralrundbuerste\/","name":"Spazzola circolare a spirale - Struttura - boeck GmbH","isPartOf":{"@id":"https:\/\/staging.boeck-technology.de\/#website"},"primaryImageOfPage":{"@id":"https:\/\/staging.boeck-technology.de\/shop\/holzwerkzeuge\/strukturieren\/spiralrundbuerste\/#primaryimage"},"image":{"@id":"https:\/\/staging.boeck-technology.de\/shop\/holzwerkzeuge\/strukturieren\/spiralrundbuerste\/#primaryimage"},"thumbnailUrl":"https:\/\/staging.boeck-technology.de\/wp-content\/uploads\/2025\/07\/art_7231.png","datePublished":"2025-07-16T11:06:51+00:00","dateModified":"2026-02-25T08:39:35+00:00","breadcrumb":{"@id":"https:\/\/staging.boeck-technology.de\/shop\/holzwerkzeuge\/strukturieren\/spiralrundbuerste\/#breadcrumb"},"inLanguage":"it-IT","potentialAction":[{"@type":"ReadAction","target":["https:\/\/staging.boeck-technology.de\/shop\/holzwerkzeuge\/strukturieren\/spiralrundbuerste\/"]}]},{"@type":"ImageObject","inLanguage":"it-IT","@id":"https:\/\/staging.boeck-technology.de\/shop\/holzwerkzeuge\/strukturieren\/spiralrundbuerste\/#primaryimage","url":"https:\/\/staging.boeck-technology.de\/wp-content\/uploads\/2025\/07\/art_7231.png","contentUrl":"https:\/\/staging.boeck-technology.de\/wp-content\/uploads\/2025\/07\/art_7231.png","width":500,"height":432},{"@type":"BreadcrumbList","@id":"https:\/\/staging.boeck-technology.de\/shop\/holzwerkzeuge\/strukturieren\/spiralrundbuerste\/#breadcrumb","itemListElement":[{"@type":"ListItem","position":1,"name":"Startseite","item":"https:\/\/staging.boeck-technology.de\/"},{"@type":"ListItem","position":2,"name":"Produkte","item":"https:\/\/staging.boeck-technology.de\/shop\/"},{"@type":"ListItem","position":3,"name":"Spiralrundb\u00fcrste"}]},{"@type":"WebSite","@id":"https:\/\/staging.boeck-technology.de\/#website","url":"https:\/\/staging.boeck-technology.de\/","name":"boeck GmbH","description":"Soluzioni di utensili personalizzati per la sbavatura delle lamiere","publisher":{"@id":"https:\/\/staging.boeck-technology.de\/#organization"},"potentialAction":[{"@type":"SearchAction","target":{"@type":"EntryPoint","urlTemplate":"https:\/\/staging.boeck-technology.de\/?s={search_term_string}"},"query-input":{"@type":"PropertyValueSpecification","valueRequired":true,"valueName":"search_term_string"}}],"inLanguage":"it-IT"},{"@type":"Organization","@id":"https:\/\/staging.boeck-technology.de\/#organization","name":"boeck GmbH","url":"https:\/\/staging.boeck-technology.de\/","logo":{"@type":"ImageObject","inLanguage":"it-IT","@id":"https:\/\/staging.boeck-technology.de\/#\/schema\/logo\/image\/","url":"https:\/\/staging.boeck-technology.de\/wp-content\/uploads\/2021\/06\/boeck_logo_farbe-e1646758378588.png","contentUrl":"https:\/\/staging.boeck-technology.de\/wp-content\/uploads\/2021\/06\/boeck_logo_farbe-e1646758378588.png","width":250,"height":90,"caption":"boeck GmbH"},"image":{"@id":"https:\/\/staging.boeck-technology.de\/#\/schema\/logo\/image\/"},"sameAs":["https:\/\/www.facebook.com\/boeck-GmbH-116687710252350"]}]}},"_links":{"self":[{"href":"https:\/\/staging.boeck-technology.de\/it\/wp-json\/wp\/v2\/product\/6073412","targetHints":{"allow":["GET"]}}],"collection":[{"href":"https:\/\/staging.boeck-technology.de\/it\/wp-json\/wp\/v2\/product"}],"about":[{"href":"https:\/\/staging.boeck-technology.de\/it\/wp-json\/wp\/v2\/types\/product"}],"wp:featuredmedia":[{"embeddable":true,"href":"https:\/\/staging.boeck-technology.de\/it\/wp-json\/wp\/v2\/media\/6074013"}],"wp:attachment":[{"href":"https:\/\/staging.boeck-technology.de\/it\/wp-json\/wp\/v2\/media?parent=6073412"}],"wp:term":[{"taxonomy":"product_brand","embeddable":true,"href":"https:\/\/staging.boeck-technology.de\/it\/wp-json\/wp\/v2\/product_brand?post=6073412"},{"taxonomy":"product_cat","embeddable":true,"href":"https:\/\/staging.boeck-technology.de\/it\/wp-json\/wp\/v2\/product_cat?post=6073412"},{"taxonomy":"product_tag","embeddable":true,"href":"https:\/\/staging.boeck-technology.de\/it\/wp-json\/wp\/v2\/product_tag?post=6073412"}],"curies":[{"name":"wp","href":"https:\/\/api.w.org\/{rel}","templated":true}]}}