{"id":6079125,"date":"2026-02-23T10:01:35","date_gmt":"2026-02-23T09:01:35","guid":{"rendered":"https:\/\/bt25.wpm24.de\/?post_type=product&#038;p=6079125"},"modified":"2026-03-23T09:37:09","modified_gmt":"2026-03-23T08:37:09","slug":"brosse-a-marteaux-a-scories-tole","status":"publish","type":"product","link":"https:\/\/staging.boeck-technology.de\/fr\/shop\/blechwerkzeuge\/schlackeentfernung-blechwerkzeuge\/schlackehammerbuerste-blech\/","title":{"rendered":"Brosse \u00e0 marteaux \u00e0 scories"},"content":{"rendered":"<p>La brosse \u00e0 marteler est un accessoire indispensable pour le nettoyage et le traitement efficaces des surfaces m\u00e9talliques dans les applications industrielles. Sa construction robuste et sa grande durabilit\u00e9 permettent d&#039;\u00e9liminer rapidement m\u00eame les scories tenaces, la rouille et autres contaminants. La brosse est disponible en diff\u00e9rents diam\u00e8tres pour s&#039;adapter \u00e0 diff\u00e9rentes machines.<\/p>\n<p>Les options de montage, comme le filetage M14 (rotation horaire), permettent une fixation flexible et s\u00fbre sur diverses meuleuses d&#039;angle ou autres outils rotatifs. Les diff\u00e9rents niveaux de duret\u00e9 offrent un \u00e9quilibre optimal entre nettoyage agressif et protection des mat\u00e9riaux, convenant \u00e0 une large gamme d&#039;applications.<\/p>\n<p>Gr\u00e2ce \u00e0 ses multiples rang\u00e9es (simple, double, triple), la brosse s&#039;adapte individuellement aux exigences de nettoyage sp\u00e9cifiques. La brosse pour marteau \u00e0 scories impressionne par sa longue dur\u00e9e de vie et ses hautes performances, ce qui en fait un outil fiable pour toutes les op\u00e9rations de nettoyage et de d\u00e9capage de la rouille en m\u00e9tallurgie.<\/p>","protected":false},"excerpt":{"rendered":"<ul>\n<li>Robuste und langlebige B\u00fcrste zur Entfernung von Schlacke, Rost und Verunreinigungen<\/li>\n<li>Flexible Aufnahmeoptionen, z.B. Gewinde M14 (Rechtslauf), passend f\u00fcr viele Werkzeuge<\/li>\n<li>Verschiedene Durchmesser f\u00fcr individuelle Anwendung<\/li>\n<li>H\u00e4rtestufen 1 bis 4 f\u00fcr ma\u00dfgeschneiderte Reinigungsergebnisse<\/li>\n<li>Einreihige bis dreireihige Borstenanordnung f\u00fcr optimale Effizienz<\/li>\n<\/ul>","protected":false},"featured_media":6074032,"template":"","meta":{"_acf_changed":false},"product_brand":[],"product_cat":[2567],"product_tag":[],"class_list":{"0":"post-6079125","1":"product","2":"type-product","3":"status-publish","4":"has-post-thumbnail","6":"product_cat-schlackeentfernung-blechwerkzeuge","8":"first","9":"instock","10":"purchasable","11":"product-type-simple"},"acf":[],"yoast_head":"<!-- This site is optimized with the Yoast SEO Premium plugin v18.3 (Yoast SEO v27.3) - https:\/\/yoast.com\/product\/yoast-seo-premium-wordpress\/ -->\n<title>Schlackehammerb\u00fcrste - Schlackeentfernung - boeck GmbH<\/title>\n<meta name=\"robots\" content=\"noindex, follow, max-snippet:-1, max-image-preview:large, max-video-preview:-1\" \/>\n<meta property=\"og:locale\" content=\"fr_FR\" \/>\n<meta property=\"og:type\" content=\"article\" \/>\n<meta property=\"og:title\" content=\"Schlackehammerb\u00fcrste\" \/>\n<meta property=\"og:description\" content=\"Robuste und langlebige B\u00fcrste zur Entfernung von Schlacke, Rost und Verunreinigungen  Flexible Aufnahmeoptionen, z.B. Gewinde M14 (Rechtslauf), passend f\u00fcr viele Werkzeuge  Verschiedene Durchmesser f\u00fcr individuelle Anwendung  H\u00e4rtestufen 1 bis 4 f\u00fcr ma\u00dfgeschneiderte Reinigungsergebnisse  Einreihige bis dreireihige Borstenanordnung f\u00fcr optimale Effizienz\" \/>\n<meta property=\"og:url\" content=\"https:\/\/staging.boeck-technology.de\/fr\/boutique\/outils-pour-la-tole\/enlevement-des-scories-de-la-tole\/brosse-a-marteaux-a-scories-tole\/\" \/>\n<meta property=\"og:site_name\" content=\"boeck GmbH\" \/>\n<meta property=\"article:publisher\" content=\"https:\/\/www.facebook.com\/boeck-GmbH-116687710252350\" \/>\n<meta property=\"article:modified_time\" content=\"2026-03-23T08:37:09+00:00\" \/>\n<meta property=\"og:image\" content=\"https:\/\/staging.boeck-technology.de\/wp-content\/uploads\/2025\/07\/art_3621.png\" \/>\n\t<meta property=\"og:image:width\" content=\"500\" \/>\n\t<meta property=\"og:image:height\" content=\"284\" \/>\n\t<meta property=\"og:image:type\" content=\"image\/png\" \/>\n<meta name=\"twitter:card\" content=\"summary_large_image\" \/>\n<meta name=\"twitter:label1\" content=\"Dur\u00e9e de lecture estim\u00e9e\" \/>\n\t<meta name=\"twitter:data1\" content=\"1 minute\" \/>\n<script type=\"application\/ld+json\" class=\"yoast-schema-graph\">{\"@context\":\"https:\\\/\\\/schema.org\",\"@graph\":[{\"@type\":\"WebPage\",\"@id\":\"https:\\\/\\\/staging.boeck-technology.de\\\/shop\\\/blechwerkzeuge\\\/schlackeentfernung-blechwerkzeuge\\\/schlackehammerbuerste-blech\\\/\",\"url\":\"https:\\\/\\\/staging.boeck-technology.de\\\/shop\\\/blechwerkzeuge\\\/schlackeentfernung-blechwerkzeuge\\\/schlackehammerbuerste-blech\\\/\",\"name\":\"Schlackehammerb\u00fcrste - Schlackeentfernung - boeck GmbH\",\"isPartOf\":{\"@id\":\"https:\\\/\\\/staging.boeck-technology.de\\\/#website\"},\"primaryImageOfPage\":{\"@id\":\"https:\\\/\\\/staging.boeck-technology.de\\\/shop\\\/blechwerkzeuge\\\/schlackeentfernung-blechwerkzeuge\\\/schlackehammerbuerste-blech\\\/#primaryimage\"},\"image\":{\"@id\":\"https:\\\/\\\/staging.boeck-technology.de\\\/shop\\\/blechwerkzeuge\\\/schlackeentfernung-blechwerkzeuge\\\/schlackehammerbuerste-blech\\\/#primaryimage\"},\"thumbnailUrl\":\"https:\\\/\\\/staging.boeck-technology.de\\\/wp-content\\\/uploads\\\/2025\\\/07\\\/art_3621.png\",\"datePublished\":\"2026-02-23T09:01:35+00:00\",\"dateModified\":\"2026-03-23T08:37:09+00:00\",\"breadcrumb\":{\"@id\":\"https:\\\/\\\/staging.boeck-technology.de\\\/shop\\\/blechwerkzeuge\\\/schlackeentfernung-blechwerkzeuge\\\/schlackehammerbuerste-blech\\\/#breadcrumb\"},\"inLanguage\":\"fr-FR\",\"potentialAction\":[{\"@type\":\"ReadAction\",\"target\":[\"https:\\\/\\\/staging.boeck-technology.de\\\/shop\\\/blechwerkzeuge\\\/schlackeentfernung-blechwerkzeuge\\\/schlackehammerbuerste-blech\\\/\"]}]},{\"@type\":\"ImageObject\",\"inLanguage\":\"fr-FR\",\"@id\":\"https:\\\/\\\/staging.boeck-technology.de\\\/shop\\\/blechwerkzeuge\\\/schlackeentfernung-blechwerkzeuge\\\/schlackehammerbuerste-blech\\\/#primaryimage\",\"url\":\"https:\\\/\\\/staging.boeck-technology.de\\\/wp-content\\\/uploads\\\/2025\\\/07\\\/art_3621.png\",\"contentUrl\":\"https:\\\/\\\/staging.boeck-technology.de\\\/wp-content\\\/uploads\\\/2025\\\/07\\\/art_3621.png\",\"width\":500,\"height\":284},{\"@type\":\"BreadcrumbList\",\"@id\":\"https:\\\/\\\/staging.boeck-technology.de\\\/shop\\\/blechwerkzeuge\\\/schlackeentfernung-blechwerkzeuge\\\/schlackehammerbuerste-blech\\\/#breadcrumb\",\"itemListElement\":[{\"@type\":\"ListItem\",\"position\":1,\"name\":\"Startseite\",\"item\":\"https:\\\/\\\/staging.boeck-technology.de\\\/\"},{\"@type\":\"ListItem\",\"position\":2,\"name\":\"Produkte\",\"item\":\"https:\\\/\\\/staging.boeck-technology.de\\\/shop\\\/\"},{\"@type\":\"ListItem\",\"position\":3,\"name\":\"Schlackehammerb\u00fcrste\"}]},{\"@type\":\"WebSite\",\"@id\":\"https:\\\/\\\/staging.boeck-technology.de\\\/#website\",\"url\":\"https:\\\/\\\/staging.boeck-technology.de\\\/\",\"name\":\"boeck GmbH\",\"description\":\"Ma\u00dfgeschneiderte Werkzeugl\u00f6sungen f\u00fcr Blechentgratung\",\"publisher\":{\"@id\":\"https:\\\/\\\/staging.boeck-technology.de\\\/#organization\"},\"potentialAction\":[{\"@type\":\"SearchAction\",\"target\":{\"@type\":\"EntryPoint\",\"urlTemplate\":\"https:\\\/\\\/staging.boeck-technology.de\\\/?s={search_term_string}\"},\"query-input\":{\"@type\":\"PropertyValueSpecification\",\"valueRequired\":true,\"valueName\":\"search_term_string\"}}],\"inLanguage\":\"fr-FR\"},{\"@type\":\"Organization\",\"@id\":\"https:\\\/\\\/staging.boeck-technology.de\\\/#organization\",\"name\":\"boeck GmbH\",\"url\":\"https:\\\/\\\/staging.boeck-technology.de\\\/\",\"logo\":{\"@type\":\"ImageObject\",\"inLanguage\":\"fr-FR\",\"@id\":\"https:\\\/\\\/staging.boeck-technology.de\\\/#\\\/schema\\\/logo\\\/image\\\/\",\"url\":\"https:\\\/\\\/staging.boeck-technology.de\\\/wp-content\\\/uploads\\\/2021\\\/06\\\/boeck_logo_farbe-e1646758378588.png\",\"contentUrl\":\"https:\\\/\\\/staging.boeck-technology.de\\\/wp-content\\\/uploads\\\/2021\\\/06\\\/boeck_logo_farbe-e1646758378588.png\",\"width\":250,\"height\":90,\"caption\":\"boeck GmbH\"},\"image\":{\"@id\":\"https:\\\/\\\/staging.boeck-technology.de\\\/#\\\/schema\\\/logo\\\/image\\\/\"},\"sameAs\":[\"https:\\\/\\\/www.facebook.com\\\/boeck-GmbH-116687710252350\"]}]}<\/script>\n<!-- \/ Yoast SEO Premium plugin. -->","yoast_head_json":{"title":"Brosse \u00e0 marteaux \u00e0 scories - Enl\u00e8vement des scories  - boeck GmbH","robots":{"index":"noindex","follow":"follow","max-snippet":"max-snippet:-1","max-image-preview":"max-image-preview:large","max-video-preview":"max-video-preview:-1"},"og_locale":"fr_FR","og_type":"article","og_title":"Schlackehammerb\u00fcrste","og_description":"Robuste und langlebige B\u00fcrste zur Entfernung von Schlacke, Rost und Verunreinigungen  Flexible Aufnahmeoptionen, z.B. Gewinde M14 (Rechtslauf), passend f\u00fcr viele Werkzeuge  Verschiedene Durchmesser f\u00fcr individuelle Anwendung  H\u00e4rtestufen 1 bis 4 f\u00fcr ma\u00dfgeschneiderte Reinigungsergebnisse  Einreihige bis dreireihige Borstenanordnung f\u00fcr optimale Effizienz","og_url":"https:\/\/staging.boeck-technology.de\/fr\/boutique\/outils-pour-la-tole\/enlevement-des-scories-de-la-tole\/brosse-a-marteaux-a-scories-tole\/","og_site_name":"boeck GmbH","article_publisher":"https:\/\/www.facebook.com\/boeck-GmbH-116687710252350","article_modified_time":"2026-03-23T08:37:09+00:00","og_image":[{"width":500,"height":284,"url":"https:\/\/staging.boeck-technology.de\/wp-content\/uploads\/2025\/07\/art_3621.png","type":"image\/png"}],"twitter_card":"summary_large_image","twitter_misc":{"Dur\u00e9e de lecture estim\u00e9e":"1 minute"},"schema":{"@context":"https:\/\/schema.org","@graph":[{"@type":"WebPage","@id":"https:\/\/staging.boeck-technology.de\/shop\/blechwerkzeuge\/schlackeentfernung-blechwerkzeuge\/schlackehammerbuerste-blech\/","url":"https:\/\/staging.boeck-technology.de\/shop\/blechwerkzeuge\/schlackeentfernung-blechwerkzeuge\/schlackehammerbuerste-blech\/","name":"Brosse \u00e0 marteaux \u00e0 scories - Enl\u00e8vement des scories  - boeck GmbH","isPartOf":{"@id":"https:\/\/staging.boeck-technology.de\/#website"},"primaryImageOfPage":{"@id":"https:\/\/staging.boeck-technology.de\/shop\/blechwerkzeuge\/schlackeentfernung-blechwerkzeuge\/schlackehammerbuerste-blech\/#primaryimage"},"image":{"@id":"https:\/\/staging.boeck-technology.de\/shop\/blechwerkzeuge\/schlackeentfernung-blechwerkzeuge\/schlackehammerbuerste-blech\/#primaryimage"},"thumbnailUrl":"https:\/\/staging.boeck-technology.de\/wp-content\/uploads\/2025\/07\/art_3621.png","datePublished":"2026-02-23T09:01:35+00:00","dateModified":"2026-03-23T08:37:09+00:00","breadcrumb":{"@id":"https:\/\/staging.boeck-technology.de\/shop\/blechwerkzeuge\/schlackeentfernung-blechwerkzeuge\/schlackehammerbuerste-blech\/#breadcrumb"},"inLanguage":"fr-FR","potentialAction":[{"@type":"ReadAction","target":["https:\/\/staging.boeck-technology.de\/shop\/blechwerkzeuge\/schlackeentfernung-blechwerkzeuge\/schlackehammerbuerste-blech\/"]}]},{"@type":"ImageObject","inLanguage":"fr-FR","@id":"https:\/\/staging.boeck-technology.de\/shop\/blechwerkzeuge\/schlackeentfernung-blechwerkzeuge\/schlackehammerbuerste-blech\/#primaryimage","url":"https:\/\/staging.boeck-technology.de\/wp-content\/uploads\/2025\/07\/art_3621.png","contentUrl":"https:\/\/staging.boeck-technology.de\/wp-content\/uploads\/2025\/07\/art_3621.png","width":500,"height":284},{"@type":"BreadcrumbList","@id":"https:\/\/staging.boeck-technology.de\/shop\/blechwerkzeuge\/schlackeentfernung-blechwerkzeuge\/schlackehammerbuerste-blech\/#breadcrumb","itemListElement":[{"@type":"ListItem","position":1,"name":"Startseite","item":"https:\/\/staging.boeck-technology.de\/"},{"@type":"ListItem","position":2,"name":"Produkte","item":"https:\/\/staging.boeck-technology.de\/shop\/"},{"@type":"ListItem","position":3,"name":"Schlackehammerb\u00fcrste"}]},{"@type":"WebSite","@id":"https:\/\/staging.boeck-technology.de\/#website","url":"https:\/\/staging.boeck-technology.de\/","name":"boeck GmbH","description":"Solutions d'outils sur mesure pour l'\u00e9bavurage de la t\u00f4le","publisher":{"@id":"https:\/\/staging.boeck-technology.de\/#organization"},"potentialAction":[{"@type":"SearchAction","target":{"@type":"EntryPoint","urlTemplate":"https:\/\/staging.boeck-technology.de\/?s={search_term_string}"},"query-input":{"@type":"PropertyValueSpecification","valueRequired":true,"valueName":"search_term_string"}}],"inLanguage":"fr-FR"},{"@type":"Organization","@id":"https:\/\/staging.boeck-technology.de\/#organization","name":"boeck GmbH","url":"https:\/\/staging.boeck-technology.de\/","logo":{"@type":"ImageObject","inLanguage":"fr-FR","@id":"https:\/\/staging.boeck-technology.de\/#\/schema\/logo\/image\/","url":"https:\/\/staging.boeck-technology.de\/wp-content\/uploads\/2021\/06\/boeck_logo_farbe-e1646758378588.png","contentUrl":"https:\/\/staging.boeck-technology.de\/wp-content\/uploads\/2021\/06\/boeck_logo_farbe-e1646758378588.png","width":250,"height":90,"caption":"boeck GmbH"},"image":{"@id":"https:\/\/staging.boeck-technology.de\/#\/schema\/logo\/image\/"},"sameAs":["https:\/\/www.facebook.com\/boeck-GmbH-116687710252350"]}]}},"_links":{"self":[{"href":"https:\/\/staging.boeck-technology.de\/fr\/wp-json\/wp\/v2\/product\/6079125","targetHints":{"allow":["GET"]}}],"collection":[{"href":"https:\/\/staging.boeck-technology.de\/fr\/wp-json\/wp\/v2\/product"}],"about":[{"href":"https:\/\/staging.boeck-technology.de\/fr\/wp-json\/wp\/v2\/types\/product"}],"wp:featuredmedia":[{"embeddable":true,"href":"https:\/\/staging.boeck-technology.de\/fr\/wp-json\/wp\/v2\/media\/6074032"}],"wp:attachment":[{"href":"https:\/\/staging.boeck-technology.de\/fr\/wp-json\/wp\/v2\/media?parent=6079125"}],"wp:term":[{"taxonomy":"product_brand","embeddable":true,"href":"https:\/\/staging.boeck-technology.de\/fr\/wp-json\/wp\/v2\/product_brand?post=6079125"},{"taxonomy":"product_cat","embeddable":true,"href":"https:\/\/staging.boeck-technology.de\/fr\/wp-json\/wp\/v2\/product_cat?post=6079125"},{"taxonomy":"product_tag","embeddable":true,"href":"https:\/\/staging.boeck-technology.de\/fr\/wp-json\/wp\/v2\/product_tag?post=6079125"}],"curies":[{"name":"wp","href":"https:\/\/api.w.org\/{rel}","templated":true}]}}