{"id":6079118,"date":"2026-02-23T09:57:32","date_gmt":"2026-02-23T08:57:32","guid":{"rendered":"https:\/\/bt25.wpm24.de\/?post_type=product&#038;p=6079118"},"modified":"2026-02-23T09:57:48","modified_gmt":"2026-02-23T08:57:48","slug":"etoile-abrasive-tole","status":"publish","type":"product","link":"https:\/\/staging.boeck-technology.de\/fr\/shop\/blechwerkzeuge\/vorschleifen-entgraten-blechwerkzeuge\/schleifstern-blech\/","title":{"rendered":"\u00c9toile abrasive"},"content":{"rendered":"<p>L&#039;\u00e9toile \u00e0 meuler est un outil polyvalent disponible en diff\u00e9rents grains, de 80 \u00e0 600, ce qui la rend id\u00e9ale pour une large gamme de finitions de surface. Elle est dot\u00e9e de rainures pour une aspiration optimale des poussi\u00e8res et un meulage \u00e0 basse temp\u00e9rature. Avec des diam\u00e8tres allant de 150 mm \u00e0 250 mm et un al\u00e9sage de 25 mm, elle s&#039;adapte \u00e0 de nombreuses rectifieuses. Son sens de rotation neutre la rend universellement utilisable. Choisissez parmi plusieurs coloris, tels que BLEU, MARRON, GRIS ou VIOLET, pour trouver l&#039;abrasif adapt\u00e9 \u00e0 votre application.<\/p>","protected":false},"excerpt":{"rendered":"<ul>\n<li>Vielseitige K\u00f6rnungen von 80 bis 600 f\u00fcr unterschiedliche Schleifanforderungen<\/li>\n<li>Stegschlitzung f\u00fcr effektive Staubabsaugung und K\u00fchlung<\/li>\n<li>Erh\u00e4ltlich in den Durchmessern 150 mm, 200 mm und 250 mm<\/li>\n<li>Bohrung 25 mm, passend f\u00fcr viele Schleifmaschinen<\/li>\n<li>Neutrale Drehrichtung f\u00fcr universellen Einsatz<\/li>\n<\/ul>","protected":false},"featured_media":6074040,"template":"","meta":{"_acf_changed":false},"product_brand":[],"product_cat":[2565],"product_tag":[],"class_list":{"0":"post-6079118","1":"product","2":"type-product","3":"status-publish","4":"has-post-thumbnail","6":"product_cat-vorschleifen-entgraten-blechwerkzeuge","8":"first","9":"instock","10":"purchasable","11":"product-type-simple"},"acf":[],"yoast_head":"<!-- This site is optimized with the Yoast SEO Premium plugin v18.3 (Yoast SEO v27.3) - https:\/\/yoast.com\/product\/yoast-seo-premium-wordpress\/ -->\n<title>Schleifstern - Vorschleifen &amp; Entgraten - boeck GmbH<\/title>\n<meta name=\"robots\" content=\"noindex, follow, max-snippet:-1, max-image-preview:large, max-video-preview:-1\" \/>\n<meta property=\"og:locale\" content=\"fr_FR\" \/>\n<meta property=\"og:type\" content=\"article\" \/>\n<meta property=\"og:title\" content=\"Schleifstern\" \/>\n<meta property=\"og:description\" content=\"Vielseitige K\u00f6rnungen von 80 bis 600 f\u00fcr unterschiedliche Schleifanforderungen  Stegschlitzung f\u00fcr effektive Staubabsaugung und K\u00fchlung  Erh\u00e4ltlich in den Durchmessern 150 mm, 200 mm und 250 mm  Bohrung 25 mm, passend f\u00fcr viele Schleifmaschinen  Neutrale Drehrichtung f\u00fcr universellen Einsatz\" \/>\n<meta property=\"og:url\" content=\"https:\/\/staging.boeck-technology.de\/fr\/boutique\/outils-pour-la-tole\/pre-poncage-et-ebavurage-de-tole\/etoile-abrasive-tole\/\" \/>\n<meta property=\"og:site_name\" content=\"boeck GmbH\" \/>\n<meta property=\"article:publisher\" content=\"https:\/\/www.facebook.com\/boeck-GmbH-116687710252350\" \/>\n<meta property=\"article:modified_time\" content=\"2026-02-23T08:57:48+00:00\" \/>\n<meta property=\"og:image\" content=\"https:\/\/staging.boeck-technology.de\/wp-content\/uploads\/2025\/07\/art_2142.png\" \/>\n\t<meta property=\"og:image:width\" content=\"500\" \/>\n\t<meta property=\"og:image:height\" content=\"501\" \/>\n\t<meta property=\"og:image:type\" content=\"image\/png\" \/>\n<meta name=\"twitter:card\" content=\"summary_large_image\" \/>\n<meta name=\"twitter:label1\" content=\"Dur\u00e9e de lecture estim\u00e9e\" \/>\n\t<meta name=\"twitter:data1\" content=\"1 minute\" \/>\n<script type=\"application\/ld+json\" class=\"yoast-schema-graph\">{\"@context\":\"https:\\\/\\\/schema.org\",\"@graph\":[{\"@type\":\"WebPage\",\"@id\":\"https:\\\/\\\/staging.boeck-technology.de\\\/shop\\\/blechwerkzeuge\\\/vorschleifen-entgraten-blechwerkzeuge\\\/schleifstern-blech\\\/\",\"url\":\"https:\\\/\\\/staging.boeck-technology.de\\\/shop\\\/blechwerkzeuge\\\/vorschleifen-entgraten-blechwerkzeuge\\\/schleifstern-blech\\\/\",\"name\":\"Schleifstern - Vorschleifen &amp; Entgraten - boeck GmbH\",\"isPartOf\":{\"@id\":\"https:\\\/\\\/staging.boeck-technology.de\\\/#website\"},\"primaryImageOfPage\":{\"@id\":\"https:\\\/\\\/staging.boeck-technology.de\\\/shop\\\/blechwerkzeuge\\\/vorschleifen-entgraten-blechwerkzeuge\\\/schleifstern-blech\\\/#primaryimage\"},\"image\":{\"@id\":\"https:\\\/\\\/staging.boeck-technology.de\\\/shop\\\/blechwerkzeuge\\\/vorschleifen-entgraten-blechwerkzeuge\\\/schleifstern-blech\\\/#primaryimage\"},\"thumbnailUrl\":\"https:\\\/\\\/staging.boeck-technology.de\\\/wp-content\\\/uploads\\\/2025\\\/07\\\/art_2142.png\",\"datePublished\":\"2026-02-23T08:57:32+00:00\",\"dateModified\":\"2026-02-23T08:57:48+00:00\",\"breadcrumb\":{\"@id\":\"https:\\\/\\\/staging.boeck-technology.de\\\/shop\\\/blechwerkzeuge\\\/vorschleifen-entgraten-blechwerkzeuge\\\/schleifstern-blech\\\/#breadcrumb\"},\"inLanguage\":\"fr-FR\",\"potentialAction\":[{\"@type\":\"ReadAction\",\"target\":[\"https:\\\/\\\/staging.boeck-technology.de\\\/shop\\\/blechwerkzeuge\\\/vorschleifen-entgraten-blechwerkzeuge\\\/schleifstern-blech\\\/\"]}]},{\"@type\":\"ImageObject\",\"inLanguage\":\"fr-FR\",\"@id\":\"https:\\\/\\\/staging.boeck-technology.de\\\/shop\\\/blechwerkzeuge\\\/vorschleifen-entgraten-blechwerkzeuge\\\/schleifstern-blech\\\/#primaryimage\",\"url\":\"https:\\\/\\\/staging.boeck-technology.de\\\/wp-content\\\/uploads\\\/2025\\\/07\\\/art_2142.png\",\"contentUrl\":\"https:\\\/\\\/staging.boeck-technology.de\\\/wp-content\\\/uploads\\\/2025\\\/07\\\/art_2142.png\",\"width\":500,\"height\":501},{\"@type\":\"BreadcrumbList\",\"@id\":\"https:\\\/\\\/staging.boeck-technology.de\\\/shop\\\/blechwerkzeuge\\\/vorschleifen-entgraten-blechwerkzeuge\\\/schleifstern-blech\\\/#breadcrumb\",\"itemListElement\":[{\"@type\":\"ListItem\",\"position\":1,\"name\":\"Startseite\",\"item\":\"https:\\\/\\\/staging.boeck-technology.de\\\/\"},{\"@type\":\"ListItem\",\"position\":2,\"name\":\"Produkte\",\"item\":\"https:\\\/\\\/staging.boeck-technology.de\\\/shop\\\/\"},{\"@type\":\"ListItem\",\"position\":3,\"name\":\"Schleifstern\"}]},{\"@type\":\"WebSite\",\"@id\":\"https:\\\/\\\/staging.boeck-technology.de\\\/#website\",\"url\":\"https:\\\/\\\/staging.boeck-technology.de\\\/\",\"name\":\"boeck GmbH\",\"description\":\"Ma\u00dfgeschneiderte Werkzeugl\u00f6sungen f\u00fcr Blechentgratung\",\"publisher\":{\"@id\":\"https:\\\/\\\/staging.boeck-technology.de\\\/#organization\"},\"potentialAction\":[{\"@type\":\"SearchAction\",\"target\":{\"@type\":\"EntryPoint\",\"urlTemplate\":\"https:\\\/\\\/staging.boeck-technology.de\\\/?s={search_term_string}\"},\"query-input\":{\"@type\":\"PropertyValueSpecification\",\"valueRequired\":true,\"valueName\":\"search_term_string\"}}],\"inLanguage\":\"fr-FR\"},{\"@type\":\"Organization\",\"@id\":\"https:\\\/\\\/staging.boeck-technology.de\\\/#organization\",\"name\":\"boeck GmbH\",\"url\":\"https:\\\/\\\/staging.boeck-technology.de\\\/\",\"logo\":{\"@type\":\"ImageObject\",\"inLanguage\":\"fr-FR\",\"@id\":\"https:\\\/\\\/staging.boeck-technology.de\\\/#\\\/schema\\\/logo\\\/image\\\/\",\"url\":\"https:\\\/\\\/staging.boeck-technology.de\\\/wp-content\\\/uploads\\\/2021\\\/06\\\/boeck_logo_farbe-e1646758378588.png\",\"contentUrl\":\"https:\\\/\\\/staging.boeck-technology.de\\\/wp-content\\\/uploads\\\/2021\\\/06\\\/boeck_logo_farbe-e1646758378588.png\",\"width\":250,\"height\":90,\"caption\":\"boeck GmbH\"},\"image\":{\"@id\":\"https:\\\/\\\/staging.boeck-technology.de\\\/#\\\/schema\\\/logo\\\/image\\\/\"},\"sameAs\":[\"https:\\\/\\\/www.facebook.com\\\/boeck-GmbH-116687710252350\"]}]}<\/script>\n<!-- \/ Yoast SEO Premium plugin. -->","yoast_head_json":{"title":"Grinding star - Pr\u00e9-rectification et \u00e9bavurage - boeck GmbH","robots":{"index":"noindex","follow":"follow","max-snippet":"max-snippet:-1","max-image-preview":"max-image-preview:large","max-video-preview":"max-video-preview:-1"},"og_locale":"fr_FR","og_type":"article","og_title":"Schleifstern","og_description":"Vielseitige K\u00f6rnungen von 80 bis 600 f\u00fcr unterschiedliche Schleifanforderungen  Stegschlitzung f\u00fcr effektive Staubabsaugung und K\u00fchlung  Erh\u00e4ltlich in den Durchmessern 150 mm, 200 mm und 250 mm  Bohrung 25 mm, passend f\u00fcr viele Schleifmaschinen  Neutrale Drehrichtung f\u00fcr universellen Einsatz","og_url":"https:\/\/staging.boeck-technology.de\/fr\/boutique\/outils-pour-la-tole\/pre-poncage-et-ebavurage-de-tole\/etoile-abrasive-tole\/","og_site_name":"boeck GmbH","article_publisher":"https:\/\/www.facebook.com\/boeck-GmbH-116687710252350","article_modified_time":"2026-02-23T08:57:48+00:00","og_image":[{"width":500,"height":501,"url":"https:\/\/staging.boeck-technology.de\/wp-content\/uploads\/2025\/07\/art_2142.png","type":"image\/png"}],"twitter_card":"summary_large_image","twitter_misc":{"Dur\u00e9e de lecture estim\u00e9e":"1 minute"},"schema":{"@context":"https:\/\/schema.org","@graph":[{"@type":"WebPage","@id":"https:\/\/staging.boeck-technology.de\/shop\/blechwerkzeuge\/vorschleifen-entgraten-blechwerkzeuge\/schleifstern-blech\/","url":"https:\/\/staging.boeck-technology.de\/shop\/blechwerkzeuge\/vorschleifen-entgraten-blechwerkzeuge\/schleifstern-blech\/","name":"Grinding star - Pr\u00e9-rectification et \u00e9bavurage - boeck GmbH","isPartOf":{"@id":"https:\/\/staging.boeck-technology.de\/#website"},"primaryImageOfPage":{"@id":"https:\/\/staging.boeck-technology.de\/shop\/blechwerkzeuge\/vorschleifen-entgraten-blechwerkzeuge\/schleifstern-blech\/#primaryimage"},"image":{"@id":"https:\/\/staging.boeck-technology.de\/shop\/blechwerkzeuge\/vorschleifen-entgraten-blechwerkzeuge\/schleifstern-blech\/#primaryimage"},"thumbnailUrl":"https:\/\/staging.boeck-technology.de\/wp-content\/uploads\/2025\/07\/art_2142.png","datePublished":"2026-02-23T08:57:32+00:00","dateModified":"2026-02-23T08:57:48+00:00","breadcrumb":{"@id":"https:\/\/staging.boeck-technology.de\/shop\/blechwerkzeuge\/vorschleifen-entgraten-blechwerkzeuge\/schleifstern-blech\/#breadcrumb"},"inLanguage":"fr-FR","potentialAction":[{"@type":"ReadAction","target":["https:\/\/staging.boeck-technology.de\/shop\/blechwerkzeuge\/vorschleifen-entgraten-blechwerkzeuge\/schleifstern-blech\/"]}]},{"@type":"ImageObject","inLanguage":"fr-FR","@id":"https:\/\/staging.boeck-technology.de\/shop\/blechwerkzeuge\/vorschleifen-entgraten-blechwerkzeuge\/schleifstern-blech\/#primaryimage","url":"https:\/\/staging.boeck-technology.de\/wp-content\/uploads\/2025\/07\/art_2142.png","contentUrl":"https:\/\/staging.boeck-technology.de\/wp-content\/uploads\/2025\/07\/art_2142.png","width":500,"height":501},{"@type":"BreadcrumbList","@id":"https:\/\/staging.boeck-technology.de\/shop\/blechwerkzeuge\/vorschleifen-entgraten-blechwerkzeuge\/schleifstern-blech\/#breadcrumb","itemListElement":[{"@type":"ListItem","position":1,"name":"Startseite","item":"https:\/\/staging.boeck-technology.de\/"},{"@type":"ListItem","position":2,"name":"Produkte","item":"https:\/\/staging.boeck-technology.de\/shop\/"},{"@type":"ListItem","position":3,"name":"Schleifstern"}]},{"@type":"WebSite","@id":"https:\/\/staging.boeck-technology.de\/#website","url":"https:\/\/staging.boeck-technology.de\/","name":"boeck GmbH","description":"Solutions d'outils sur mesure pour l'\u00e9bavurage de la t\u00f4le","publisher":{"@id":"https:\/\/staging.boeck-technology.de\/#organization"},"potentialAction":[{"@type":"SearchAction","target":{"@type":"EntryPoint","urlTemplate":"https:\/\/staging.boeck-technology.de\/?s={search_term_string}"},"query-input":{"@type":"PropertyValueSpecification","valueRequired":true,"valueName":"search_term_string"}}],"inLanguage":"fr-FR"},{"@type":"Organization","@id":"https:\/\/staging.boeck-technology.de\/#organization","name":"boeck GmbH","url":"https:\/\/staging.boeck-technology.de\/","logo":{"@type":"ImageObject","inLanguage":"fr-FR","@id":"https:\/\/staging.boeck-technology.de\/#\/schema\/logo\/image\/","url":"https:\/\/staging.boeck-technology.de\/wp-content\/uploads\/2021\/06\/boeck_logo_farbe-e1646758378588.png","contentUrl":"https:\/\/staging.boeck-technology.de\/wp-content\/uploads\/2021\/06\/boeck_logo_farbe-e1646758378588.png","width":250,"height":90,"caption":"boeck GmbH"},"image":{"@id":"https:\/\/staging.boeck-technology.de\/#\/schema\/logo\/image\/"},"sameAs":["https:\/\/www.facebook.com\/boeck-GmbH-116687710252350"]}]}},"_links":{"self":[{"href":"https:\/\/staging.boeck-technology.de\/fr\/wp-json\/wp\/v2\/product\/6079118","targetHints":{"allow":["GET"]}}],"collection":[{"href":"https:\/\/staging.boeck-technology.de\/fr\/wp-json\/wp\/v2\/product"}],"about":[{"href":"https:\/\/staging.boeck-technology.de\/fr\/wp-json\/wp\/v2\/types\/product"}],"wp:featuredmedia":[{"embeddable":true,"href":"https:\/\/staging.boeck-technology.de\/fr\/wp-json\/wp\/v2\/media\/6074040"}],"wp:attachment":[{"href":"https:\/\/staging.boeck-technology.de\/fr\/wp-json\/wp\/v2\/media?parent=6079118"}],"wp:term":[{"taxonomy":"product_brand","embeddable":true,"href":"https:\/\/staging.boeck-technology.de\/fr\/wp-json\/wp\/v2\/product_brand?post=6079118"},{"taxonomy":"product_cat","embeddable":true,"href":"https:\/\/staging.boeck-technology.de\/fr\/wp-json\/wp\/v2\/product_cat?post=6079118"},{"taxonomy":"product_tag","embeddable":true,"href":"https:\/\/staging.boeck-technology.de\/fr\/wp-json\/wp\/v2\/product_tag?post=6079118"}],"curies":[{"name":"wp","href":"https:\/\/api.w.org\/{rel}","templated":true}]}}