{"id":6079113,"date":"2026-02-23T09:54:09","date_gmt":"2026-02-23T08:54:09","guid":{"rendered":"https:\/\/bt25.wpm24.de\/?post_type=product&#038;p=6079113"},"modified":"2026-02-23T09:54:36","modified_gmt":"2026-02-23T08:54:36","slug":"rouleau-debavurage-tole","status":"publish","type":"product","link":"https:\/\/staging.boeck-technology.de\/fr\/shop\/blechwerkzeuge\/entgraten-verrunden-blechwerkzeuge\/entgratwalze-blech\/","title":{"rendered":"Rouleau d\u2019\u00e9bavurage"},"content":{"rendered":"<p>Le rouleau d&#039;\u00e9bavurage est un outil de haute qualit\u00e9 permettant d&#039;\u00e9liminer efficacement les bavures des surfaces m\u00e9talliques. De conception \u00e0 rotation neutre, il est disponible en diff\u00e9rentes granulom\u00e9tries pour s&#039;adapter \u00e0 diverses applications. Un large choix d&#039;al\u00e9sages, de diam\u00e8tres et de longueurs est propos\u00e9 afin de garantir une compatibilit\u00e9 optimale avec les machines et les pi\u00e8ces \u00e0 usiner. La configuration variable des rainures assure un \u00e9bavurage pr\u00e9cis sur une grande vari\u00e9t\u00e9 de mat\u00e9riaux.<\/p>","protected":false},"excerpt":{"rendered":"<ul>\n<li>Effiziente Gratentfernung an Metalloberfl\u00e4chen<\/li>\n<li>Verschiedene K\u00f6rnungen f\u00fcr individuelle Anforderungen<\/li>\n<li>Neutral drehende Bauart f\u00fcr universellen Einsatz<\/li>\n<li>Vielf\u00e4ltige Bohrungs-, Durchmesser- und L\u00e4ngenoptionen<\/li>\n<li>Optimale Anpassung durch verschiedene Schlitzungsmuster und -winkel<\/li>\n<\/ul>","protected":false},"featured_media":6074021,"template":"","meta":{"_acf_changed":false},"product_brand":[],"product_cat":[2562],"product_tag":[],"class_list":{"0":"post-6079113","1":"product","2":"type-product","3":"status-publish","4":"has-post-thumbnail","6":"product_cat-entgraten-verrunden-blechwerkzeuge","8":"first","9":"instock","10":"purchasable","11":"product-type-simple"},"acf":[],"yoast_head":"<!-- This site is optimized with the Yoast SEO Premium plugin v18.3 (Yoast SEO v27.3) - https:\/\/yoast.com\/product\/yoast-seo-premium-wordpress\/ -->\n<title>Entgratwalze - Entgraten &amp; Verrunden - boeck GmbH<\/title>\n<meta name=\"robots\" content=\"noindex, follow, max-snippet:-1, max-image-preview:large, max-video-preview:-1\" \/>\n<meta property=\"og:locale\" content=\"fr_FR\" \/>\n<meta property=\"og:type\" content=\"article\" \/>\n<meta property=\"og:title\" content=\"Entgratwalze\" \/>\n<meta property=\"og:description\" content=\"Effiziente Gratentfernung an Metalloberfl\u00e4chen  Verschiedene K\u00f6rnungen f\u00fcr individuelle Anforderungen  Neutral drehende Bauart f\u00fcr universellen Einsatz  Vielf\u00e4ltige Bohrungs-, Durchmesser- und L\u00e4ngenoptionen  Optimale Anpassung durch verschiedene Schlitzungsmuster und -winkel\" \/>\n<meta property=\"og:url\" content=\"https:\/\/staging.boeck-technology.de\/fr\/boutique\/outils-pour-la-tole\/ebavurage-et-arrondissage-de-tole\/rouleau-debavurage-tole\/\" \/>\n<meta property=\"og:site_name\" content=\"boeck GmbH\" \/>\n<meta property=\"article:publisher\" content=\"https:\/\/www.facebook.com\/boeck-GmbH-116687710252350\" \/>\n<meta property=\"article:modified_time\" content=\"2026-02-23T08:54:36+00:00\" \/>\n<meta property=\"og:image\" content=\"https:\/\/staging.boeck-technology.de\/wp-content\/uploads\/2025\/07\/art_452.png\" \/>\n\t<meta property=\"og:image:width\" content=\"500\" \/>\n\t<meta property=\"og:image:height\" content=\"312\" \/>\n\t<meta property=\"og:image:type\" content=\"image\/png\" \/>\n<meta name=\"twitter:card\" content=\"summary_large_image\" \/>\n<meta name=\"twitter:label1\" content=\"Dur\u00e9e de lecture estim\u00e9e\" \/>\n\t<meta name=\"twitter:data1\" content=\"1 minute\" \/>\n<script type=\"application\/ld+json\" class=\"yoast-schema-graph\">{\"@context\":\"https:\\\/\\\/schema.org\",\"@graph\":[{\"@type\":\"WebPage\",\"@id\":\"https:\\\/\\\/staging.boeck-technology.de\\\/shop\\\/blechwerkzeuge\\\/entgraten-verrunden-blechwerkzeuge\\\/entgratwalze-blech\\\/\",\"url\":\"https:\\\/\\\/staging.boeck-technology.de\\\/shop\\\/blechwerkzeuge\\\/entgraten-verrunden-blechwerkzeuge\\\/entgratwalze-blech\\\/\",\"name\":\"Entgratwalze - Entgraten &amp; Verrunden - boeck GmbH\",\"isPartOf\":{\"@id\":\"https:\\\/\\\/staging.boeck-technology.de\\\/#website\"},\"primaryImageOfPage\":{\"@id\":\"https:\\\/\\\/staging.boeck-technology.de\\\/shop\\\/blechwerkzeuge\\\/entgraten-verrunden-blechwerkzeuge\\\/entgratwalze-blech\\\/#primaryimage\"},\"image\":{\"@id\":\"https:\\\/\\\/staging.boeck-technology.de\\\/shop\\\/blechwerkzeuge\\\/entgraten-verrunden-blechwerkzeuge\\\/entgratwalze-blech\\\/#primaryimage\"},\"thumbnailUrl\":\"https:\\\/\\\/staging.boeck-technology.de\\\/wp-content\\\/uploads\\\/2025\\\/07\\\/art_452.png\",\"datePublished\":\"2026-02-23T08:54:09+00:00\",\"dateModified\":\"2026-02-23T08:54:36+00:00\",\"breadcrumb\":{\"@id\":\"https:\\\/\\\/staging.boeck-technology.de\\\/shop\\\/blechwerkzeuge\\\/entgraten-verrunden-blechwerkzeuge\\\/entgratwalze-blech\\\/#breadcrumb\"},\"inLanguage\":\"fr-FR\",\"potentialAction\":[{\"@type\":\"ReadAction\",\"target\":[\"https:\\\/\\\/staging.boeck-technology.de\\\/shop\\\/blechwerkzeuge\\\/entgraten-verrunden-blechwerkzeuge\\\/entgratwalze-blech\\\/\"]}]},{\"@type\":\"ImageObject\",\"inLanguage\":\"fr-FR\",\"@id\":\"https:\\\/\\\/staging.boeck-technology.de\\\/shop\\\/blechwerkzeuge\\\/entgraten-verrunden-blechwerkzeuge\\\/entgratwalze-blech\\\/#primaryimage\",\"url\":\"https:\\\/\\\/staging.boeck-technology.de\\\/wp-content\\\/uploads\\\/2025\\\/07\\\/art_452.png\",\"contentUrl\":\"https:\\\/\\\/staging.boeck-technology.de\\\/wp-content\\\/uploads\\\/2025\\\/07\\\/art_452.png\",\"width\":500,\"height\":312},{\"@type\":\"BreadcrumbList\",\"@id\":\"https:\\\/\\\/staging.boeck-technology.de\\\/shop\\\/blechwerkzeuge\\\/entgraten-verrunden-blechwerkzeuge\\\/entgratwalze-blech\\\/#breadcrumb\",\"itemListElement\":[{\"@type\":\"ListItem\",\"position\":1,\"name\":\"Startseite\",\"item\":\"https:\\\/\\\/staging.boeck-technology.de\\\/\"},{\"@type\":\"ListItem\",\"position\":2,\"name\":\"Produkte\",\"item\":\"https:\\\/\\\/staging.boeck-technology.de\\\/shop\\\/\"},{\"@type\":\"ListItem\",\"position\":3,\"name\":\"Entgratwalze\"}]},{\"@type\":\"WebSite\",\"@id\":\"https:\\\/\\\/staging.boeck-technology.de\\\/#website\",\"url\":\"https:\\\/\\\/staging.boeck-technology.de\\\/\",\"name\":\"boeck GmbH\",\"description\":\"Ma\u00dfgeschneiderte Werkzeugl\u00f6sungen f\u00fcr Blechentgratung\",\"publisher\":{\"@id\":\"https:\\\/\\\/staging.boeck-technology.de\\\/#organization\"},\"potentialAction\":[{\"@type\":\"SearchAction\",\"target\":{\"@type\":\"EntryPoint\",\"urlTemplate\":\"https:\\\/\\\/staging.boeck-technology.de\\\/?s={search_term_string}\"},\"query-input\":{\"@type\":\"PropertyValueSpecification\",\"valueRequired\":true,\"valueName\":\"search_term_string\"}}],\"inLanguage\":\"fr-FR\"},{\"@type\":\"Organization\",\"@id\":\"https:\\\/\\\/staging.boeck-technology.de\\\/#organization\",\"name\":\"boeck GmbH\",\"url\":\"https:\\\/\\\/staging.boeck-technology.de\\\/\",\"logo\":{\"@type\":\"ImageObject\",\"inLanguage\":\"fr-FR\",\"@id\":\"https:\\\/\\\/staging.boeck-technology.de\\\/#\\\/schema\\\/logo\\\/image\\\/\",\"url\":\"https:\\\/\\\/staging.boeck-technology.de\\\/wp-content\\\/uploads\\\/2021\\\/06\\\/boeck_logo_farbe-e1646758378588.png\",\"contentUrl\":\"https:\\\/\\\/staging.boeck-technology.de\\\/wp-content\\\/uploads\\\/2021\\\/06\\\/boeck_logo_farbe-e1646758378588.png\",\"width\":250,\"height\":90,\"caption\":\"boeck GmbH\"},\"image\":{\"@id\":\"https:\\\/\\\/staging.boeck-technology.de\\\/#\\\/schema\\\/logo\\\/image\\\/\"},\"sameAs\":[\"https:\\\/\\\/www.facebook.com\\\/boeck-GmbH-116687710252350\"]}]}<\/script>\n<!-- \/ Yoast SEO Premium plugin. -->","yoast_head_json":{"title":"Rouleau d&#039;\u00e9bavurage - \u00e9bavurage et arrondissage - boeck GmbH","robots":{"index":"noindex","follow":"follow","max-snippet":"max-snippet:-1","max-image-preview":"max-image-preview:large","max-video-preview":"max-video-preview:-1"},"og_locale":"fr_FR","og_type":"article","og_title":"Entgratwalze","og_description":"Effiziente Gratentfernung an Metalloberfl\u00e4chen  Verschiedene K\u00f6rnungen f\u00fcr individuelle Anforderungen  Neutral drehende Bauart f\u00fcr universellen Einsatz  Vielf\u00e4ltige Bohrungs-, Durchmesser- und L\u00e4ngenoptionen  Optimale Anpassung durch verschiedene Schlitzungsmuster und -winkel","og_url":"https:\/\/staging.boeck-technology.de\/fr\/boutique\/outils-pour-la-tole\/ebavurage-et-arrondissage-de-tole\/rouleau-debavurage-tole\/","og_site_name":"boeck GmbH","article_publisher":"https:\/\/www.facebook.com\/boeck-GmbH-116687710252350","article_modified_time":"2026-02-23T08:54:36+00:00","og_image":[{"width":500,"height":312,"url":"https:\/\/staging.boeck-technology.de\/wp-content\/uploads\/2025\/07\/art_452.png","type":"image\/png"}],"twitter_card":"summary_large_image","twitter_misc":{"Dur\u00e9e de lecture estim\u00e9e":"1 minute"},"schema":{"@context":"https:\/\/schema.org","@graph":[{"@type":"WebPage","@id":"https:\/\/staging.boeck-technology.de\/shop\/blechwerkzeuge\/entgraten-verrunden-blechwerkzeuge\/entgratwalze-blech\/","url":"https:\/\/staging.boeck-technology.de\/shop\/blechwerkzeuge\/entgraten-verrunden-blechwerkzeuge\/entgratwalze-blech\/","name":"Rouleau d&#039;\u00e9bavurage - \u00e9bavurage et arrondissage - boeck GmbH","isPartOf":{"@id":"https:\/\/staging.boeck-technology.de\/#website"},"primaryImageOfPage":{"@id":"https:\/\/staging.boeck-technology.de\/shop\/blechwerkzeuge\/entgraten-verrunden-blechwerkzeuge\/entgratwalze-blech\/#primaryimage"},"image":{"@id":"https:\/\/staging.boeck-technology.de\/shop\/blechwerkzeuge\/entgraten-verrunden-blechwerkzeuge\/entgratwalze-blech\/#primaryimage"},"thumbnailUrl":"https:\/\/staging.boeck-technology.de\/wp-content\/uploads\/2025\/07\/art_452.png","datePublished":"2026-02-23T08:54:09+00:00","dateModified":"2026-02-23T08:54:36+00:00","breadcrumb":{"@id":"https:\/\/staging.boeck-technology.de\/shop\/blechwerkzeuge\/entgraten-verrunden-blechwerkzeuge\/entgratwalze-blech\/#breadcrumb"},"inLanguage":"fr-FR","potentialAction":[{"@type":"ReadAction","target":["https:\/\/staging.boeck-technology.de\/shop\/blechwerkzeuge\/entgraten-verrunden-blechwerkzeuge\/entgratwalze-blech\/"]}]},{"@type":"ImageObject","inLanguage":"fr-FR","@id":"https:\/\/staging.boeck-technology.de\/shop\/blechwerkzeuge\/entgraten-verrunden-blechwerkzeuge\/entgratwalze-blech\/#primaryimage","url":"https:\/\/staging.boeck-technology.de\/wp-content\/uploads\/2025\/07\/art_452.png","contentUrl":"https:\/\/staging.boeck-technology.de\/wp-content\/uploads\/2025\/07\/art_452.png","width":500,"height":312},{"@type":"BreadcrumbList","@id":"https:\/\/staging.boeck-technology.de\/shop\/blechwerkzeuge\/entgraten-verrunden-blechwerkzeuge\/entgratwalze-blech\/#breadcrumb","itemListElement":[{"@type":"ListItem","position":1,"name":"Startseite","item":"https:\/\/staging.boeck-technology.de\/"},{"@type":"ListItem","position":2,"name":"Produkte","item":"https:\/\/staging.boeck-technology.de\/shop\/"},{"@type":"ListItem","position":3,"name":"Entgratwalze"}]},{"@type":"WebSite","@id":"https:\/\/staging.boeck-technology.de\/#website","url":"https:\/\/staging.boeck-technology.de\/","name":"boeck GmbH","description":"Solutions d'outils sur mesure pour l'\u00e9bavurage de la t\u00f4le","publisher":{"@id":"https:\/\/staging.boeck-technology.de\/#organization"},"potentialAction":[{"@type":"SearchAction","target":{"@type":"EntryPoint","urlTemplate":"https:\/\/staging.boeck-technology.de\/?s={search_term_string}"},"query-input":{"@type":"PropertyValueSpecification","valueRequired":true,"valueName":"search_term_string"}}],"inLanguage":"fr-FR"},{"@type":"Organization","@id":"https:\/\/staging.boeck-technology.de\/#organization","name":"boeck GmbH","url":"https:\/\/staging.boeck-technology.de\/","logo":{"@type":"ImageObject","inLanguage":"fr-FR","@id":"https:\/\/staging.boeck-technology.de\/#\/schema\/logo\/image\/","url":"https:\/\/staging.boeck-technology.de\/wp-content\/uploads\/2021\/06\/boeck_logo_farbe-e1646758378588.png","contentUrl":"https:\/\/staging.boeck-technology.de\/wp-content\/uploads\/2021\/06\/boeck_logo_farbe-e1646758378588.png","width":250,"height":90,"caption":"boeck GmbH"},"image":{"@id":"https:\/\/staging.boeck-technology.de\/#\/schema\/logo\/image\/"},"sameAs":["https:\/\/www.facebook.com\/boeck-GmbH-116687710252350"]}]}},"_links":{"self":[{"href":"https:\/\/staging.boeck-technology.de\/fr\/wp-json\/wp\/v2\/product\/6079113","targetHints":{"allow":["GET"]}}],"collection":[{"href":"https:\/\/staging.boeck-technology.de\/fr\/wp-json\/wp\/v2\/product"}],"about":[{"href":"https:\/\/staging.boeck-technology.de\/fr\/wp-json\/wp\/v2\/types\/product"}],"wp:featuredmedia":[{"embeddable":true,"href":"https:\/\/staging.boeck-technology.de\/fr\/wp-json\/wp\/v2\/media\/6074021"}],"wp:attachment":[{"href":"https:\/\/staging.boeck-technology.de\/fr\/wp-json\/wp\/v2\/media?parent=6079113"}],"wp:term":[{"taxonomy":"product_brand","embeddable":true,"href":"https:\/\/staging.boeck-technology.de\/fr\/wp-json\/wp\/v2\/product_brand?post=6079113"},{"taxonomy":"product_cat","embeddable":true,"href":"https:\/\/staging.boeck-technology.de\/fr\/wp-json\/wp\/v2\/product_cat?post=6079113"},{"taxonomy":"product_tag","embeddable":true,"href":"https:\/\/staging.boeck-technology.de\/fr\/wp-json\/wp\/v2\/product_tag?post=6079113"}],"curies":[{"name":"wp","href":"https:\/\/api.w.org\/{rel}","templated":true}]}}