{"id":6079105,"date":"2026-02-23T09:48:28","date_gmt":"2026-02-23T08:48:28","guid":{"rendered":"https:\/\/bt25.wpm24.de\/?post_type=product&#038;p=6079105"},"modified":"2026-03-21T20:38:32","modified_gmt":"2026-03-21T19:38:32","slug":"plaque-de-serrage-rapide-tole","status":"publish","type":"product","link":"https:\/\/staging.boeck-technology.de\/fr\/shop\/blechwerkzeuge\/anbauteile-zubehoer-blechwerkzeuge\/schnellspannaufnahme-blech\/","title":{"rendered":"Mandrin \u00e0 d\u00e9gagement rapide"},"content":{"rendered":"<p>La plaque de haute qualit\u00e9 portant la r\u00e9f\u00e9rence 396bda1a431d est un outil industriel polyvalent et robuste qui se distingue par ses nombreuses options de r\u00e9glage et sa fabrication irr\u00e9prochable. Elle est \u00e9quip\u00e9e d&#039;un syst\u00e8me de fixation QUICK permettant des changements rapides et s\u00fbrs, garantissant ainsi un fonctionnement optimal.<\/p>\n<p>La plaque est disponible en diff\u00e9rents diam\u00e8tres \u2013 de 82 mm \u00e0 260 mm \u2013 couvrant ainsi un large \u00e9ventail d&#039;applications. L&#039;al\u00e9sage est tout aussi polyvalent, offrant des options telles que des trous de vis M8 ou M12, un al\u00e9sage de raccordement ou un al\u00e9sage d&#039;entra\u00eenement, ce qui facilite l&#039;adaptation \u00e0 diff\u00e9rentes machines et outils.<\/p>\n<p>Les diam\u00e8tres des plateaux varient de 75 mm \u00e0 200 mm, vous permettant de choisir l&#039;outil adapt\u00e9 \u00e0 vos besoins sp\u00e9cifiques. Pour un r\u00e9glage pr\u00e9cis, des options telles qu&#039;une but\u00e9e de r\u00e9glage (courte, avec ou sans) et le choix entre une rotation horaire et antihoraire sont disponibles. De plus, l&#039;option d&#039;arbre moteur (25 mm ou 30 mm) permet une int\u00e9gration optimale dans la machine pr\u00e9vue \u00e0 cet effet.<\/p>\n<p>La plaque est disponible avec ou sans goupille de verrouillage, offrant ainsi une plus grande flexibilit\u00e9 d&#039;utilisation. Gr\u00e2ce \u00e0 l&#039;alliance d&#039;une conception soign\u00e9e et de mat\u00e9riaux de haute qualit\u00e9, elle se distingue par sa durabilit\u00e9, sa stabilit\u00e9 et sa facilit\u00e9 d&#039;emploi en milieu industriel.<\/p>","protected":false},"excerpt":{"rendered":"<ul>\n<li>Vielseitige QUICK-Aufnahme f\u00fcr schnellen Werkzeugwechsel<\/li>\n<li>Erh\u00e4ltlich in mehreren Aufnehmbaren Durchmessern (82 mm bis 260 mm)<\/li>\n<li>Flexible Bohrungsoptionen passend f\u00fcr verschiedene Maschinentypen<\/li>\n<li>Durchmesservariationen von 75 mm bis 200 mm<\/li>\n<li>Justierhilfe und Drehrichtungsoption f\u00fcr pr\u00e4zises Arbeiten<\/li>\n<li>Integration mit 25 mm oder 30 mm Motorwelle m\u00f6glich<\/li>\n<li>Optional mit oder ohne Rastbolzen f\u00fcr vielf\u00e4ltige Einsatzm\u00f6glichkeiten<\/li>\n<\/ul>","protected":false},"featured_media":6074012,"template":"","meta":{"_acf_changed":false},"product_brand":[],"product_cat":[2563],"product_tag":[],"class_list":{"0":"post-6079105","1":"product","2":"type-product","3":"status-publish","4":"has-post-thumbnail","6":"product_cat-anbauteile-zubehoer-blechwerkzeuge","8":"first","9":"instock","10":"purchasable","11":"product-type-simple"},"acf":[],"yoast_head":"<!-- This site is optimized with the Yoast SEO Premium plugin v18.3 (Yoast SEO v27.3) - https:\/\/yoast.com\/product\/yoast-seo-premium-wordpress\/ -->\n<title>Schnellspannaufnahme - Anbauteile &amp; Zubeh\u00f6r - boeck GmbH<\/title>\n<meta name=\"robots\" content=\"noindex, follow, max-snippet:-1, max-image-preview:large, max-video-preview:-1\" \/>\n<meta property=\"og:locale\" content=\"fr_FR\" \/>\n<meta property=\"og:type\" content=\"article\" \/>\n<meta property=\"og:title\" content=\"Schnellspannaufnahme\" \/>\n<meta property=\"og:description\" content=\"Vielseitige QUICK-Aufnahme f\u00fcr schnellen Werkzeugwechsel  Erh\u00e4ltlich in mehreren Aufnehmbaren Durchmessern (82 mm bis 260 mm)  Flexible Bohrungsoptionen passend f\u00fcr verschiedene Maschinentypen  Durchmesservariationen von 75 mm bis 200 mm  Justierhilfe und Drehrichtungsoption f\u00fcr pr\u00e4zises Arbeiten  Integration mit 25 mm oder 30 mm Motorwelle m\u00f6glich  Optional mit oder ohne Rastbolzen f\u00fcr vielf\u00e4ltige Einsatzm\u00f6glichkeiten\" \/>\n<meta property=\"og:url\" content=\"https:\/\/staging.boeck-technology.de\/fr\/boutique\/outils-pour-la-tole\/pieces-jointes-et-accessoires-de-tole\/plaque-de-serrage-rapide-tole\/\" \/>\n<meta property=\"og:site_name\" content=\"boeck GmbH\" \/>\n<meta property=\"article:publisher\" content=\"https:\/\/www.facebook.com\/boeck-GmbH-116687710252350\" \/>\n<meta property=\"article:modified_time\" content=\"2026-03-21T19:38:32+00:00\" \/>\n<meta property=\"og:image\" content=\"https:\/\/staging.boeck-technology.de\/wp-content\/uploads\/2025\/07\/art_208.png\" \/>\n\t<meta property=\"og:image:width\" content=\"500\" \/>\n\t<meta property=\"og:image:height\" content=\"283\" \/>\n\t<meta property=\"og:image:type\" content=\"image\/png\" \/>\n<meta name=\"twitter:card\" content=\"summary_large_image\" \/>\n<meta name=\"twitter:label1\" content=\"Dur\u00e9e de lecture estim\u00e9e\" \/>\n\t<meta name=\"twitter:data1\" content=\"2 minutes\" \/>\n<script type=\"application\/ld+json\" class=\"yoast-schema-graph\">{\"@context\":\"https:\\\/\\\/schema.org\",\"@graph\":[{\"@type\":\"WebPage\",\"@id\":\"https:\\\/\\\/staging.boeck-technology.de\\\/shop\\\/blechwerkzeuge\\\/anbauteile-zubehoer-blechwerkzeuge\\\/schnellspannaufnahme-blech\\\/\",\"url\":\"https:\\\/\\\/staging.boeck-technology.de\\\/shop\\\/blechwerkzeuge\\\/anbauteile-zubehoer-blechwerkzeuge\\\/schnellspannaufnahme-blech\\\/\",\"name\":\"Schnellspannaufnahme - Anbauteile &amp; Zubeh\u00f6r - boeck GmbH\",\"isPartOf\":{\"@id\":\"https:\\\/\\\/staging.boeck-technology.de\\\/#website\"},\"primaryImageOfPage\":{\"@id\":\"https:\\\/\\\/staging.boeck-technology.de\\\/shop\\\/blechwerkzeuge\\\/anbauteile-zubehoer-blechwerkzeuge\\\/schnellspannaufnahme-blech\\\/#primaryimage\"},\"image\":{\"@id\":\"https:\\\/\\\/staging.boeck-technology.de\\\/shop\\\/blechwerkzeuge\\\/anbauteile-zubehoer-blechwerkzeuge\\\/schnellspannaufnahme-blech\\\/#primaryimage\"},\"thumbnailUrl\":\"https:\\\/\\\/staging.boeck-technology.de\\\/wp-content\\\/uploads\\\/2025\\\/07\\\/art_208.png\",\"datePublished\":\"2026-02-23T08:48:28+00:00\",\"dateModified\":\"2026-03-21T19:38:32+00:00\",\"breadcrumb\":{\"@id\":\"https:\\\/\\\/staging.boeck-technology.de\\\/shop\\\/blechwerkzeuge\\\/anbauteile-zubehoer-blechwerkzeuge\\\/schnellspannaufnahme-blech\\\/#breadcrumb\"},\"inLanguage\":\"fr-FR\",\"potentialAction\":[{\"@type\":\"ReadAction\",\"target\":[\"https:\\\/\\\/staging.boeck-technology.de\\\/shop\\\/blechwerkzeuge\\\/anbauteile-zubehoer-blechwerkzeuge\\\/schnellspannaufnahme-blech\\\/\"]}]},{\"@type\":\"ImageObject\",\"inLanguage\":\"fr-FR\",\"@id\":\"https:\\\/\\\/staging.boeck-technology.de\\\/shop\\\/blechwerkzeuge\\\/anbauteile-zubehoer-blechwerkzeuge\\\/schnellspannaufnahme-blech\\\/#primaryimage\",\"url\":\"https:\\\/\\\/staging.boeck-technology.de\\\/wp-content\\\/uploads\\\/2025\\\/07\\\/art_208.png\",\"contentUrl\":\"https:\\\/\\\/staging.boeck-technology.de\\\/wp-content\\\/uploads\\\/2025\\\/07\\\/art_208.png\",\"width\":500,\"height\":283},{\"@type\":\"BreadcrumbList\",\"@id\":\"https:\\\/\\\/staging.boeck-technology.de\\\/shop\\\/blechwerkzeuge\\\/anbauteile-zubehoer-blechwerkzeuge\\\/schnellspannaufnahme-blech\\\/#breadcrumb\",\"itemListElement\":[{\"@type\":\"ListItem\",\"position\":1,\"name\":\"Startseite\",\"item\":\"https:\\\/\\\/staging.boeck-technology.de\\\/\"},{\"@type\":\"ListItem\",\"position\":2,\"name\":\"Produkte\",\"item\":\"https:\\\/\\\/staging.boeck-technology.de\\\/shop\\\/\"},{\"@type\":\"ListItem\",\"position\":3,\"name\":\"Schnellspannaufnahme\"}]},{\"@type\":\"WebSite\",\"@id\":\"https:\\\/\\\/staging.boeck-technology.de\\\/#website\",\"url\":\"https:\\\/\\\/staging.boeck-technology.de\\\/\",\"name\":\"boeck GmbH\",\"description\":\"Ma\u00dfgeschneiderte Werkzeugl\u00f6sungen f\u00fcr Blechentgratung\",\"publisher\":{\"@id\":\"https:\\\/\\\/staging.boeck-technology.de\\\/#organization\"},\"potentialAction\":[{\"@type\":\"SearchAction\",\"target\":{\"@type\":\"EntryPoint\",\"urlTemplate\":\"https:\\\/\\\/staging.boeck-technology.de\\\/?s={search_term_string}\"},\"query-input\":{\"@type\":\"PropertyValueSpecification\",\"valueRequired\":true,\"valueName\":\"search_term_string\"}}],\"inLanguage\":\"fr-FR\"},{\"@type\":\"Organization\",\"@id\":\"https:\\\/\\\/staging.boeck-technology.de\\\/#organization\",\"name\":\"boeck GmbH\",\"url\":\"https:\\\/\\\/staging.boeck-technology.de\\\/\",\"logo\":{\"@type\":\"ImageObject\",\"inLanguage\":\"fr-FR\",\"@id\":\"https:\\\/\\\/staging.boeck-technology.de\\\/#\\\/schema\\\/logo\\\/image\\\/\",\"url\":\"https:\\\/\\\/staging.boeck-technology.de\\\/wp-content\\\/uploads\\\/2021\\\/06\\\/boeck_logo_farbe-e1646758378588.png\",\"contentUrl\":\"https:\\\/\\\/staging.boeck-technology.de\\\/wp-content\\\/uploads\\\/2021\\\/06\\\/boeck_logo_farbe-e1646758378588.png\",\"width\":250,\"height\":90,\"caption\":\"boeck GmbH\"},\"image\":{\"@id\":\"https:\\\/\\\/staging.boeck-technology.de\\\/#\\\/schema\\\/logo\\\/image\\\/\"},\"sameAs\":[\"https:\\\/\\\/www.facebook.com\\\/boeck-GmbH-116687710252350\"]}]}<\/script>\n<!-- \/ Yoast SEO Premium plugin. -->","yoast_head_json":{"title":"Mandrin \u00e0 d\u00e9gagement rapide - Accessoires et fixations - boeck GmbH","robots":{"index":"noindex","follow":"follow","max-snippet":"max-snippet:-1","max-image-preview":"max-image-preview:large","max-video-preview":"max-video-preview:-1"},"og_locale":"fr_FR","og_type":"article","og_title":"Schnellspannaufnahme","og_description":"Vielseitige QUICK-Aufnahme f\u00fcr schnellen Werkzeugwechsel  Erh\u00e4ltlich in mehreren Aufnehmbaren Durchmessern (82 mm bis 260 mm)  Flexible Bohrungsoptionen passend f\u00fcr verschiedene Maschinentypen  Durchmesservariationen von 75 mm bis 200 mm  Justierhilfe und Drehrichtungsoption f\u00fcr pr\u00e4zises Arbeiten  Integration mit 25 mm oder 30 mm Motorwelle m\u00f6glich  Optional mit oder ohne Rastbolzen f\u00fcr vielf\u00e4ltige Einsatzm\u00f6glichkeiten","og_url":"https:\/\/staging.boeck-technology.de\/fr\/boutique\/outils-pour-la-tole\/pieces-jointes-et-accessoires-de-tole\/plaque-de-serrage-rapide-tole\/","og_site_name":"boeck GmbH","article_publisher":"https:\/\/www.facebook.com\/boeck-GmbH-116687710252350","article_modified_time":"2026-03-21T19:38:32+00:00","og_image":[{"width":500,"height":283,"url":"https:\/\/staging.boeck-technology.de\/wp-content\/uploads\/2025\/07\/art_208.png","type":"image\/png"}],"twitter_card":"summary_large_image","twitter_misc":{"Dur\u00e9e de lecture estim\u00e9e":"2 minutes"},"schema":{"@context":"https:\/\/schema.org","@graph":[{"@type":"WebPage","@id":"https:\/\/staging.boeck-technology.de\/shop\/blechwerkzeuge\/anbauteile-zubehoer-blechwerkzeuge\/schnellspannaufnahme-blech\/","url":"https:\/\/staging.boeck-technology.de\/shop\/blechwerkzeuge\/anbauteile-zubehoer-blechwerkzeuge\/schnellspannaufnahme-blech\/","name":"Mandrin \u00e0 d\u00e9gagement rapide - Accessoires et fixations - boeck GmbH","isPartOf":{"@id":"https:\/\/staging.boeck-technology.de\/#website"},"primaryImageOfPage":{"@id":"https:\/\/staging.boeck-technology.de\/shop\/blechwerkzeuge\/anbauteile-zubehoer-blechwerkzeuge\/schnellspannaufnahme-blech\/#primaryimage"},"image":{"@id":"https:\/\/staging.boeck-technology.de\/shop\/blechwerkzeuge\/anbauteile-zubehoer-blechwerkzeuge\/schnellspannaufnahme-blech\/#primaryimage"},"thumbnailUrl":"https:\/\/staging.boeck-technology.de\/wp-content\/uploads\/2025\/07\/art_208.png","datePublished":"2026-02-23T08:48:28+00:00","dateModified":"2026-03-21T19:38:32+00:00","breadcrumb":{"@id":"https:\/\/staging.boeck-technology.de\/shop\/blechwerkzeuge\/anbauteile-zubehoer-blechwerkzeuge\/schnellspannaufnahme-blech\/#breadcrumb"},"inLanguage":"fr-FR","potentialAction":[{"@type":"ReadAction","target":["https:\/\/staging.boeck-technology.de\/shop\/blechwerkzeuge\/anbauteile-zubehoer-blechwerkzeuge\/schnellspannaufnahme-blech\/"]}]},{"@type":"ImageObject","inLanguage":"fr-FR","@id":"https:\/\/staging.boeck-technology.de\/shop\/blechwerkzeuge\/anbauteile-zubehoer-blechwerkzeuge\/schnellspannaufnahme-blech\/#primaryimage","url":"https:\/\/staging.boeck-technology.de\/wp-content\/uploads\/2025\/07\/art_208.png","contentUrl":"https:\/\/staging.boeck-technology.de\/wp-content\/uploads\/2025\/07\/art_208.png","width":500,"height":283},{"@type":"BreadcrumbList","@id":"https:\/\/staging.boeck-technology.de\/shop\/blechwerkzeuge\/anbauteile-zubehoer-blechwerkzeuge\/schnellspannaufnahme-blech\/#breadcrumb","itemListElement":[{"@type":"ListItem","position":1,"name":"Startseite","item":"https:\/\/staging.boeck-technology.de\/"},{"@type":"ListItem","position":2,"name":"Produkte","item":"https:\/\/staging.boeck-technology.de\/shop\/"},{"@type":"ListItem","position":3,"name":"Schnellspannaufnahme"}]},{"@type":"WebSite","@id":"https:\/\/staging.boeck-technology.de\/#website","url":"https:\/\/staging.boeck-technology.de\/","name":"boeck GmbH","description":"Solutions d'outils sur mesure pour l'\u00e9bavurage de la t\u00f4le","publisher":{"@id":"https:\/\/staging.boeck-technology.de\/#organization"},"potentialAction":[{"@type":"SearchAction","target":{"@type":"EntryPoint","urlTemplate":"https:\/\/staging.boeck-technology.de\/?s={search_term_string}"},"query-input":{"@type":"PropertyValueSpecification","valueRequired":true,"valueName":"search_term_string"}}],"inLanguage":"fr-FR"},{"@type":"Organization","@id":"https:\/\/staging.boeck-technology.de\/#organization","name":"boeck GmbH","url":"https:\/\/staging.boeck-technology.de\/","logo":{"@type":"ImageObject","inLanguage":"fr-FR","@id":"https:\/\/staging.boeck-technology.de\/#\/schema\/logo\/image\/","url":"https:\/\/staging.boeck-technology.de\/wp-content\/uploads\/2021\/06\/boeck_logo_farbe-e1646758378588.png","contentUrl":"https:\/\/staging.boeck-technology.de\/wp-content\/uploads\/2021\/06\/boeck_logo_farbe-e1646758378588.png","width":250,"height":90,"caption":"boeck GmbH"},"image":{"@id":"https:\/\/staging.boeck-technology.de\/#\/schema\/logo\/image\/"},"sameAs":["https:\/\/www.facebook.com\/boeck-GmbH-116687710252350"]}]}},"_links":{"self":[{"href":"https:\/\/staging.boeck-technology.de\/fr\/wp-json\/wp\/v2\/product\/6079105","targetHints":{"allow":["GET"]}}],"collection":[{"href":"https:\/\/staging.boeck-technology.de\/fr\/wp-json\/wp\/v2\/product"}],"about":[{"href":"https:\/\/staging.boeck-technology.de\/fr\/wp-json\/wp\/v2\/types\/product"}],"wp:featuredmedia":[{"embeddable":true,"href":"https:\/\/staging.boeck-technology.de\/fr\/wp-json\/wp\/v2\/media\/6074012"}],"wp:attachment":[{"href":"https:\/\/staging.boeck-technology.de\/fr\/wp-json\/wp\/v2\/media?parent=6079105"}],"wp:term":[{"taxonomy":"product_brand","embeddable":true,"href":"https:\/\/staging.boeck-technology.de\/fr\/wp-json\/wp\/v2\/product_brand?post=6079105"},{"taxonomy":"product_cat","embeddable":true,"href":"https:\/\/staging.boeck-technology.de\/fr\/wp-json\/wp\/v2\/product_cat?post=6079105"},{"taxonomy":"product_tag","embeddable":true,"href":"https:\/\/staging.boeck-technology.de\/fr\/wp-json\/wp\/v2\/product_tag?post=6079105"}],"curies":[{"name":"wp","href":"https:\/\/api.w.org\/{rel}","templated":true}]}}