{"id":6079104,"date":"2026-02-23T09:47:48","date_gmt":"2026-02-23T08:47:48","guid":{"rendered":"https:\/\/bt25.wpm24.de\/?post_type=product&#038;p=6079104"},"modified":"2026-02-26T13:01:25","modified_gmt":"2026-02-26T12:01:25","slug":"bande-de-papier-abrasif-tole","status":"publish","type":"product","link":"https:\/\/staging.boeck-technology.de\/fr\/shop\/blechwerkzeuge\/vorschleifen-entgraten-blechwerkzeuge\/schleifpapierband-blech\/","title":{"rendered":"Bande de papier abrasif"},"content":{"rendered":"<p>La bande abrasive est disponible en diff\u00e9rentes largeurs et grains et convient \u00e0 une vaste gamme d&#039;applications de pon\u00e7age industriel. Elle pr\u00e9sente un sens de rotation neutre et est disponible en longueurs allant jusqu&#039;\u00e0 6\u00a0000 mm. Sa conception robuste garantit une longue dur\u00e9e de vie et des r\u00e9sultats de pon\u00e7age pr\u00e9cis. Id\u00e9ale pour une utilisation sur diff\u00e9rents types de ponceuses \u00e0 bande.<\/p>","protected":false},"excerpt":{"rendered":"<ul>\n<li>Vielf\u00e4ltige Breiten von 150 mm bis 1620 mm<\/li>\n<li>K\u00f6rnungen von 36 bis 240 f\u00fcr unterschiedliche Schleifbed\u00fcrfnisse<\/li>\n<li>Neutrale Drehrichtung f\u00fcr flexible Anwendung<\/li>\n<li>L\u00e4ngen bis 6000 mm verf\u00fcgbar<\/li>\n<li>Hohe Strapazierf\u00e4higkeit und lange Standzeit<\/li>\n<\/ul>","protected":false},"featured_media":6074039,"template":"","meta":{"_acf_changed":false},"product_brand":[],"product_cat":[2565],"product_tag":[],"class_list":{"0":"post-6079104","1":"product","2":"type-product","3":"status-publish","4":"has-post-thumbnail","6":"product_cat-vorschleifen-entgraten-blechwerkzeuge","8":"first","9":"instock","10":"purchasable","11":"product-type-simple"},"acf":[],"yoast_head":"<!-- This site is optimized with the Yoast SEO Premium plugin v18.3 (Yoast SEO v27.3) - https:\/\/yoast.com\/product\/yoast-seo-premium-wordpress\/ -->\n<title>Schleifpapierband - Vorschleifen &amp; Entgraten - boeck GmbH<\/title>\n<meta name=\"robots\" content=\"noindex, follow, max-snippet:-1, max-image-preview:large, max-video-preview:-1\" \/>\n<meta property=\"og:locale\" content=\"fr_FR\" \/>\n<meta property=\"og:type\" content=\"article\" \/>\n<meta property=\"og:title\" content=\"Schleifpapierband\" \/>\n<meta property=\"og:description\" content=\"Vielf\u00e4ltige Breiten von 150 mm bis 1620 mm  K\u00f6rnungen von 36 bis 240 f\u00fcr unterschiedliche Schleifbed\u00fcrfnisse  Neutrale Drehrichtung f\u00fcr flexible Anwendung  L\u00e4ngen bis 6000 mm verf\u00fcgbar  Hohe Strapazierf\u00e4higkeit und lange Standzeit\" \/>\n<meta property=\"og:url\" content=\"https:\/\/staging.boeck-technology.de\/fr\/boutique\/outils-pour-la-tole\/pre-poncage-et-ebavurage-de-tole\/bande-de-papier-abrasif-tole\/\" \/>\n<meta property=\"og:site_name\" content=\"boeck GmbH\" \/>\n<meta property=\"article:publisher\" content=\"https:\/\/www.facebook.com\/boeck-GmbH-116687710252350\" \/>\n<meta property=\"article:modified_time\" content=\"2026-02-26T12:01:25+00:00\" \/>\n<meta property=\"og:image\" content=\"https:\/\/staging.boeck-technology.de\/wp-content\/uploads\/2025\/07\/art_190.png\" \/>\n\t<meta property=\"og:image:width\" content=\"301\" \/>\n\t<meta property=\"og:image:height\" content=\"238\" \/>\n\t<meta property=\"og:image:type\" content=\"image\/png\" \/>\n<meta name=\"twitter:card\" content=\"summary_large_image\" \/>\n<meta name=\"twitter:label1\" content=\"Dur\u00e9e de lecture estim\u00e9e\" \/>\n\t<meta name=\"twitter:data1\" content=\"1 minute\" \/>\n<script type=\"application\/ld+json\" class=\"yoast-schema-graph\">{\"@context\":\"https:\\\/\\\/schema.org\",\"@graph\":[{\"@type\":\"WebPage\",\"@id\":\"https:\\\/\\\/staging.boeck-technology.de\\\/shop\\\/blechwerkzeuge\\\/vorschleifen-entgraten-blechwerkzeuge\\\/schleifpapierband-blech\\\/\",\"url\":\"https:\\\/\\\/staging.boeck-technology.de\\\/shop\\\/blechwerkzeuge\\\/vorschleifen-entgraten-blechwerkzeuge\\\/schleifpapierband-blech\\\/\",\"name\":\"Schleifpapierband - Vorschleifen &amp; Entgraten - boeck GmbH\",\"isPartOf\":{\"@id\":\"https:\\\/\\\/staging.boeck-technology.de\\\/#website\"},\"primaryImageOfPage\":{\"@id\":\"https:\\\/\\\/staging.boeck-technology.de\\\/shop\\\/blechwerkzeuge\\\/vorschleifen-entgraten-blechwerkzeuge\\\/schleifpapierband-blech\\\/#primaryimage\"},\"image\":{\"@id\":\"https:\\\/\\\/staging.boeck-technology.de\\\/shop\\\/blechwerkzeuge\\\/vorschleifen-entgraten-blechwerkzeuge\\\/schleifpapierband-blech\\\/#primaryimage\"},\"thumbnailUrl\":\"https:\\\/\\\/staging.boeck-technology.de\\\/wp-content\\\/uploads\\\/2025\\\/07\\\/art_190.png\",\"datePublished\":\"2026-02-23T08:47:48+00:00\",\"dateModified\":\"2026-02-26T12:01:25+00:00\",\"breadcrumb\":{\"@id\":\"https:\\\/\\\/staging.boeck-technology.de\\\/shop\\\/blechwerkzeuge\\\/vorschleifen-entgraten-blechwerkzeuge\\\/schleifpapierband-blech\\\/#breadcrumb\"},\"inLanguage\":\"fr-FR\",\"potentialAction\":[{\"@type\":\"ReadAction\",\"target\":[\"https:\\\/\\\/staging.boeck-technology.de\\\/shop\\\/blechwerkzeuge\\\/vorschleifen-entgraten-blechwerkzeuge\\\/schleifpapierband-blech\\\/\"]}]},{\"@type\":\"ImageObject\",\"inLanguage\":\"fr-FR\",\"@id\":\"https:\\\/\\\/staging.boeck-technology.de\\\/shop\\\/blechwerkzeuge\\\/vorschleifen-entgraten-blechwerkzeuge\\\/schleifpapierband-blech\\\/#primaryimage\",\"url\":\"https:\\\/\\\/staging.boeck-technology.de\\\/wp-content\\\/uploads\\\/2025\\\/07\\\/art_190.png\",\"contentUrl\":\"https:\\\/\\\/staging.boeck-technology.de\\\/wp-content\\\/uploads\\\/2025\\\/07\\\/art_190.png\",\"width\":301,\"height\":238},{\"@type\":\"BreadcrumbList\",\"@id\":\"https:\\\/\\\/staging.boeck-technology.de\\\/shop\\\/blechwerkzeuge\\\/vorschleifen-entgraten-blechwerkzeuge\\\/schleifpapierband-blech\\\/#breadcrumb\",\"itemListElement\":[{\"@type\":\"ListItem\",\"position\":1,\"name\":\"Startseite\",\"item\":\"https:\\\/\\\/staging.boeck-technology.de\\\/\"},{\"@type\":\"ListItem\",\"position\":2,\"name\":\"Produkte\",\"item\":\"https:\\\/\\\/staging.boeck-technology.de\\\/shop\\\/\"},{\"@type\":\"ListItem\",\"position\":3,\"name\":\"Schleifpapierband\"}]},{\"@type\":\"WebSite\",\"@id\":\"https:\\\/\\\/staging.boeck-technology.de\\\/#website\",\"url\":\"https:\\\/\\\/staging.boeck-technology.de\\\/\",\"name\":\"boeck GmbH\",\"description\":\"Ma\u00dfgeschneiderte Werkzeugl\u00f6sungen f\u00fcr Blechentgratung\",\"publisher\":{\"@id\":\"https:\\\/\\\/staging.boeck-technology.de\\\/#organization\"},\"potentialAction\":[{\"@type\":\"SearchAction\",\"target\":{\"@type\":\"EntryPoint\",\"urlTemplate\":\"https:\\\/\\\/staging.boeck-technology.de\\\/?s={search_term_string}\"},\"query-input\":{\"@type\":\"PropertyValueSpecification\",\"valueRequired\":true,\"valueName\":\"search_term_string\"}}],\"inLanguage\":\"fr-FR\"},{\"@type\":\"Organization\",\"@id\":\"https:\\\/\\\/staging.boeck-technology.de\\\/#organization\",\"name\":\"boeck GmbH\",\"url\":\"https:\\\/\\\/staging.boeck-technology.de\\\/\",\"logo\":{\"@type\":\"ImageObject\",\"inLanguage\":\"fr-FR\",\"@id\":\"https:\\\/\\\/staging.boeck-technology.de\\\/#\\\/schema\\\/logo\\\/image\\\/\",\"url\":\"https:\\\/\\\/staging.boeck-technology.de\\\/wp-content\\\/uploads\\\/2021\\\/06\\\/boeck_logo_farbe-e1646758378588.png\",\"contentUrl\":\"https:\\\/\\\/staging.boeck-technology.de\\\/wp-content\\\/uploads\\\/2021\\\/06\\\/boeck_logo_farbe-e1646758378588.png\",\"width\":250,\"height\":90,\"caption\":\"boeck GmbH\"},\"image\":{\"@id\":\"https:\\\/\\\/staging.boeck-technology.de\\\/#\\\/schema\\\/logo\\\/image\\\/\"},\"sameAs\":[\"https:\\\/\\\/www.facebook.com\\\/boeck-GmbH-116687710252350\"]}]}<\/script>\n<!-- \/ Yoast SEO Premium plugin. -->","yoast_head_json":{"title":"Bande abrasive - Pr\u00e9-pon\u00e7age et \u00e9bavurage - boeck GmbH","robots":{"index":"noindex","follow":"follow","max-snippet":"max-snippet:-1","max-image-preview":"max-image-preview:large","max-video-preview":"max-video-preview:-1"},"og_locale":"fr_FR","og_type":"article","og_title":"Schleifpapierband","og_description":"Vielf\u00e4ltige Breiten von 150 mm bis 1620 mm  K\u00f6rnungen von 36 bis 240 f\u00fcr unterschiedliche Schleifbed\u00fcrfnisse  Neutrale Drehrichtung f\u00fcr flexible Anwendung  L\u00e4ngen bis 6000 mm verf\u00fcgbar  Hohe Strapazierf\u00e4higkeit und lange Standzeit","og_url":"https:\/\/staging.boeck-technology.de\/fr\/boutique\/outils-pour-la-tole\/pre-poncage-et-ebavurage-de-tole\/bande-de-papier-abrasif-tole\/","og_site_name":"boeck GmbH","article_publisher":"https:\/\/www.facebook.com\/boeck-GmbH-116687710252350","article_modified_time":"2026-02-26T12:01:25+00:00","og_image":[{"width":301,"height":238,"url":"https:\/\/staging.boeck-technology.de\/wp-content\/uploads\/2025\/07\/art_190.png","type":"image\/png"}],"twitter_card":"summary_large_image","twitter_misc":{"Dur\u00e9e de lecture estim\u00e9e":"1 minute"},"schema":{"@context":"https:\/\/schema.org","@graph":[{"@type":"WebPage","@id":"https:\/\/staging.boeck-technology.de\/shop\/blechwerkzeuge\/vorschleifen-entgraten-blechwerkzeuge\/schleifpapierband-blech\/","url":"https:\/\/staging.boeck-technology.de\/shop\/blechwerkzeuge\/vorschleifen-entgraten-blechwerkzeuge\/schleifpapierband-blech\/","name":"Bande abrasive - Pr\u00e9-pon\u00e7age et \u00e9bavurage - boeck GmbH","isPartOf":{"@id":"https:\/\/staging.boeck-technology.de\/#website"},"primaryImageOfPage":{"@id":"https:\/\/staging.boeck-technology.de\/shop\/blechwerkzeuge\/vorschleifen-entgraten-blechwerkzeuge\/schleifpapierband-blech\/#primaryimage"},"image":{"@id":"https:\/\/staging.boeck-technology.de\/shop\/blechwerkzeuge\/vorschleifen-entgraten-blechwerkzeuge\/schleifpapierband-blech\/#primaryimage"},"thumbnailUrl":"https:\/\/staging.boeck-technology.de\/wp-content\/uploads\/2025\/07\/art_190.png","datePublished":"2026-02-23T08:47:48+00:00","dateModified":"2026-02-26T12:01:25+00:00","breadcrumb":{"@id":"https:\/\/staging.boeck-technology.de\/shop\/blechwerkzeuge\/vorschleifen-entgraten-blechwerkzeuge\/schleifpapierband-blech\/#breadcrumb"},"inLanguage":"fr-FR","potentialAction":[{"@type":"ReadAction","target":["https:\/\/staging.boeck-technology.de\/shop\/blechwerkzeuge\/vorschleifen-entgraten-blechwerkzeuge\/schleifpapierband-blech\/"]}]},{"@type":"ImageObject","inLanguage":"fr-FR","@id":"https:\/\/staging.boeck-technology.de\/shop\/blechwerkzeuge\/vorschleifen-entgraten-blechwerkzeuge\/schleifpapierband-blech\/#primaryimage","url":"https:\/\/staging.boeck-technology.de\/wp-content\/uploads\/2025\/07\/art_190.png","contentUrl":"https:\/\/staging.boeck-technology.de\/wp-content\/uploads\/2025\/07\/art_190.png","width":301,"height":238},{"@type":"BreadcrumbList","@id":"https:\/\/staging.boeck-technology.de\/shop\/blechwerkzeuge\/vorschleifen-entgraten-blechwerkzeuge\/schleifpapierband-blech\/#breadcrumb","itemListElement":[{"@type":"ListItem","position":1,"name":"Startseite","item":"https:\/\/staging.boeck-technology.de\/"},{"@type":"ListItem","position":2,"name":"Produkte","item":"https:\/\/staging.boeck-technology.de\/shop\/"},{"@type":"ListItem","position":3,"name":"Schleifpapierband"}]},{"@type":"WebSite","@id":"https:\/\/staging.boeck-technology.de\/#website","url":"https:\/\/staging.boeck-technology.de\/","name":"boeck GmbH","description":"Solutions d'outils sur mesure pour l'\u00e9bavurage de la t\u00f4le","publisher":{"@id":"https:\/\/staging.boeck-technology.de\/#organization"},"potentialAction":[{"@type":"SearchAction","target":{"@type":"EntryPoint","urlTemplate":"https:\/\/staging.boeck-technology.de\/?s={search_term_string}"},"query-input":{"@type":"PropertyValueSpecification","valueRequired":true,"valueName":"search_term_string"}}],"inLanguage":"fr-FR"},{"@type":"Organization","@id":"https:\/\/staging.boeck-technology.de\/#organization","name":"boeck GmbH","url":"https:\/\/staging.boeck-technology.de\/","logo":{"@type":"ImageObject","inLanguage":"fr-FR","@id":"https:\/\/staging.boeck-technology.de\/#\/schema\/logo\/image\/","url":"https:\/\/staging.boeck-technology.de\/wp-content\/uploads\/2021\/06\/boeck_logo_farbe-e1646758378588.png","contentUrl":"https:\/\/staging.boeck-technology.de\/wp-content\/uploads\/2021\/06\/boeck_logo_farbe-e1646758378588.png","width":250,"height":90,"caption":"boeck GmbH"},"image":{"@id":"https:\/\/staging.boeck-technology.de\/#\/schema\/logo\/image\/"},"sameAs":["https:\/\/www.facebook.com\/boeck-GmbH-116687710252350"]}]}},"_links":{"self":[{"href":"https:\/\/staging.boeck-technology.de\/fr\/wp-json\/wp\/v2\/product\/6079104","targetHints":{"allow":["GET"]}}],"collection":[{"href":"https:\/\/staging.boeck-technology.de\/fr\/wp-json\/wp\/v2\/product"}],"about":[{"href":"https:\/\/staging.boeck-technology.de\/fr\/wp-json\/wp\/v2\/types\/product"}],"wp:featuredmedia":[{"embeddable":true,"href":"https:\/\/staging.boeck-technology.de\/fr\/wp-json\/wp\/v2\/media\/6074039"}],"wp:attachment":[{"href":"https:\/\/staging.boeck-technology.de\/fr\/wp-json\/wp\/v2\/media?parent=6079104"}],"wp:term":[{"taxonomy":"product_brand","embeddable":true,"href":"https:\/\/staging.boeck-technology.de\/fr\/wp-json\/wp\/v2\/product_brand?post=6079104"},{"taxonomy":"product_cat","embeddable":true,"href":"https:\/\/staging.boeck-technology.de\/fr\/wp-json\/wp\/v2\/product_cat?post=6079104"},{"taxonomy":"product_tag","embeddable":true,"href":"https:\/\/staging.boeck-technology.de\/fr\/wp-json\/wp\/v2\/product_tag?post=6079104"}],"curies":[{"name":"wp","href":"https:\/\/api.w.org\/{rel}","templated":true}]}}