{"id":6079103,"date":"2026-02-23T09:46:59","date_gmt":"2026-02-23T08:46:59","guid":{"rendered":"https:\/\/bt25.wpm24.de\/?post_type=product&#038;p=6079103"},"modified":"2026-03-19T10:50:38","modified_gmt":"2026-03-19T09:50:38","slug":"brosse-abrasive-tole","status":"publish","type":"product","link":"https:\/\/staging.boeck-technology.de\/fr\/shop\/blechwerkzeuge\/entgraten-verrunden-blechwerkzeuge\/schleifbuerste-blech\/","title":{"rendered":"Brosse abrasive"},"content":{"rendered":"<p>La brosse abrasive est un outil polyvalent pour le traitement et le nettoyage des surfaces dans les applications industrielles. Disponible en diff\u00e9rentes versions avec divers grains, configurations de fentes et hauteurs de poils, elle s&#039;adapte \u00e0 de nombreux besoins. Son sens de rotation neutre permet un traitement de surface doux et uniforme. Le large choix de longueurs et de hauteurs assure une adaptation pr\u00e9cise aux diff\u00e9rentes applications. La brosse abrasive offre ainsi des solutions de pon\u00e7age efficaces et flexibles.<\/p>","protected":false},"excerpt":{"rendered":"<ul>\n<li>Vielseitig einsetzbar f\u00fcr industrielle Oberfl\u00e4chenbearbeitung<\/li>\n<li>Individuell w\u00e4hlbare K\u00f6rnung und Besatzh\u00f6he<\/li>\n<li>Neutrale Drehrichtung f\u00fcr schonende Verarbeitung<\/li>\n<li>Breite Auswahl an L\u00e4ngen und Gesamth\u00f6hen<\/li>\n<li>Hohe Flexibilit\u00e4t und Anpassbarkeit an Einsatzbereiche<\/li>\n<\/ul>","protected":false},"featured_media":6074022,"template":"","meta":{"_acf_changed":false},"product_brand":[],"product_cat":[2562],"product_tag":[],"class_list":{"0":"post-6079103","1":"product","2":"type-product","3":"status-publish","4":"has-post-thumbnail","6":"product_cat-entgraten-verrunden-blechwerkzeuge","8":"first","9":"instock","10":"purchasable","11":"product-type-simple"},"acf":[],"yoast_head":"<!-- This site is optimized with the Yoast SEO Premium plugin v18.3 (Yoast SEO v27.3) - https:\/\/yoast.com\/product\/yoast-seo-premium-wordpress\/ -->\n<title>Schleifb\u00fcrste - Entgraten &amp; Verrunden - boeck GmbH<\/title>\n<meta name=\"robots\" content=\"noindex, follow, max-snippet:-1, max-image-preview:large, max-video-preview:-1\" \/>\n<meta property=\"og:locale\" content=\"fr_FR\" \/>\n<meta property=\"og:type\" content=\"article\" \/>\n<meta property=\"og:title\" content=\"Schleifb\u00fcrste\" \/>\n<meta property=\"og:description\" content=\"Vielseitig einsetzbar f\u00fcr industrielle Oberfl\u00e4chenbearbeitung  Individuell w\u00e4hlbare K\u00f6rnung und Besatzh\u00f6he  Neutrale Drehrichtung f\u00fcr schonende Verarbeitung  Breite Auswahl an L\u00e4ngen und Gesamth\u00f6hen  Hohe Flexibilit\u00e4t und Anpassbarkeit an Einsatzbereiche\" \/>\n<meta property=\"og:url\" content=\"https:\/\/staging.boeck-technology.de\/fr\/boutique\/outils-pour-la-tole\/ebavurage-et-arrondissage-de-tole\/brosse-abrasive-tole\/\" \/>\n<meta property=\"og:site_name\" content=\"boeck GmbH\" \/>\n<meta property=\"article:publisher\" content=\"https:\/\/www.facebook.com\/boeck-GmbH-116687710252350\" \/>\n<meta property=\"article:modified_time\" content=\"2026-03-19T09:50:38+00:00\" \/>\n<meta property=\"og:image\" content=\"https:\/\/staging.boeck-technology.de\/wp-content\/uploads\/2025\/07\/art_133.png\" \/>\n\t<meta property=\"og:image:width\" content=\"500\" \/>\n\t<meta property=\"og:image:height\" content=\"234\" \/>\n\t<meta property=\"og:image:type\" content=\"image\/png\" \/>\n<meta name=\"twitter:card\" content=\"summary_large_image\" \/>\n<meta name=\"twitter:label1\" content=\"Dur\u00e9e de lecture estim\u00e9e\" \/>\n\t<meta name=\"twitter:data1\" content=\"1 minute\" \/>\n<script type=\"application\/ld+json\" class=\"yoast-schema-graph\">{\"@context\":\"https:\\\/\\\/schema.org\",\"@graph\":[{\"@type\":\"WebPage\",\"@id\":\"https:\\\/\\\/staging.boeck-technology.de\\\/shop\\\/blechwerkzeuge\\\/entgraten-verrunden-blechwerkzeuge\\\/schleifbuerste-blech\\\/\",\"url\":\"https:\\\/\\\/staging.boeck-technology.de\\\/shop\\\/blechwerkzeuge\\\/entgraten-verrunden-blechwerkzeuge\\\/schleifbuerste-blech\\\/\",\"name\":\"Schleifb\u00fcrste - Entgraten &amp; Verrunden - boeck GmbH\",\"isPartOf\":{\"@id\":\"https:\\\/\\\/staging.boeck-technology.de\\\/#website\"},\"primaryImageOfPage\":{\"@id\":\"https:\\\/\\\/staging.boeck-technology.de\\\/shop\\\/blechwerkzeuge\\\/entgraten-verrunden-blechwerkzeuge\\\/schleifbuerste-blech\\\/#primaryimage\"},\"image\":{\"@id\":\"https:\\\/\\\/staging.boeck-technology.de\\\/shop\\\/blechwerkzeuge\\\/entgraten-verrunden-blechwerkzeuge\\\/schleifbuerste-blech\\\/#primaryimage\"},\"thumbnailUrl\":\"https:\\\/\\\/staging.boeck-technology.de\\\/wp-content\\\/uploads\\\/2025\\\/07\\\/art_133.png\",\"datePublished\":\"2026-02-23T08:46:59+00:00\",\"dateModified\":\"2026-03-19T09:50:38+00:00\",\"breadcrumb\":{\"@id\":\"https:\\\/\\\/staging.boeck-technology.de\\\/shop\\\/blechwerkzeuge\\\/entgraten-verrunden-blechwerkzeuge\\\/schleifbuerste-blech\\\/#breadcrumb\"},\"inLanguage\":\"fr-FR\",\"potentialAction\":[{\"@type\":\"ReadAction\",\"target\":[\"https:\\\/\\\/staging.boeck-technology.de\\\/shop\\\/blechwerkzeuge\\\/entgraten-verrunden-blechwerkzeuge\\\/schleifbuerste-blech\\\/\"]}]},{\"@type\":\"ImageObject\",\"inLanguage\":\"fr-FR\",\"@id\":\"https:\\\/\\\/staging.boeck-technology.de\\\/shop\\\/blechwerkzeuge\\\/entgraten-verrunden-blechwerkzeuge\\\/schleifbuerste-blech\\\/#primaryimage\",\"url\":\"https:\\\/\\\/staging.boeck-technology.de\\\/wp-content\\\/uploads\\\/2025\\\/07\\\/art_133.png\",\"contentUrl\":\"https:\\\/\\\/staging.boeck-technology.de\\\/wp-content\\\/uploads\\\/2025\\\/07\\\/art_133.png\",\"width\":500,\"height\":234},{\"@type\":\"BreadcrumbList\",\"@id\":\"https:\\\/\\\/staging.boeck-technology.de\\\/shop\\\/blechwerkzeuge\\\/entgraten-verrunden-blechwerkzeuge\\\/schleifbuerste-blech\\\/#breadcrumb\",\"itemListElement\":[{\"@type\":\"ListItem\",\"position\":1,\"name\":\"Startseite\",\"item\":\"https:\\\/\\\/staging.boeck-technology.de\\\/\"},{\"@type\":\"ListItem\",\"position\":2,\"name\":\"Produkte\",\"item\":\"https:\\\/\\\/staging.boeck-technology.de\\\/shop\\\/\"},{\"@type\":\"ListItem\",\"position\":3,\"name\":\"Schleifb\u00fcrste\"}]},{\"@type\":\"WebSite\",\"@id\":\"https:\\\/\\\/staging.boeck-technology.de\\\/#website\",\"url\":\"https:\\\/\\\/staging.boeck-technology.de\\\/\",\"name\":\"boeck GmbH\",\"description\":\"Ma\u00dfgeschneiderte Werkzeugl\u00f6sungen f\u00fcr Blechentgratung\",\"publisher\":{\"@id\":\"https:\\\/\\\/staging.boeck-technology.de\\\/#organization\"},\"potentialAction\":[{\"@type\":\"SearchAction\",\"target\":{\"@type\":\"EntryPoint\",\"urlTemplate\":\"https:\\\/\\\/staging.boeck-technology.de\\\/?s={search_term_string}\"},\"query-input\":{\"@type\":\"PropertyValueSpecification\",\"valueRequired\":true,\"valueName\":\"search_term_string\"}}],\"inLanguage\":\"fr-FR\"},{\"@type\":\"Organization\",\"@id\":\"https:\\\/\\\/staging.boeck-technology.de\\\/#organization\",\"name\":\"boeck GmbH\",\"url\":\"https:\\\/\\\/staging.boeck-technology.de\\\/\",\"logo\":{\"@type\":\"ImageObject\",\"inLanguage\":\"fr-FR\",\"@id\":\"https:\\\/\\\/staging.boeck-technology.de\\\/#\\\/schema\\\/logo\\\/image\\\/\",\"url\":\"https:\\\/\\\/staging.boeck-technology.de\\\/wp-content\\\/uploads\\\/2021\\\/06\\\/boeck_logo_farbe-e1646758378588.png\",\"contentUrl\":\"https:\\\/\\\/staging.boeck-technology.de\\\/wp-content\\\/uploads\\\/2021\\\/06\\\/boeck_logo_farbe-e1646758378588.png\",\"width\":250,\"height\":90,\"caption\":\"boeck GmbH\"},\"image\":{\"@id\":\"https:\\\/\\\/staging.boeck-technology.de\\\/#\\\/schema\\\/logo\\\/image\\\/\"},\"sameAs\":[\"https:\\\/\\\/www.facebook.com\\\/boeck-GmbH-116687710252350\"]}]}<\/script>\n<!-- \/ Yoast SEO Premium plugin. -->","yoast_head_json":{"title":"Brosse de meulage - \u00c9bavurage et arrondissage - boeck GmbH","robots":{"index":"noindex","follow":"follow","max-snippet":"max-snippet:-1","max-image-preview":"max-image-preview:large","max-video-preview":"max-video-preview:-1"},"og_locale":"fr_FR","og_type":"article","og_title":"Schleifb\u00fcrste","og_description":"Vielseitig einsetzbar f\u00fcr industrielle Oberfl\u00e4chenbearbeitung  Individuell w\u00e4hlbare K\u00f6rnung und Besatzh\u00f6he  Neutrale Drehrichtung f\u00fcr schonende Verarbeitung  Breite Auswahl an L\u00e4ngen und Gesamth\u00f6hen  Hohe Flexibilit\u00e4t und Anpassbarkeit an Einsatzbereiche","og_url":"https:\/\/staging.boeck-technology.de\/fr\/boutique\/outils-pour-la-tole\/ebavurage-et-arrondissage-de-tole\/brosse-abrasive-tole\/","og_site_name":"boeck GmbH","article_publisher":"https:\/\/www.facebook.com\/boeck-GmbH-116687710252350","article_modified_time":"2026-03-19T09:50:38+00:00","og_image":[{"width":500,"height":234,"url":"https:\/\/staging.boeck-technology.de\/wp-content\/uploads\/2025\/07\/art_133.png","type":"image\/png"}],"twitter_card":"summary_large_image","twitter_misc":{"Dur\u00e9e de lecture estim\u00e9e":"1 minute"},"schema":{"@context":"https:\/\/schema.org","@graph":[{"@type":"WebPage","@id":"https:\/\/staging.boeck-technology.de\/shop\/blechwerkzeuge\/entgraten-verrunden-blechwerkzeuge\/schleifbuerste-blech\/","url":"https:\/\/staging.boeck-technology.de\/shop\/blechwerkzeuge\/entgraten-verrunden-blechwerkzeuge\/schleifbuerste-blech\/","name":"Brosse de meulage - \u00c9bavurage et arrondissage - boeck GmbH","isPartOf":{"@id":"https:\/\/staging.boeck-technology.de\/#website"},"primaryImageOfPage":{"@id":"https:\/\/staging.boeck-technology.de\/shop\/blechwerkzeuge\/entgraten-verrunden-blechwerkzeuge\/schleifbuerste-blech\/#primaryimage"},"image":{"@id":"https:\/\/staging.boeck-technology.de\/shop\/blechwerkzeuge\/entgraten-verrunden-blechwerkzeuge\/schleifbuerste-blech\/#primaryimage"},"thumbnailUrl":"https:\/\/staging.boeck-technology.de\/wp-content\/uploads\/2025\/07\/art_133.png","datePublished":"2026-02-23T08:46:59+00:00","dateModified":"2026-03-19T09:50:38+00:00","breadcrumb":{"@id":"https:\/\/staging.boeck-technology.de\/shop\/blechwerkzeuge\/entgraten-verrunden-blechwerkzeuge\/schleifbuerste-blech\/#breadcrumb"},"inLanguage":"fr-FR","potentialAction":[{"@type":"ReadAction","target":["https:\/\/staging.boeck-technology.de\/shop\/blechwerkzeuge\/entgraten-verrunden-blechwerkzeuge\/schleifbuerste-blech\/"]}]},{"@type":"ImageObject","inLanguage":"fr-FR","@id":"https:\/\/staging.boeck-technology.de\/shop\/blechwerkzeuge\/entgraten-verrunden-blechwerkzeuge\/schleifbuerste-blech\/#primaryimage","url":"https:\/\/staging.boeck-technology.de\/wp-content\/uploads\/2025\/07\/art_133.png","contentUrl":"https:\/\/staging.boeck-technology.de\/wp-content\/uploads\/2025\/07\/art_133.png","width":500,"height":234},{"@type":"BreadcrumbList","@id":"https:\/\/staging.boeck-technology.de\/shop\/blechwerkzeuge\/entgraten-verrunden-blechwerkzeuge\/schleifbuerste-blech\/#breadcrumb","itemListElement":[{"@type":"ListItem","position":1,"name":"Startseite","item":"https:\/\/staging.boeck-technology.de\/"},{"@type":"ListItem","position":2,"name":"Produkte","item":"https:\/\/staging.boeck-technology.de\/shop\/"},{"@type":"ListItem","position":3,"name":"Schleifb\u00fcrste"}]},{"@type":"WebSite","@id":"https:\/\/staging.boeck-technology.de\/#website","url":"https:\/\/staging.boeck-technology.de\/","name":"boeck GmbH","description":"Solutions d'outils sur mesure pour l'\u00e9bavurage de la t\u00f4le","publisher":{"@id":"https:\/\/staging.boeck-technology.de\/#organization"},"potentialAction":[{"@type":"SearchAction","target":{"@type":"EntryPoint","urlTemplate":"https:\/\/staging.boeck-technology.de\/?s={search_term_string}"},"query-input":{"@type":"PropertyValueSpecification","valueRequired":true,"valueName":"search_term_string"}}],"inLanguage":"fr-FR"},{"@type":"Organization","@id":"https:\/\/staging.boeck-technology.de\/#organization","name":"boeck GmbH","url":"https:\/\/staging.boeck-technology.de\/","logo":{"@type":"ImageObject","inLanguage":"fr-FR","@id":"https:\/\/staging.boeck-technology.de\/#\/schema\/logo\/image\/","url":"https:\/\/staging.boeck-technology.de\/wp-content\/uploads\/2021\/06\/boeck_logo_farbe-e1646758378588.png","contentUrl":"https:\/\/staging.boeck-technology.de\/wp-content\/uploads\/2021\/06\/boeck_logo_farbe-e1646758378588.png","width":250,"height":90,"caption":"boeck GmbH"},"image":{"@id":"https:\/\/staging.boeck-technology.de\/#\/schema\/logo\/image\/"},"sameAs":["https:\/\/www.facebook.com\/boeck-GmbH-116687710252350"]}]}},"_links":{"self":[{"href":"https:\/\/staging.boeck-technology.de\/fr\/wp-json\/wp\/v2\/product\/6079103","targetHints":{"allow":["GET"]}}],"collection":[{"href":"https:\/\/staging.boeck-technology.de\/fr\/wp-json\/wp\/v2\/product"}],"about":[{"href":"https:\/\/staging.boeck-technology.de\/fr\/wp-json\/wp\/v2\/types\/product"}],"wp:featuredmedia":[{"embeddable":true,"href":"https:\/\/staging.boeck-technology.de\/fr\/wp-json\/wp\/v2\/media\/6074022"}],"wp:attachment":[{"href":"https:\/\/staging.boeck-technology.de\/fr\/wp-json\/wp\/v2\/media?parent=6079103"}],"wp:term":[{"taxonomy":"product_brand","embeddable":true,"href":"https:\/\/staging.boeck-technology.de\/fr\/wp-json\/wp\/v2\/product_brand?post=6079103"},{"taxonomy":"product_cat","embeddable":true,"href":"https:\/\/staging.boeck-technology.de\/fr\/wp-json\/wp\/v2\/product_cat?post=6079103"},{"taxonomy":"product_tag","embeddable":true,"href":"https:\/\/staging.boeck-technology.de\/fr\/wp-json\/wp\/v2\/product_tag?post=6079103"}],"curies":[{"name":"wp","href":"https:\/\/api.w.org\/{rel}","templated":true}]}}