{"id":6079102,"date":"2026-02-23T09:46:14","date_gmt":"2026-02-23T08:46:14","guid":{"rendered":"https:\/\/bt25.wpm24.de\/?post_type=product&#038;p=6079102"},"modified":"2026-02-23T09:46:38","modified_gmt":"2026-02-23T08:46:38","slug":"disque-de-polaire-abrasive-tole","status":"publish","type":"product","link":"https:\/\/staging.boeck-technology.de\/fr\/shop\/blechwerkzeuge\/finish-schleifen-blechwerkzeuge\/schleifvliesteller-blech\/","title":{"rendered":"Disque de polaire abrasive"},"content":{"rendered":"<p>Le disque abrasif en non-tiss\u00e9 est un outil industriel polyvalent et de haute qualit\u00e9, sp\u00e9cialement con\u00e7u pour les travaux de meulage exigeants. Il est disponible en plusieurs coloris\u00a0: bleu, marron, marron fonc\u00e9, or, vert, gris, violet, rouge et synth\u00e9tique, garantissant ainsi un disque abrasif en non-tiss\u00e9 adapt\u00e9 \u00e0 chaque application.<\/p>\n<p>Avec des diam\u00e8tres allant de 82 mm \u00e0 410 mm, le disque abrasif en fibre s&#039;adapte parfaitement \u00e0 votre machine et au type de pi\u00e8ce \u00e0 usiner. Les options de montage incluent des al\u00e9sages de 25 mm et 30 mm, des fixations Costa, des filetages M14 (sens horaire et antihoraire) et des fixations QUICK, garantissant une installation simple et s\u00fbre.<\/p>\n<p>La t\u00eate de brosse est con\u00e7ue avec une seule rang\u00e9e pour un enl\u00e8vement de mati\u00e8re uniforme et efficace. De plus, diff\u00e9rents sens de rotation sont disponibles (horaire, antihoraire et neutre) pour une adaptation optimale \u00e0 vos processus de travail.<\/p>\n<p>Le tampon abrasif en polaire impressionne par sa durabilit\u00e9, ses excellentes performances de pon\u00e7age et sa polyvalence, s&#039;adaptant \u00e0 diff\u00e9rents mat\u00e9riaux et types de surfaces. Id\u00e9al pour le travail du m\u00e9tal et du bois, ainsi que pour le nettoyage et la finition des surfaces.<\/p>","protected":false},"excerpt":{"rendered":"<ul>\n<li>Vielseitige Editionen f\u00fcr optimale Anpassung an verschiedenste Anwendungen<\/li>\n<li>Erh\u00e4ltlich in mehreren Durchmessern von 82 bis 410 mm<\/li>\n<li>Flexible Aufnahmen: Bohrung, Gewinde M14, Costa und QUICK<\/li>\n<li>Einreihige Besatzausf\u00fchrung f\u00fcr gleichm\u00e4\u00dfigen Abtrag<\/li>\n<li>Verf\u00fcgbar mit Drehrichtungen Rechtslauf, Linkslauf und Neutral<\/li>\n<li>Hohe Langlebigkeit und exzellente Schleifergebnisse<\/li>\n<li>Ideal f\u00fcr Metall- und Holzbearbeitung sowie Oberfl\u00e4chenveredelung<\/li>\n<\/ul>","protected":false},"featured_media":6074029,"template":"","meta":{"_acf_changed":false},"product_brand":[],"product_cat":[2564],"product_tag":[],"class_list":{"0":"post-6079102","1":"product","2":"type-product","3":"status-publish","4":"has-post-thumbnail","6":"product_cat-finish-schleifen-blechwerkzeuge","8":"first","9":"instock","10":"purchasable","11":"product-type-simple"},"acf":[],"yoast_head":"<!-- This site is optimized with the Yoast SEO Premium plugin v18.3 (Yoast SEO v27.3) - https:\/\/yoast.com\/product\/yoast-seo-premium-wordpress\/ -->\n<title>Schleifvliesteller - Finish-Schleifen - boeck GmbH<\/title>\n<meta name=\"robots\" content=\"noindex, follow, max-snippet:-1, max-image-preview:large, max-video-preview:-1\" \/>\n<meta property=\"og:locale\" content=\"fr_FR\" \/>\n<meta property=\"og:type\" content=\"article\" \/>\n<meta property=\"og:title\" content=\"Schleifvliesteller\" \/>\n<meta property=\"og:description\" content=\"Vielseitige Editionen f\u00fcr optimale Anpassung an verschiedenste Anwendungen  Erh\u00e4ltlich in mehreren Durchmessern von 82 bis 410 mm  Flexible Aufnahmen: Bohrung, Gewinde M14, Costa und QUICK  Einreihige Besatzausf\u00fchrung f\u00fcr gleichm\u00e4\u00dfigen Abtrag  Verf\u00fcgbar mit Drehrichtungen Rechtslauf, Linkslauf und Neutral  Hohe Langlebigkeit und exzellente Schleifergebnisse  Ideal f\u00fcr Metall- und Holzbearbeitung sowie Oberfl\u00e4chenveredelung\" \/>\n<meta property=\"og:url\" content=\"https:\/\/staging.boeck-technology.de\/fr\/boutique\/outils-pour-la-tole\/finition-poncage-de-tole\/disque-de-polaire-abrasive-tole\/\" \/>\n<meta property=\"og:site_name\" content=\"boeck GmbH\" \/>\n<meta property=\"article:publisher\" content=\"https:\/\/www.facebook.com\/boeck-GmbH-116687710252350\" \/>\n<meta property=\"article:modified_time\" content=\"2026-02-23T08:46:38+00:00\" \/>\n<meta property=\"og:image\" content=\"https:\/\/staging.boeck-technology.de\/wp-content\/uploads\/2025\/07\/art_118.png\" \/>\n\t<meta property=\"og:image:width\" content=\"640\" \/>\n\t<meta property=\"og:image:height\" content=\"357\" \/>\n\t<meta property=\"og:image:type\" content=\"image\/png\" \/>\n<meta name=\"twitter:card\" content=\"summary_large_image\" \/>\n<meta name=\"twitter:label1\" content=\"Dur\u00e9e de lecture estim\u00e9e\" \/>\n\t<meta name=\"twitter:data1\" content=\"2 minutes\" \/>\n<script type=\"application\/ld+json\" class=\"yoast-schema-graph\">{\"@context\":\"https:\\\/\\\/schema.org\",\"@graph\":[{\"@type\":\"WebPage\",\"@id\":\"https:\\\/\\\/staging.boeck-technology.de\\\/shop\\\/blechwerkzeuge\\\/finish-schleifen-blechwerkzeuge\\\/schleifvliesteller-blech\\\/\",\"url\":\"https:\\\/\\\/staging.boeck-technology.de\\\/shop\\\/blechwerkzeuge\\\/finish-schleifen-blechwerkzeuge\\\/schleifvliesteller-blech\\\/\",\"name\":\"Schleifvliesteller - Finish-Schleifen - boeck GmbH\",\"isPartOf\":{\"@id\":\"https:\\\/\\\/staging.boeck-technology.de\\\/#website\"},\"primaryImageOfPage\":{\"@id\":\"https:\\\/\\\/staging.boeck-technology.de\\\/shop\\\/blechwerkzeuge\\\/finish-schleifen-blechwerkzeuge\\\/schleifvliesteller-blech\\\/#primaryimage\"},\"image\":{\"@id\":\"https:\\\/\\\/staging.boeck-technology.de\\\/shop\\\/blechwerkzeuge\\\/finish-schleifen-blechwerkzeuge\\\/schleifvliesteller-blech\\\/#primaryimage\"},\"thumbnailUrl\":\"https:\\\/\\\/staging.boeck-technology.de\\\/wp-content\\\/uploads\\\/2025\\\/07\\\/art_118.png\",\"datePublished\":\"2026-02-23T08:46:14+00:00\",\"dateModified\":\"2026-02-23T08:46:38+00:00\",\"breadcrumb\":{\"@id\":\"https:\\\/\\\/staging.boeck-technology.de\\\/shop\\\/blechwerkzeuge\\\/finish-schleifen-blechwerkzeuge\\\/schleifvliesteller-blech\\\/#breadcrumb\"},\"inLanguage\":\"fr-FR\",\"potentialAction\":[{\"@type\":\"ReadAction\",\"target\":[\"https:\\\/\\\/staging.boeck-technology.de\\\/shop\\\/blechwerkzeuge\\\/finish-schleifen-blechwerkzeuge\\\/schleifvliesteller-blech\\\/\"]}]},{\"@type\":\"ImageObject\",\"inLanguage\":\"fr-FR\",\"@id\":\"https:\\\/\\\/staging.boeck-technology.de\\\/shop\\\/blechwerkzeuge\\\/finish-schleifen-blechwerkzeuge\\\/schleifvliesteller-blech\\\/#primaryimage\",\"url\":\"https:\\\/\\\/staging.boeck-technology.de\\\/wp-content\\\/uploads\\\/2025\\\/07\\\/art_118.png\",\"contentUrl\":\"https:\\\/\\\/staging.boeck-technology.de\\\/wp-content\\\/uploads\\\/2025\\\/07\\\/art_118.png\",\"width\":640,\"height\":357},{\"@type\":\"BreadcrumbList\",\"@id\":\"https:\\\/\\\/staging.boeck-technology.de\\\/shop\\\/blechwerkzeuge\\\/finish-schleifen-blechwerkzeuge\\\/schleifvliesteller-blech\\\/#breadcrumb\",\"itemListElement\":[{\"@type\":\"ListItem\",\"position\":1,\"name\":\"Startseite\",\"item\":\"https:\\\/\\\/staging.boeck-technology.de\\\/\"},{\"@type\":\"ListItem\",\"position\":2,\"name\":\"Produkte\",\"item\":\"https:\\\/\\\/staging.boeck-technology.de\\\/shop\\\/\"},{\"@type\":\"ListItem\",\"position\":3,\"name\":\"Schleifvliesteller\"}]},{\"@type\":\"WebSite\",\"@id\":\"https:\\\/\\\/staging.boeck-technology.de\\\/#website\",\"url\":\"https:\\\/\\\/staging.boeck-technology.de\\\/\",\"name\":\"boeck GmbH\",\"description\":\"Ma\u00dfgeschneiderte Werkzeugl\u00f6sungen f\u00fcr Blechentgratung\",\"publisher\":{\"@id\":\"https:\\\/\\\/staging.boeck-technology.de\\\/#organization\"},\"potentialAction\":[{\"@type\":\"SearchAction\",\"target\":{\"@type\":\"EntryPoint\",\"urlTemplate\":\"https:\\\/\\\/staging.boeck-technology.de\\\/?s={search_term_string}\"},\"query-input\":{\"@type\":\"PropertyValueSpecification\",\"valueRequired\":true,\"valueName\":\"search_term_string\"}}],\"inLanguage\":\"fr-FR\"},{\"@type\":\"Organization\",\"@id\":\"https:\\\/\\\/staging.boeck-technology.de\\\/#organization\",\"name\":\"boeck GmbH\",\"url\":\"https:\\\/\\\/staging.boeck-technology.de\\\/\",\"logo\":{\"@type\":\"ImageObject\",\"inLanguage\":\"fr-FR\",\"@id\":\"https:\\\/\\\/staging.boeck-technology.de\\\/#\\\/schema\\\/logo\\\/image\\\/\",\"url\":\"https:\\\/\\\/staging.boeck-technology.de\\\/wp-content\\\/uploads\\\/2021\\\/06\\\/boeck_logo_farbe-e1646758378588.png\",\"contentUrl\":\"https:\\\/\\\/staging.boeck-technology.de\\\/wp-content\\\/uploads\\\/2021\\\/06\\\/boeck_logo_farbe-e1646758378588.png\",\"width\":250,\"height\":90,\"caption\":\"boeck GmbH\"},\"image\":{\"@id\":\"https:\\\/\\\/staging.boeck-technology.de\\\/#\\\/schema\\\/logo\\\/image\\\/\"},\"sameAs\":[\"https:\\\/\\\/www.facebook.com\\\/boeck-GmbH-116687710252350\"]}]}<\/script>\n<!-- \/ Yoast SEO Premium plugin. -->","yoast_head_json":{"title":"Disque de polaire abrasive - Finition-pon\u00e7age - boeck GmbH","robots":{"index":"noindex","follow":"follow","max-snippet":"max-snippet:-1","max-image-preview":"max-image-preview:large","max-video-preview":"max-video-preview:-1"},"og_locale":"fr_FR","og_type":"article","og_title":"Schleifvliesteller","og_description":"Vielseitige Editionen f\u00fcr optimale Anpassung an verschiedenste Anwendungen  Erh\u00e4ltlich in mehreren Durchmessern von 82 bis 410 mm  Flexible Aufnahmen: Bohrung, Gewinde M14, Costa und QUICK  Einreihige Besatzausf\u00fchrung f\u00fcr gleichm\u00e4\u00dfigen Abtrag  Verf\u00fcgbar mit Drehrichtungen Rechtslauf, Linkslauf und Neutral  Hohe Langlebigkeit und exzellente Schleifergebnisse  Ideal f\u00fcr Metall- und Holzbearbeitung sowie Oberfl\u00e4chenveredelung","og_url":"https:\/\/staging.boeck-technology.de\/fr\/boutique\/outils-pour-la-tole\/finition-poncage-de-tole\/disque-de-polaire-abrasive-tole\/","og_site_name":"boeck GmbH","article_publisher":"https:\/\/www.facebook.com\/boeck-GmbH-116687710252350","article_modified_time":"2026-02-23T08:46:38+00:00","og_image":[{"width":640,"height":357,"url":"https:\/\/staging.boeck-technology.de\/wp-content\/uploads\/2025\/07\/art_118.png","type":"image\/png"}],"twitter_card":"summary_large_image","twitter_misc":{"Dur\u00e9e de lecture estim\u00e9e":"2 minutes"},"schema":{"@context":"https:\/\/schema.org","@graph":[{"@type":"WebPage","@id":"https:\/\/staging.boeck-technology.de\/shop\/blechwerkzeuge\/finish-schleifen-blechwerkzeuge\/schleifvliesteller-blech\/","url":"https:\/\/staging.boeck-technology.de\/shop\/blechwerkzeuge\/finish-schleifen-blechwerkzeuge\/schleifvliesteller-blech\/","name":"Disque de polaire abrasive - Finition-pon\u00e7age - boeck GmbH","isPartOf":{"@id":"https:\/\/staging.boeck-technology.de\/#website"},"primaryImageOfPage":{"@id":"https:\/\/staging.boeck-technology.de\/shop\/blechwerkzeuge\/finish-schleifen-blechwerkzeuge\/schleifvliesteller-blech\/#primaryimage"},"image":{"@id":"https:\/\/staging.boeck-technology.de\/shop\/blechwerkzeuge\/finish-schleifen-blechwerkzeuge\/schleifvliesteller-blech\/#primaryimage"},"thumbnailUrl":"https:\/\/staging.boeck-technology.de\/wp-content\/uploads\/2025\/07\/art_118.png","datePublished":"2026-02-23T08:46:14+00:00","dateModified":"2026-02-23T08:46:38+00:00","breadcrumb":{"@id":"https:\/\/staging.boeck-technology.de\/shop\/blechwerkzeuge\/finish-schleifen-blechwerkzeuge\/schleifvliesteller-blech\/#breadcrumb"},"inLanguage":"fr-FR","potentialAction":[{"@type":"ReadAction","target":["https:\/\/staging.boeck-technology.de\/shop\/blechwerkzeuge\/finish-schleifen-blechwerkzeuge\/schleifvliesteller-blech\/"]}]},{"@type":"ImageObject","inLanguage":"fr-FR","@id":"https:\/\/staging.boeck-technology.de\/shop\/blechwerkzeuge\/finish-schleifen-blechwerkzeuge\/schleifvliesteller-blech\/#primaryimage","url":"https:\/\/staging.boeck-technology.de\/wp-content\/uploads\/2025\/07\/art_118.png","contentUrl":"https:\/\/staging.boeck-technology.de\/wp-content\/uploads\/2025\/07\/art_118.png","width":640,"height":357},{"@type":"BreadcrumbList","@id":"https:\/\/staging.boeck-technology.de\/shop\/blechwerkzeuge\/finish-schleifen-blechwerkzeuge\/schleifvliesteller-blech\/#breadcrumb","itemListElement":[{"@type":"ListItem","position":1,"name":"Startseite","item":"https:\/\/staging.boeck-technology.de\/"},{"@type":"ListItem","position":2,"name":"Produkte","item":"https:\/\/staging.boeck-technology.de\/shop\/"},{"@type":"ListItem","position":3,"name":"Schleifvliesteller"}]},{"@type":"WebSite","@id":"https:\/\/staging.boeck-technology.de\/#website","url":"https:\/\/staging.boeck-technology.de\/","name":"boeck GmbH","description":"Solutions d'outils sur mesure pour l'\u00e9bavurage de la t\u00f4le","publisher":{"@id":"https:\/\/staging.boeck-technology.de\/#organization"},"potentialAction":[{"@type":"SearchAction","target":{"@type":"EntryPoint","urlTemplate":"https:\/\/staging.boeck-technology.de\/?s={search_term_string}"},"query-input":{"@type":"PropertyValueSpecification","valueRequired":true,"valueName":"search_term_string"}}],"inLanguage":"fr-FR"},{"@type":"Organization","@id":"https:\/\/staging.boeck-technology.de\/#organization","name":"boeck GmbH","url":"https:\/\/staging.boeck-technology.de\/","logo":{"@type":"ImageObject","inLanguage":"fr-FR","@id":"https:\/\/staging.boeck-technology.de\/#\/schema\/logo\/image\/","url":"https:\/\/staging.boeck-technology.de\/wp-content\/uploads\/2021\/06\/boeck_logo_farbe-e1646758378588.png","contentUrl":"https:\/\/staging.boeck-technology.de\/wp-content\/uploads\/2021\/06\/boeck_logo_farbe-e1646758378588.png","width":250,"height":90,"caption":"boeck GmbH"},"image":{"@id":"https:\/\/staging.boeck-technology.de\/#\/schema\/logo\/image\/"},"sameAs":["https:\/\/www.facebook.com\/boeck-GmbH-116687710252350"]}]}},"_links":{"self":[{"href":"https:\/\/staging.boeck-technology.de\/fr\/wp-json\/wp\/v2\/product\/6079102","targetHints":{"allow":["GET"]}}],"collection":[{"href":"https:\/\/staging.boeck-technology.de\/fr\/wp-json\/wp\/v2\/product"}],"about":[{"href":"https:\/\/staging.boeck-technology.de\/fr\/wp-json\/wp\/v2\/types\/product"}],"wp:featuredmedia":[{"embeddable":true,"href":"https:\/\/staging.boeck-technology.de\/fr\/wp-json\/wp\/v2\/media\/6074029"}],"wp:attachment":[{"href":"https:\/\/staging.boeck-technology.de\/fr\/wp-json\/wp\/v2\/media?parent=6079102"}],"wp:term":[{"taxonomy":"product_brand","embeddable":true,"href":"https:\/\/staging.boeck-technology.de\/fr\/wp-json\/wp\/v2\/product_brand?post=6079102"},{"taxonomy":"product_cat","embeddable":true,"href":"https:\/\/staging.boeck-technology.de\/fr\/wp-json\/wp\/v2\/product_cat?post=6079102"},{"taxonomy":"product_tag","embeddable":true,"href":"https:\/\/staging.boeck-technology.de\/fr\/wp-json\/wp\/v2\/product_tag?post=6079102"}],"curies":[{"name":"wp","href":"https:\/\/api.w.org\/{rel}","templated":true}]}}