{"id":6079093,"date":"2026-02-20T14:39:29","date_gmt":"2026-02-20T13:39:29","guid":{"rendered":"https:\/\/bt25.wpm24.de\/?post_type=product&#038;p=6079093"},"modified":"2026-02-23T08:03:05","modified_gmt":"2026-02-23T07:03:05","slug":"plaque-de-support-en-mousse-velcro-bois","status":"publish","type":"product","link":"https:\/\/staging.boeck-technology.de\/fr\/shop\/holzwerkzeuge\/schleifen\/klettschaumtraegerteller-holz\/","title":{"rendered":"Plaque de support en mousse Velcro"},"content":{"rendered":"<p>Le plateau de pon\u00e7age en mousse \u00e0 fixation auto-agrippante est un accessoire polyvalent permettant de fixer solidement les disques de pon\u00e7age et de polissage. Disponible en diff\u00e9rents diam\u00e8tres (de 115 \u00e0 410 mm) et en diff\u00e9rents niveaux de duret\u00e9 (de souple \u00e0 dur), il s&#039;adapte \u00e0 diverses applications. Son syst\u00e8me de fixation flexible propose des trous perc\u00e9s et des filetages (M14 et QUICK). Le plateau est compatible avec diff\u00e9rents sens de rotation\u00a0: horaire, antihoraire ou neutre.<\/p>","protected":false},"excerpt":{"rendered":"<ul>\n<li>Vielseitige Durchmesser von 115 bis 410 mm<\/li>\n<li>Verf\u00fcgbare H\u00e4rtegrade: Hart, Medium, Soft<\/li>\n<li>Flexible Aufnahmeoptionen wie Bohrungen, M14-Gewinde und QUICK-System<\/li>\n<li>Kompatibel mit Rechts-, Links- und Neutraldrehrichtung<\/li>\n<\/ul>","protected":false},"featured_media":6074034,"template":"","meta":{"_acf_changed":false},"product_brand":[],"product_cat":[2560],"product_tag":[],"class_list":{"0":"post-6079093","1":"product","2":"type-product","3":"status-publish","4":"has-post-thumbnail","6":"product_cat-schleifen","8":"first","9":"instock","10":"purchasable","11":"product-type-simple"},"acf":[],"yoast_head":"<!-- This site is optimized with the Yoast SEO Premium plugin v18.3 (Yoast SEO v27.3) - https:\/\/yoast.com\/product\/yoast-seo-premium-wordpress\/ -->\n<title>Klettschaumtr\u00e4gerteller - Schleifen - boeck GmbH<\/title>\n<meta name=\"robots\" content=\"noindex, follow, max-snippet:-1, max-image-preview:large, max-video-preview:-1\" \/>\n<meta property=\"og:locale\" content=\"fr_FR\" \/>\n<meta property=\"og:type\" content=\"article\" \/>\n<meta property=\"og:title\" content=\"Klettschaumtr\u00e4gerteller\" \/>\n<meta property=\"og:description\" content=\"Vielseitige Durchmesser von 115 bis 410 mm  Verf\u00fcgbare H\u00e4rtegrade: Hart, Medium, Soft  Flexible Aufnahmeoptionen wie Bohrungen, M14-Gewinde und QUICK-System  Kompatibel mit Rechts-, Links- und Neutraldrehrichtung\" \/>\n<meta property=\"og:url\" content=\"https:\/\/staging.boeck-technology.de\/fr\/boutique\/outils-en-bois\/poncage\/plaque-de-support-en-mousse-velcro-bois\/\" \/>\n<meta property=\"og:site_name\" content=\"boeck GmbH\" \/>\n<meta property=\"article:publisher\" content=\"https:\/\/www.facebook.com\/boeck-GmbH-116687710252350\" \/>\n<meta property=\"article:modified_time\" content=\"2026-02-23T07:03:05+00:00\" \/>\n<meta property=\"og:image\" content=\"https:\/\/staging.boeck-technology.de\/wp-content\/uploads\/2025\/07\/art_656.png\" \/>\n\t<meta property=\"og:image:width\" content=\"500\" \/>\n\t<meta property=\"og:image:height\" content=\"309\" \/>\n\t<meta property=\"og:image:type\" content=\"image\/png\" \/>\n<meta name=\"twitter:card\" content=\"summary_large_image\" \/>\n<script type=\"application\/ld+json\" class=\"yoast-schema-graph\">{\"@context\":\"https:\\\/\\\/schema.org\",\"@graph\":[{\"@type\":\"WebPage\",\"@id\":\"https:\\\/\\\/staging.boeck-technology.de\\\/shop\\\/holzwerkzeuge\\\/schleifen\\\/klettschaumtraegerteller-holz\\\/\",\"url\":\"https:\\\/\\\/staging.boeck-technology.de\\\/shop\\\/holzwerkzeuge\\\/schleifen\\\/klettschaumtraegerteller-holz\\\/\",\"name\":\"Klettschaumtr\u00e4gerteller - Schleifen - boeck GmbH\",\"isPartOf\":{\"@id\":\"https:\\\/\\\/staging.boeck-technology.de\\\/#website\"},\"primaryImageOfPage\":{\"@id\":\"https:\\\/\\\/staging.boeck-technology.de\\\/shop\\\/holzwerkzeuge\\\/schleifen\\\/klettschaumtraegerteller-holz\\\/#primaryimage\"},\"image\":{\"@id\":\"https:\\\/\\\/staging.boeck-technology.de\\\/shop\\\/holzwerkzeuge\\\/schleifen\\\/klettschaumtraegerteller-holz\\\/#primaryimage\"},\"thumbnailUrl\":\"https:\\\/\\\/staging.boeck-technology.de\\\/wp-content\\\/uploads\\\/2025\\\/07\\\/art_656.png\",\"datePublished\":\"2026-02-20T13:39:29+00:00\",\"dateModified\":\"2026-02-23T07:03:05+00:00\",\"breadcrumb\":{\"@id\":\"https:\\\/\\\/staging.boeck-technology.de\\\/shop\\\/holzwerkzeuge\\\/schleifen\\\/klettschaumtraegerteller-holz\\\/#breadcrumb\"},\"inLanguage\":\"fr-FR\",\"potentialAction\":[{\"@type\":\"ReadAction\",\"target\":[\"https:\\\/\\\/staging.boeck-technology.de\\\/shop\\\/holzwerkzeuge\\\/schleifen\\\/klettschaumtraegerteller-holz\\\/\"]}]},{\"@type\":\"ImageObject\",\"inLanguage\":\"fr-FR\",\"@id\":\"https:\\\/\\\/staging.boeck-technology.de\\\/shop\\\/holzwerkzeuge\\\/schleifen\\\/klettschaumtraegerteller-holz\\\/#primaryimage\",\"url\":\"https:\\\/\\\/staging.boeck-technology.de\\\/wp-content\\\/uploads\\\/2025\\\/07\\\/art_656.png\",\"contentUrl\":\"https:\\\/\\\/staging.boeck-technology.de\\\/wp-content\\\/uploads\\\/2025\\\/07\\\/art_656.png\",\"width\":500,\"height\":309},{\"@type\":\"BreadcrumbList\",\"@id\":\"https:\\\/\\\/staging.boeck-technology.de\\\/shop\\\/holzwerkzeuge\\\/schleifen\\\/klettschaumtraegerteller-holz\\\/#breadcrumb\",\"itemListElement\":[{\"@type\":\"ListItem\",\"position\":1,\"name\":\"Startseite\",\"item\":\"https:\\\/\\\/staging.boeck-technology.de\\\/\"},{\"@type\":\"ListItem\",\"position\":2,\"name\":\"Produkte\",\"item\":\"https:\\\/\\\/staging.boeck-technology.de\\\/shop\\\/\"},{\"@type\":\"ListItem\",\"position\":3,\"name\":\"Klettschaumtr\u00e4gerteller\"}]},{\"@type\":\"WebSite\",\"@id\":\"https:\\\/\\\/staging.boeck-technology.de\\\/#website\",\"url\":\"https:\\\/\\\/staging.boeck-technology.de\\\/\",\"name\":\"boeck GmbH\",\"description\":\"Ma\u00dfgeschneiderte Werkzeugl\u00f6sungen f\u00fcr Blechentgratung\",\"publisher\":{\"@id\":\"https:\\\/\\\/staging.boeck-technology.de\\\/#organization\"},\"potentialAction\":[{\"@type\":\"SearchAction\",\"target\":{\"@type\":\"EntryPoint\",\"urlTemplate\":\"https:\\\/\\\/staging.boeck-technology.de\\\/?s={search_term_string}\"},\"query-input\":{\"@type\":\"PropertyValueSpecification\",\"valueRequired\":true,\"valueName\":\"search_term_string\"}}],\"inLanguage\":\"fr-FR\"},{\"@type\":\"Organization\",\"@id\":\"https:\\\/\\\/staging.boeck-technology.de\\\/#organization\",\"name\":\"boeck GmbH\",\"url\":\"https:\\\/\\\/staging.boeck-technology.de\\\/\",\"logo\":{\"@type\":\"ImageObject\",\"inLanguage\":\"fr-FR\",\"@id\":\"https:\\\/\\\/staging.boeck-technology.de\\\/#\\\/schema\\\/logo\\\/image\\\/\",\"url\":\"https:\\\/\\\/staging.boeck-technology.de\\\/wp-content\\\/uploads\\\/2021\\\/06\\\/boeck_logo_farbe-e1646758378588.png\",\"contentUrl\":\"https:\\\/\\\/staging.boeck-technology.de\\\/wp-content\\\/uploads\\\/2021\\\/06\\\/boeck_logo_farbe-e1646758378588.png\",\"width\":250,\"height\":90,\"caption\":\"boeck GmbH\"},\"image\":{\"@id\":\"https:\\\/\\\/staging.boeck-technology.de\\\/#\\\/schema\\\/logo\\\/image\\\/\"},\"sameAs\":[\"https:\\\/\\\/www.facebook.com\\\/boeck-GmbH-116687710252350\"]}]}<\/script>\n<!-- \/ Yoast SEO Premium plugin. -->","yoast_head_json":{"title":"Plaque de support en mousse Velcro - Pon\u00e7age - boeck GmbH","robots":{"index":"noindex","follow":"follow","max-snippet":"max-snippet:-1","max-image-preview":"max-image-preview:large","max-video-preview":"max-video-preview:-1"},"og_locale":"fr_FR","og_type":"article","og_title":"Klettschaumtr\u00e4gerteller","og_description":"Vielseitige Durchmesser von 115 bis 410 mm  Verf\u00fcgbare H\u00e4rtegrade: Hart, Medium, Soft  Flexible Aufnahmeoptionen wie Bohrungen, M14-Gewinde und QUICK-System  Kompatibel mit Rechts-, Links- und Neutraldrehrichtung","og_url":"https:\/\/staging.boeck-technology.de\/fr\/boutique\/outils-en-bois\/poncage\/plaque-de-support-en-mousse-velcro-bois\/","og_site_name":"boeck GmbH","article_publisher":"https:\/\/www.facebook.com\/boeck-GmbH-116687710252350","article_modified_time":"2026-02-23T07:03:05+00:00","og_image":[{"width":500,"height":309,"url":"https:\/\/staging.boeck-technology.de\/wp-content\/uploads\/2025\/07\/art_656.png","type":"image\/png"}],"twitter_card":"summary_large_image","schema":{"@context":"https:\/\/schema.org","@graph":[{"@type":"WebPage","@id":"https:\/\/staging.boeck-technology.de\/shop\/holzwerkzeuge\/schleifen\/klettschaumtraegerteller-holz\/","url":"https:\/\/staging.boeck-technology.de\/shop\/holzwerkzeuge\/schleifen\/klettschaumtraegerteller-holz\/","name":"Plaque de support en mousse Velcro - Pon\u00e7age - boeck GmbH","isPartOf":{"@id":"https:\/\/staging.boeck-technology.de\/#website"},"primaryImageOfPage":{"@id":"https:\/\/staging.boeck-technology.de\/shop\/holzwerkzeuge\/schleifen\/klettschaumtraegerteller-holz\/#primaryimage"},"image":{"@id":"https:\/\/staging.boeck-technology.de\/shop\/holzwerkzeuge\/schleifen\/klettschaumtraegerteller-holz\/#primaryimage"},"thumbnailUrl":"https:\/\/staging.boeck-technology.de\/wp-content\/uploads\/2025\/07\/art_656.png","datePublished":"2026-02-20T13:39:29+00:00","dateModified":"2026-02-23T07:03:05+00:00","breadcrumb":{"@id":"https:\/\/staging.boeck-technology.de\/shop\/holzwerkzeuge\/schleifen\/klettschaumtraegerteller-holz\/#breadcrumb"},"inLanguage":"fr-FR","potentialAction":[{"@type":"ReadAction","target":["https:\/\/staging.boeck-technology.de\/shop\/holzwerkzeuge\/schleifen\/klettschaumtraegerteller-holz\/"]}]},{"@type":"ImageObject","inLanguage":"fr-FR","@id":"https:\/\/staging.boeck-technology.de\/shop\/holzwerkzeuge\/schleifen\/klettschaumtraegerteller-holz\/#primaryimage","url":"https:\/\/staging.boeck-technology.de\/wp-content\/uploads\/2025\/07\/art_656.png","contentUrl":"https:\/\/staging.boeck-technology.de\/wp-content\/uploads\/2025\/07\/art_656.png","width":500,"height":309},{"@type":"BreadcrumbList","@id":"https:\/\/staging.boeck-technology.de\/shop\/holzwerkzeuge\/schleifen\/klettschaumtraegerteller-holz\/#breadcrumb","itemListElement":[{"@type":"ListItem","position":1,"name":"Startseite","item":"https:\/\/staging.boeck-technology.de\/"},{"@type":"ListItem","position":2,"name":"Produkte","item":"https:\/\/staging.boeck-technology.de\/shop\/"},{"@type":"ListItem","position":3,"name":"Klettschaumtr\u00e4gerteller"}]},{"@type":"WebSite","@id":"https:\/\/staging.boeck-technology.de\/#website","url":"https:\/\/staging.boeck-technology.de\/","name":"boeck GmbH","description":"Solutions d'outils sur mesure pour l'\u00e9bavurage de la t\u00f4le","publisher":{"@id":"https:\/\/staging.boeck-technology.de\/#organization"},"potentialAction":[{"@type":"SearchAction","target":{"@type":"EntryPoint","urlTemplate":"https:\/\/staging.boeck-technology.de\/?s={search_term_string}"},"query-input":{"@type":"PropertyValueSpecification","valueRequired":true,"valueName":"search_term_string"}}],"inLanguage":"fr-FR"},{"@type":"Organization","@id":"https:\/\/staging.boeck-technology.de\/#organization","name":"boeck GmbH","url":"https:\/\/staging.boeck-technology.de\/","logo":{"@type":"ImageObject","inLanguage":"fr-FR","@id":"https:\/\/staging.boeck-technology.de\/#\/schema\/logo\/image\/","url":"https:\/\/staging.boeck-technology.de\/wp-content\/uploads\/2021\/06\/boeck_logo_farbe-e1646758378588.png","contentUrl":"https:\/\/staging.boeck-technology.de\/wp-content\/uploads\/2021\/06\/boeck_logo_farbe-e1646758378588.png","width":250,"height":90,"caption":"boeck GmbH"},"image":{"@id":"https:\/\/staging.boeck-technology.de\/#\/schema\/logo\/image\/"},"sameAs":["https:\/\/www.facebook.com\/boeck-GmbH-116687710252350"]}]}},"_links":{"self":[{"href":"https:\/\/staging.boeck-technology.de\/fr\/wp-json\/wp\/v2\/product\/6079093","targetHints":{"allow":["GET"]}}],"collection":[{"href":"https:\/\/staging.boeck-technology.de\/fr\/wp-json\/wp\/v2\/product"}],"about":[{"href":"https:\/\/staging.boeck-technology.de\/fr\/wp-json\/wp\/v2\/types\/product"}],"wp:featuredmedia":[{"embeddable":true,"href":"https:\/\/staging.boeck-technology.de\/fr\/wp-json\/wp\/v2\/media\/6074034"}],"wp:attachment":[{"href":"https:\/\/staging.boeck-technology.de\/fr\/wp-json\/wp\/v2\/media?parent=6079093"}],"wp:term":[{"taxonomy":"product_brand","embeddable":true,"href":"https:\/\/staging.boeck-technology.de\/fr\/wp-json\/wp\/v2\/product_brand?post=6079093"},{"taxonomy":"product_cat","embeddable":true,"href":"https:\/\/staging.boeck-technology.de\/fr\/wp-json\/wp\/v2\/product_cat?post=6079093"},{"taxonomy":"product_tag","embeddable":true,"href":"https:\/\/staging.boeck-technology.de\/fr\/wp-json\/wp\/v2\/product_tag?post=6079093"}],"curies":[{"name":"wp","href":"https:\/\/api.w.org\/{rel}","templated":true}]}}