{"id":6073413,"date":"2025-07-16T13:06:51","date_gmt":"2025-07-16T11:06:51","guid":{"rendered":"https:\/\/bt25.wpm24.de\/shop\/unkategorisiert\/tellerbuerste\/"},"modified":"2026-02-25T09:38:53","modified_gmt":"2026-02-25T08:38:53","slug":"brosse-a-disques","status":"publish","type":"product","link":"https:\/\/staging.boeck-technology.de\/fr\/shop\/holzwerkzeuge\/strukturieren\/tellerbuerste\/","title":{"rendered":"Brosse \u00e0 disques"},"content":{"rendered":"<p>La brosse \u00e0 disque de 125 mm de diam\u00e8tre est un outil industriel haute performance, sp\u00e9cialement con\u00e7u pour les applications de finition de surface exigeantes. Gr\u00e2ce au syst\u00e8me de fixation QUICK, elle se fixe rapidement et solidement sur les machines \u00e0 rotation horaire ou antihoraire, garantissant ainsi une utilisation flexible et un gain de temps consid\u00e9rable.<\/p>\n<p>La brosse est disponible avec diff\u00e9rents types de poils (F, FS, S, SMS, TF), chacun pr\u00e9sentant une conception de poils pr\u00e9cis\u00e9ment adapt\u00e9e, par exemple K60, K80, ou des \u00e9paisseurs de fil d&#039;acier de diam\u00e8tre pr\u00e9cis allant de 0,10 mm \u00e0 0,38 mm. Cette variabilit\u00e9 permet une adaptation optimale aux diff\u00e9rents mat\u00e9riaux et exigences de nettoyage.<\/p>\n<p>La hauteur des poils (de 30 \u00e0 45 mm) et leur diam\u00e8tre (7 ou 8 mm) garantissent une excellente stabilit\u00e9 et une grande durabilit\u00e9 de la brosse, m\u00eame sous fortes charges. L&#039;angle d&#039;attaque plat des poils (0\u00b0) assure une pression de travail uniforme et ma\u00eetris\u00e9e, permettant un usinage d\u00e9licat de la pi\u00e8ce.<\/p>\n<p>Selon les besoins, la brosse \u00e0 disque peut \u00eatre \u00e9quip\u00e9e de 2 ou 3 rang\u00e9es pour optimiser le nettoyage ou l&#039;\u00e9bavurage. Cet outil robuste et polyvalent est ainsi parfaitement adapt\u00e9 \u00e0 un usage professionnel dans l&#039;industrie, le commerce et la production.<\/p>","protected":false},"excerpt":{"rendered":"<ul>\n<li>125 mm Durchmesser f\u00fcr effiziente Oberfl\u00e4chenbearbeitung<\/li>\n<li>Flexible QUICK-Aufnahme f\u00fcr einfache Montage<\/li>\n<li>Verf\u00fcgbar f\u00fcr Rechtslauf und Linkslauf<\/li>\n<li>Vielseitige Besatzarten und Ausf\u00fchrungen (K60, K80, Stahldraht 0,10\u20130,38 mm)<\/li>\n<li>Besatzh\u00f6hen zwischen 30 und 45 mm f\u00fcr hohe Stabilit\u00e4t<\/li>\n<li>0\u00b0 Besatzneigung f\u00fcr gleichm\u00e4\u00dfige Bearbeitung<\/li>\n<li>2 oder 3 Reihen zur Leistungssteigerung<\/li>\n<\/ul>","protected":false},"featured_media":6074014,"template":"","meta":{"_acf_changed":false},"product_brand":[],"product_cat":[2544],"product_tag":[],"class_list":{"0":"post-6073413","1":"product","2":"type-product","3":"status-publish","4":"has-post-thumbnail","6":"product_cat-strukturieren","8":"first","9":"instock","10":"purchasable","11":"product-type-simple"},"acf":[],"yoast_head":"<!-- This site is optimized with the Yoast SEO Premium plugin v18.3 (Yoast SEO v27.3) - https:\/\/yoast.com\/product\/yoast-seo-premium-wordpress\/ -->\n<title>Tellerb\u00fcrste - Strukturieren - boeck GmbH<\/title>\n<meta name=\"robots\" content=\"noindex, follow, max-snippet:-1, max-image-preview:large, max-video-preview:-1\" \/>\n<meta property=\"og:locale\" content=\"fr_FR\" \/>\n<meta property=\"og:type\" content=\"article\" \/>\n<meta property=\"og:title\" content=\"Tellerb\u00fcrste\" \/>\n<meta property=\"og:description\" content=\"125 mm Durchmesser f\u00fcr effiziente Oberfl\u00e4chenbearbeitungFlexible QUICK-Aufnahme f\u00fcr einfache MontageVerf\u00fcgbar f\u00fcr Rechtslauf und LinkslaufVielseitige Besatzarten und Ausf\u00fchrungen (K60, K80, Stahldraht 0,10\u20130,38 mm)Besatzh\u00f6hen zwischen 30 und 45 mm f\u00fcr hohe Stabilit\u00e4t0\u00b0 Besatzneigung f\u00fcr gleichm\u00e4\u00dfige Bearbeitung2 oder 3 Reihen zur Leistungssteigerung\" \/>\n<meta property=\"og:url\" content=\"https:\/\/staging.boeck-technology.de\/fr\/boutique\/outils-en-bois\/structure\/brosse-a-disques\/\" \/>\n<meta property=\"og:site_name\" content=\"boeck GmbH\" \/>\n<meta property=\"article:publisher\" content=\"https:\/\/www.facebook.com\/boeck-GmbH-116687710252350\" \/>\n<meta property=\"article:modified_time\" content=\"2026-02-25T08:38:53+00:00\" \/>\n<meta property=\"og:image\" content=\"https:\/\/staging.boeck-technology.de\/wp-content\/uploads\/2025\/07\/art_6439.png\" \/>\n\t<meta property=\"og:image:width\" content=\"640\" \/>\n\t<meta property=\"og:image:height\" content=\"344\" \/>\n\t<meta property=\"og:image:type\" content=\"image\/png\" \/>\n<meta name=\"twitter:card\" content=\"summary_large_image\" \/>\n<meta name=\"twitter:label1\" content=\"Dur\u00e9e de lecture estim\u00e9e\" \/>\n\t<meta name=\"twitter:data1\" content=\"1 minute\" \/>\n<script type=\"application\/ld+json\" class=\"yoast-schema-graph\">{\"@context\":\"https:\\\/\\\/schema.org\",\"@graph\":[{\"@type\":\"WebPage\",\"@id\":\"https:\\\/\\\/staging.boeck-technology.de\\\/shop\\\/holzwerkzeuge\\\/strukturieren\\\/tellerbuerste\\\/\",\"url\":\"https:\\\/\\\/staging.boeck-technology.de\\\/shop\\\/holzwerkzeuge\\\/strukturieren\\\/tellerbuerste\\\/\",\"name\":\"Tellerb\u00fcrste - Strukturieren - boeck GmbH\",\"isPartOf\":{\"@id\":\"https:\\\/\\\/staging.boeck-technology.de\\\/#website\"},\"primaryImageOfPage\":{\"@id\":\"https:\\\/\\\/staging.boeck-technology.de\\\/shop\\\/holzwerkzeuge\\\/strukturieren\\\/tellerbuerste\\\/#primaryimage\"},\"image\":{\"@id\":\"https:\\\/\\\/staging.boeck-technology.de\\\/shop\\\/holzwerkzeuge\\\/strukturieren\\\/tellerbuerste\\\/#primaryimage\"},\"thumbnailUrl\":\"https:\\\/\\\/staging.boeck-technology.de\\\/wp-content\\\/uploads\\\/2025\\\/07\\\/art_6439.png\",\"datePublished\":\"2025-07-16T11:06:51+00:00\",\"dateModified\":\"2026-02-25T08:38:53+00:00\",\"breadcrumb\":{\"@id\":\"https:\\\/\\\/staging.boeck-technology.de\\\/shop\\\/holzwerkzeuge\\\/strukturieren\\\/tellerbuerste\\\/#breadcrumb\"},\"inLanguage\":\"fr-FR\",\"potentialAction\":[{\"@type\":\"ReadAction\",\"target\":[\"https:\\\/\\\/staging.boeck-technology.de\\\/shop\\\/holzwerkzeuge\\\/strukturieren\\\/tellerbuerste\\\/\"]}]},{\"@type\":\"ImageObject\",\"inLanguage\":\"fr-FR\",\"@id\":\"https:\\\/\\\/staging.boeck-technology.de\\\/shop\\\/holzwerkzeuge\\\/strukturieren\\\/tellerbuerste\\\/#primaryimage\",\"url\":\"https:\\\/\\\/staging.boeck-technology.de\\\/wp-content\\\/uploads\\\/2025\\\/07\\\/art_6439.png\",\"contentUrl\":\"https:\\\/\\\/staging.boeck-technology.de\\\/wp-content\\\/uploads\\\/2025\\\/07\\\/art_6439.png\",\"width\":640,\"height\":344},{\"@type\":\"BreadcrumbList\",\"@id\":\"https:\\\/\\\/staging.boeck-technology.de\\\/shop\\\/holzwerkzeuge\\\/strukturieren\\\/tellerbuerste\\\/#breadcrumb\",\"itemListElement\":[{\"@type\":\"ListItem\",\"position\":1,\"name\":\"Startseite\",\"item\":\"https:\\\/\\\/staging.boeck-technology.de\\\/\"},{\"@type\":\"ListItem\",\"position\":2,\"name\":\"Produkte\",\"item\":\"https:\\\/\\\/staging.boeck-technology.de\\\/shop\\\/\"},{\"@type\":\"ListItem\",\"position\":3,\"name\":\"Tellerb\u00fcrste\"}]},{\"@type\":\"WebSite\",\"@id\":\"https:\\\/\\\/staging.boeck-technology.de\\\/#website\",\"url\":\"https:\\\/\\\/staging.boeck-technology.de\\\/\",\"name\":\"boeck GmbH\",\"description\":\"Ma\u00dfgeschneiderte Werkzeugl\u00f6sungen f\u00fcr Blechentgratung\",\"publisher\":{\"@id\":\"https:\\\/\\\/staging.boeck-technology.de\\\/#organization\"},\"potentialAction\":[{\"@type\":\"SearchAction\",\"target\":{\"@type\":\"EntryPoint\",\"urlTemplate\":\"https:\\\/\\\/staging.boeck-technology.de\\\/?s={search_term_string}\"},\"query-input\":{\"@type\":\"PropertyValueSpecification\",\"valueRequired\":true,\"valueName\":\"search_term_string\"}}],\"inLanguage\":\"fr-FR\"},{\"@type\":\"Organization\",\"@id\":\"https:\\\/\\\/staging.boeck-technology.de\\\/#organization\",\"name\":\"boeck GmbH\",\"url\":\"https:\\\/\\\/staging.boeck-technology.de\\\/\",\"logo\":{\"@type\":\"ImageObject\",\"inLanguage\":\"fr-FR\",\"@id\":\"https:\\\/\\\/staging.boeck-technology.de\\\/#\\\/schema\\\/logo\\\/image\\\/\",\"url\":\"https:\\\/\\\/staging.boeck-technology.de\\\/wp-content\\\/uploads\\\/2021\\\/06\\\/boeck_logo_farbe-e1646758378588.png\",\"contentUrl\":\"https:\\\/\\\/staging.boeck-technology.de\\\/wp-content\\\/uploads\\\/2021\\\/06\\\/boeck_logo_farbe-e1646758378588.png\",\"width\":250,\"height\":90,\"caption\":\"boeck GmbH\"},\"image\":{\"@id\":\"https:\\\/\\\/staging.boeck-technology.de\\\/#\\\/schema\\\/logo\\\/image\\\/\"},\"sameAs\":[\"https:\\\/\\\/www.facebook.com\\\/boeck-GmbH-116687710252350\"]}]}<\/script>\n<!-- \/ Yoast SEO Premium plugin. -->","yoast_head_json":{"title":"Brosse \u00e0 disques - Structure - boeck GmbH","robots":{"index":"noindex","follow":"follow","max-snippet":"max-snippet:-1","max-image-preview":"max-image-preview:large","max-video-preview":"max-video-preview:-1"},"og_locale":"fr_FR","og_type":"article","og_title":"Tellerb\u00fcrste","og_description":"125 mm Durchmesser f\u00fcr effiziente Oberfl\u00e4chenbearbeitungFlexible QUICK-Aufnahme f\u00fcr einfache MontageVerf\u00fcgbar f\u00fcr Rechtslauf und LinkslaufVielseitige Besatzarten und Ausf\u00fchrungen (K60, K80, Stahldraht 0,10\u20130,38 mm)Besatzh\u00f6hen zwischen 30 und 45 mm f\u00fcr hohe Stabilit\u00e4t0\u00b0 Besatzneigung f\u00fcr gleichm\u00e4\u00dfige Bearbeitung2 oder 3 Reihen zur Leistungssteigerung","og_url":"https:\/\/staging.boeck-technology.de\/fr\/boutique\/outils-en-bois\/structure\/brosse-a-disques\/","og_site_name":"boeck GmbH","article_publisher":"https:\/\/www.facebook.com\/boeck-GmbH-116687710252350","article_modified_time":"2026-02-25T08:38:53+00:00","og_image":[{"width":640,"height":344,"url":"https:\/\/staging.boeck-technology.de\/wp-content\/uploads\/2025\/07\/art_6439.png","type":"image\/png"}],"twitter_card":"summary_large_image","twitter_misc":{"Dur\u00e9e de lecture estim\u00e9e":"1 minute"},"schema":{"@context":"https:\/\/schema.org","@graph":[{"@type":"WebPage","@id":"https:\/\/staging.boeck-technology.de\/shop\/holzwerkzeuge\/strukturieren\/tellerbuerste\/","url":"https:\/\/staging.boeck-technology.de\/shop\/holzwerkzeuge\/strukturieren\/tellerbuerste\/","name":"Brosse \u00e0 disques - Structure - boeck GmbH","isPartOf":{"@id":"https:\/\/staging.boeck-technology.de\/#website"},"primaryImageOfPage":{"@id":"https:\/\/staging.boeck-technology.de\/shop\/holzwerkzeuge\/strukturieren\/tellerbuerste\/#primaryimage"},"image":{"@id":"https:\/\/staging.boeck-technology.de\/shop\/holzwerkzeuge\/strukturieren\/tellerbuerste\/#primaryimage"},"thumbnailUrl":"https:\/\/staging.boeck-technology.de\/wp-content\/uploads\/2025\/07\/art_6439.png","datePublished":"2025-07-16T11:06:51+00:00","dateModified":"2026-02-25T08:38:53+00:00","breadcrumb":{"@id":"https:\/\/staging.boeck-technology.de\/shop\/holzwerkzeuge\/strukturieren\/tellerbuerste\/#breadcrumb"},"inLanguage":"fr-FR","potentialAction":[{"@type":"ReadAction","target":["https:\/\/staging.boeck-technology.de\/shop\/holzwerkzeuge\/strukturieren\/tellerbuerste\/"]}]},{"@type":"ImageObject","inLanguage":"fr-FR","@id":"https:\/\/staging.boeck-technology.de\/shop\/holzwerkzeuge\/strukturieren\/tellerbuerste\/#primaryimage","url":"https:\/\/staging.boeck-technology.de\/wp-content\/uploads\/2025\/07\/art_6439.png","contentUrl":"https:\/\/staging.boeck-technology.de\/wp-content\/uploads\/2025\/07\/art_6439.png","width":640,"height":344},{"@type":"BreadcrumbList","@id":"https:\/\/staging.boeck-technology.de\/shop\/holzwerkzeuge\/strukturieren\/tellerbuerste\/#breadcrumb","itemListElement":[{"@type":"ListItem","position":1,"name":"Startseite","item":"https:\/\/staging.boeck-technology.de\/"},{"@type":"ListItem","position":2,"name":"Produkte","item":"https:\/\/staging.boeck-technology.de\/shop\/"},{"@type":"ListItem","position":3,"name":"Tellerb\u00fcrste"}]},{"@type":"WebSite","@id":"https:\/\/staging.boeck-technology.de\/#website","url":"https:\/\/staging.boeck-technology.de\/","name":"boeck GmbH","description":"Solutions d'outils sur mesure pour l'\u00e9bavurage de la t\u00f4le","publisher":{"@id":"https:\/\/staging.boeck-technology.de\/#organization"},"potentialAction":[{"@type":"SearchAction","target":{"@type":"EntryPoint","urlTemplate":"https:\/\/staging.boeck-technology.de\/?s={search_term_string}"},"query-input":{"@type":"PropertyValueSpecification","valueRequired":true,"valueName":"search_term_string"}}],"inLanguage":"fr-FR"},{"@type":"Organization","@id":"https:\/\/staging.boeck-technology.de\/#organization","name":"boeck GmbH","url":"https:\/\/staging.boeck-technology.de\/","logo":{"@type":"ImageObject","inLanguage":"fr-FR","@id":"https:\/\/staging.boeck-technology.de\/#\/schema\/logo\/image\/","url":"https:\/\/staging.boeck-technology.de\/wp-content\/uploads\/2021\/06\/boeck_logo_farbe-e1646758378588.png","contentUrl":"https:\/\/staging.boeck-technology.de\/wp-content\/uploads\/2021\/06\/boeck_logo_farbe-e1646758378588.png","width":250,"height":90,"caption":"boeck GmbH"},"image":{"@id":"https:\/\/staging.boeck-technology.de\/#\/schema\/logo\/image\/"},"sameAs":["https:\/\/www.facebook.com\/boeck-GmbH-116687710252350"]}]}},"_links":{"self":[{"href":"https:\/\/staging.boeck-technology.de\/fr\/wp-json\/wp\/v2\/product\/6073413","targetHints":{"allow":["GET"]}}],"collection":[{"href":"https:\/\/staging.boeck-technology.de\/fr\/wp-json\/wp\/v2\/product"}],"about":[{"href":"https:\/\/staging.boeck-technology.de\/fr\/wp-json\/wp\/v2\/types\/product"}],"wp:featuredmedia":[{"embeddable":true,"href":"https:\/\/staging.boeck-technology.de\/fr\/wp-json\/wp\/v2\/media\/6074014"}],"wp:attachment":[{"href":"https:\/\/staging.boeck-technology.de\/fr\/wp-json\/wp\/v2\/media?parent=6073413"}],"wp:term":[{"taxonomy":"product_brand","embeddable":true,"href":"https:\/\/staging.boeck-technology.de\/fr\/wp-json\/wp\/v2\/product_brand?post=6073413"},{"taxonomy":"product_cat","embeddable":true,"href":"https:\/\/staging.boeck-technology.de\/fr\/wp-json\/wp\/v2\/product_cat?post=6073413"},{"taxonomy":"product_tag","embeddable":true,"href":"https:\/\/staging.boeck-technology.de\/fr\/wp-json\/wp\/v2\/product_tag?post=6073413"}],"curies":[{"name":"wp","href":"https:\/\/api.w.org\/{rel}","templated":true}]}}