{"id":12,"date":"2021-06-21T13:42:33","date_gmt":"2021-06-21T11:42:33","guid":{"rendered":"https:\/\/boeck-technology.de\/?page_id=12"},"modified":"2026-02-19T14:47:32","modified_gmt":"2026-02-19T13:47:32","slug":"cart","status":"publish","type":"page","link":"https:\/\/staging.boeck-technology.de\/fr\/cart\/","title":{"rendered":"Anfragekorb"},"content":{"rendered":"<div data-elementor-type=\"wp-page\" data-elementor-id=\"12\" class=\"elementor elementor-12\" data-elementor-post-type=\"page\">\n\t\t\t\t\t\t<section data-particle_enable=\"false\" data-particle-mobile-disabled=\"false\" class=\"wd-negative-gap elementor-section elementor-top-section elementor-element elementor-element-a21a871 elementor-section-boxed elementor-section-height-default elementor-section-height-default\" data-id=\"a21a871\" data-element_type=\"section\" data-e-type=\"section\">\n\t\t\t\t\t\t<div class=\"elementor-container elementor-column-gap-default\">\n\t\t\t\t\t<div class=\"elementor-column elementor-col-100 elementor-top-column elementor-element elementor-element-de7c8ce\" data-id=\"de7c8ce\" data-element_type=\"column\" data-e-type=\"column\">\n\t\t\t<div class=\"elementor-widget-wrap elementor-element-populated\">\n\t\t\t\t\t\t<div class=\"elementor-element elementor-element-b01047b elementor-widget elementor-widget-heading\" data-id=\"b01047b\" data-element_type=\"widget\" data-e-type=\"widget\" data-widget_type=\"heading.default\">\n\t\t\t\t\t<h2 class=\"elementor-heading-title elementor-size-default\">Anfragekorb<\/h2>\t\t\t\t<\/div>\n\t\t\t\t\t<\/div>\n\t\t<\/div>\n\t\t\t\t\t<\/div>\n\t\t<\/section>\n\t\t\t\t<section data-particle_enable=\"false\" data-particle-mobile-disabled=\"false\" class=\"wd-negative-gap elementor-section elementor-top-section elementor-element elementor-element-b4452f6 elementor-section-boxed elementor-section-height-default elementor-section-height-default\" data-id=\"b4452f6\" data-element_type=\"section\" data-e-type=\"section\">\n\t\t\t\t\t\t<div class=\"elementor-container elementor-column-gap-default\">\n\t\t\t\t\t<div class=\"elementor-column elementor-col-100 elementor-top-column elementor-element elementor-element-b26b806\" data-id=\"b26b806\" data-element_type=\"column\" data-e-type=\"column\">\n\t\t\t<div class=\"elementor-widget-wrap elementor-element-populated\">\n\t\t\t\t\t\t<div class=\"elementor-element elementor-element-ddf604b elementor-widget elementor-widget-shortcode\" data-id=\"ddf604b\" data-element_type=\"widget\" data-e-type=\"widget\" data-widget_type=\"shortcode.default\">\n\t\t\t\t\t\t\t<div class=\"elementor-shortcode\"><div class=\"woocommerce\"><div class=\"woocommerce-notices-wrapper\"><\/div><div class=\"wc-empty-cart-message\">\n\t<div class=\"cart-empty woocommerce-info\" role=\"status\">\n\t\tVotre panier est actuellement vide.\t<\/div>\n<\/div>\t\t<p class=\"cart-empty wd-empty-page wc-empty-cart-message\">\n\t\t\tVotre panier est actuellement vide.\t\t<\/p>\n\t\t\t\t\t\t<div class=\"wd-empty-page-text\">\n\t\t\t\tDer Warenkorb ist leer.\t\t\t<\/div>\n\t\t\t\t<p class=\"return-to-shop\">\n\t\t<a class=\"button wc-backward\" href=\"https:\/\/staging.boeck-technology.de\/fr\/shop\/\">\n\t\t\tRetour \u00e0 la boutique\t\t<\/a>\n\t<\/p>\n<\/div><\/div>\n\t\t\t\t\t\t<\/div>\n\t\t\t\t\t<\/div>\n\t\t<\/div>\n\t\t\t\t\t<\/div>\n\t\t<\/section>\n\t\t\t\t<section data-particle_enable=\"false\" data-particle-mobile-disabled=\"false\" class=\"wd-negative-gap elementor-section elementor-top-section elementor-element elementor-element-000a5f6 elementor-section-boxed elementor-section-height-default elementor-section-height-default\" data-id=\"000a5f6\" data-element_type=\"section\" data-e-type=\"section\">\n\t\t\t\t\t\t<div class=\"elementor-container elementor-column-gap-default\">\n\t\t\t\t\t<div class=\"elementor-column elementor-col-50 elementor-top-column elementor-element elementor-element-bf38109\" data-id=\"bf38109\" data-element_type=\"column\" data-e-type=\"column\">\n\t\t\t<div class=\"elementor-widget-wrap\">\n\t\t\t\t\t\t\t<\/div>\n\t\t<\/div>\n\t\t\t\t<div class=\"elementor-column elementor-col-50 elementor-top-column elementor-element elementor-element-2719e98\" data-id=\"2719e98\" data-element_type=\"column\" data-e-type=\"column\">\n\t\t\t<div class=\"elementor-widget-wrap\">\n\t\t\t\t\t\t\t<\/div>\n\t\t<\/div>\n\t\t\t\t\t<\/div>\n\t\t<\/section>\n\t\t\t\t<\/div>","protected":false},"excerpt":{"rendered":"","protected":false},"author":3,"featured_media":0,"parent":0,"menu_order":0,"comment_status":"closed","ping_status":"closed","template":"elementor_theme","meta":{"_acf_changed":false,"footnotes":""},"class_list":["post-12","page","type-page","status-publish","hentry"],"acf":[],"yoast_head":"<!-- This site is optimized with the Yoast SEO Premium plugin v18.3 (Yoast SEO v27.3) - https:\/\/yoast.com\/product\/yoast-seo-premium-wordpress\/ -->\n<title>Anfragekorb - boeck GmbH<\/title>\n<meta name=\"description\" content=\"In Ihrem Anfragekorb befinden sich alle Produkte gesammelt, die Sie in unserem Shop ausgew\u00e4hlt haben. Jetzt fortfahren und Anfrage stellen!\" \/>\n<meta name=\"robots\" content=\"noindex, follow, max-snippet:-1, max-image-preview:large, max-video-preview:-1\" \/>\n<meta property=\"og:locale\" content=\"fr_FR\" \/>\n<meta property=\"og:type\" content=\"article\" \/>\n<meta property=\"og:title\" content=\"Anfragekorb\" \/>\n<meta property=\"og:description\" content=\"In Ihrem Anfragekorb befinden sich alle Produkte gesammelt, die Sie in unserem Shop ausgew\u00e4hlt haben. Jetzt fortfahren und Anfrage stellen!\" \/>\n<meta property=\"og:url\" content=\"https:\/\/staging.boeck-technology.de\/fr\/cart\/\" \/>\n<meta property=\"og:site_name\" content=\"boeck GmbH\" \/>\n<meta property=\"article:publisher\" content=\"https:\/\/www.facebook.com\/boeck-GmbH-116687710252350\" \/>\n<meta property=\"article:modified_time\" content=\"2026-02-19T13:47:32+00:00\" \/>\n<meta name=\"twitter:card\" content=\"summary_large_image\" \/>\n<meta name=\"twitter:label1\" content=\"Dur\u00e9e de lecture estim\u00e9e\" \/>\n\t<meta name=\"twitter:data1\" content=\"1 minute\" \/>\n<script type=\"application\/ld+json\" class=\"yoast-schema-graph\">{\"@context\":\"https:\\\/\\\/schema.org\",\"@graph\":[{\"@type\":\"WebPage\",\"@id\":\"https:\\\/\\\/staging.boeck-technology.de\\\/cart\\\/\",\"url\":\"https:\\\/\\\/staging.boeck-technology.de\\\/cart\\\/\",\"name\":\"Anfragekorb - boeck GmbH\",\"isPartOf\":{\"@id\":\"https:\\\/\\\/staging.boeck-technology.de\\\/#website\"},\"datePublished\":\"2021-06-21T11:42:33+00:00\",\"dateModified\":\"2026-02-19T13:47:32+00:00\",\"description\":\"In Ihrem Anfragekorb befinden sich alle Produkte gesammelt, die Sie in unserem Shop ausgew\u00e4hlt haben. Jetzt fortfahren und Anfrage stellen!\",\"breadcrumb\":{\"@id\":\"https:\\\/\\\/staging.boeck-technology.de\\\/cart\\\/#breadcrumb\"},\"inLanguage\":\"fr-FR\",\"potentialAction\":[{\"@type\":\"ReadAction\",\"target\":[\"https:\\\/\\\/staging.boeck-technology.de\\\/cart\\\/\"]}]},{\"@type\":\"BreadcrumbList\",\"@id\":\"https:\\\/\\\/staging.boeck-technology.de\\\/cart\\\/#breadcrumb\",\"itemListElement\":[{\"@type\":\"ListItem\",\"position\":1,\"name\":\"Startseite\",\"item\":\"https:\\\/\\\/staging.boeck-technology.de\\\/\"},{\"@type\":\"ListItem\",\"position\":2,\"name\":\"Anfragekorb\"}]},{\"@type\":\"WebSite\",\"@id\":\"https:\\\/\\\/staging.boeck-technology.de\\\/#website\",\"url\":\"https:\\\/\\\/staging.boeck-technology.de\\\/\",\"name\":\"boeck GmbH\",\"description\":\"Ma\u00dfgeschneiderte Werkzeugl\u00f6sungen f\u00fcr Blechentgratung\",\"publisher\":{\"@id\":\"https:\\\/\\\/staging.boeck-technology.de\\\/#organization\"},\"potentialAction\":[{\"@type\":\"SearchAction\",\"target\":{\"@type\":\"EntryPoint\",\"urlTemplate\":\"https:\\\/\\\/staging.boeck-technology.de\\\/?s={search_term_string}\"},\"query-input\":{\"@type\":\"PropertyValueSpecification\",\"valueRequired\":true,\"valueName\":\"search_term_string\"}}],\"inLanguage\":\"fr-FR\"},{\"@type\":\"Organization\",\"@id\":\"https:\\\/\\\/staging.boeck-technology.de\\\/#organization\",\"name\":\"boeck GmbH\",\"url\":\"https:\\\/\\\/staging.boeck-technology.de\\\/\",\"logo\":{\"@type\":\"ImageObject\",\"inLanguage\":\"fr-FR\",\"@id\":\"https:\\\/\\\/staging.boeck-technology.de\\\/#\\\/schema\\\/logo\\\/image\\\/\",\"url\":\"https:\\\/\\\/staging.boeck-technology.de\\\/wp-content\\\/uploads\\\/2021\\\/06\\\/boeck_logo_farbe-e1646758378588.png\",\"contentUrl\":\"https:\\\/\\\/staging.boeck-technology.de\\\/wp-content\\\/uploads\\\/2021\\\/06\\\/boeck_logo_farbe-e1646758378588.png\",\"width\":250,\"height\":90,\"caption\":\"boeck GmbH\"},\"image\":{\"@id\":\"https:\\\/\\\/staging.boeck-technology.de\\\/#\\\/schema\\\/logo\\\/image\\\/\"},\"sameAs\":[\"https:\\\/\\\/www.facebook.com\\\/boeck-GmbH-116687710252350\"]}]}<\/script>\n<!-- \/ Yoast SEO Premium plugin. -->","yoast_head_json":{"title":"Anfragekorb - boeck GmbH","description":"In Ihrem Anfragekorb befinden sich alle Produkte gesammelt, die Sie in unserem Shop ausgew\u00e4hlt haben. Jetzt fortfahren und Anfrage stellen!","robots":{"index":"noindex","follow":"follow","max-snippet":"max-snippet:-1","max-image-preview":"max-image-preview:large","max-video-preview":"max-video-preview:-1"},"og_locale":"fr_FR","og_type":"article","og_title":"Anfragekorb","og_description":"In Ihrem Anfragekorb befinden sich alle Produkte gesammelt, die Sie in unserem Shop ausgew\u00e4hlt haben. Jetzt fortfahren und Anfrage stellen!","og_url":"https:\/\/staging.boeck-technology.de\/fr\/cart\/","og_site_name":"boeck GmbH","article_publisher":"https:\/\/www.facebook.com\/boeck-GmbH-116687710252350","article_modified_time":"2026-02-19T13:47:32+00:00","twitter_card":"summary_large_image","twitter_misc":{"Dur\u00e9e de lecture estim\u00e9e":"1 minute"},"schema":{"@context":"https:\/\/schema.org","@graph":[{"@type":"WebPage","@id":"https:\/\/staging.boeck-technology.de\/cart\/","url":"https:\/\/staging.boeck-technology.de\/cart\/","name":"Anfragekorb - boeck GmbH","isPartOf":{"@id":"https:\/\/staging.boeck-technology.de\/#website"},"datePublished":"2021-06-21T11:42:33+00:00","dateModified":"2026-02-19T13:47:32+00:00","description":"In Ihrem Anfragekorb befinden sich alle Produkte gesammelt, die Sie in unserem Shop ausgew\u00e4hlt haben. Jetzt fortfahren und Anfrage stellen!","breadcrumb":{"@id":"https:\/\/staging.boeck-technology.de\/cart\/#breadcrumb"},"inLanguage":"fr-FR","potentialAction":[{"@type":"ReadAction","target":["https:\/\/staging.boeck-technology.de\/cart\/"]}]},{"@type":"BreadcrumbList","@id":"https:\/\/staging.boeck-technology.de\/cart\/#breadcrumb","itemListElement":[{"@type":"ListItem","position":1,"name":"Startseite","item":"https:\/\/staging.boeck-technology.de\/"},{"@type":"ListItem","position":2,"name":"Anfragekorb"}]},{"@type":"WebSite","@id":"https:\/\/staging.boeck-technology.de\/#website","url":"https:\/\/staging.boeck-technology.de\/","name":"boeck GmbH","description":"Solutions d'outils sur mesure pour l'\u00e9bavurage de la t\u00f4le","publisher":{"@id":"https:\/\/staging.boeck-technology.de\/#organization"},"potentialAction":[{"@type":"SearchAction","target":{"@type":"EntryPoint","urlTemplate":"https:\/\/staging.boeck-technology.de\/?s={search_term_string}"},"query-input":{"@type":"PropertyValueSpecification","valueRequired":true,"valueName":"search_term_string"}}],"inLanguage":"fr-FR"},{"@type":"Organization","@id":"https:\/\/staging.boeck-technology.de\/#organization","name":"boeck GmbH","url":"https:\/\/staging.boeck-technology.de\/","logo":{"@type":"ImageObject","inLanguage":"fr-FR","@id":"https:\/\/staging.boeck-technology.de\/#\/schema\/logo\/image\/","url":"https:\/\/staging.boeck-technology.de\/wp-content\/uploads\/2021\/06\/boeck_logo_farbe-e1646758378588.png","contentUrl":"https:\/\/staging.boeck-technology.de\/wp-content\/uploads\/2021\/06\/boeck_logo_farbe-e1646758378588.png","width":250,"height":90,"caption":"boeck GmbH"},"image":{"@id":"https:\/\/staging.boeck-technology.de\/#\/schema\/logo\/image\/"},"sameAs":["https:\/\/www.facebook.com\/boeck-GmbH-116687710252350"]}]}},"_links":{"self":[{"href":"https:\/\/staging.boeck-technology.de\/fr\/wp-json\/wp\/v2\/pages\/12","targetHints":{"allow":["GET"]}}],"collection":[{"href":"https:\/\/staging.boeck-technology.de\/fr\/wp-json\/wp\/v2\/pages"}],"about":[{"href":"https:\/\/staging.boeck-technology.de\/fr\/wp-json\/wp\/v2\/types\/page"}],"author":[{"embeddable":true,"href":"https:\/\/staging.boeck-technology.de\/fr\/wp-json\/wp\/v2\/users\/3"}],"replies":[{"embeddable":true,"href":"https:\/\/staging.boeck-technology.de\/fr\/wp-json\/wp\/v2\/comments?post=12"}],"version-history":[{"count":0,"href":"https:\/\/staging.boeck-technology.de\/fr\/wp-json\/wp\/v2\/pages\/12\/revisions"}],"wp:attachment":[{"href":"https:\/\/staging.boeck-technology.de\/fr\/wp-json\/wp\/v2\/media?parent=12"}],"curies":[{"name":"wp","href":"https:\/\/api.w.org\/{rel}","templated":true}]}}